{"id":5733,"date":"2019-09-29T18:48:59","date_gmt":"2019-09-29T16:48:59","guid":{"rendered":"https:\/\/royalswiss.myskydoowebsite.com\/?post_type=product&#038;p=5733"},"modified":"2023-02-07T02:20:12","modified_gmt":"2023-02-07T01:20:12","slug":"marmite-interieur-facon-pierre-disponible-en-5-tailles","status":"publish","type":"product","link":"https:\/\/royalswiss.myskydoowebsite.com\/?product=marmite-interieur-facon-pierre-disponible-en-5-tailles","title":{"rendered":"Marmite, int\u00e9rieur fa\u00e7on pierre disponible en 5 tailles"},"content":{"rendered":"<p>Nos marmites en pierre poss\u00e8dent un rev\u00eatement anti-adh\u00e9rent de haute performance pour une cuisine saine et sans mati\u00e8re grasse.<\/p>\n<p>Elles sont raffin\u00e9s, design, \u00e9l\u00e9gantes et c\u2019est l\u2019article indispensable dans votre cuisine. Gr\u00e2ce \u00e0 un fond \u00e9pais de 5 mm d\u2019\u00e9paisseur, ces marmites en pierre ne se d\u00e9forment pas avec le temps. Ces marmites en pierre vous permettent d\u2019avoir une cuisson rapide et homog\u00e8ne quelque soit le feu utilis\u00e9.<\/p>\n<p>Elles conviennent parfaitement pour dorer, saisir ou frire vos aliments. Avec le rev\u00eatement anti-adh\u00e9sif vous conserverez le go\u00fbt authentique des aliments comme sur une pierre naturelle, sans ajout de mati\u00e8re grasse.<\/p>\n<p>Les marmites en pierre sont compatible pour tous feux y compris l\u2019induction et se nettoient tr\u00e8s facilement.<\/p>\n<p>\u2013 fournis avec 1 paires de poignets protectrice<\/p>\n","protected":false},"excerpt":{"rendered":"<p>Nos marmites en pierre poss\u00e8dent un rev\u00eatement anti-adh\u00e9rent de haute performance pour une cuisine saine et sans mati\u00e8re grasse. Elles sont raffin\u00e9s, design, \u00e9l\u00e9gantes et c\u2019est l\u2019article indispensable dans votre cuisine. Gr\u00e2ce \u00e0 un fond \u00e9pais de 5 mm d\u2019\u00e9paisseur, ces marmites en pierre ne se d\u00e9forment pas avec le temps. Ces marmites en pierre [&hellip;]<\/p>\n","protected":false},"featured_media":5737,"comment_status":"open","ping_status":"closed","template":"","meta":[],"product_brand":[],"product_cat":[38,21],"product_tag":[],"class_list":{"0":"post-5733","1":"product","2":"type-product","3":"status-publish","4":"has-post-thumbnail","6":"product_cat-casseroles-marmitte","7":"product_cat-cuisine","9":"first","10":"outofstock","11":"sale","12":"taxable","13":"shipping-taxable","14":"purchasable","15":"product-type-variable"},"_links":{"self":[{"href":"https:\/\/royalswiss.myskydoowebsite.com\/index.php?rest_route=\/wp\/v2\/product\/5733","targetHints":{"allow":["GET"]}}],"collection":[{"href":"https:\/\/royalswiss.myskydoowebsite.com\/index.php?rest_route=\/wp\/v2\/product"}],"about":[{"href":"https:\/\/royalswiss.myskydoowebsite.com\/index.php?rest_route=\/wp\/v2\/types\/product"}],"replies":[{"embeddable":true,"href":"https:\/\/royalswiss.myskydoowebsite.com\/index.php?rest_route=%2Fwp%2Fv2%2Fcomments&post=5733"}],"version-history":[{"count":1,"href":"https:\/\/royalswiss.myskydoowebsite.com\/index.php?rest_route=\/wp\/v2\/product\/5733\/revisions"}],"predecessor-version":[{"id":5743,"href":"https:\/\/royalswiss.myskydoowebsite.com\/index.php?rest_route=\/wp\/v2\/product\/5733\/revisions\/5743"}],"wp:featuredmedia":[{"embeddable":true,"href":"https:\/\/royalswiss.myskydoowebsite.com\/index.php?rest_route=\/wp\/v2\/media\/5737"}],"wp:attachment":[{"href":"https:\/\/royalswiss.myskydoowebsite.com\/index.php?rest_route=%2Fwp%2Fv2%2Fmedia&parent=5733"}],"wp:term":[{"taxonomy":"product_brand","embeddable":true,"href":"https:\/\/royalswiss.myskydoowebsite.com\/index.php?rest_route=%2Fwp%2Fv2%2Fproduct_brand&post=5733"},{"taxonomy":"product_cat","embeddable":true,"href":"https:\/\/royalswiss.myskydoowebsite.com\/index.php?rest_route=%2Fwp%2Fv2%2Fproduct_cat&post=5733"},{"taxonomy":"product_tag","embeddable":true,"href":"https:\/\/royalswiss.myskydoowebsite.com\/index.php?rest_route=%2Fwp%2Fv2%2Fproduct_tag&post=5733"}],"curies":[{"name":"wp","href":"https:\/\/api.w.org\/{rel}","templated":true}]}}