{"id":5708,"date":"2019-09-29T18:12:46","date_gmt":"2019-09-29T16:12:46","guid":{"rendered":"https:\/\/royalswiss.myskydoowebsite.com\/?post_type=product&#038;p=5708"},"modified":"2022-11-24T22:26:46","modified_gmt":"2022-11-24T21:26:46","slug":"batterie-de-cuisine-en-pierre-12-pieces-poignees-amovible","status":"publish","type":"product","link":"https:\/\/royalswiss.myskydoowebsite.com\/?product=batterie-de-cuisine-en-pierre-12-pieces-poignees-amovible","title":{"rendered":"Batterie de cuisine en Pierre 12 pi\u00e8ces , Poign\u00e9es amovible"},"content":{"rendered":"<p><em><strong>Mat\u00e9riaux en Pierre de haute qualit\u00e9 . Les chaufferettes se r\u00e9chauffent tr\u00e8s rapidement. \u00c9conomie en \u00e9nergie. Excellente r\u00e9partition de la chaleur. Peu d\u2019huile ou de mati\u00e8re grasse. Rev\u00eatement antiadh\u00e9sif en c\u00e9ramique ; Durable &amp; l\u00e9g\u00e8re coquille; Anti-bact\u00e9rienne; Lavable au lave-vaisselle; Durable, r\u00e9sistant et antiadh\u00e9sive.<\/strong><\/em><\/p>\n<p><em><strong> En raison du processus de mise \u00e0 feu, la couverture ext\u00e9rieure est plus fort et peut durer plus que les rev\u00eatements r\u00e9guliers. <\/strong><\/em><\/p>\n<p><em><strong>Convient pour tous feux, y compris l\u2019induction. Le couvercle sont dot\u00e9es d\u2019une valve vapeur pour exc\u00e9dents de vapeur.<\/strong><\/em><\/p>\n<p><em><strong> Le rev\u00eatement anti-adh\u00e9sif est lavable au lave-vaisselle<\/strong><\/em><\/p>\n","protected":false},"excerpt":{"rendered":"<p>Mat\u00e9riaux en Pierre de haute qualit\u00e9 . Les chaufferettes se r\u00e9chauffent tr\u00e8s rapidement. \u00c9conomie en \u00e9nergie. Excellente r\u00e9partition de la chaleur. Peu d\u2019huile ou de mati\u00e8re grasse. Rev\u00eatement antiadh\u00e9sif en c\u00e9ramique ; Durable &amp; l\u00e9g\u00e8re coquille; Anti-bact\u00e9rienne; Lavable au lave-vaisselle; Durable, r\u00e9sistant et antiadh\u00e9sive. En raison du processus de mise \u00e0 feu, la couverture ext\u00e9rieure [&hellip;]<\/p>\n","protected":false},"featured_media":6533,"comment_status":"open","ping_status":"closed","template":"","meta":[],"product_brand":[],"product_cat":[41,21],"product_tag":[86,1542],"class_list":{"0":"post-5708","1":"product","2":"type-product","3":"status-publish","4":"has-post-thumbnail","6":"product_cat-batterie-de-cuisine","7":"product_cat-cuisine","8":"product_tag-86","9":"product_tag-1542","11":"first","12":"instock","13":"sale","14":"taxable","15":"shipping-taxable","16":"purchasable","17":"product-type-variable"},"_links":{"self":[{"href":"https:\/\/royalswiss.myskydoowebsite.com\/index.php?rest_route=\/wp\/v2\/product\/5708","targetHints":{"allow":["GET"]}}],"collection":[{"href":"https:\/\/royalswiss.myskydoowebsite.com\/index.php?rest_route=\/wp\/v2\/product"}],"about":[{"href":"https:\/\/royalswiss.myskydoowebsite.com\/index.php?rest_route=\/wp\/v2\/types\/product"}],"replies":[{"embeddable":true,"href":"https:\/\/royalswiss.myskydoowebsite.com\/index.php?rest_route=%2Fwp%2Fv2%2Fcomments&post=5708"}],"version-history":[{"count":3,"href":"https:\/\/royalswiss.myskydoowebsite.com\/index.php?rest_route=\/wp\/v2\/product\/5708\/revisions"}],"predecessor-version":[{"id":14298,"href":"https:\/\/royalswiss.myskydoowebsite.com\/index.php?rest_route=\/wp\/v2\/product\/5708\/revisions\/14298"}],"wp:featuredmedia":[{"embeddable":true,"href":"https:\/\/royalswiss.myskydoowebsite.com\/index.php?rest_route=\/wp\/v2\/media\/6533"}],"wp:attachment":[{"href":"https:\/\/royalswiss.myskydoowebsite.com\/index.php?rest_route=%2Fwp%2Fv2%2Fmedia&parent=5708"}],"wp:term":[{"taxonomy":"product_brand","embeddable":true,"href":"https:\/\/royalswiss.myskydoowebsite.com\/index.php?rest_route=%2Fwp%2Fv2%2Fproduct_brand&post=5708"},{"taxonomy":"product_cat","embeddable":true,"href":"https:\/\/royalswiss.myskydoowebsite.com\/index.php?rest_route=%2Fwp%2Fv2%2Fproduct_cat&post=5708"},{"taxonomy":"product_tag","embeddable":true,"href":"https:\/\/royalswiss.myskydoowebsite.com\/index.php?rest_route=%2Fwp%2Fv2%2Fproduct_tag&post=5708"}],"curies":[{"name":"wp","href":"https:\/\/api.w.org\/{rel}","templated":true}]}}