{"id":5692,"date":"2019-09-28T20:38:08","date_gmt":"2019-09-28T18:38:08","guid":{"rendered":"https:\/\/royalswiss.myskydoowebsite.com\/?post_type=product&#038;p=5692"},"modified":"2023-04-08T19:14:09","modified_gmt":"2023-04-08T17:14:09","slug":"cocotte-minute-en-inox-4-tailles-disponible","status":"publish","type":"product","link":"https:\/\/royalswiss.myskydoowebsite.com\/?product=cocotte-minute-en-inox-4-tailles-disponible","title":{"rendered":"Cocotte minute en Inox &#8211; 4 Tailles disponible"},"content":{"rendered":"<p>Le bon choix pour des repas sains et d\u00e9licieux, rapide et facile. Cuit de 3 \u00e0 10 fois plus rapidement que les m\u00e9thodes de cuisson ordinaires &#8211; encore plus rapide qu&rsquo;un micro-ondes pour de nombreux aliments.<\/p>\n<p>Le poulet, le poisson, la viande et les l\u00e9gumes cuisent rapidement \u00e0 la perfection. Aide \u00e0 tendre des coupes de viande \u00e9conomiques.<\/p>\n<p>inox robuste et \u00e9pais pour un chauffage rapide et uniforme. Fonctionne sur des gammes r\u00e9guli\u00e8res et lisses. Le r\u00e9gulateur de pression maintient automatiquement la pression de cuisson correcte.<\/p>\n<p>L&rsquo;indicateur de verrouillage du couvercle indique qu&rsquo;il y a une pression dans la cocotte et emp\u00eache le couvercle de s&rsquo;ouvrir jusqu&rsquo;\u00e0 ce que la pression soit r\u00e9duite de mani\u00e8re s\u00fbre.<\/p>\n<p>&nbsp;<\/p>\n","protected":false},"excerpt":{"rendered":"<p>Le bon choix pour des repas sains et d\u00e9licieux, rapide et facile. Cuit de 3 \u00e0 10 fois plus rapidement que les m\u00e9thodes de cuisson ordinaires &#8211; encore plus rapide qu&rsquo;un micro-ondes pour de nombreux aliments. Le poulet, le poisson, la viande et les l\u00e9gumes cuisent rapidement \u00e0 la perfection. Aide \u00e0 tendre des coupes [&hellip;]<\/p>\n","protected":false},"featured_media":12478,"comment_status":"open","ping_status":"closed","template":"","meta":[],"product_brand":[],"product_cat":[399,21],"product_tag":[1487,1488,1489,1490],"class_list":{"0":"post-5692","1":"product","2":"type-product","3":"status-publish","4":"has-post-thumbnail","6":"product_cat-couscoussier-cocotte","7":"product_cat-cuisine","8":"product_tag-1487","9":"product_tag-1488","10":"product_tag-1489","11":"product_tag-1490","13":"first","14":"instock","15":"sale","16":"taxable","17":"shipping-taxable","18":"purchasable","19":"product-type-variable"},"_links":{"self":[{"href":"https:\/\/royalswiss.myskydoowebsite.com\/index.php?rest_route=\/wp\/v2\/product\/5692","targetHints":{"allow":["GET"]}}],"collection":[{"href":"https:\/\/royalswiss.myskydoowebsite.com\/index.php?rest_route=\/wp\/v2\/product"}],"about":[{"href":"https:\/\/royalswiss.myskydoowebsite.com\/index.php?rest_route=\/wp\/v2\/types\/product"}],"replies":[{"embeddable":true,"href":"https:\/\/royalswiss.myskydoowebsite.com\/index.php?rest_route=%2Fwp%2Fv2%2Fcomments&post=5692"}],"version-history":[{"count":1,"href":"https:\/\/royalswiss.myskydoowebsite.com\/index.php?rest_route=\/wp\/v2\/product\/5692\/revisions"}],"predecessor-version":[{"id":5698,"href":"https:\/\/royalswiss.myskydoowebsite.com\/index.php?rest_route=\/wp\/v2\/product\/5692\/revisions\/5698"}],"wp:featuredmedia":[{"embeddable":true,"href":"https:\/\/royalswiss.myskydoowebsite.com\/index.php?rest_route=\/wp\/v2\/media\/12478"}],"wp:attachment":[{"href":"https:\/\/royalswiss.myskydoowebsite.com\/index.php?rest_route=%2Fwp%2Fv2%2Fmedia&parent=5692"}],"wp:term":[{"taxonomy":"product_brand","embeddable":true,"href":"https:\/\/royalswiss.myskydoowebsite.com\/index.php?rest_route=%2Fwp%2Fv2%2Fproduct_brand&post=5692"},{"taxonomy":"product_cat","embeddable":true,"href":"https:\/\/royalswiss.myskydoowebsite.com\/index.php?rest_route=%2Fwp%2Fv2%2Fproduct_cat&post=5692"},{"taxonomy":"product_tag","embeddable":true,"href":"https:\/\/royalswiss.myskydoowebsite.com\/index.php?rest_route=%2Fwp%2Fv2%2Fproduct_tag&post=5692"}],"curies":[{"name":"wp","href":"https:\/\/api.w.org\/{rel}","templated":true}]}}