{"id":5685,"date":"2019-09-28T20:17:43","date_gmt":"2019-09-28T18:17:43","guid":{"rendered":"https:\/\/royalswiss.myskydoowebsite.com\/?post_type=product&#038;p=5685"},"modified":"2023-10-05T20:18:06","modified_gmt":"2023-10-05T18:18:06","slug":"cocotte-minute-en-aluminium-6-tailles-disponible","status":"publish","type":"product","link":"https:\/\/royalswiss.myskydoowebsite.com\/?product=cocotte-minute-en-aluminium-6-tailles-disponible","title":{"rendered":"Cocotte minute en aluminium, 6 tailles Disponible"},"content":{"rendered":"<p>Le bon choix pour des repas sains et d\u00e9licieux, rapide et facile. Cuit de 3 \u00e0 10 fois plus rapidement que les m\u00e9thodes de cuisson ordinaires &#8211; encore plus rapide qu&rsquo;un micro-ondes pour de nombreux aliments. Le poulet, le poisson, la viande et les l\u00e9gumes cuisent rapidement \u00e0 la perfection. Aide \u00e0 tendre des coupes de viande \u00e9conomiques. Aluminium robuste et \u00e9pais pour un chauffage rapide et uniforme. Fonctionne sur des gammes r\u00e9guli\u00e8res et lisses. Le r\u00e9gulateur de pression maintient automatiquement la pression de cuisson correcte. L&rsquo;indicateur de verrouillage du couvercle indique qu&rsquo;il y a une pression dans la plage et emp\u00eache le couvercle de s&rsquo;ouvrir jusqu&rsquo;\u00e0 ce que la pression soit r\u00e9duite de mani\u00e8re s\u00fbre.\u00a0 \u00a0\/!\\\u00a0 c&rsquo;est de l&rsquo;aluminium donc\u00a0 ne convient pas pour l&rsquo;induction<\/p>\n","protected":false},"excerpt":{"rendered":"<p>Le bon choix pour des repas sains et d\u00e9licieux, rapide et facile. Cuit de 3 \u00e0 10 fois plus rapidement que les m\u00e9thodes de cuisson ordinaires &#8211; encore plus rapide qu&rsquo;un micro-ondes pour de nombreux aliments. Le poulet, le poisson, la viande et les l\u00e9gumes cuisent rapidement \u00e0 la perfection. Aide \u00e0 tendre des coupes [&hellip;]<\/p>\n","protected":false},"featured_media":5686,"comment_status":"open","ping_status":"closed","template":"","meta":[],"product_brand":[],"product_cat":[399,21],"product_tag":[85],"class_list":{"0":"post-5685","1":"product","2":"type-product","3":"status-publish","4":"has-post-thumbnail","6":"product_cat-couscoussier-cocotte","7":"product_cat-cuisine","8":"product_tag-85","10":"first","11":"outofstock","12":"sale","13":"taxable","14":"shipping-taxable","15":"purchasable","16":"product-type-variable"},"_links":{"self":[{"href":"https:\/\/royalswiss.myskydoowebsite.com\/index.php?rest_route=\/wp\/v2\/product\/5685","targetHints":{"allow":["GET"]}}],"collection":[{"href":"https:\/\/royalswiss.myskydoowebsite.com\/index.php?rest_route=\/wp\/v2\/product"}],"about":[{"href":"https:\/\/royalswiss.myskydoowebsite.com\/index.php?rest_route=\/wp\/v2\/types\/product"}],"replies":[{"embeddable":true,"href":"https:\/\/royalswiss.myskydoowebsite.com\/index.php?rest_route=%2Fwp%2Fv2%2Fcomments&post=5685"}],"version-history":[{"count":5,"href":"https:\/\/royalswiss.myskydoowebsite.com\/index.php?rest_route=\/wp\/v2\/product\/5685\/revisions"}],"predecessor-version":[{"id":14300,"href":"https:\/\/royalswiss.myskydoowebsite.com\/index.php?rest_route=\/wp\/v2\/product\/5685\/revisions\/14300"}],"wp:featuredmedia":[{"embeddable":true,"href":"https:\/\/royalswiss.myskydoowebsite.com\/index.php?rest_route=\/wp\/v2\/media\/5686"}],"wp:attachment":[{"href":"https:\/\/royalswiss.myskydoowebsite.com\/index.php?rest_route=%2Fwp%2Fv2%2Fmedia&parent=5685"}],"wp:term":[{"taxonomy":"product_brand","embeddable":true,"href":"https:\/\/royalswiss.myskydoowebsite.com\/index.php?rest_route=%2Fwp%2Fv2%2Fproduct_brand&post=5685"},{"taxonomy":"product_cat","embeddable":true,"href":"https:\/\/royalswiss.myskydoowebsite.com\/index.php?rest_route=%2Fwp%2Fv2%2Fproduct_cat&post=5685"},{"taxonomy":"product_tag","embeddable":true,"href":"https:\/\/royalswiss.myskydoowebsite.com\/index.php?rest_route=%2Fwp%2Fv2%2Fproduct_tag&post=5685"}],"curies":[{"name":"wp","href":"https:\/\/api.w.org\/{rel}","templated":true}]}}