{"id":5672,"date":"2019-09-28T19:48:36","date_gmt":"2019-09-28T17:48:36","guid":{"rendered":"https:\/\/royalswiss.myskydoowebsite.com\/?post_type=product&#038;p=5672"},"modified":"2022-07-27T20:26:44","modified_gmt":"2022-07-27T18:26:44","slug":"cafetiere-italienne-en-inox-plusieurs-taille-disponible","status":"publish","type":"product","link":"https:\/\/royalswiss.myskydoowebsite.com\/?product=cafetiere-italienne-en-inox-plusieurs-taille-disponible","title":{"rendered":"Cafeti\u00e8re italienne en inox &#8211; plusieurs taille disponible"},"content":{"rendered":"<p>Si vous aimez le caf\u00e9, que vous \u00eates un v\u00e9ritable amateur et pas seulement un gros buveur drogu\u00e9 \u00e0 la caf\u00e9ine, alors vous connaissez d\u00e9j\u00e0 les cafeti\u00e8res italiennes. Ce sont celles qui permettent de conserver aux mieux les ar\u00f4mes, pour offrir un caf\u00e9 savoureux et d\u00e9licieux. N\u2019en d\u00e9plaise \u00e0 Georges Clooney et ses dosettes hors de prix, les cafeti\u00e8res italiennes nous pr\u00e9parent le meilleur des caf\u00e9s \u00e0 un prix d\u00e9fiant toute concurrence. Cerise sur le g\u00e2teau, Elle s\u2019utilise sur tous les types de plaques chauffantes, y compris l\u2019induction, et est tr\u00e8s simple \u00e0 utiliser ou \u00e0 entretenir. En effet, en quelques secondes, la cafeti\u00e8re sera pr\u00eate pour une nouvelle utilisation Elle produit un caf\u00e9 savoureux et riche en ar\u00f4mes pour le plus grand plaisir des amoureux de petits noirs en plus de vous r\u00e9galer, vous pouvez utiliser le marc de caf\u00e9 pour vos plantes, c\u2019est bon pour leur croissance. Bref, la cafeti\u00e8re italienne, ce n\u2019est que du bonheur.<\/p>\n","protected":false},"excerpt":{"rendered":"<p>Si vous aimez le caf\u00e9, que vous \u00eates un v\u00e9ritable amateur et pas seulement un gros buveur drogu\u00e9 \u00e0 la caf\u00e9ine, alors vous connaissez d\u00e9j\u00e0 les cafeti\u00e8res italiennes. Ce sont celles qui permettent de conserver aux mieux les ar\u00f4mes, pour offrir un caf\u00e9 savoureux et d\u00e9licieux. N\u2019en d\u00e9plaise \u00e0 Georges Clooney et ses dosettes hors [&hellip;]<\/p>\n","protected":false},"featured_media":5678,"comment_status":"open","ping_status":"closed","template":"","meta":[],"product_brand":[],"product_cat":[21],"product_tag":[400],"class_list":{"0":"post-5672","1":"product","2":"type-product","3":"status-publish","4":"has-post-thumbnail","6":"product_cat-cuisine","7":"product_tag-400","9":"first","10":"outofstock","11":"sale","12":"taxable","13":"shipping-taxable","14":"purchasable","15":"product-type-variable"},"_links":{"self":[{"href":"https:\/\/royalswiss.myskydoowebsite.com\/index.php?rest_route=\/wp\/v2\/product\/5672","targetHints":{"allow":["GET"]}}],"collection":[{"href":"https:\/\/royalswiss.myskydoowebsite.com\/index.php?rest_route=\/wp\/v2\/product"}],"about":[{"href":"https:\/\/royalswiss.myskydoowebsite.com\/index.php?rest_route=\/wp\/v2\/types\/product"}],"replies":[{"embeddable":true,"href":"https:\/\/royalswiss.myskydoowebsite.com\/index.php?rest_route=%2Fwp%2Fv2%2Fcomments&post=5672"}],"version-history":[{"count":1,"href":"https:\/\/royalswiss.myskydoowebsite.com\/index.php?rest_route=\/wp\/v2\/product\/5672\/revisions"}],"predecessor-version":[{"id":5680,"href":"https:\/\/royalswiss.myskydoowebsite.com\/index.php?rest_route=\/wp\/v2\/product\/5672\/revisions\/5680"}],"wp:featuredmedia":[{"embeddable":true,"href":"https:\/\/royalswiss.myskydoowebsite.com\/index.php?rest_route=\/wp\/v2\/media\/5678"}],"wp:attachment":[{"href":"https:\/\/royalswiss.myskydoowebsite.com\/index.php?rest_route=%2Fwp%2Fv2%2Fmedia&parent=5672"}],"wp:term":[{"taxonomy":"product_brand","embeddable":true,"href":"https:\/\/royalswiss.myskydoowebsite.com\/index.php?rest_route=%2Fwp%2Fv2%2Fproduct_brand&post=5672"},{"taxonomy":"product_cat","embeddable":true,"href":"https:\/\/royalswiss.myskydoowebsite.com\/index.php?rest_route=%2Fwp%2Fv2%2Fproduct_cat&post=5672"},{"taxonomy":"product_tag","embeddable":true,"href":"https:\/\/royalswiss.myskydoowebsite.com\/index.php?rest_route=%2Fwp%2Fv2%2Fproduct_tag&post=5672"}],"curies":[{"name":"wp","href":"https:\/\/api.w.org\/{rel}","templated":true}]}}