{"id":17294,"date":"2024-02-10T03:12:43","date_gmt":"2024-02-10T02:12:43","guid":{"rendered":"https:\/\/royalswiss.myskydoowebsite.com\/?post_type=product&#038;p=17294"},"modified":"2024-02-10T03:29:45","modified_gmt":"2024-02-10T02:29:45","slug":"cocotte-couscoussiere-clipso-2-in1-multifonction-couvercle-et-panier","status":"publish","type":"product","link":"https:\/\/royalswiss.myskydoowebsite.com\/?product=cocotte-couscoussiere-clipso-2-in1-multifonction-couvercle-et-panier","title":{"rendered":"Cocotte &#8211; couscoussi\u00e8re clipso 2 in1 Multifonction + couvercle et panier"},"content":{"rendered":"<p><span style=\"color: #9b2166;font-family: Arial;font-size: large\">D\u00e9couvrez La cocotte &#8211; couscoussier 2 in 1 de chez Royal Swiss : le gadget de cuisine ultime pour des repas rapides et faciles\u00a0!\u00a0Cet autocuiseur de haute qualit\u00e9 est con\u00e7u pour am\u00e9liorer votre exp\u00e9rience culinaire et vous aider \u00e0 pr\u00e9parer facilement des plats d\u00e9licieux et sains.<\/span><\/p>\n<p><span style=\"color: #9b2166;font-family: Arial;font-size: large\">\u00a0 \u00a0 \u00a0 Cuit les repas plus rapidement que les m\u00e9thodes de cuisson traditionnelles<br \/>\n<\/span><\/p>\n<ul>\n<li><span style=\"color: #9b2166;font-family: Arial;font-size: large\">Pr\u00e9serve les nutriments et les saveurs des ingr\u00e9dients<\/span><\/li>\n<li><span style=\"color: #9b2166;font-family: Arial;font-size: large\">S\u00fbr \u00e0 utiliser avec une conception de soupape de s\u00e9curit\u00e9 et de r\u00e9gulateur de pression<\/span><\/li>\n<li><span style=\"color: #9b2166;font-family: Arial;font-size: large\">Fabriqu\u00e9 en acier inoxydable durable et a une capacit\u00e9 de 8 litres<\/span><\/li>\n<li><span style=\"color: #9b2166;font-family: Arial;font-size: large\">Parfait pour pr\u00e9parer de grands repas pour la famille et les amis<\/span><\/li>\n<li><span style=\"color: #9b2166;font-family: Arial;font-size: large\">Poign\u00e9e amovible pratique pour un rangement et un nettoyage faciles<br \/>\n<\/span><\/li>\n<\/ul>\n<p><span style=\"color: #9b2166;font-family: Arial;font-size: large\">Un autocuiseur durable avec une grande capacit\u00e9<\/span><\/p>\n<p><span style=\"color: #9b2166;font-family: Arial;font-size: large\">L&rsquo;autocuiseur Royal Swiss est fabriqu\u00e9 en acier inoxydable durable et est con\u00e7u pour durer. Il a une capacit\u00e9 de 4 &#8211; 8 ou 10 Litres\u00a0\u00a0ce qui signifie que vous avez suffisamment d&rsquo;espace pour pr\u00e9parer de grands repas pour votre famille et vos amis.\u00a0Qu&rsquo;il s&rsquo;agisse de cuire du riz, de mijoter de la viande ou de pr\u00e9parer des soupes et des rago\u00fbts, cet autocuiseur est parfait pour tous les types de plats.<\/span><\/p>\n<p><span style=\"color: #9b2166;font-family: Arial;font-size: large\">Cuisinez de gros repas rapidement et efficacement<\/span><\/p>\n<p><span style=\"color: #9b2166;font-family: Arial;font-size: large\">Le plus grand avantage de cet autocuiseur est la rapidit\u00e9 avec laquelle vous pouvez pr\u00e9parer les repas.\u00a0Gr\u00e2ce \u00e0 la haute pression et \u00e0 la chaleur constante, vos aliments cuiront plus rapidement que jamais.\u00a0De plus, la po\u00eale conserve les nutriments et les saveurs de vos ingr\u00e9dients, de sorte que vous mettez toujours un repas d\u00e9licieux et sain sur la table.<\/span><\/p>\n<p><span style=\"color: #9b2166;font-family: Arial;font-size: large\">L&rsquo;autocuiseur est s\u00fbr \u00e0 utiliser<\/span><\/p>\n<p><span style=\"color: #9b2166;font-family: Arial;font-size: large\">L&rsquo;autocuiseur Royal Swiss\u00a0 est \u00e9galement s\u00fbr \u00e0 utiliser, gr\u00e2ce \u00e0 sa conception de soupape de s\u00e9curit\u00e9 et de r\u00e9gulateur de pression.\u00a0La casserole a une poign\u00e9e amovible pratique pour un rangement et un nettoyage faciles.\u00a0En bref, c&rsquo;est un gadget de cuisine indispensable pour tous ceux qui aiment cuisiner et qui aiment \u00e9conomiser du temps et de l&rsquo;\u00e9nergie dans la cuisine.<\/span><\/p>\n<p><span style=\"color: #9b2166;font-family: Arial;font-size: large\"><br \/>\nAchetez l&rsquo;autocuiseur Royal Swiss aujourd&rsquo;hui et d\u00e9couvrez la facilit\u00e9 et la rapidit\u00e9 de la cuisson avec un autocuiseur de qualit\u00e9 sup\u00e9rieure\u00a0!<\/span><\/p>\n","protected":false},"excerpt":{"rendered":"<p>&nbsp;<\/p>\n<p><span style=\"color: #9b2166;font-family: Arial;font-size: large\">D\u00e9couvrez La cocotte &#8211; couscoussier 2 in 1 de chez Royal Swiss : le gadget de cuisine ultime pour des repas rapides et faciles\u00a0!\u00a0Cet autocuiseur de haute qualit\u00e9 est con\u00e7u pour am\u00e9liorer votre exp\u00e9rience culinaire et vous aider \u00e0 pr\u00e9parer facilement des plats d\u00e9licieux et sains.<\/span><\/p>\n","protected":false},"featured_media":17303,"comment_status":"open","ping_status":"closed","template":"","meta":[],"product_brand":[],"product_cat":[399,21,15],"product_tag":[],"class_list":{"0":"post-17294","1":"product","2":"type-product","3":"status-publish","4":"has-post-thumbnail","6":"product_cat-couscoussier-cocotte","7":"product_cat-cuisine","8":"product_cat-uncategorized","10":"first","11":"instock","12":"sale","13":"taxable","14":"shipping-taxable","15":"purchasable","16":"product-type-variable"},"_links":{"self":[{"href":"https:\/\/royalswiss.myskydoowebsite.com\/index.php?rest_route=\/wp\/v2\/product\/17294","targetHints":{"allow":["GET"]}}],"collection":[{"href":"https:\/\/royalswiss.myskydoowebsite.com\/index.php?rest_route=\/wp\/v2\/product"}],"about":[{"href":"https:\/\/royalswiss.myskydoowebsite.com\/index.php?rest_route=\/wp\/v2\/types\/product"}],"replies":[{"embeddable":true,"href":"https:\/\/royalswiss.myskydoowebsite.com\/index.php?rest_route=%2Fwp%2Fv2%2Fcomments&post=17294"}],"version-history":[{"count":2,"href":"https:\/\/royalswiss.myskydoowebsite.com\/index.php?rest_route=\/wp\/v2\/product\/17294\/revisions"}],"predecessor-version":[{"id":17321,"href":"https:\/\/royalswiss.myskydoowebsite.com\/index.php?rest_route=\/wp\/v2\/product\/17294\/revisions\/17321"}],"wp:featuredmedia":[{"embeddable":true,"href":"https:\/\/royalswiss.myskydoowebsite.com\/index.php?rest_route=\/wp\/v2\/media\/17303"}],"wp:attachment":[{"href":"https:\/\/royalswiss.myskydoowebsite.com\/index.php?rest_route=%2Fwp%2Fv2%2Fmedia&parent=17294"}],"wp:term":[{"taxonomy":"product_brand","embeddable":true,"href":"https:\/\/royalswiss.myskydoowebsite.com\/index.php?rest_route=%2Fwp%2Fv2%2Fproduct_brand&post=17294"},{"taxonomy":"product_cat","embeddable":true,"href":"https:\/\/royalswiss.myskydoowebsite.com\/index.php?rest_route=%2Fwp%2Fv2%2Fproduct_cat&post=17294"},{"taxonomy":"product_tag","embeddable":true,"href":"https:\/\/royalswiss.myskydoowebsite.com\/index.php?rest_route=%2Fwp%2Fv2%2Fproduct_tag&post=17294"}],"curies":[{"name":"wp","href":"https:\/\/api.w.org\/{rel}","templated":true}]}}