{"id":17152,"date":"2023-10-10T21:00:49","date_gmt":"2023-10-10T19:00:49","guid":{"rendered":"https:\/\/royalswiss.myskydoowebsite.com\/?post_type=product&#038;p=17152"},"modified":"2023-10-24T20:05:13","modified_gmt":"2023-10-24T18:05:13","slug":"air-fryer-6-5l-royal-swiss","status":"publish","type":"product","link":"https:\/\/royalswiss.myskydoowebsite.com\/?product=air-fryer-6-5l-royal-swiss","title":{"rendered":"Air fryer 6.5L &#8211; Royal Swiss"},"content":{"rendered":"<p><b>Royal Swiss <\/b>vient vous aider \u00e0 cuisiner facilement et de mani\u00e8re amusante en vous offrant les meilleures nouveaut\u00e9s pour votre cuisine, comme\u00a0<b>Friteuse sans Huile Royal Swiss\u00a0 Noir Acier inoxydable 1700 W 6,5 L <\/b>! D\u00e9couvrez une vaste gamme de produits de qualit\u00e9 qui se d\u00e9marquent de par leur fonctionnalit\u00e9, leur efficacit\u00e9 et leur design innovant !<\/p>\n<p>&nbsp;<\/p>\n<p>Nos\u00a0<strong>friteuses\u00a0<\/strong>offrent une nouvelle fa\u00e7on saine de pr\u00e9parer de d\u00e9licieuses recettes. Gr\u00e2ce \u00e0 leurs puissants ventilateurs, l\u2019air chaud \u00e0 360\u00b0 \u00e0 circulation rapide cuit plus efficacement que les appareils traditionnels.<\/p>\n<p>La\u00a0<strong>friteuse sans huile\u00a0<\/strong>1700 W et 6,5 L vous permet de cuisiner des repas nutritifs en beaucoup moins de temps. Elle est \u00e9galement polyvalente, facile \u00e0 nettoyer et dispose d\u2019une protection contre la surchauffe.<\/p>\n<p>&nbsp;<\/p>\n<ul>\n<li><strong>Facile \u00e0 utiliser :<\/strong> Choisissez parmi 8 programmes sur l&rsquo;\u00e9cran tactile num\u00e9rique, r\u00e9glez la temp\u00e9rature et la dur\u00e9e et faites frire, r\u00f4tir, toaster, cuire, d\u00e9shydrater, d\u00e9congeler, r\u00e9chauffer et griller. Cuisinez avec 95 % de mati\u00e8res grasses en moins. Des aliments savoureux et sains avec jusqu&rsquo;\u00e0 80 % de calories en moins. Comprend un livre de recette.<\/li>\n<li><strong>Moderne et compacte :<\/strong>\u00a0La friteuse \u00e0 air a une taille id\u00e9ale pour les familles de 3 \u00e0 5 personnes.Avec sa capacit\u00e9 de 5,5L, elle permet d\u2019utiliser au mieux l\u2019espace disponible. Et avec sa puissance de 1700 W, vous obtenez une cuisson parfaite en un temps record.<\/li>\n<li><strong>Circulation d\u2019air \u00e0 360\u00b0 :<\/strong>\u00a0La technologie de circulation d\u2019air chaud \u00e0 360\u00b0 permet \u00e0 la friteuse de cuire rapidement en \u00e9conomisant de l\u2019\u00e9nergie et en gagnant jusqu\u2019\u00e0 66 % de temps. Le panier perfor\u00e9 permet \u00e0 l\u2019air de circuler \u00e0 l\u2019int\u00e9rieur de la friteuse, assurant une cuisson uniforme pour des aliments croustillants \u00e0 l\u2019ext\u00e9rieur et tendres \u00e0 l\u2019int\u00e9rieur.<\/li>\n<li><strong>Grande qualit\u00e9 :\u00a0<\/strong>la friteuse est dot\u00e9e d\u2019un panier amovible con\u00e7u avec une technologie avanc\u00e9e et fabriqu\u00e9 en mat\u00e9riau antiadh\u00e9sif qui emp\u00eache les aliments de coller et permet de r\u00e9partir uniform\u00e9ment le flux d\u2019air.<\/li>\n<li><strong>Nettoyage et entretien :\u00a0<\/strong>certaines recettes n\u00e9cessitent l\u2019utilisation de r\u00e9cipients adapt\u00e9s \u00e0 la friteuse, de pr\u00e9f\u00e9rence en silicone. Pour \u00e9viter d\u2019endommager le rev\u00eatement antiadh\u00e9sif du panier, il est recommand\u00e9 de ne pas utiliser de r\u00e9cipients m\u00e9talliques ou de produits de nettoyage abrasifs. Le panier amovible peut passer au lave-vaisselle.<\/li>\n<\/ul>\n<p>&nbsp;<\/p>\n<ul>\n<li>Mat\u00e9riel:\n<ul>\n<li>polypropyl\u00e8ne<\/li>\n<li>Sans BPA<\/li>\n<li>Acier inoxydable<\/li>\n<\/ul>\n<\/li>\n<li>Couleur:\n<ul>\n<li>Noir<\/li>\n<li>Argent\u00e9<\/li>\n<\/ul>\n<\/li>\n<li>Type: Friteuse sans Huile<\/li>\n<li>Capacit\u00e9: 6,5 L<\/li>\n<li>d\u00e9bit d&rsquo;air: 360\u00ba<\/li>\n<li>Inclut: Livre de recettes<\/li>\n<li>\u00c9co-responsable: \u00c9conomie d&rsquo;\u00e9nergie<\/li>\n<li>Caract\u00e9ristiques: Cuisson rapide et sans mati\u00e8re grasse<\/li>\n<li>Multifonction: 8 programmes<\/li>\n<li>Temp\u00e9rature r\u00e9glable: 80-200 \u00baC<\/li>\n<li>Propri\u00e9t\u00e9s: Anti-adh\u00e9rente<\/li>\n<li>Facile \u00e0 nettoyer: Convient aux lave-vaisselles<\/li>\n<li>Type de prise: F<\/li>\n<li>Longueur du c\u00e2ble: 75 cm<\/li>\n<li>puissance: 1700 W<\/li>\n<li>AC In: 220-240 V \/ 50-60 Hz<\/li>\n<li>Dimensions approx.: 36,5 x 28,6 x 33,7 cm<\/li>\n<\/ul>\n<p>Packaging et manuel en 24 langues: anglais, fran\u00e7ais, espagnol, allemand, italien, portugais, n\u00e9erlandais, polonais, hongrois, roumain, danois, su\u00e9dois, finnois, lituanien, norv\u00e9gien, slov\u00e8ne, grec, tch\u00e8que, bulgare, croate, slovaque, estonien, russe, letton.<\/p>\n","protected":false},"excerpt":{"rendered":"<p>Royal Swiss vient vous aider \u00e0 cuisiner facilement et de mani\u00e8re amusante en vous offrant les meilleures nouveaut\u00e9s pour votre cuisine, comme\u00a0Friteuse sans Huile Royal Swiss\u00a0 Noir Acier inoxydable 1700 W 6,5 L ! D\u00e9couvrez une vaste gamme de produits de qualit\u00e9 qui se d\u00e9marquent de par leur fonctionnalit\u00e9, leur efficacit\u00e9 et leur design innovant [&hellip;]<\/p>\n","protected":false},"featured_media":17155,"comment_status":"open","ping_status":"closed","template":"","meta":[],"product_brand":[],"product_cat":[56,1557,33,15],"product_tag":[1597],"class_list":{"0":"post-17152","1":"product","2":"type-product","3":"status-publish","4":"has-post-thumbnail","6":"product_cat-electromenager","7":"product_cat-friteuse","8":"product_cat-petit-electromenager","9":"product_cat-uncategorized","10":"product_tag-1597","12":"first","13":"instock","14":"sale","15":"taxable","16":"shipping-taxable","17":"purchasable","18":"product-type-simple"},"_links":{"self":[{"href":"https:\/\/royalswiss.myskydoowebsite.com\/index.php?rest_route=\/wp\/v2\/product\/17152","targetHints":{"allow":["GET"]}}],"collection":[{"href":"https:\/\/royalswiss.myskydoowebsite.com\/index.php?rest_route=\/wp\/v2\/product"}],"about":[{"href":"https:\/\/royalswiss.myskydoowebsite.com\/index.php?rest_route=\/wp\/v2\/types\/product"}],"replies":[{"embeddable":true,"href":"https:\/\/royalswiss.myskydoowebsite.com\/index.php?rest_route=%2Fwp%2Fv2%2Fcomments&post=17152"}],"version-history":[{"count":1,"href":"https:\/\/royalswiss.myskydoowebsite.com\/index.php?rest_route=\/wp\/v2\/product\/17152\/revisions"}],"predecessor-version":[{"id":17153,"href":"https:\/\/royalswiss.myskydoowebsite.com\/index.php?rest_route=\/wp\/v2\/product\/17152\/revisions\/17153"}],"wp:featuredmedia":[{"embeddable":true,"href":"https:\/\/royalswiss.myskydoowebsite.com\/index.php?rest_route=\/wp\/v2\/media\/17155"}],"wp:attachment":[{"href":"https:\/\/royalswiss.myskydoowebsite.com\/index.php?rest_route=%2Fwp%2Fv2%2Fmedia&parent=17152"}],"wp:term":[{"taxonomy":"product_brand","embeddable":true,"href":"https:\/\/royalswiss.myskydoowebsite.com\/index.php?rest_route=%2Fwp%2Fv2%2Fproduct_brand&post=17152"},{"taxonomy":"product_cat","embeddable":true,"href":"https:\/\/royalswiss.myskydoowebsite.com\/index.php?rest_route=%2Fwp%2Fv2%2Fproduct_cat&post=17152"},{"taxonomy":"product_tag","embeddable":true,"href":"https:\/\/royalswiss.myskydoowebsite.com\/index.php?rest_route=%2Fwp%2Fv2%2Fproduct_tag&post=17152"}],"curies":[{"name":"wp","href":"https:\/\/api.w.org\/{rel}","templated":true}]}}