{"id":17089,"date":"2023-09-01T00:55:21","date_gmt":"2023-08-31T22:55:21","guid":{"rendered":"https:\/\/royalswiss.myskydoowebsite.com\/?post_type=product&#038;p=17089"},"modified":"2023-09-01T01:33:40","modified_gmt":"2023-08-31T23:33:40","slug":"lot-de-6-verres-a-the-125-ml-set-de-verres-transparents-avec-anse-royal-swiss","status":"publish","type":"product","link":"https:\/\/royalswiss.myskydoowebsite.com\/?product=lot-de-6-verres-a-the-125-ml-set-de-verres-transparents-avec-anse-royal-swiss","title":{"rendered":"Set de 6 verres \u00e0 th\u00e9 transparents avec anse125 ml &#8211; Royal Swiss"},"content":{"rendered":"<p>Lot de 6 verres transparents avec anse<\/p>\n<p>Hauteur 12cm diam\u00e8tre 6cm<\/p>\n","protected":false},"excerpt":{"rendered":"<div class=\"product-actions\">\n<div id=\"product-description-short-131\" class=\"product-description-short rte pt-3 mb-4 border-top\">\n<p>&nbsp;<\/p>\n<p>Ce lot de petits verres est parfait pour servir le th\u00e9 ou autres boissons de votre choix. Ses lignes \u00e9pur\u00e9es et son motif cristal allient simplicit\u00e9 et modernit\u00e9 pour un aspect original et \u00e9pur\u00e9.<\/p>\n<p>&nbsp;<\/p>\n<\/div>\n<\/div>\n<div class=\"blockreassurance_product row mt-4 mx-n2\">\n<div class=\"reass-item col-sm-4 col-lg-12 px-2 mb-2\">\n<div class=\"block-icon\"><\/div>\n<div class=\"item-descr\"><\/div>\n<\/div>\n<\/div>\n","protected":false},"featured_media":17090,"comment_status":"open","ping_status":"closed","template":"","meta":[],"product_brand":[],"product_cat":[21,1526,15],"product_tag":[1595],"class_list":{"0":"post-17089","1":"product","2":"type-product","3":"status-publish","4":"has-post-thumbnail","6":"product_cat-cuisine","7":"product_cat-theiere-thermos","8":"product_cat-uncategorized","9":"product_tag-1595","11":"first","12":"instock","13":"sale","14":"taxable","15":"shipping-taxable","16":"purchasable","17":"product-type-simple"},"_links":{"self":[{"href":"https:\/\/royalswiss.myskydoowebsite.com\/index.php?rest_route=\/wp\/v2\/product\/17089","targetHints":{"allow":["GET"]}}],"collection":[{"href":"https:\/\/royalswiss.myskydoowebsite.com\/index.php?rest_route=\/wp\/v2\/product"}],"about":[{"href":"https:\/\/royalswiss.myskydoowebsite.com\/index.php?rest_route=\/wp\/v2\/types\/product"}],"replies":[{"embeddable":true,"href":"https:\/\/royalswiss.myskydoowebsite.com\/index.php?rest_route=%2Fwp%2Fv2%2Fcomments&post=17089"}],"version-history":[{"count":3,"href":"https:\/\/royalswiss.myskydoowebsite.com\/index.php?rest_route=\/wp\/v2\/product\/17089\/revisions"}],"predecessor-version":[{"id":17099,"href":"https:\/\/royalswiss.myskydoowebsite.com\/index.php?rest_route=\/wp\/v2\/product\/17089\/revisions\/17099"}],"wp:featuredmedia":[{"embeddable":true,"href":"https:\/\/royalswiss.myskydoowebsite.com\/index.php?rest_route=\/wp\/v2\/media\/17090"}],"wp:attachment":[{"href":"https:\/\/royalswiss.myskydoowebsite.com\/index.php?rest_route=%2Fwp%2Fv2%2Fmedia&parent=17089"}],"wp:term":[{"taxonomy":"product_brand","embeddable":true,"href":"https:\/\/royalswiss.myskydoowebsite.com\/index.php?rest_route=%2Fwp%2Fv2%2Fproduct_brand&post=17089"},{"taxonomy":"product_cat","embeddable":true,"href":"https:\/\/royalswiss.myskydoowebsite.com\/index.php?rest_route=%2Fwp%2Fv2%2Fproduct_cat&post=17089"},{"taxonomy":"product_tag","embeddable":true,"href":"https:\/\/royalswiss.myskydoowebsite.com\/index.php?rest_route=%2Fwp%2Fv2%2Fproduct_tag&post=17089"}],"curies":[{"name":"wp","href":"https:\/\/api.w.org\/{rel}","templated":true}]}}