{"id":17083,"date":"2023-08-31T17:44:59","date_gmt":"2023-08-31T15:44:59","guid":{"rendered":"https:\/\/royalswiss.myskydoowebsite.com\/?post_type=product&#038;p=17083"},"modified":"2023-08-31T17:51:26","modified_gmt":"2023-08-31T15:51:26","slug":"theiere-marocaine-3-tailles-disponible-royal-swiss-3","status":"publish","type":"product","link":"https:\/\/royalswiss.myskydoowebsite.com\/?product=theiere-marocaine-3-tailles-disponible-royal-swiss-3","title":{"rendered":"TH\u00c9I\u00c8RE MAROCAINE \u2013 3 TAILLES DISPONIBLE \u2013 ROYAL SWISS"},"content":{"rendered":"<h3><strong>La th\u00e9i\u00e8re Royal Swiss est con\u00e7ue avec style et nous combinons fonctionnalit\u00e9 et confort avec plaisir!<\/strong><\/h3>\n<p>Cette th\u00e9i\u00e8re en acier inoxydable 18\/10 durable avec une finition brillante et un design \u00e9l\u00e9gant.<\/p>\n<p>Vous pouvez pr\u00e9parer du th\u00e9 marocain, du th\u00e9 \u00e0 la menthe fra\u00eeche ou simplement votre th\u00e9 pr\u00e9f\u00e9r\u00e9 de mani\u00e8re authentique.<\/p>\n<div id=\"tab-label-additional\" class=\"data item title\" role=\"presentation\" data-role=\"collapsible\" data-collapsible=\"true\"><\/div>\n<p>Disponible en diff\u00e9rentes tailles.<\/p>\n<h3><strong>Sp\u00e9cifications :<\/strong><\/h3>\n<ul>\n<li>Marque : Royal Swiss<\/li>\n<li>Couleur : Argent<\/li>\n<li>Contenu: th\u00e9i\u00e8re ( 0.8l &#8211; 1.2l ou 1.6l )<\/li>\n<li>Mat\u00e9riau : Acier inoxydable<\/li>\n<\/ul>\n<p><strong>Le contenu de l&rsquo;ensemble:<\/strong><\/p>\n<ul>\n<li>th\u00e9i\u00e8res<\/li>\n<\/ul>\n<p><strong>Tous les avantages en un coup d&rsquo;\u0153il:<\/strong><\/p>\n<ul>\n<li>Convient \u00e0 toutes les sources de chaleur, y compris l&rsquo;induction.<\/li>\n<li>Facile \u00e0 utiliser, facile \u00e0 nettoyer<\/li>\n<li>Solide et durable<\/li>\n<\/ul>\n<p><strong>Remarque !<\/strong><\/p>\n<p>Nous vous recommandons de toujours laver la th\u00e9i\u00e8re \u00e0 la main pour une durabilit\u00e9 maximale<\/p>\n","protected":false},"excerpt":{"rendered":"<p>La th\u00e9i\u00e8re Royal Swiss est con\u00e7ue avec style et nous combinons fonctionnalit\u00e9 et confort avec plaisir! Cette th\u00e9i\u00e8re en acier inoxydable 18\/10 durable avec une finition brillante et un design \u00e9l\u00e9gant. Vous pouvez pr\u00e9parer du th\u00e9 marocain, du th\u00e9 \u00e0 la menthe fra\u00eeche ou simplement votre th\u00e9 pr\u00e9f\u00e9r\u00e9 de mani\u00e8re authentique. Disponible en diff\u00e9rentes tailles. [&hellip;]<\/p>\n","protected":false},"featured_media":17087,"comment_status":"open","ping_status":"closed","template":"","meta":[],"product_brand":[],"product_cat":[21,1526,15],"product_tag":[],"class_list":{"0":"post-17083","1":"product","2":"type-product","3":"status-publish","4":"has-post-thumbnail","6":"product_cat-cuisine","7":"product_cat-theiere-thermos","8":"product_cat-uncategorized","10":"first","11":"instock","12":"sale","13":"taxable","14":"shipping-taxable","15":"purchasable","16":"product-type-variable"},"_links":{"self":[{"href":"https:\/\/royalswiss.myskydoowebsite.com\/index.php?rest_route=\/wp\/v2\/product\/17083","targetHints":{"allow":["GET"]}}],"collection":[{"href":"https:\/\/royalswiss.myskydoowebsite.com\/index.php?rest_route=\/wp\/v2\/product"}],"about":[{"href":"https:\/\/royalswiss.myskydoowebsite.com\/index.php?rest_route=\/wp\/v2\/types\/product"}],"replies":[{"embeddable":true,"href":"https:\/\/royalswiss.myskydoowebsite.com\/index.php?rest_route=%2Fwp%2Fv2%2Fcomments&post=17083"}],"version-history":[{"count":1,"href":"https:\/\/royalswiss.myskydoowebsite.com\/index.php?rest_route=\/wp\/v2\/product\/17083\/revisions"}],"predecessor-version":[{"id":17088,"href":"https:\/\/royalswiss.myskydoowebsite.com\/index.php?rest_route=\/wp\/v2\/product\/17083\/revisions\/17088"}],"wp:featuredmedia":[{"embeddable":true,"href":"https:\/\/royalswiss.myskydoowebsite.com\/index.php?rest_route=\/wp\/v2\/media\/17087"}],"wp:attachment":[{"href":"https:\/\/royalswiss.myskydoowebsite.com\/index.php?rest_route=%2Fwp%2Fv2%2Fmedia&parent=17083"}],"wp:term":[{"taxonomy":"product_brand","embeddable":true,"href":"https:\/\/royalswiss.myskydoowebsite.com\/index.php?rest_route=%2Fwp%2Fv2%2Fproduct_brand&post=17083"},{"taxonomy":"product_cat","embeddable":true,"href":"https:\/\/royalswiss.myskydoowebsite.com\/index.php?rest_route=%2Fwp%2Fv2%2Fproduct_cat&post=17083"},{"taxonomy":"product_tag","embeddable":true,"href":"https:\/\/royalswiss.myskydoowebsite.com\/index.php?rest_route=%2Fwp%2Fv2%2Fproduct_tag&post=17083"}],"curies":[{"name":"wp","href":"https:\/\/api.w.org\/{rel}","templated":true}]}}