{"id":17050,"date":"2023-08-31T14:34:31","date_gmt":"2023-08-31T12:34:31","guid":{"rendered":"https:\/\/royalswiss.myskydoowebsite.com\/?post_type=product&#038;p=17050"},"modified":"2023-08-31T14:34:58","modified_gmt":"2023-08-31T12:34:58","slug":"thermos-en-inox-3-couleurs-3-tailles-royal-swiss","status":"publish","type":"product","link":"https:\/\/royalswiss.myskydoowebsite.com\/?product=thermos-en-inox-3-couleurs-3-tailles-royal-swiss","title":{"rendered":"Thermos en inox &#8211; 3 couleurs &#8211; 3 tailles &#8211; Royal Swiss"},"content":{"rendered":"<div><span style=\"color: #03031a;font-family: Arial;font-size: large\">thermos disponible en 3 couleurs diff\u00e9rente ( argent\u00e9 , vert , rouge ) et 3 Tailles ( 1L &#8211; 1.5l et 2L )<\/span><\/div>\n<div>\n<p><span style=\"font-family: Arial;font-size: large\">\u00a0<\/span><\/p>\n<h1><span style=\"font-family: Arial;font-size: large\">sp\u00e9cifications\u00a0:<\/span><\/h1>\n<ul>\n<li>Fabriqu\u00e9 en acier raffin\u00e9 de haute qualit\u00e9<\/li>\n<li>Excellent effet isolant contre le froid<\/li>\n<li>Poign\u00e9e con\u00e7ue pour une utilisation co<span style=\"font-family: graphik, arial, helvetica, sans-serif\">nfortable<\/span><\/li>\n<li>Il est sain, s\u00fbr et antibact\u00e9rien.<\/li>\n<li>Haut pouvoir isolant<\/li>\n<li>Mat\u00e9riau : acier inoxydable 18\/10<\/li>\n<\/ul>\n<p>&nbsp;<\/p>\n<\/div>\n<div><\/div>\n","protected":false},"excerpt":{"rendered":"<h1><\/h1>\n<h1><span style=\"font-family: Arial;font-size: large\">sp\u00e9cifications\u00a0:<\/span><\/h1>\n<ul>\n<li>Fabriqu\u00e9 en acier raffin\u00e9 de haute qualit\u00e9<\/li>\n<li>Excellent effet isolant contre le froid<\/li>\n<li>Poign\u00e9e con\u00e7ue pour une utilisation co<span style=\"font-family: graphik, arial, helvetica, sans-serif\">nfortable<\/span><\/li>\n<li>Il est sain, s\u00fbr et antibact\u00e9rien.<\/li>\n<li>Haut pouvoir isolant<\/li>\n<li>Mat\u00e9riau : acier inoxydable 18\/10<\/li>\n<\/ul>\n","protected":false},"featured_media":17060,"comment_status":"open","ping_status":"closed","template":"","meta":[],"product_brand":[],"product_cat":[21,1526,15],"product_tag":[],"class_list":{"0":"post-17050","1":"product","2":"type-product","3":"status-publish","4":"has-post-thumbnail","6":"product_cat-cuisine","7":"product_cat-theiere-thermos","8":"product_cat-uncategorized","10":"first","11":"instock","12":"sale","13":"taxable","14":"shipping-taxable","15":"purchasable","16":"product-type-variable"},"_links":{"self":[{"href":"https:\/\/royalswiss.myskydoowebsite.com\/index.php?rest_route=\/wp\/v2\/product\/17050","targetHints":{"allow":["GET"]}}],"collection":[{"href":"https:\/\/royalswiss.myskydoowebsite.com\/index.php?rest_route=\/wp\/v2\/product"}],"about":[{"href":"https:\/\/royalswiss.myskydoowebsite.com\/index.php?rest_route=\/wp\/v2\/types\/product"}],"replies":[{"embeddable":true,"href":"https:\/\/royalswiss.myskydoowebsite.com\/index.php?rest_route=%2Fwp%2Fv2%2Fcomments&post=17050"}],"version-history":[{"count":1,"href":"https:\/\/royalswiss.myskydoowebsite.com\/index.php?rest_route=\/wp\/v2\/product\/17050\/revisions"}],"predecessor-version":[{"id":17065,"href":"https:\/\/royalswiss.myskydoowebsite.com\/index.php?rest_route=\/wp\/v2\/product\/17050\/revisions\/17065"}],"wp:featuredmedia":[{"embeddable":true,"href":"https:\/\/royalswiss.myskydoowebsite.com\/index.php?rest_route=\/wp\/v2\/media\/17060"}],"wp:attachment":[{"href":"https:\/\/royalswiss.myskydoowebsite.com\/index.php?rest_route=%2Fwp%2Fv2%2Fmedia&parent=17050"}],"wp:term":[{"taxonomy":"product_brand","embeddable":true,"href":"https:\/\/royalswiss.myskydoowebsite.com\/index.php?rest_route=%2Fwp%2Fv2%2Fproduct_brand&post=17050"},{"taxonomy":"product_cat","embeddable":true,"href":"https:\/\/royalswiss.myskydoowebsite.com\/index.php?rest_route=%2Fwp%2Fv2%2Fproduct_cat&post=17050"},{"taxonomy":"product_tag","embeddable":true,"href":"https:\/\/royalswiss.myskydoowebsite.com\/index.php?rest_route=%2Fwp%2Fv2%2Fproduct_tag&post=17050"}],"curies":[{"name":"wp","href":"https:\/\/api.w.org\/{rel}","templated":true}]}}