{"id":17046,"date":"2023-08-31T13:33:08","date_gmt":"2023-08-31T11:33:08","guid":{"rendered":"https:\/\/royalswiss.myskydoowebsite.com\/?post_type=product&#038;p=17046"},"modified":"2023-08-31T13:33:18","modified_gmt":"2023-08-31T11:33:18","slug":"set-de-2-thermos-en-inox-15l-et-2l","status":"publish","type":"product","link":"https:\/\/royalswiss.myskydoowebsite.com\/?product=set-de-2-thermos-en-inox-15l-et-2l","title":{"rendered":"Set de 2 Thermos en inox  1,5L et 2L"},"content":{"rendered":"<p>Le thermos Royal Swiss\u00a0 est une carafe isotherme qui vous permet de garder vos boissons telles que le caf\u00e9, le th\u00e9 ou encore l&rsquo;eau au chaud pendant des heures. Ce thermos peut \u00e9galement conserver des boissons froides comme de l&rsquo;eau ou du jus de fruit pendant 24h.<\/p>\n<p>Le bouchon a \u00e9t\u00e9 con\u00e7u pour verser du liquide sans \u00e9clabousser ni renverser. Le syst\u00e8me d&rsquo;ouverture de ce bouchon vous permet \u00e9galement de facilement verser votre boisson \u00e0 une seule main, pour plus de facilit\u00e9 et de confort.<\/p>\n<p>Caract\u00e9ristiques :<br \/>\n\u2013 Contenance : 1,5 L et 2 L ( 9 \u00e0 10 tasses de caf\u00e9 )- Mat\u00e9riau : acier inoxydable et plastique aptes au contact alimentaire<br \/>\n\u2013 Qualit\u00e9 isotherme par vide d\u2019air double parois et fermeture \u00e0 vis, antichoc et incassable<br \/>\n\u2013 Enti\u00e8rement \u00e9tanche : garantie anti-goutte<br \/>\n\u2013 Maintien thermique<\/p>\n","protected":false},"excerpt":{"rendered":"<p>Caract\u00e9ristiques :<br \/>\n\u2013 Contenance : 1,5 L et 2 L ( 9 \u00e0 10 tasses de caf\u00e9 )- Mat\u00e9riau : acier inoxydable et plastique aptes au contact alimentaire<br \/>\n\u2013 Qualit\u00e9 isotherme par vide d\u2019air double parois et fermeture \u00e0 vis, antichoc et incassable<br \/>\n\u2013 Enti\u00e8rement \u00e9tanche : garantie anti-goutte<br \/>\n\u2013 Maintien thermique<\/p>\n","protected":false},"featured_media":17047,"comment_status":"open","ping_status":"closed","template":"","meta":[],"product_brand":[],"product_cat":[21,1526,15],"product_tag":[1590],"class_list":{"0":"post-17046","1":"product","2":"type-product","3":"status-publish","4":"has-post-thumbnail","6":"product_cat-cuisine","7":"product_cat-theiere-thermos","8":"product_cat-uncategorized","9":"product_tag-1590","11":"first","12":"instock","13":"sale","14":"taxable","15":"shipping-taxable","16":"purchasable","17":"product-type-simple"},"_links":{"self":[{"href":"https:\/\/royalswiss.myskydoowebsite.com\/index.php?rest_route=\/wp\/v2\/product\/17046","targetHints":{"allow":["GET"]}}],"collection":[{"href":"https:\/\/royalswiss.myskydoowebsite.com\/index.php?rest_route=\/wp\/v2\/product"}],"about":[{"href":"https:\/\/royalswiss.myskydoowebsite.com\/index.php?rest_route=\/wp\/v2\/types\/product"}],"replies":[{"embeddable":true,"href":"https:\/\/royalswiss.myskydoowebsite.com\/index.php?rest_route=%2Fwp%2Fv2%2Fcomments&post=17046"}],"version-history":[{"count":1,"href":"https:\/\/royalswiss.myskydoowebsite.com\/index.php?rest_route=\/wp\/v2\/product\/17046\/revisions"}],"predecessor-version":[{"id":17049,"href":"https:\/\/royalswiss.myskydoowebsite.com\/index.php?rest_route=\/wp\/v2\/product\/17046\/revisions\/17049"}],"wp:featuredmedia":[{"embeddable":true,"href":"https:\/\/royalswiss.myskydoowebsite.com\/index.php?rest_route=\/wp\/v2\/media\/17047"}],"wp:attachment":[{"href":"https:\/\/royalswiss.myskydoowebsite.com\/index.php?rest_route=%2Fwp%2Fv2%2Fmedia&parent=17046"}],"wp:term":[{"taxonomy":"product_brand","embeddable":true,"href":"https:\/\/royalswiss.myskydoowebsite.com\/index.php?rest_route=%2Fwp%2Fv2%2Fproduct_brand&post=17046"},{"taxonomy":"product_cat","embeddable":true,"href":"https:\/\/royalswiss.myskydoowebsite.com\/index.php?rest_route=%2Fwp%2Fv2%2Fproduct_cat&post=17046"},{"taxonomy":"product_tag","embeddable":true,"href":"https:\/\/royalswiss.myskydoowebsite.com\/index.php?rest_route=%2Fwp%2Fv2%2Fproduct_tag&post=17046"}],"curies":[{"name":"wp","href":"https:\/\/api.w.org\/{rel}","templated":true}]}}