{"id":15518,"date":"2022-11-29T16:47:58","date_gmt":"2022-11-29T15:47:58","guid":{"rendered":"https:\/\/royalswiss.myskydoowebsite.com\/?post_type=product&#038;p=15518"},"modified":"2022-12-21T17:42:44","modified_gmt":"2022-12-21T16:42:44","slug":"robot-multifonction-thermo-cuiseur","status":"publish","type":"product","link":"https:\/\/royalswiss.myskydoowebsite.com\/?product=robot-multifonction-thermo-cuiseur","title":{"rendered":"Robot Multifonction &#8211; thermo cuiseur"},"content":{"rendered":"<p>Ce\u00a0<strong>robot cuiseur Thermo <\/strong>de la marque <b>Royal Swiss <\/b>permet de r\u00e9aliser plus de\u00a0<strong>onze fonctions<\/strong>\u00a0culinaires diff\u00e9rentes afin de pr\u00e9parer les plats que vous souhaitez \u00e0 n&rsquo;importe quel moment.<\/p>\n<p>Gr\u00e2ce \u00e0 ses<strong>\u00a0trois fonctions ind\u00e9pendantes<\/strong>, il vous sera possible de\u00a0<strong>p\u00e9trir<\/strong>,\u00a0<strong>hacher<\/strong>,\u00a0<strong>\u00e9mulsionner<\/strong>,\u00a0<strong>fouetter<\/strong>,\u00a0<strong>cuire<\/strong>,\u00a0<strong>mijoter<\/strong>,\u00a0<strong>frire<\/strong>,\u00a0<strong>faire revenir<\/strong>,<strong>\u00a0faire sauter<\/strong>\u00a0ou encore\u00a0<strong>cuire \u00e0 la vapeur<\/strong>\u00a0l&rsquo;ensemble de vos pr\u00e9parations sans vous encombrer de nombreux ustensiles ou de robots m\u00e9nagers.<\/p>\n<p>En effet, le robot Thermo Royal Swiss\u00a0 comprend une <strong>balance int\u00e9gr\u00e9e<\/strong>, un\u00a0<strong>robot blende<\/strong>r poss\u00e9dant\u00a0<strong>10 contr\u00f4les de vitesse<\/strong>\u00a0et enfin une\u00a0<strong>fonction cuiseur\u00a0<\/strong>comportant\u00a0<strong>plusieurs niveaux de temp\u00e9ratures<\/strong> avec un maximum de 120\u00b0C, le tout permettant de cuisiner plusieurs mets en m\u00eame temps.<\/p>\n<p>En plus de faire des \u00e9conomies de temps, cette machine consomme environ\u00a0<strong>30% d&rsquo;\u00e9nergie en moins<\/strong> que tout autre syst\u00e8me de cuisine traditionnelle tout en concoctant des plats sains et savoureux.<\/p>\n<p>D\u00e9j\u00e0 tr\u00e8s complet, ce robot inclut <b>Plusieurs accessoires \u00a0:<img fetchpriority=\"high\" decoding=\"async\" class=\"size-medium wp-image-15528 aligncenter\" src=\"https:\/\/royalswiss.myskydoowebsite.com\/wp-content\/uploads\/2022\/11\/WhatsApp-Image-2022-11-23-at-16.12.47-300x266.jpeg\" alt=\"\" width=\"300\" height=\"266\" srcset=\"https:\/\/royalswiss.myskydoowebsite.com\/wp-content\/uploads\/2022\/11\/WhatsApp-Image-2022-11-23-at-16.12.47-300x266.jpeg 300w, https:\/\/royalswiss.myskydoowebsite.com\/wp-content\/uploads\/2022\/11\/WhatsApp-Image-2022-11-23-at-16.12.47-768x680.jpeg 768w, https:\/\/royalswiss.myskydoowebsite.com\/wp-content\/uploads\/2022\/11\/WhatsApp-Image-2022-11-23-at-16.12.47-555x492.jpeg 555w, https:\/\/royalswiss.myskydoowebsite.com\/wp-content\/uploads\/2022\/11\/WhatsApp-Image-2022-11-23-at-16.12.47.jpeg 1024w\" sizes=\"(max-width: 300px) 100vw, 300px\" \/><\/b><\/p>\n<p>Quelque soit le type de plat cuisin\u00e9 ,\u00a0<strong>f\u00e9culents<\/strong>,\u00a0<strong>viandes<\/strong>,<strong>\u00a0sauces<\/strong>,\u00a0<strong>poissons<\/strong>,\u00a0<strong>mousses<\/strong>,\u00a0<strong>cr\u00e8mes<\/strong>,\u00a0<strong>d\u00e9ssert<\/strong>s,\u00a0<strong>potages\u00a0<\/strong>ou\u00a0<strong>pur\u00e9es<\/strong>&#8230; ce robot est id\u00e9al et ne n\u00e9cessitera aucun autre appareil m\u00e9nager.<\/p>\n<p>Afin de profiter au mieux de ce robot, un<strong> fichier pdf <\/strong>avec une multitudes de <strong>d\u00e9licieuses recettes<\/strong> \u00e0 r\u00e9aliser\u00a0 vous est\u00a0<strong>offert<\/strong>\u00a0!<\/p>\n<p>&nbsp;<\/p>\n<p>Points forts:<\/p>\n<ul>\n<li>Machine de cuisson thermique multifonctionnelle pour robot culinaire<\/li>\n<li>Moteur \u00e0 faible bruit et haute puissance<\/li>\n<li>S\u00e9lection temps\/temp\u00e9rature\/vitesse<\/li>\n<li>5 fonctions de cuisson pr\u00e9programm\u00e9es<\/li>\n<li>Minuterie de cuisson de 99 minutes<\/li>\n<li>Temp\u00e9rature r\u00e9glable 30 C &#8211; 120 C<\/li>\n<li>Bol en acier inoxydable de 2,5 litres<\/li>\n<li>Grand \u00e9cran LCD r\u00e9tro\u00e9clair\u00e9 facile \u00e0 utiliser<\/li>\n<li>Panneau de commande \u00e0 bouton tactile avec cadran<\/li>\n<li>Fonction PULSE pour les ingr\u00e9dients durs<\/li>\n<li>Caract\u00e9ristiques de s\u00e9curit\u00e9 &#8211; Protection contre la surchauffe thermique et le d\u00e9bordement<\/li>\n<\/ul>\n","protected":false},"excerpt":{"rendered":"<p>&nbsp;<\/p>\n<p><strong>Caract\u00e9ristiques<\/strong>:<\/p>\n<ul>\n<li>Mod\u00e8le : SL-776A<\/li>\n<li>Puissance : 1800W<\/li>\n<li>Cuisson (Chauffage): 1000W<\/li>\n<li>Moteur (M\u00e9lange): 800W<\/li>\n<li>Tension : 220-240 V, 50-60 Hz<\/li>\n<li>Affichage : LCD r\u00e9tro\u00e9clair\u00e9 bleu<\/li>\n<li>RPM : 97 &#8211; 10350 tr\/min<\/li>\n<li>Vitesses : 1 \u00e0 10 vitesses<\/li>\n<li>Bol : acier inoxydable<\/li>\n<li>Capacit\u00e9 : 2.5L (max.)<\/li>\n<li>Capteur : capteur de chauffage et de temp\u00e9rature<\/li>\n<li>Minuterie : 1 &#8211; 99 min<\/li>\n<li>R\u00e9glage de la temp\u00e9rature : 30 C &#8211; 120 C<\/li>\n<li>Fonction PULSE : Oui<\/li>\n<li>Fonctions de cuisson : 5 pr\u00e9programm\u00e9es<\/li>\n<li>Caract\u00e9ristique de s\u00e9curit\u00e9 : coupure thermique<\/li>\n<li>Protection anti d\u00e9bordement<\/li>\n<li>Cordon d&rsquo;alimentation : 0,8 m<\/li>\n<li>Poids : 5,7 kg<\/li>\n<li>Contenu : Robot + 4 accessoires ( possible d&rsquo;envoyer un livre de recette par e-mail )<\/li>\n<\/ul>\n","protected":false},"featured_media":15525,"comment_status":"open","ping_status":"closed","template":"","meta":[],"product_brand":[],"product_cat":[56,33,1549],"product_tag":[1586,1587],"class_list":{"0":"post-15518","1":"product","2":"type-product","3":"status-publish","4":"has-post-thumbnail","6":"product_cat-electromenager","7":"product_cat-petit-electromenager","8":"product_cat-robot-de-patisserie","9":"product_tag-1586","10":"product_tag-1587","12":"first","13":"instock","14":"sale","15":"taxable","16":"shipping-taxable","17":"purchasable","18":"product-type-variable"},"_links":{"self":[{"href":"https:\/\/royalswiss.myskydoowebsite.com\/index.php?rest_route=\/wp\/v2\/product\/15518","targetHints":{"allow":["GET"]}}],"collection":[{"href":"https:\/\/royalswiss.myskydoowebsite.com\/index.php?rest_route=\/wp\/v2\/product"}],"about":[{"href":"https:\/\/royalswiss.myskydoowebsite.com\/index.php?rest_route=\/wp\/v2\/types\/product"}],"replies":[{"embeddable":true,"href":"https:\/\/royalswiss.myskydoowebsite.com\/index.php?rest_route=%2Fwp%2Fv2%2Fcomments&post=15518"}],"version-history":[{"count":2,"href":"https:\/\/royalswiss.myskydoowebsite.com\/index.php?rest_route=\/wp\/v2\/product\/15518\/revisions"}],"predecessor-version":[{"id":15594,"href":"https:\/\/royalswiss.myskydoowebsite.com\/index.php?rest_route=\/wp\/v2\/product\/15518\/revisions\/15594"}],"wp:featuredmedia":[{"embeddable":true,"href":"https:\/\/royalswiss.myskydoowebsite.com\/index.php?rest_route=\/wp\/v2\/media\/15525"}],"wp:attachment":[{"href":"https:\/\/royalswiss.myskydoowebsite.com\/index.php?rest_route=%2Fwp%2Fv2%2Fmedia&parent=15518"}],"wp:term":[{"taxonomy":"product_brand","embeddable":true,"href":"https:\/\/royalswiss.myskydoowebsite.com\/index.php?rest_route=%2Fwp%2Fv2%2Fproduct_brand&post=15518"},{"taxonomy":"product_cat","embeddable":true,"href":"https:\/\/royalswiss.myskydoowebsite.com\/index.php?rest_route=%2Fwp%2Fv2%2Fproduct_cat&post=15518"},{"taxonomy":"product_tag","embeddable":true,"href":"https:\/\/royalswiss.myskydoowebsite.com\/index.php?rest_route=%2Fwp%2Fv2%2Fproduct_tag&post=15518"}],"curies":[{"name":"wp","href":"https:\/\/api.w.org\/{rel}","templated":true}]}}