{"id":15313,"date":"2022-11-09T14:22:42","date_gmt":"2022-11-09T13:22:42","guid":{"rendered":"https:\/\/royalswiss.myskydoowebsite.com\/?post_type=product&#038;p=15313"},"modified":"2022-11-17T17:31:55","modified_gmt":"2022-11-17T16:31:55","slug":"radiateur-a-bain-dhuile","status":"publish","type":"product","link":"https:\/\/royalswiss.myskydoowebsite.com\/?product=radiateur-a-bain-dhuile","title":{"rendered":"Radiateur \u00e0 bain d&rsquo;huile"},"content":{"rendered":"<p>Profitez d\u2019une pi\u00e8ce rapidement r\u00e9chauff\u00e9e et laissez-vous bercer par la chaleur du radiateur \u00e0 bain d\u2019huile Royal Swiss RAD-1 . Ce Radiateur dispose d\u2019une puissance de 1900 W et convient pour le chauffage d\u2019une pi\u00e8ce allant jusqu&rsquo;\u00e0 25 m\u00e8tre carr\u00e9.<\/p>\n<p>De plus, avec sa poign\u00e9e int\u00e9gr\u00e9e, ses petites roulettes et sa simplicit\u00e9 d\u2019utilisation, il est particuli\u00e8rement convivial. En bref, le radiateur vous permet de chauffer rapidement une pi\u00e8ce et pour une longue p\u00e9riode. La combinaison parfaite du confort et de la s\u00e9curit\u00e9.<\/p>\n<h2 id=\"ftoc-heading-1\" class=\"ftwp-heading\">Radiateur bain d\u2019huile : C\u2019est quoi ?<\/h2>\n<p>En apparence, le\u00a0<strong>radiateur bain d\u2019huile<\/strong> n\u2019a rien de bien diff\u00e9rent avec les radiateurs conventionnels qu\u2019on trouve sur le march\u00e9. Mais lorsqu\u2019on s\u2019int\u00e9resse un peu plus sur ses caract\u00e9ristiques, on se rend tout de suite compte qu\u2019il n\u2019a absolument rien de comparable.<\/p>\n<p>M\u00eame s\u2019il est aliment\u00e9 par un branchement \u00e9lectrique, il ne puise pas sa puissance des r\u00e9sistances comme la plupart des radiateurs. Le radiateur bain d\u2019huile, lui, diffuse la chaleur \u00e0 partir du liquide qui se trouve \u00e0 l\u2019int\u00e9rieur de l\u2019appareil.<\/p>\n<p>Plus clairement, les r\u00e9sistances se chargent d\u2019abord de chauffer le liquide \u00e0 la temp\u00e9rature voulue, Gr\u00e2ce \u00e0 ses propri\u00e9t\u00e9s thermiques, le liquide va emmagasiner la chaleur.<\/p>\n<p>C\u2019est d\u2019ailleurs la raison pour laquelle on l\u2019appelle\u00a0<a href=\"https:\/\/radiateur-baindhuile.com\/fluide-caloporteur-radiateur-bain-dhuile\/\">liquide caloporteur<\/a>\u00a0(porteur de chaleur). Le liquide va ensuite circuler dans les parois du radiateur et diffuser la chaleur \u00e0 l\u2019ext\u00e9rieur au niveau des ailettes verticales.<\/p>\n<p>Plus simple, plus pratique mais surtout\u00a0<strong>plus \u00e9conomique<\/strong>; le\u00a0<strong>radiateur bain d\u2019huile<\/strong> s\u2019impose ici comme la nouvelle r\u00e9f\u00e9rence en terme de chauffage. Qui plus est, vous n\u2019avez aucun entretien particulier \u00e0 pr\u00e9voir, ni de liquide \u00e0 remplacer \u00e9tant donn\u00e9 que le liquide circule en circuit ferm\u00e9. Pour ce qui est de la qualit\u00e9 de chauffage, vous b\u00e9n\u00e9ficiez d\u2019une chaleur agr\u00e9able sans humidification et sans ass\u00e8chement de l\u2019air ambiant.<\/p>\n","protected":false},"excerpt":{"rendered":"<h4 class=\"a-size-base-plus a-text-bold\">\u00c0 propos de cet article<\/h4>\n<ul class=\"a-unordered-list a-vertical a-spacing-mini\">\n<li><span class=\"a-list-item\">Large \u00e9mission de chaleur: chauffe des pi\u00e8ces d&rsquo;une superficie de 25m\u00b2<\/span><\/li>\n<li><span class=\"a-list-item\">Chauffage d&rsquo;appoint jusqu&rsquo;\u00e0 1900W de puissance r\u00e9glages dont un mode Ventilation<\/span><\/li>\n<li><span class=\"a-list-item\">Silencieux pour chauffer votre pi\u00e8ce sans \u00eatre d\u00e9rang\u00e9<\/span><\/li>\n<li><span class=\"a-list-item\">Thermostat ajustable en fonction de vos besoins<\/span><\/li>\n<li><span class=\"a-list-item\">Double protection de s\u00e9curit\u00e9: prot\u00e8ge contre le basculement et la surchauffe pour une s\u00e9curit\u00e9 renforc\u00e9e et une totale libert\u00e9 d&rsquo;esprit<\/span><\/li>\n<li>220-240V &#8211; 50-60Hz<\/li>\n<li>c\u00e2ble 1.5m<\/li>\n<\/ul>\n","protected":false},"featured_media":15303,"comment_status":"open","ping_status":"closed","template":"","meta":[],"product_brand":[],"product_cat":[42,56,33,1585,15],"product_tag":[1581],"class_list":{"0":"post-15313","1":"product","2":"type-product","3":"status-publish","4":"has-post-thumbnail","6":"product_cat-divers","7":"product_cat-electromenager","8":"product_cat-petit-electromenager","9":"product_cat-radiateur","10":"product_cat-uncategorized","11":"product_tag-1581","13":"first","14":"instock","15":"sale","16":"taxable","17":"shipping-taxable","18":"purchasable","19":"product-type-simple"},"_links":{"self":[{"href":"https:\/\/royalswiss.myskydoowebsite.com\/index.php?rest_route=\/wp\/v2\/product\/15313","targetHints":{"allow":["GET"]}}],"collection":[{"href":"https:\/\/royalswiss.myskydoowebsite.com\/index.php?rest_route=\/wp\/v2\/product"}],"about":[{"href":"https:\/\/royalswiss.myskydoowebsite.com\/index.php?rest_route=\/wp\/v2\/types\/product"}],"replies":[{"embeddable":true,"href":"https:\/\/royalswiss.myskydoowebsite.com\/index.php?rest_route=%2Fwp%2Fv2%2Fcomments&post=15313"}],"version-history":[{"count":1,"href":"https:\/\/royalswiss.myskydoowebsite.com\/index.php?rest_route=\/wp\/v2\/product\/15313\/revisions"}],"predecessor-version":[{"id":15317,"href":"https:\/\/royalswiss.myskydoowebsite.com\/index.php?rest_route=\/wp\/v2\/product\/15313\/revisions\/15317"}],"wp:featuredmedia":[{"embeddable":true,"href":"https:\/\/royalswiss.myskydoowebsite.com\/index.php?rest_route=\/wp\/v2\/media\/15303"}],"wp:attachment":[{"href":"https:\/\/royalswiss.myskydoowebsite.com\/index.php?rest_route=%2Fwp%2Fv2%2Fmedia&parent=15313"}],"wp:term":[{"taxonomy":"product_brand","embeddable":true,"href":"https:\/\/royalswiss.myskydoowebsite.com\/index.php?rest_route=%2Fwp%2Fv2%2Fproduct_brand&post=15313"},{"taxonomy":"product_cat","embeddable":true,"href":"https:\/\/royalswiss.myskydoowebsite.com\/index.php?rest_route=%2Fwp%2Fv2%2Fproduct_cat&post=15313"},{"taxonomy":"product_tag","embeddable":true,"href":"https:\/\/royalswiss.myskydoowebsite.com\/index.php?rest_route=%2Fwp%2Fv2%2Fproduct_tag&post=15313"}],"curies":[{"name":"wp","href":"https:\/\/api.w.org\/{rel}","templated":true}]}}