{"id":15300,"date":"2022-11-09T12:30:44","date_gmt":"2022-11-09T11:30:44","guid":{"rendered":"https:\/\/royalswiss.myskydoowebsite.com\/?post_type=product&#038;p=15300"},"modified":"2022-11-29T16:14:27","modified_gmt":"2022-11-29T15:14:27","slug":"radiateur-a-bain-dhuile-avec-ventilateur","status":"publish","type":"product","link":"https:\/\/royalswiss.myskydoowebsite.com\/?product=radiateur-a-bain-dhuile-avec-ventilateur","title":{"rendered":"Radiateur \u00e0 bain d&rsquo;huile avec ventilateur"},"content":{"rendered":"<div class=\"entry-header\">\n<h2 class=\"entry-title h1 md-h1 sm-h1\">Radiateur bain d\u2019huile avec ventilateur<\/h2>\n<div class=\"entry-meta sm-entry-meta-small\"><\/div>\n<\/div>\n<div class=\"entry-content\">\n<div id=\"ftwp-postcontent\">\n<div class=\"su-row\">\n<div class=\"su-column su-column-size-1-2\">\n<div class=\"su-column-inner su-u-clearfix su-u-trim\">\n<p><img fetchpriority=\"high\" decoding=\"async\" class=\"size-medium wp-image-15302 alignleft\" src=\"https:\/\/royalswiss.myskydoowebsite.com\/wp-content\/uploads\/2022\/11\/bain-dhuile-avec-ventilateur-300x300.jpeg\" alt=\"\" width=\"300\" height=\"300\" srcset=\"https:\/\/royalswiss.myskydoowebsite.com\/wp-content\/uploads\/2022\/11\/bain-dhuile-avec-ventilateur-300x300.jpeg 300w, https:\/\/royalswiss.myskydoowebsite.com\/wp-content\/uploads\/2022\/11\/bain-dhuile-avec-ventilateur-150x150.jpeg 150w, https:\/\/royalswiss.myskydoowebsite.com\/wp-content\/uploads\/2022\/11\/bain-dhuile-avec-ventilateur-768x768.jpeg 768w, https:\/\/royalswiss.myskydoowebsite.com\/wp-content\/uploads\/2022\/11\/bain-dhuile-avec-ventilateur-500x500.jpeg 500w, https:\/\/royalswiss.myskydoowebsite.com\/wp-content\/uploads\/2022\/11\/bain-dhuile-avec-ventilateur-262x262.jpeg 262w, https:\/\/royalswiss.myskydoowebsite.com\/wp-content\/uploads\/2022\/11\/bain-dhuile-avec-ventilateur-555x555.jpeg 555w, https:\/\/royalswiss.myskydoowebsite.com\/wp-content\/uploads\/2022\/11\/bain-dhuile-avec-ventilateur-160x160.jpeg 160w, https:\/\/royalswiss.myskydoowebsite.com\/wp-content\/uploads\/2022\/11\/bain-dhuile-avec-ventilateur.jpeg 1024w\" sizes=\"(max-width: 300px) 100vw, 300px\" \/>Vous cherchez depuis un bon bout de temps un moyen de r\u00e9duire votre consommation \u00e9nerg\u00e9tique, plus pr\u00e9cis\u00e9ment en chauffage ? Et ben, vous tombez bien car nous avons peut \u00eatre la solution qu\u2019il vous faut. Avez-vous d\u00e9j\u00e0 entendu parler de l\u2019efficacit\u00e9 des radiateurs bain d\u2019huile ? Oui, nous parlons bien de ces appareils de chauffage d\u2019appoint qui fonctionnent \u00e0 l\u2019aide de liquide caloporteur. Mais vous serez s\u00fbrement \u00e9tonn\u00e9s de savoir que la puissance de ces radiateurs peut d\u00e9passer celle de la plupart des climatiseurs propos\u00e9s sur le march\u00e9. Justement, nous souhaitions attirer votre attention sur l\u2019un des mod\u00e8les les plus puissants de toute la gamme :\u00a0<strong>le radiateur bain d\u2019huile avec ventilateur.<\/strong><\/p>\n<p>Mais avant cela, il serait utile de rappeler (pour ceux qui ne connaissent pas) ce qu\u2019est r\u00e9ellement un radiateur bain d\u2019huile.<\/p>\n<\/div>\n<\/div>\n<div class=\"su-column su-column-size-1-2\">\n<div class=\"su-column-inner su-u-clearfix su-u-trim\">\n<p>&nbsp;<\/p>\n<\/div>\n<\/div>\n<\/div>\n<h2 id=\"ftoc-heading-1\" class=\"ftwp-heading\">Radiateur bain d\u2019huile : C\u2019est quoi ?<\/h2>\n<p>En apparence, le\u00a0<strong>radiateur bain d\u2019huile<\/strong> n\u2019a rien de bien diff\u00e9rent avec les radiateurs conventionnels qu\u2019on trouve sur le march\u00e9. Mais lorsqu\u2019on s\u2019int\u00e9resse un peu plus sur ses caract\u00e9ristiques, on se rend tout de suite compte qu\u2019il n\u2019a absolument rien de comparable.<\/p>\n<p>M\u00eame s\u2019il est aliment\u00e9 par un branchement \u00e9lectrique, il ne puise pas sa puissance des r\u00e9sistances comme la plupart des radiateurs. Le radiateur bain d\u2019huile, lui, diffuse la chaleur \u00e0 partir du liquide qui se trouve \u00e0 l\u2019int\u00e9rieur de l\u2019appareil.<\/p>\n<p>Plus clairement, les r\u00e9sistances se chargent d\u2019abord de chauffer le liquide \u00e0 la temp\u00e9rature voulue, Gr\u00e2ce \u00e0 ses propri\u00e9t\u00e9s thermiques, le liquide va emmagasiner la chaleur.<\/p>\n<p>C\u2019est d\u2019ailleurs la raison pour laquelle on l\u2019appelle\u00a0<a href=\"https:\/\/radiateur-baindhuile.com\/fluide-caloporteur-radiateur-bain-dhuile\/\">liquide caloporteur<\/a>\u00a0(porteur de chaleur). Le liquide va ensuite circuler dans les parois du radiateur et diffuser la chaleur \u00e0 l\u2019ext\u00e9rieur au niveau des ailettes verticales.<\/p>\n<p>Plus simple, plus pratique mais surtout\u00a0<strong>plus \u00e9conomique<\/strong>; le\u00a0<strong>radiateur bain d\u2019huile<\/strong> s\u2019impose ici comme la nouvelle r\u00e9f\u00e9rence en terme de chauffage. Qui plus est, vous n\u2019avez aucun entretien particulier \u00e0 pr\u00e9voir, ni de liquide \u00e0 remplacer \u00e9tant donn\u00e9 que le liquide circule en circuit ferm\u00e9. Pour ce qui est de la qualit\u00e9 de chauffage, vous b\u00e9n\u00e9ficiez d\u2019une chaleur agr\u00e9able sans humidification et sans ass\u00e8chement de l\u2019air ambiant.<\/p>\n<\/div>\n<h2 id=\"ftoc-heading-3\" class=\"ftwp-heading\">Pourquoi choisir un radiateur bain d\u2019huile avec ventilateur ?<\/h2>\n<p>Si vous avez entendu dire que le radiateur bain d\u2019huile proposait un chauffage plus rapide, et bien, sachez que c\u2019est en partie vrai. En effet, la diffusion de la chaleur de cet appareil peut para\u00eetre plus rapide compar\u00e9 aux autres syst\u00e8mes de chauffage.<\/p>\n<p>Mais vous devez \u00e9galement prendre en compte que la\u00a0<strong>mont\u00e9e en chaleur de ces radiateurs se fait de mani\u00e8re progressive<\/strong>. Sachez par ailleurs qu\u2019il faudra \u00e0 peu pr\u00e8s une quinzaine de minutes au radiateur bain d\u2019huile pour atteindre sa temp\u00e9rature maximale.<\/p>\n<p>C\u2019est l\u00e0 tout l\u2019int\u00e9r\u00eat d\u2019opter pour\u00a0<strong>un radiateur bain d\u2019huile avec ventilateur<\/strong>. Contrairement \u00e0 ce que l\u2019on pourrait penser, le ventilateur ne sert pas simplement \u00e0 r\u00e9pandre plus rapidement la chaleur. Son r\u00f4le principal est justement de favoriser la mont\u00e9e en temp\u00e9rature du radiateur, ce qui permet d\u2019acc\u00e9l\u00e9rer la diffusion de chaleur. Bien \u00e9videmment, ce type d\u2019option a \u00e9t\u00e9 minutieusement \u00e9tudi\u00e9e afin d\u2019\u00e9viter tout risque de surchauffe de l\u2019appareil.<\/p>\n<h6 class=\"h4 author-box-title\"><em>Arnaud Dubois<\/em><\/h6>\n<div class=\"excerpt-small\"><\/div>\n<\/div>\n","protected":false},"excerpt":{"rendered":"<h4 class=\"a-size-base-plus a-text-bold\">\u00c0 propos de cet article<\/h4>\n<ul class=\"a-unordered-list a-vertical a-spacing-mini\">\n<li><span class=\"a-list-item\">Large \u00e9mission de chaleur: chauffe des pi\u00e8ces d&rsquo;une superficie de 25m\u00b2<\/span><\/li>\n<li><span class=\"a-list-item\">Chauffage d&rsquo;appoint jusqu&rsquo;\u00e0 1900W de puissance r\u00e9glages dont un mode Ventilation<\/span><\/li>\n<li><span class=\"a-list-item\">Silencieux pour chauffer votre pi\u00e8ce sans \u00eatre d\u00e9rang\u00e9<\/span><\/li>\n<li><span class=\"a-list-item\">Thermostat ajustable en fonction de vos besoins<\/span><\/li>\n<li><span class=\"a-list-item\">Double protection de s\u00e9curit\u00e9: prot\u00e8ge contre le basculement et la surchauffe pour une s\u00e9curit\u00e9 renforc\u00e9e et une totale libert\u00e9 d&rsquo;esprit<\/span><\/li>\n<li>220-240V &#8211; 50-60Hz<\/li>\n<li>c\u00e2ble 1.5m<\/li>\n<\/ul>\n","protected":false},"featured_media":15302,"comment_status":"open","ping_status":"closed","template":"","meta":[],"product_brand":[],"product_cat":[42,33,1585,15],"product_tag":[1580],"class_list":{"0":"post-15300","1":"product","2":"type-product","3":"status-publish","4":"has-post-thumbnail","6":"product_cat-divers","7":"product_cat-petit-electromenager","8":"product_cat-radiateur","9":"product_cat-uncategorized","10":"product_tag-1580","12":"first","13":"instock","14":"sale","15":"taxable","16":"shipping-taxable","17":"purchasable","18":"product-type-simple"},"_links":{"self":[{"href":"https:\/\/royalswiss.myskydoowebsite.com\/index.php?rest_route=\/wp\/v2\/product\/15300","targetHints":{"allow":["GET"]}}],"collection":[{"href":"https:\/\/royalswiss.myskydoowebsite.com\/index.php?rest_route=\/wp\/v2\/product"}],"about":[{"href":"https:\/\/royalswiss.myskydoowebsite.com\/index.php?rest_route=\/wp\/v2\/types\/product"}],"replies":[{"embeddable":true,"href":"https:\/\/royalswiss.myskydoowebsite.com\/index.php?rest_route=%2Fwp%2Fv2%2Fcomments&post=15300"}],"version-history":[{"count":3,"href":"https:\/\/royalswiss.myskydoowebsite.com\/index.php?rest_route=\/wp\/v2\/product\/15300\/revisions"}],"predecessor-version":[{"id":15315,"href":"https:\/\/royalswiss.myskydoowebsite.com\/index.php?rest_route=\/wp\/v2\/product\/15300\/revisions\/15315"}],"wp:featuredmedia":[{"embeddable":true,"href":"https:\/\/royalswiss.myskydoowebsite.com\/index.php?rest_route=\/wp\/v2\/media\/15302"}],"wp:attachment":[{"href":"https:\/\/royalswiss.myskydoowebsite.com\/index.php?rest_route=%2Fwp%2Fv2%2Fmedia&parent=15300"}],"wp:term":[{"taxonomy":"product_brand","embeddable":true,"href":"https:\/\/royalswiss.myskydoowebsite.com\/index.php?rest_route=%2Fwp%2Fv2%2Fproduct_brand&post=15300"},{"taxonomy":"product_cat","embeddable":true,"href":"https:\/\/royalswiss.myskydoowebsite.com\/index.php?rest_route=%2Fwp%2Fv2%2Fproduct_cat&post=15300"},{"taxonomy":"product_tag","embeddable":true,"href":"https:\/\/royalswiss.myskydoowebsite.com\/index.php?rest_route=%2Fwp%2Fv2%2Fproduct_tag&post=15300"}],"curies":[{"name":"wp","href":"https:\/\/api.w.org\/{rel}","templated":true}]}}