{"id":15139,"date":"2022-10-17T18:03:59","date_gmt":"2022-10-17T16:03:59","guid":{"rendered":"https:\/\/royalswiss.myskydoowebsite.com\/?post_type=product&#038;p=15139"},"modified":"2023-08-21T21:42:45","modified_gmt":"2023-08-21T19:42:45","slug":"vespa-946-primavera-gts-12-volts-scooter-electrique-pour-enfants","status":"publish","type":"product","link":"https:\/\/royalswiss.myskydoowebsite.com\/?product=vespa-946-primavera-gts-12-volts-scooter-electrique-pour-enfants","title":{"rendered":"Vespa 946 Primavera GTS &#8211; 12 Volts &#8211; scooter \u00e9lectrique pour enfants"},"content":{"rendered":"<p>&nbsp;<\/p>\n<p><strong>Vespa 946 Primavera GTS<\/strong><\/p>\n<p>Vous cherchez un joli cadeau pour les f\u00eates, un anniversaire ou tout simplement pour g\u00e2ter votre enfant ?\u00a0Alors cela pourrait \u00eatre un cadeau appropri\u00e9!<\/p>\n<p>Les scooters \u00e9lectriques pour enfants de la marque Vespa (sous licence) sont incroyablement cool, super amusants et un plaisir sans fin avec votre enfant est garanti.\u00a0Les scooters sont \u00e9quip\u00e9s de moteurs 12 volts et 4,5ah.\u00a0Cela donne au scooter la puissance n\u00e9cessaire pour transporter un enfant jusqu&rsquo;\u00e0 30 kg.<\/p>\n<p>La Vespa est \u00e9quip\u00e9e de phares et de feux arri\u00e8re.\u00a0Des roues d&rsquo;entra\u00eenement standard sont \u00e9galement incluses, que vous pouvez retirer au fil du temps si les enfants le souhaitent.\u00a0De plus, la Vespa est \u00e9quip\u00e9e d&rsquo;un klaxon, d&rsquo;effets sonores et lumineux et d&rsquo;une connexion USB pour diffuser de la musique.<\/p>\n<p>La Vespa est livr\u00e9e avec nous avec des options suppl\u00e9mentaires, que vous ne trouverez pas facilement chez d&rsquo;autres fournisseurs. De plus, la Vespa a un <strong>si\u00e8ge en cuir<\/strong>, est juste un peu plus confortable pour les enfants et a une apparence plus agr\u00e9able.\u00a0Dans l&rsquo;ensemble, la Vespa en vaut vraiment la peine !<\/p>\n<p>La Vespa est disponible dans les couleurs rose, bleu, rouge et blanc.<\/p>\n<div id=\"productDescription_feature_div\" class=\"celwidget\" data-feature-name=\"productDescription\" data-csa-c-type=\"widget\" data-csa-c-content-id=\"productDescription\" data-csa-c-slot-id=\"productDescription_feature_div\" data-csa-c-asin=\"\" data-csa-c-is-in-initial-active-row=\"false\" data-csa-c-id=\"g01kyd-4gnmj0-w2iu2b-vpardx\" data-cel-widget=\"productDescription_feature_div\">\n<div id=\"productDescription_feature_div\" class=\"a-row feature\" data-feature-name=\"productDescription\" data-template-name=\"productDescription\" data-cel-widget=\"productDescription_feature_div\">\n<div id=\"productDescription\" class=\"a-section a-spacing-small\">\n<p>&nbsp;<\/p>\n<h3>Avertissement De S\u00fbret\u00e9<\/h3>\n<p>Attention: Retirer toutes les attaches et les \u00e9l\u00e9ments d&#8217;emballage avant de donner le jouer \u00e0 l&rsquo;enfant. Le rechargement doit se faire sous la surveillance d&rsquo;un adulte. Mettre le v\u00e9hicule sur OFF et raccorder le v\u00e9hicule au chargeur fourni et brancher celui-ci sur le secteur. Ne pas s&rsquo;\u00e9loigner du produit lors de son chargement. Respecter le temps de charge pour un fonctionnement optimal. Une fois le produit recharg\u00e9, d\u00e9brancher le chargeur de la prise secteur puis retirer celui-ci du produit. Pour votre s\u00e9curit\u00e9 ne jouez jamais dans la rue. Ne pas jouer dans le sable ou dans l&rsquo;eau afin de pr\u00e9server les circuits et \u00e9viter courts-circuits , occasionner une surchauffe ou une panne de l&rsquo;appareil. Ne pas plier l&rsquo;antenne. En cas de dysfonctionnement, ne pas d\u00e9monter le v\u00e9hicule ni le modifier.<\/p>\n<\/div>\n<\/div>\n<\/div>\n<div id=\"importantInformation_feature_div\" class=\"celwidget\" data-feature-name=\"importantInformation\" data-csa-c-type=\"widget\" data-csa-c-content-id=\"importantInformation\" data-csa-c-slot-id=\"importantInformation_feature_div\" data-csa-c-asin=\"\" data-csa-c-is-in-initial-active-row=\"false\" data-csa-c-id=\"tje04o-d2bn2r-zfvci-talxmf\" data-cel-widget=\"importantInformation_feature_div\">\n<div class=\"a-divider a-divider-section\">\n<div class=\"a-divider-inner\"><\/div>\n<\/div>\n<\/div>\n","protected":false},"excerpt":{"rendered":"<p>&nbsp;<\/p>\n<ul class=\"a-unordered-list a-vertical a-spacing-mini\">\n<li><span class=\"a-list-item\">batterie 12v + chargeur usb inclus<\/span><\/li>\n<li><span class=\"a-list-item\">convient aux enfants \u00e0 partir de 3 ans ( <\/span><span class=\"a-list-item\">Poids maxi 30 Kg ) <\/span><\/li>\n<li><span class=\"a-list-item\">Scooter 1 place, bruit du moteur au d\u00e9marrage, p\u00e9dale d&rsquo;acc\u00e9l\u00e9ration, fonction avancer et reculer. <\/span><\/li>\n<li><span class=\"a-list-item\">Le mod\u00e8le est \u00e9quip\u00e9 d&rsquo;une prise USB et un support de carte SD pour \u00e9couter de la musique.<\/span><\/li>\n<li><span class=\"a-list-item\">Il mesure 108 cm x 49 cm x 75 cm. <\/span><\/li>\n<li><span class=\"a-list-item\">Le v\u00e9hicule a une autonomie de 40 min. Le temps de charge est d&rsquo;environ 8 \u00e0 10h<\/span><\/li>\n<li><span class=\"a-list-item\">Utilisable en ext\u00e9rieur comme en int\u00e9rieur\u00a0<\/span><\/li>\n<\/ul>\n","protected":false},"featured_media":15148,"comment_status":"open","ping_status":"closed","template":"","meta":[],"product_brand":[],"product_cat":[30,15,40],"product_tag":[],"class_list":{"0":"post-15139","1":"product","2":"type-product","3":"status-publish","4":"has-post-thumbnail","6":"product_cat-enfants","7":"product_cat-uncategorized","8":"product_cat-electriquevoiture","10":"first","11":"instock","12":"sale","13":"taxable","14":"shipping-taxable","15":"purchasable","16":"product-type-variable"},"_links":{"self":[{"href":"https:\/\/royalswiss.myskydoowebsite.com\/index.php?rest_route=\/wp\/v2\/product\/15139","targetHints":{"allow":["GET"]}}],"collection":[{"href":"https:\/\/royalswiss.myskydoowebsite.com\/index.php?rest_route=\/wp\/v2\/product"}],"about":[{"href":"https:\/\/royalswiss.myskydoowebsite.com\/index.php?rest_route=\/wp\/v2\/types\/product"}],"replies":[{"embeddable":true,"href":"https:\/\/royalswiss.myskydoowebsite.com\/index.php?rest_route=%2Fwp%2Fv2%2Fcomments&post=15139"}],"version-history":[{"count":2,"href":"https:\/\/royalswiss.myskydoowebsite.com\/index.php?rest_route=\/wp\/v2\/product\/15139\/revisions"}],"predecessor-version":[{"id":15155,"href":"https:\/\/royalswiss.myskydoowebsite.com\/index.php?rest_route=\/wp\/v2\/product\/15139\/revisions\/15155"}],"wp:featuredmedia":[{"embeddable":true,"href":"https:\/\/royalswiss.myskydoowebsite.com\/index.php?rest_route=\/wp\/v2\/media\/15148"}],"wp:attachment":[{"href":"https:\/\/royalswiss.myskydoowebsite.com\/index.php?rest_route=%2Fwp%2Fv2%2Fmedia&parent=15139"}],"wp:term":[{"taxonomy":"product_brand","embeddable":true,"href":"https:\/\/royalswiss.myskydoowebsite.com\/index.php?rest_route=%2Fwp%2Fv2%2Fproduct_brand&post=15139"},{"taxonomy":"product_cat","embeddable":true,"href":"https:\/\/royalswiss.myskydoowebsite.com\/index.php?rest_route=%2Fwp%2Fv2%2Fproduct_cat&post=15139"},{"taxonomy":"product_tag","embeddable":true,"href":"https:\/\/royalswiss.myskydoowebsite.com\/index.php?rest_route=%2Fwp%2Fv2%2Fproduct_tag&post=15139"}],"curies":[{"name":"wp","href":"https:\/\/api.w.org\/{rel}","templated":true}]}}