{"id":15122,"date":"2022-10-17T16:41:09","date_gmt":"2022-10-17T14:41:09","guid":{"rendered":"https:\/\/royalswiss.myskydoowebsite.com\/?post_type=product&#038;p=15122"},"modified":"2022-10-18T12:53:43","modified_gmt":"2022-10-18T10:53:43","slug":"lamborghini-sian-12-volts-voiture-electrique-pour-enfant","status":"publish","type":"product","link":"https:\/\/royalswiss.myskydoowebsite.com\/?product=lamborghini-sian-12-volts-voiture-electrique-pour-enfant","title":{"rendered":"Lamborghini SIAN 12 Volts &#8211; voiture \u00e9lectrique pour enfant"},"content":{"rendered":"<h3><strong>Lamborghini Sian Rouge \u00e9lectrique pour enfant 12 Volts<\/strong><\/h3>\n<p>Commen\u00e7ons par l&rsquo;arri\u00e8re pour changer. Cette Lamborghini SIAN \u00e9lectrique 12 Volts pour enfant tire le dessin de ses feux arri\u00e8re en trois parties de la c\u00e9l\u00e8bre Countach. Les deux \u00e9normes sorties d&rsquo;\u00e9chappement permettent \u00e0 la vraie d&rsquo;expulser les gaz dans un bruit dune violence rare, m\u00eame pour Lamborghini. Les ailerons dispos\u00e9s de chaque c\u00f4t\u00e9 portent le num\u00e9ro \u00ab\u00a063\u00a0\u00bb. Pourquoi ? Parce que seulement 63 ont \u00e9t\u00e9 mises en production.<\/p>\n<p>Les jantes de cette Lamborghini SIAN 12 Volts pour enfant rouge arborent une teinte cuivr\u00e9e \u00e0 tomber par terre. Elles sont habill\u00e9es de \u00ab\u00a0pneus\u00a0\u00bb en gomme silencieux offrant un grip et silence d&rsquo;utilisation. La face avant montre des phares LED fonctionnels et un capot qui semble \u00eatre en 3 parties. Bref, cette Lamborghini Sian 12 Volts jaune est d&rsquo;une \u00e9l\u00e9gance a\u00e9rodynamique rare.<\/p>\n<p>&nbsp;<\/p>\n<h3>L&rsquo;habitacle de cette Lamborghini SIAN rouge pour enfant 12 Volts<\/h3>\n<p>D&rsquo;abord, admirons les portes \u00e0 ouverture en \u00e9lytre qui annoncent de suite la couleur. C&rsquo;est un v\u00e9rin qui assiste le mouvement et maintient la porte ouverte pour faciliter l&rsquo;acc\u00e8s \u00e0 bord. L&rsquo;assise en similicuir de qualit\u00e9 \u00e0 surpiq\u00fbres est \u00e9quip\u00e9e d&rsquo;un harnais \u00e0 5 points capable de maintenir b\u00e9b\u00e9 pilote dans toutes les conditions. S\u00e9curit\u00e9 avant tout.<\/p>\n<p>Cette Lamborghini SIAN 12 Volts jaune pour enfant dispose m\u00eame d&rsquo;un \u00e9cran tactile MP4 proposant des dessins anim\u00e9s, comtes, et autres musiques pr\u00e9-enregistr\u00e9es. Le volant a m\u00e9plat se montre ergonomique pour les petites mains de B\u00e9b\u00e9 Pilote. Et, s&rsquo;il est trop jeune pour conduire seul, vous pourrez toujours utiliser la t\u00e9l\u00e9commande parentale afin de promener b\u00e9b\u00e9 comme s&rsquo;il \u00e9tait assis dans une immense voiture t\u00e9l\u00e9guid\u00e9e.<\/p>\n<h3>Lamborghini SIAN jaune 12 Volts :<\/h3>\n<ul>\n<li>Batterie 12 Volts 7Ah<\/li>\n<li>Deux moteurs<\/li>\n<li>Roues gomme<\/li>\n<li>Portes en \u00e9lytre<\/li>\n<li>\u00c9cran tactile MP4<\/li>\n<\/ul>\n<p>&nbsp;<\/p>\n<p>&nbsp;<\/p>\n","protected":false},"excerpt":{"rendered":"<p>&nbsp;<\/p>\n<p>&nbsp;<\/p>\n<p><img fetchpriority=\"high\" decoding=\"async\" class=\"alignnone size-medium wp-image-15134\" src=\"https:\/\/royalswiss.myskydoowebsite.com\/wp-content\/uploads\/2022\/10\/WhatsApp-Image-2022-10-17-at-16.16.29-225x300.jpeg\" alt=\"\" width=\"225\" height=\"300\" srcset=\"https:\/\/royalswiss.myskydoowebsite.com\/wp-content\/uploads\/2022\/10\/WhatsApp-Image-2022-10-17-at-16.16.29-225x300.jpeg 225w, https:\/\/royalswiss.myskydoowebsite.com\/wp-content\/uploads\/2022\/10\/WhatsApp-Image-2022-10-17-at-16.16.29-555x740.jpeg 555w, https:\/\/royalswiss.myskydoowebsite.com\/wp-content\/uploads\/2022\/10\/WhatsApp-Image-2022-10-17-at-16.16.29.jpeg 768w\" sizes=\"(max-width: 225px) 100vw, 225px\" \/><\/p>\n","protected":false},"featured_media":15133,"comment_status":"open","ping_status":"closed","template":"","meta":[],"product_brand":[],"product_cat":[30,15,40],"product_tag":[1578],"class_list":{"0":"post-15122","1":"product","2":"type-product","3":"status-publish","4":"has-post-thumbnail","6":"product_cat-enfants","7":"product_cat-uncategorized","8":"product_cat-electriquevoiture","9":"product_tag-1578","11":"first","12":"instock","13":"sale","14":"taxable","15":"shipping-taxable","16":"purchasable","17":"product-type-simple"},"_links":{"self":[{"href":"https:\/\/royalswiss.myskydoowebsite.com\/index.php?rest_route=\/wp\/v2\/product\/15122","targetHints":{"allow":["GET"]}}],"collection":[{"href":"https:\/\/royalswiss.myskydoowebsite.com\/index.php?rest_route=\/wp\/v2\/product"}],"about":[{"href":"https:\/\/royalswiss.myskydoowebsite.com\/index.php?rest_route=\/wp\/v2\/types\/product"}],"replies":[{"embeddable":true,"href":"https:\/\/royalswiss.myskydoowebsite.com\/index.php?rest_route=%2Fwp%2Fv2%2Fcomments&post=15122"}],"version-history":[{"count":2,"href":"https:\/\/royalswiss.myskydoowebsite.com\/index.php?rest_route=\/wp\/v2\/product\/15122\/revisions"}],"predecessor-version":[{"id":15136,"href":"https:\/\/royalswiss.myskydoowebsite.com\/index.php?rest_route=\/wp\/v2\/product\/15122\/revisions\/15136"}],"wp:featuredmedia":[{"embeddable":true,"href":"https:\/\/royalswiss.myskydoowebsite.com\/index.php?rest_route=\/wp\/v2\/media\/15133"}],"wp:attachment":[{"href":"https:\/\/royalswiss.myskydoowebsite.com\/index.php?rest_route=%2Fwp%2Fv2%2Fmedia&parent=15122"}],"wp:term":[{"taxonomy":"product_brand","embeddable":true,"href":"https:\/\/royalswiss.myskydoowebsite.com\/index.php?rest_route=%2Fwp%2Fv2%2Fproduct_brand&post=15122"},{"taxonomy":"product_cat","embeddable":true,"href":"https:\/\/royalswiss.myskydoowebsite.com\/index.php?rest_route=%2Fwp%2Fv2%2Fproduct_cat&post=15122"},{"taxonomy":"product_tag","embeddable":true,"href":"https:\/\/royalswiss.myskydoowebsite.com\/index.php?rest_route=%2Fwp%2Fv2%2Fproduct_tag&post=15122"}],"curies":[{"name":"wp","href":"https:\/\/api.w.org\/{rel}","templated":true}]}}