{"id":15105,"date":"2022-10-17T15:22:02","date_gmt":"2022-10-17T13:22:02","guid":{"rendered":"https:\/\/royalswiss.myskydoowebsite.com\/?post_type=product&#038;p=15105"},"modified":"2022-10-18T12:53:44","modified_gmt":"2022-10-18T10:53:44","slug":"mercedes-g63-amg-12v-sous-licence-voiture-electrique-pour-enfants","status":"publish","type":"product","link":"https:\/\/royalswiss.myskydoowebsite.com\/?product=mercedes-g63-amg-12v-sous-licence-voiture-electrique-pour-enfants","title":{"rendered":"Mercedes  G63 AMG 12V Sous Licence \u2013 Voiture Electrique Pour Enfants"},"content":{"rendered":"<p>&nbsp;<\/p>\n<p><strong>V\u00e9ritable G Wagon Mercedes G63 sous licence \u2013 Ce superbe G Wagon de marque Mercedes G63 poss\u00e8de d&rsquo;incroyables caract\u00e9ristiques!<\/strong><\/p>\n<ul>\n<li><strong>Portes ouvrantes<\/strong>\u00a0&#8211; Les deux portes s&rsquo;ouvrent.<\/li>\n<li><strong>Suspensions<\/strong>\u00a0&#8211; Suspensions arri\u00e8res r\u00e9elles.<\/li>\n<li><strong>T\u00e9l\u00e9commande parentale 2.4G<\/strong> &#8211; Cette voiture \u00e9lectrique pour enfants peut \u00eatre pilot\u00e9e normalement par votre enfant, en utilisant la p\u00e9dale pour les marches avant \/ arri\u00e8re et le volant , ou peut \u00e9ventuellement \u00eatre utilis\u00e9e \u00e0 distance avec le contr\u00f4le parental. La t\u00e9l\u00e9commande digitale peut fonctionner jusqu&rsquo;\u00e0 environ 20 m\u00e8tres et contr\u00f4le les marches avant \/ arri\u00e8re et les directions gauche et droite. Le syst\u00e8me Bluetooth 2.4G ne subit aucune interf\u00e9rence.<\/li>\n<li><strong>Entr\u00e9e pour lecteur MP3<\/strong>\u00a0&#8211; Cette voiture aliment\u00e9e par batterie est livr\u00e9 avec un c\u00e2ble qui se branche sur le tableau de bord , ce qui permet un lecteur MP3 ou tout autre appareil avec une prise casque d\u2019\u00eatre branch\u00e9 et jouer de la musique \u00e0 travers le haut-parleur de la voiture. Le branchement de ce dispositif d\u00e9sactive les autres sons dans la voiture.<\/li>\n<li><strong>Phares<\/strong>\u00a0&#8211; Les phares LED avant sont activ\u00e9s au tableau de bord, les feux arri\u00e8res s&rsquo;allument en marche arri\u00e8re<\/li>\n<li><strong>Moteur Twin<\/strong>\u00a0&#8211; Deux moteurs arri\u00e8res de 25W chacun pour une meilleure performance sur les pelouses.<\/li>\n<li><strong>Sons et klaxon<\/strong>\u00a0&#8211; Les sons et klaxon sont activ\u00e9s au volant.<\/li>\n<\/ul>\n<h3>AUTRE INFORMATION<\/h3>\n<ul class=\"txtbullets\">\n<li><strong>Couleurs dispo<\/strong> &#8211; Gris<\/li>\n<li><strong>T\u00e9l\u00e9commande parentale<\/strong>\u00a0&#8211; Oui 2.4G<\/li>\n<li><strong>Age recommand\u00e9\u00a0<\/strong>&#8211; 2-7 ans (ou plus jeunes sous surveillance parentale)<\/li>\n<li><strong>Temps de charge<\/strong>\u00a0&#8211; 14 heures pour une charge compl\u00e8te<\/li>\n<li><strong>Autonomie<\/strong>&#8211; Jusqu&rsquo;\u00e0 1 heure (d\u00e9pendant du type d&rsquo;utilisation)<\/li>\n<li><strong>Type de batterie<\/strong>\u00a0&#8211; 1 x 12V, 4.5Ah, plomb acide<\/li>\n<li><strong>Type de moteurs<\/strong>\u00a0&#8211; 2 x 12V 25W<\/li>\n<li><strong>Type de si\u00e8ge<\/strong>\u00a0&#8211; Monoplace<\/li>\n<li><strong>Vitesse maxi<\/strong>\u00a0&#8211; 5km\/h<\/li>\n<li><strong>Surface d&rsquo;op\u00e9ration recommand\u00e9e<\/strong>&#8211; Surfaces fermes et plates et pelouses.<\/li>\n<li><strong>Dimensions<\/strong>\u00a0&#8211; 110cm long, 69cm large, 56cm haut<\/li>\n<li><strong>Taille de la boite et poids<\/strong>\u00a0&#8211; 105 x 55 x 33cm, 20Kg net<main id=\"maincontent\" class=\"page-main\">\n<div class=\"columns\">\n<div class=\"column main\">\n<div class=\"product info detailed\">\n<div class=\"product data items\" role=\"tablist\">\n<div id=\"description\" class=\"data item content\" role=\"tabpanel\" data-role=\"content\" aria-labelledby=\"tab-label-description\" aria-hidden=\"false\">\n<div class=\"product attribute description\">\n<div class=\"value\"><\/div>\n<\/div>\n<\/div>\n<\/div>\n<\/div>\n<\/div>\n<\/div>\n<p>&nbsp;<\/p>\n<p>&nbsp;<\/p>\n<p><\/main><\/p>\n<footer class=\"page-footer\">\n<div class=\"footermain\">\n<div class=\"footermax\">\n<div class=\"content_container\"><\/div>\n<\/div>\n<\/div>\n<\/footer>\n<\/li>\n<\/ul>\n<p>&nbsp;<\/p>\n<p>&nbsp;<\/p>\n<p>&nbsp;<\/p>\n","protected":false},"excerpt":{"rendered":"<h2><\/h2>\n<h2><\/h2>\n<ul class=\"txtbullets\">\n<li><strong>Couleurs dispo<\/strong> &#8211; Gris<\/li>\n<li><strong>T\u00e9l\u00e9commande parentale<\/strong>\u00a0&#8211; Oui, 2.4G<\/li>\n<li><strong>Age recommand\u00e9\u00a0<\/strong>&#8211; 2-7 ans (ou plus jeunes sous surveillance parentale)<\/li>\n<li><strong>Type de si\u00e8ge<\/strong>\u00a0&#8211; Monoplace<\/li>\n<li><strong>Vitesse maxi<\/strong>\u00a0&#8211; 5km\/h<\/li>\n<li><strong>Dimensions<\/strong> &#8211; 110cm long, 69cm large, 56cm haut<\/li>\n<\/ul>\n","protected":false},"featured_media":15118,"comment_status":"open","ping_status":"closed","template":"","meta":[],"product_brand":[],"product_cat":[30,15,40],"product_tag":[1577],"class_list":{"0":"post-15105","1":"product","2":"type-product","3":"status-publish","4":"has-post-thumbnail","6":"product_cat-enfants","7":"product_cat-uncategorized","8":"product_cat-electriquevoiture","9":"product_tag-1577","11":"first","12":"instock","13":"sale","14":"taxable","15":"shipping-taxable","16":"purchasable","17":"product-type-simple"},"_links":{"self":[{"href":"https:\/\/royalswiss.myskydoowebsite.com\/index.php?rest_route=\/wp\/v2\/product\/15105","targetHints":{"allow":["GET"]}}],"collection":[{"href":"https:\/\/royalswiss.myskydoowebsite.com\/index.php?rest_route=\/wp\/v2\/product"}],"about":[{"href":"https:\/\/royalswiss.myskydoowebsite.com\/index.php?rest_route=\/wp\/v2\/types\/product"}],"replies":[{"embeddable":true,"href":"https:\/\/royalswiss.myskydoowebsite.com\/index.php?rest_route=%2Fwp%2Fv2%2Fcomments&post=15105"}],"version-history":[{"count":3,"href":"https:\/\/royalswiss.myskydoowebsite.com\/index.php?rest_route=\/wp\/v2\/product\/15105\/revisions"}],"predecessor-version":[{"id":15121,"href":"https:\/\/royalswiss.myskydoowebsite.com\/index.php?rest_route=\/wp\/v2\/product\/15105\/revisions\/15121"}],"wp:featuredmedia":[{"embeddable":true,"href":"https:\/\/royalswiss.myskydoowebsite.com\/index.php?rest_route=\/wp\/v2\/media\/15118"}],"wp:attachment":[{"href":"https:\/\/royalswiss.myskydoowebsite.com\/index.php?rest_route=%2Fwp%2Fv2%2Fmedia&parent=15105"}],"wp:term":[{"taxonomy":"product_brand","embeddable":true,"href":"https:\/\/royalswiss.myskydoowebsite.com\/index.php?rest_route=%2Fwp%2Fv2%2Fproduct_brand&post=15105"},{"taxonomy":"product_cat","embeddable":true,"href":"https:\/\/royalswiss.myskydoowebsite.com\/index.php?rest_route=%2Fwp%2Fv2%2Fproduct_cat&post=15105"},{"taxonomy":"product_tag","embeddable":true,"href":"https:\/\/royalswiss.myskydoowebsite.com\/index.php?rest_route=%2Fwp%2Fv2%2Fproduct_tag&post=15105"}],"curies":[{"name":"wp","href":"https:\/\/api.w.org\/{rel}","templated":true}]}}