{"id":15048,"date":"2022-10-13T16:44:49","date_gmt":"2022-10-13T14:44:49","guid":{"rendered":"https:\/\/royalswiss.myskydoowebsite.com\/?post_type=product&#038;p=15048"},"modified":"2022-10-18T12:53:46","modified_gmt":"2022-10-18T10:53:46","slug":"bmw-x6-m-version-1-place-12volts","status":"publish","type":"product","link":"https:\/\/royalswiss.myskydoowebsite.com\/?product=bmw-x6-m-version-1-place-12volts","title":{"rendered":"BMW X6 M , Version 1 place &#8211; 12Volts"},"content":{"rendered":"<p style=\"text-align: left\"><strong>Le style unique de ce BMW X6 M 12 volts \u00e9lectrique pour enfant<\/strong><\/p>\n<p style=\"text-align: left\">Au premier coup d&rsquo;oeil, on remarque que les livr\u00e9es noires et bleues sont de v\u00e9ritables peintures m\u00e9tallis\u00e9es. La double calandre donne \u00e0 ce BMW X6 M 12 volts un air \u00e9nerv\u00e9, pr\u00eat \u00e0 en d\u00e9coudre. Face avant toujours, les feux ac\u00e9r\u00e9s \u00e0 LED sont soutenus par d&rsquo;imposants phares antibrouillards.<\/p>\n<p style=\"text-align: left\">De dos, les deux doubles sorties d&rsquo;\u00e9chappement chrom\u00e9es de ce BMW X6 M 12 volts nous rappellent que B\u00e9b\u00e9 Pilote n&rsquo;est pas l\u00e0 pour rigoler. Le c\u00f4t\u00e9 \u00ab\u00a0Batmobile\u00a0\u00bb des puissants feux arri\u00e8re \u00e0 LEDva plaire \u00e0 B\u00e9b\u00e9 Pilote. Il va se prendre pour un justicier, c&rsquo;est certain. Il va vouloir faire la loi&#8230; c&rsquo;est plus que certain.<\/p>\n<p>&nbsp;<\/p>\n<p><strong>BMW X6 M 1 place \u00e9lectrique pour enfant : un savoir-faire hors du commun<\/strong><\/p>\n<p>A l&rsquo;ext\u00e9rieur ce BMW X6 12 volts\u00a0 exhibe fi\u00e8rement une peinture m\u00e9tallis\u00e9e. A l&rsquo;int\u00e9rieur il offre une assise en similicuir de toute beaut\u00e9. Les magnifiques roues sont en gomme et les enjoliveurs \u00e0 5 doubles branches sont du type aluminium bross\u00e9. Le diable est dans les d\u00e9tails. Apr\u00e8s avoir claqu\u00e9 la porti\u00e8re, B\u00e9b\u00e9 Pilote est en admiration devant un habitacle digne du cockpit d&rsquo;un bombardier. Sobre mais sportif : le constructeur \u00e0 l&rsquo;h\u00e9lice n&rsquo;a plus rien \u00e0 prouver, et pourtant il \u00e9pate encore. Comme toutes les voitures \u00e9lectriques pour enfant , celle-ci est \u00e9quip\u00e9e d&rsquo;une t\u00e9l\u00e9commande parentale 2.4 GHz. Elle permet \u00e0 Maman de diriger la voiture lorsque B\u00e9b\u00e9 Pilote est trop petit pour conduire seul. Quant au d\u00e9marrage progressif, il assure la s\u00e9curit\u00e9 des cervicales du petit pilote.<\/p>\n<p>&nbsp;<\/p>\n<p><strong>L&rsquo;\u00e9quipement de ce BMW X6 M 1 place 12 volts:<\/strong><\/p>\n<ul>\n<li>Portes ouvrantes<\/li>\n<li>Peinture m\u00e9tallis\u00e9e<\/li>\n<li>T\u00e9l\u00e9commande parentale 2.4 GHz<\/li>\n<li>Roues gomme<\/li>\n<li>Assise similicuir<\/li>\n<li>Feux fonctionnels LED<\/li>\n<li>D\u00e9marrage progressif<\/li>\n<\/ul>\n","protected":false},"excerpt":{"rendered":"<p>&nbsp;<\/p>\n<p><strong>L&rsquo;\u00e9quipement de ce BMW X6 M 1 place 12 volts:<\/strong><\/p>\n<ul>\n<li>Puissance\u00a0<strong>12V &#8211; 2 moteurs de 35W<\/strong>\u00a0sur les roues arri\u00e8re. Courir en avant \/ en arri\u00e8re.<\/li>\n<li>D\u00e9marrage en douceur &#8211; pas d&rsquo;arrachage<\/li>\n<li><strong>Nouvelle t\u00e9l\u00e9commande 2.4Ghz<\/strong><\/li>\n<li>Temps de charge min. 4 heures, max. Vitesse 7 km \/ h, Max. Charge: 30 kg<\/li>\n<li>Batterie 2x 6V &#8211; 7AH.<\/li>\n<li><strong>Roues souples en EVA.<\/strong><\/li>\n<li>3 vitesses &#8211; s\u00e9lection de la vitesse uniquement sur la t\u00e9l\u00e9commande<\/li>\n<li><strong>Amortisseurs &#8211; pour une conduite en douceur<\/strong><\/li>\n<li><strong>Avant et arri\u00e8re &#8211; avec interrupteur ON \/ OFF sur le tableau de bord<\/strong><\/li>\n<li><strong>Entr\u00e9e USB<\/strong><\/li>\n<\/ul>\n","protected":false},"featured_media":15063,"comment_status":"open","ping_status":"closed","template":"","meta":[],"product_brand":[],"product_cat":[30,15,40],"product_tag":[],"class_list":{"0":"post-15048","1":"product","2":"type-product","3":"status-publish","4":"has-post-thumbnail","6":"product_cat-enfants","7":"product_cat-uncategorized","8":"product_cat-electriquevoiture","10":"first","11":"instock","12":"sale","13":"taxable","14":"shipping-taxable","15":"purchasable","16":"product-type-variable"},"_links":{"self":[{"href":"https:\/\/royalswiss.myskydoowebsite.com\/index.php?rest_route=\/wp\/v2\/product\/15048","targetHints":{"allow":["GET"]}}],"collection":[{"href":"https:\/\/royalswiss.myskydoowebsite.com\/index.php?rest_route=\/wp\/v2\/product"}],"about":[{"href":"https:\/\/royalswiss.myskydoowebsite.com\/index.php?rest_route=\/wp\/v2\/types\/product"}],"replies":[{"embeddable":true,"href":"https:\/\/royalswiss.myskydoowebsite.com\/index.php?rest_route=%2Fwp%2Fv2%2Fcomments&post=15048"}],"version-history":[{"count":2,"href":"https:\/\/royalswiss.myskydoowebsite.com\/index.php?rest_route=\/wp\/v2\/product\/15048\/revisions"}],"predecessor-version":[{"id":15076,"href":"https:\/\/royalswiss.myskydoowebsite.com\/index.php?rest_route=\/wp\/v2\/product\/15048\/revisions\/15076"}],"wp:featuredmedia":[{"embeddable":true,"href":"https:\/\/royalswiss.myskydoowebsite.com\/index.php?rest_route=\/wp\/v2\/media\/15063"}],"wp:attachment":[{"href":"https:\/\/royalswiss.myskydoowebsite.com\/index.php?rest_route=%2Fwp%2Fv2%2Fmedia&parent=15048"}],"wp:term":[{"taxonomy":"product_brand","embeddable":true,"href":"https:\/\/royalswiss.myskydoowebsite.com\/index.php?rest_route=%2Fwp%2Fv2%2Fproduct_brand&post=15048"},{"taxonomy":"product_cat","embeddable":true,"href":"https:\/\/royalswiss.myskydoowebsite.com\/index.php?rest_route=%2Fwp%2Fv2%2Fproduct_cat&post=15048"},{"taxonomy":"product_tag","embeddable":true,"href":"https:\/\/royalswiss.myskydoowebsite.com\/index.php?rest_route=%2Fwp%2Fv2%2Fproduct_tag&post=15048"}],"curies":[{"name":"wp","href":"https:\/\/api.w.org\/{rel}","templated":true}]}}