{"id":14996,"date":"2022-10-12T12:51:53","date_gmt":"2022-10-12T10:51:53","guid":{"rendered":"https:\/\/royalswiss.myskydoowebsite.com\/?post_type=product&#038;p=14996"},"modified":"2022-10-18T12:53:46","modified_gmt":"2022-10-18T10:53:46","slug":"moto-electrique-enfants-3-roues-style-bmw-avec-led","status":"publish","type":"product","link":"https:\/\/royalswiss.myskydoowebsite.com\/?product=moto-electrique-enfants-3-roues-style-bmw-avec-led","title":{"rendered":"Moto \u00e9lectrique GS enfants 3 roues"},"content":{"rendered":"<p class=\"a-spacing-base\"><span class=\"a-text-bold\">La moto \u00e9lectrique GS de chez Royal Swiss est dot\u00e9e d&rsquo;une technologie de derni\u00e8re g\u00e9n\u00e9ration. \u00c9quip\u00e9e de 3 roues (stabilit\u00e9 optimale), d&rsquo;une plaque d&rsquo;immatriculation, de phares, d&rsquo;un pare- brise et de bien d&rsquo;autres accessoires, votre enfant pourra d\u00e9couvrir en toute s\u00e9curit\u00e9 les joies du motard !<\/span><\/p>\n<div class=\"amp-centerthirdcol-listbox\">\n<div class=\"a-box a-spacing-small a-color-alternate-background apm-listbox amp-centerthirdcol-listbox\">\n<div class=\"a-box-inner\">\n<ul class=\"a-unordered-list a-vertical\">\n<li><span class=\"a-list-item\"><span class=\"a-size-base\">Moto \u00e9lectrique 3 roues (stabilit\u00e9 optimale) pour enfant\u00a0<\/span><\/span><\/li>\n<li><span class=\"a-list-item\"><span class=\"a-size-base\">Design et style semblable au mod\u00e8le r\u00e9el pour adultes, moto \u00e0 technologie de derni\u00e8re g\u00e9n\u00e9ration<\/span><\/span><\/li>\n<li><span class=\"a-list-item\"><span class=\"a-size-base\">D\u00e9veloppe la capacit\u00e9 d\u2019apprentissage de votre enfant aux joies de la conduite en moto<\/span><\/span><\/li>\n<li><span class=\"a-list-item\"><span class=\"a-size-base\">Convient aux enfants de 1,5 ans \u00e0 7 ans\u00a0<\/span><\/span><\/li>\n<li><span class=\"a-list-item\"><span class=\"a-size-base\">Nombreux \u00e9quipements et fonctionnalit\u00e9s comme pour une vraie moto : phare LED, musiques, marche avant, excellent angle de braquage, etc&#8230;<\/span><\/span><\/li>\n<li><span class=\"a-list-item\"><span class=\"a-size-base\">Selle dot\u00e9e d\u2019un syst\u00e8me absorption de chocs pour une conduite en toute s\u00e9curit\u00e9 tout confort<\/span><\/span><\/li>\n<li><span class=\"a-list-item\"><span class=\"a-size-base\">Moteur 6 V, longue dur\u00e9e d\u2019utilisation jusqu\u2019\u00e0 45 min apr\u00e8s une charge compl\u00e8te (8 \u00e0 12 h max.)<\/span><\/span><\/li>\n<\/ul>\n<\/div>\n<\/div>\n<\/div>\n<p>&nbsp;<\/p>\n<p><strong>Description<\/strong><\/p>\n<p>Type : Moto \u00e0 3 roues<br \/>\nMat\u00e9riel : batterie d\u2019alimentation en plastique<br \/>\nCouleur : rouge, bleu<br \/>\nBatterie : batterie 12V7A<br \/>\n\u00c2ge : 2-7 ans<br \/>\nCaract\u00e9ristique 380 x 2Moteurs,<\/p>\n<p>Avec musique et lumi\u00e8re, USB, \u00c9ducation pr\u00e9coce, 3 roues avec lumi\u00e8re<\/p>\n","protected":false},"excerpt":{"rendered":"<p>&nbsp;<\/p>\n<ul class=\"a-unordered-list a-vertical a-spacing-none\">\n<li class=\"a-spacing-small\"><span class=\"a-list-item a-size-base\">moto \u00e9lectrique pour enfant<\/span><\/li>\n<li class=\"a-spacing-small\"><span class=\"a-list-item a-size-base\">DESIGN NOVATEUR, GRAND CONFORT : style semblable au mod\u00e8le r\u00e9el pour adultes, moto \u00e0 technologie de derni\u00e8re g\u00e9n\u00e9ration (selle dot\u00e9e d\u2019un syst\u00e8me absorption de chocs pour une conduite en toute s\u00e9curit\u00e9 tout confort)<\/span><\/li>\n<li class=\"a-spacing-small\"><span class=\"a-list-item a-size-base\">ID\u00c9AL POUR LE D\u00c9VELOPPEMENT DE VOTRE ENFANT : d\u00e9veloppe la capacit\u00e9 d\u2019apprentissage de votre enfant aux joies de la conduite en moto en toute s\u00e9curit\u00e9 (3 roues, stabilit\u00e9 optimale)<\/span><\/li>\n<li class=\"a-spacing-small\"><span class=\"a-list-item a-size-base\">NOMBREUSES FONCTIONS ET \u00c9QUIPEMENTS : phare LED, musiques, marche avant, excellent angle de braquage, etc&#8230;<\/span><\/li>\n<li class=\"a-spacing-small\"><span class=\"a-list-item a-size-base\">EXCELLENTE AUTONOMIE : temps d\u2019utilisation compl\u00e8te (utilisation continue) apr\u00e8s une charge compl\u00e8te est de 45 min. environ<\/span><\/li>\n<\/ul>\n","protected":false},"featured_media":15002,"comment_status":"open","ping_status":"closed","template":"","meta":[],"product_brand":[],"product_cat":[30,15,40],"product_tag":[1570,1571],"class_list":{"0":"post-14996","1":"product","2":"type-product","3":"status-publish","4":"has-post-thumbnail","6":"product_cat-enfants","7":"product_cat-uncategorized","8":"product_cat-electriquevoiture","9":"product_tag-1570","10":"product_tag-1571","12":"first","13":"instock","14":"sale","15":"taxable","16":"shipping-taxable","17":"purchasable","18":"product-type-variable"},"_links":{"self":[{"href":"https:\/\/royalswiss.myskydoowebsite.com\/index.php?rest_route=\/wp\/v2\/product\/14996","targetHints":{"allow":["GET"]}}],"collection":[{"href":"https:\/\/royalswiss.myskydoowebsite.com\/index.php?rest_route=\/wp\/v2\/product"}],"about":[{"href":"https:\/\/royalswiss.myskydoowebsite.com\/index.php?rest_route=\/wp\/v2\/types\/product"}],"replies":[{"embeddable":true,"href":"https:\/\/royalswiss.myskydoowebsite.com\/index.php?rest_route=%2Fwp%2Fv2%2Fcomments&post=14996"}],"version-history":[{"count":4,"href":"https:\/\/royalswiss.myskydoowebsite.com\/index.php?rest_route=\/wp\/v2\/product\/14996\/revisions"}],"predecessor-version":[{"id":15017,"href":"https:\/\/royalswiss.myskydoowebsite.com\/index.php?rest_route=\/wp\/v2\/product\/14996\/revisions\/15017"}],"wp:featuredmedia":[{"embeddable":true,"href":"https:\/\/royalswiss.myskydoowebsite.com\/index.php?rest_route=\/wp\/v2\/media\/15002"}],"wp:attachment":[{"href":"https:\/\/royalswiss.myskydoowebsite.com\/index.php?rest_route=%2Fwp%2Fv2%2Fmedia&parent=14996"}],"wp:term":[{"taxonomy":"product_brand","embeddable":true,"href":"https:\/\/royalswiss.myskydoowebsite.com\/index.php?rest_route=%2Fwp%2Fv2%2Fproduct_brand&post=14996"},{"taxonomy":"product_cat","embeddable":true,"href":"https:\/\/royalswiss.myskydoowebsite.com\/index.php?rest_route=%2Fwp%2Fv2%2Fproduct_cat&post=14996"},{"taxonomy":"product_tag","embeddable":true,"href":"https:\/\/royalswiss.myskydoowebsite.com\/index.php?rest_route=%2Fwp%2Fv2%2Fproduct_tag&post=14996"}],"curies":[{"name":"wp","href":"https:\/\/api.w.org\/{rel}","templated":true}]}}