{"id":14679,"date":"2022-08-30T17:02:55","date_gmt":"2022-08-30T15:02:55","guid":{"rendered":"https:\/\/royalswiss.myskydoowebsite.com\/?post_type=product&#038;p=14679"},"modified":"2022-12-07T10:51:29","modified_gmt":"2022-12-07T09:51:29","slug":"haut-parleur-bluetooth-etanche-modele-tg191","status":"publish","type":"product","link":"https:\/\/royalswiss.myskydoowebsite.com\/?product=haut-parleur-bluetooth-etanche-modele-tg191","title":{"rendered":"Haut-Parleur Bluetooth \u00c9tanche &#8211; mod\u00e8le  : TG191"},"content":{"rendered":"<p>Caract\u00e9ristiques:<br \/>\n1. Prend en charge la diffusion FM du fichier de configuration gratuit A2DP \/ AVRCP<br \/>\n2. Avec la fonction FM, peut rechercher automatiquement des \u00e9missions de radio<br \/>\n3. Technologie de conception de puce et de circuit sans fil avanc\u00e9e internationale pour prendre en charge tous les appareils sans fil<br \/>\n4. \u00c9quip\u00e9 de haut-parleurs haute fid\u00e9lit\u00e9 pour assurer clair et son clair<br \/>\n5. Prise en charge de la carte micro SD et de la carte USB pour lire l&rsquo;audio au format MP3<br \/>\n6. La distance de travail sans fil est de 10 m\u00e8tres<br \/>\n7. Avec le c\u00e2ble AUX, vous pouvez connecter directement des appareils externes tels que des tablettes\/t\u00e9l\u00e9viseurs\/t\u00e9l\u00e9phones mobiles<br \/>\n8. Si le bluetooth le mode n&rsquo;est pas connect\u00e9, il s&rsquo;\u00e9teindra automatiquement apr\u00e8s 30 minutes<\/p>\n<p><span style=\"vertical-align: inherit\"><span style=\"vertical-align: inherit\">Sp\u00e9cifications du produit :<\/span><\/span><br \/>\n<span style=\"vertical-align: inherit\"><span style=\"vertical-align: inherit\">1. Version Bluetooth : V5.0<\/span><\/span><br \/>\n<span style=\"vertical-align: inherit\"><span style=\"vertical-align: inherit\">2. Distance Bluetooth : moins de 10 m\u00e8tres<\/span><\/span><br \/>\n<span style=\"vertical-align: inherit\"><span style=\"vertical-align: inherit\">3. Puissance de sortie : 2x5W<\/span><\/span><br \/>\n<span style=\"vertical-align: inherit\"><span style=\"vertical-align: inherit\">4. R\u00e9ponse en fr\u00e9quence : 70hz-20khz<\/span><\/span><br \/>\n<span style=\"vertical-align: inherit\"><span style=\"vertical-align: inherit\">5. Rapport signal\/bruit : \u2219 95dB<\/span><\/span><br \/>\n<span style=\"vertical-align: inherit\"><span style=\"vertical-align: inherit\">6. Taux de distorsion : &lt;&gt;<\/span><\/span><br \/>\n<span style=\"vertical-align: inherit\"><span style=\"vertical-align: inherit\">7. Capacit\u00e9 de la batterie : 1200mAh<\/span><\/span><br \/>\n<span style=\"vertical-align: inherit\"><span style=\"vertical-align: inherit\">8. Temps de charge : 2 -3 heures<\/span><\/span><br \/>\n<span style=\"vertical-align: inherit\"><span style=\"vertical-align: inherit\">9. Temps de jeu : 5-6 heures<\/span><\/span><br \/>\n<span style=\"vertical-align: inherit\"><span style=\"vertical-align: inherit\">10. Indice d&rsquo;\u00e9tanch\u00e9it\u00e9 : IPX5<\/span><\/span><br \/>\n<span style=\"vertical-align: inherit\"><span style=\"vertical-align: inherit\">11. Taille d&rsquo;une seule pi\u00e8ce : 182 * 73 5 * 69 2MM<\/span><\/span><br \/>\n<span style=\"vertical-align: inherit\"><span style=\"vertical-align: inherit\">12. Poids du produit : 413 grammes<\/span><\/span><\/p>\n<p><span style=\"vertical-align: inherit\"><span style=\"vertical-align: inherit\">Liste de colisage : haut-<\/span><\/span><br \/>\n<span style=\"vertical-align: inherit\"><span style=\"vertical-align: inherit\">parleur Bluetooth x 1<\/span><\/span><br \/>\n<span style=\"vertical-align: inherit\"><span style=\"vertical-align: inherit\">c\u00e2ble de charge x 1<\/span><\/span><br \/>\n<span style=\"vertical-align: inherit\"><span style=\"vertical-align: inherit\">audio c\u00e2ble x 1<\/span><\/span><br \/>\n<span style=\"vertical-align: inherit\"><span style=\"vertical-align: inherit\">Manuel d&rsquo;utilisation x 1<\/span><\/span><\/p>\n","protected":false},"excerpt":{"rendered":"<p>Caract\u00e9ristiques: 1. Prend en charge la diffusion FM du fichier de configuration gratuit A2DP \/ AVRCP 2. Avec la fonction FM, peut rechercher automatiquement des \u00e9missions de radio 3. Technologie de conception de puce et de circuit sans fil avanc\u00e9e internationale pour prendre en charge tous les appareils sans fil 4. \u00c9quip\u00e9 de haut-parleurs haute [&hellip;]<\/p>\n","protected":false},"featured_media":14682,"comment_status":"open","ping_status":"closed","template":"","meta":[],"product_brand":[],"product_cat":[25,15],"product_tag":[1548],"class_list":{"0":"post-14679","1":"product","2":"type-product","3":"status-publish","4":"has-post-thumbnail","6":"product_cat-hifi","7":"product_cat-uncategorized","8":"product_tag-1548","10":"first","11":"instock","12":"sale","13":"taxable","14":"shipping-taxable","15":"purchasable","16":"product-type-simple"},"_links":{"self":[{"href":"https:\/\/royalswiss.myskydoowebsite.com\/index.php?rest_route=\/wp\/v2\/product\/14679","targetHints":{"allow":["GET"]}}],"collection":[{"href":"https:\/\/royalswiss.myskydoowebsite.com\/index.php?rest_route=\/wp\/v2\/product"}],"about":[{"href":"https:\/\/royalswiss.myskydoowebsite.com\/index.php?rest_route=\/wp\/v2\/types\/product"}],"replies":[{"embeddable":true,"href":"https:\/\/royalswiss.myskydoowebsite.com\/index.php?rest_route=%2Fwp%2Fv2%2Fcomments&post=14679"}],"version-history":[{"count":3,"href":"https:\/\/royalswiss.myskydoowebsite.com\/index.php?rest_route=\/wp\/v2\/product\/14679\/revisions"}],"predecessor-version":[{"id":14732,"href":"https:\/\/royalswiss.myskydoowebsite.com\/index.php?rest_route=\/wp\/v2\/product\/14679\/revisions\/14732"}],"wp:featuredmedia":[{"embeddable":true,"href":"https:\/\/royalswiss.myskydoowebsite.com\/index.php?rest_route=\/wp\/v2\/media\/14682"}],"wp:attachment":[{"href":"https:\/\/royalswiss.myskydoowebsite.com\/index.php?rest_route=%2Fwp%2Fv2%2Fmedia&parent=14679"}],"wp:term":[{"taxonomy":"product_brand","embeddable":true,"href":"https:\/\/royalswiss.myskydoowebsite.com\/index.php?rest_route=%2Fwp%2Fv2%2Fproduct_brand&post=14679"},{"taxonomy":"product_cat","embeddable":true,"href":"https:\/\/royalswiss.myskydoowebsite.com\/index.php?rest_route=%2Fwp%2Fv2%2Fproduct_cat&post=14679"},{"taxonomy":"product_tag","embeddable":true,"href":"https:\/\/royalswiss.myskydoowebsite.com\/index.php?rest_route=%2Fwp%2Fv2%2Fproduct_tag&post=14679"}],"curies":[{"name":"wp","href":"https:\/\/api.w.org\/{rel}","templated":true}]}}