{"id":14674,"date":"2022-08-30T16:40:58","date_gmt":"2022-08-30T14:40:58","guid":{"rendered":"https:\/\/royalswiss.myskydoowebsite.com\/?post_type=product&#038;p=14674"},"modified":"2022-09-06T13:34:08","modified_gmt":"2022-09-06T11:34:08","slug":"enceinte-bluetooth-dexterieur-modele-gf701","status":"publish","type":"product","link":"https:\/\/royalswiss.myskydoowebsite.com\/?product=enceinte-bluetooth-dexterieur-modele-gf701","title":{"rendered":"Enceinte Bluetooth D&rsquo;ext\u00e9rieur &#8211; Mod\u00e8le GF701"},"content":{"rendered":"<div class=\"productCharacteristics-module__characteristicsTitle___1Wobl\">\n<div class=\"productCharacteristics-module__characteristics___QUdvU productCharacteristics-module__characteristicsLg___2im3V\">\n<div class=\"productDetails-module__detailsWrapper___2BZih productDetails-module__detailsLg___300Qn\">\n<div><\/div>\n<div class=\"productDetails-module__detailsText___34fhP\">Cette enceinte Bluetooth GF701 de Royal Swiss est id\u00e9ale pour profiter des sons de votre appareil, ou que vous soyez. Elle est dot\u00e9e d\u2019un haut-parleur et de caisson de basse pour un son clair et riche. Enceinte Bluetooth offrant une autonomie longue dur\u00e9e .<\/p>\n<div class=\"productCharacteristics-module__characteristicsTitle___1Wobl\">\n<div class=\"productCharacteristics-module__characteristics___QUdvU productCharacteristics-module__characteristicsLg___2im3V\">\n<div class=\"productDetails-module__detailsWrapper___2BZih productDetails-module__detailsLg___300Qn\">\n<div class=\"productDetails-module__detailsText___34fhP\">Avec des dimensions de 352x134x180mm , cette enceinte est facilement transportable pour vous accompagner dans toutes vos destinations. Elle int\u00e8gre \u00e9galement une poign\u00e9e pratique, facilitant son transport. Ainsi, votre collection musicale vous suivra partout o\u00f9 vous allez.<\/div>\n<div><\/div>\n<\/div>\n<\/div>\n<section class=\"deviceCompatibility-module__compatibilitySection___1wEBh\"><\/section>\n<\/div>\n<div class=\"productFullDetail-module__overviewTitle___22ETR\"><\/div>\n<div class=\"productStrengths-module__strengthsWrapper___lGxrh\">\n<div class=\"productStrengths-module__strengthsTitle___-qlYp\">Points forts<\/div>\n<\/div>\n<\/div>\n<div><\/div>\n<\/div>\n<\/div>\n<section class=\"deviceCompatibility-module__compatibilitySection___1wEBh\"><\/section>\n<\/div>\n<div class=\"productFullDetail-module__overviewTitle___22ETR\"><\/div>\n<div class=\"productStrengths-module__strengthsWrapper___lGxrh\">\n<div class=\"productStrengths-module__strengthsTitle___-qlYp\">Points forts<\/div>\n<\/div>\n<ul>\n<li>Fait de fibres durables et d&rsquo;un bo\u00eetier en caoutchouc robuste, il peut facilement faire face \u00e0 diverses aventures<\/li>\n<li>Avec une qualit\u00e9 sonore tr\u00e8s compl\u00e8te, un effet de basse profonde, vous pouvez nager dans l&rsquo;oc\u00e9an musical \u00e0 tout moment et n&rsquo;importe o\u00f9<\/li>\n<li>Appairage simple s\u00e9curis\u00e9 pour un fonctionnement convivial<\/li>\n<li>10 m\u00e8tres de plage de fonctionnement<\/li>\n<li>Version sans fil 5.0, diffuser de la musique sans fil depuis n&rsquo;importe quel appareil compatible BT tel que votre t\u00e9l\u00e9phone portable, ordinateur portable, iPhone ou iPad.<\/li>\n<li>Avec la fonction TWS, une connexion sans fil \u00e0 deux m\u00eames haut-parleurs en m\u00eame temps, profitez de l&rsquo;effet st\u00e9r\u00e9o<\/li>\n<li>Avec USB, radio FM<\/li>\n<li>Avec fonction karaok\u00e9, prise en charge de 1 entr\u00e9e de microphone filaire<\/li>\n<li>Avec fonction de ligne (AUX), adapt\u00e9 au PC, au milieu, \u00e0 la t\u00e9l\u00e9vision et \u00e0 d&rsquo;autres appareils<\/li>\n<li>Batterie rechargeable au lithium 1800mAh<\/li>\n<li>Waterproof<\/li>\n<li>Utilisez une poign\u00e9e de conception de mat\u00e9riau solide, s\u00fbre et stable, facile \u00e0 transporter.<\/li>\n<li>Taille: 352x134x180mm<\/li>\n<\/ul>\n","protected":false},"excerpt":{"rendered":"<p>Cette enceinte Bluetooth GF701 de Royal Swiss est id\u00e9ale pour profiter des sons de votre appareil, ou que vous soyez. Elle est dot\u00e9e d\u2019un haut-parleur et de caisson de basse pour un son clair et riche. Enceinte Bluetooth offrant une autonomie longue dur\u00e9e . Avec des dimensions de 352x134x180mm , cette enceinte est facilement transportable [&hellip;]<\/p>\n","protected":false},"featured_media":14677,"comment_status":"open","ping_status":"closed","template":"","meta":[],"product_brand":[],"product_cat":[25,15],"product_tag":[1547],"class_list":{"0":"post-14674","1":"product","2":"type-product","3":"status-publish","4":"has-post-thumbnail","6":"product_cat-hifi","7":"product_cat-uncategorized","8":"product_tag-1547","10":"first","11":"instock","12":"sale","13":"taxable","14":"shipping-taxable","15":"purchasable","16":"product-type-simple"},"_links":{"self":[{"href":"https:\/\/royalswiss.myskydoowebsite.com\/index.php?rest_route=\/wp\/v2\/product\/14674","targetHints":{"allow":["GET"]}}],"collection":[{"href":"https:\/\/royalswiss.myskydoowebsite.com\/index.php?rest_route=\/wp\/v2\/product"}],"about":[{"href":"https:\/\/royalswiss.myskydoowebsite.com\/index.php?rest_route=\/wp\/v2\/types\/product"}],"replies":[{"embeddable":true,"href":"https:\/\/royalswiss.myskydoowebsite.com\/index.php?rest_route=%2Fwp%2Fv2%2Fcomments&post=14674"}],"version-history":[{"count":1,"href":"https:\/\/royalswiss.myskydoowebsite.com\/index.php?rest_route=\/wp\/v2\/product\/14674\/revisions"}],"predecessor-version":[{"id":14678,"href":"https:\/\/royalswiss.myskydoowebsite.com\/index.php?rest_route=\/wp\/v2\/product\/14674\/revisions\/14678"}],"wp:featuredmedia":[{"embeddable":true,"href":"https:\/\/royalswiss.myskydoowebsite.com\/index.php?rest_route=\/wp\/v2\/media\/14677"}],"wp:attachment":[{"href":"https:\/\/royalswiss.myskydoowebsite.com\/index.php?rest_route=%2Fwp%2Fv2%2Fmedia&parent=14674"}],"wp:term":[{"taxonomy":"product_brand","embeddable":true,"href":"https:\/\/royalswiss.myskydoowebsite.com\/index.php?rest_route=%2Fwp%2Fv2%2Fproduct_brand&post=14674"},{"taxonomy":"product_cat","embeddable":true,"href":"https:\/\/royalswiss.myskydoowebsite.com\/index.php?rest_route=%2Fwp%2Fv2%2Fproduct_cat&post=14674"},{"taxonomy":"product_tag","embeddable":true,"href":"https:\/\/royalswiss.myskydoowebsite.com\/index.php?rest_route=%2Fwp%2Fv2%2Fproduct_tag&post=14674"}],"curies":[{"name":"wp","href":"https:\/\/api.w.org\/{rel}","templated":true}]}}