{"id":14054,"date":"2022-06-30T17:00:32","date_gmt":"2022-06-30T15:00:32","guid":{"rendered":"https:\/\/royalswiss.myskydoowebsite.com\/?post_type=product&#038;p=14054"},"modified":"2022-11-17T14:56:18","modified_gmt":"2022-11-17T13:56:18","slug":"moulin-a-cafe-electrique-modele-wh-8900","status":"publish","type":"product","link":"https:\/\/royalswiss.myskydoowebsite.com\/?product=moulin-a-cafe-electrique-modele-wh-8900","title":{"rendered":"Moulin \u00e0 caf\u00e9 \u00e9lectrique"},"content":{"rendered":"<p>Un moulin \u00e0 caf\u00e9 au design compact et \u00e9l\u00e9gant qui prendra toute sa place dans les cuisines.<br \/>\nSa forme ergonomique permet une prise en main en toute facilit\u00e9 pour moudre rapidement tous types de grains, caf\u00e9, \u00e9pices, fruits secs\u2026<\/p>\n<p>Caract\u00e9ristiques :<\/p>\n<ul>\n<li>capacit\u00e9 : 50g<\/li>\n<li>couvercle transparent<\/li>\n<li>fermeture s\u00e9curis\u00e9e<\/li>\n<li>lame et bol en acier inoxydable<\/li>\n<li>d\u00e9marrage par pression sur le bouton<\/li>\n<li>alimentation 220-240v 50\/60Hz<\/li>\n<li>puissance 160W<\/li>\n<\/ul>\n","protected":false},"excerpt":{"rendered":"<p>&nbsp;<\/p>\n<p><span style=\"vertical-align: inherit\"><span style=\"vertical-align: inherit\">Caract\u00e9ristiques :<\/span><\/span><\/p>\n<ul>\n<li><span style=\"vertical-align: inherit\"><span style=\"vertical-align: inherit\">capacit\u00e9 : 50g<\/span><\/span><\/li>\n<li><span style=\"vertical-align: inherit\"><span style=\"vertical-align: inherit\">couvercle transparent<\/span><\/span><\/li>\n<li><span style=\"vertical-align: inherit\"><span style=\"vertical-align: inherit\">fermeture s\u00e9curis\u00e9e<\/span><\/span><\/li>\n<li><span style=\"vertical-align: inherit\"><span style=\"vertical-align: inherit\">lame et bol en acier inoxydable<\/span><\/span><\/li>\n<li><span style=\"vertical-align: inherit\"><span style=\"vertical-align: inherit\">d\u00e9marrage par pression sur le bouton<\/span><\/span><\/li>\n<li><span style=\"vertical-align: inherit\"><span style=\"vertical-align: inherit\">alimentation 220-240v 50\/60Hz<\/span><\/span><\/li>\n<li><span style=\"vertical-align: inherit\"><span style=\"vertical-align: inherit\">puissance 160W<\/span><\/span><\/li>\n<\/ul>\n","protected":false},"featured_media":14056,"comment_status":"open","ping_status":"closed","template":"","meta":[],"product_brand":[],"product_cat":[1553,56,33,15],"product_tag":[1584],"class_list":{"0":"post-14054","1":"product","2":"type-product","3":"status-publish","4":"has-post-thumbnail","6":"product_cat-divers-appareil","7":"product_cat-electromenager","8":"product_cat-petit-electromenager","9":"product_cat-uncategorized","10":"product_tag-1584","12":"first","13":"instock","14":"sale","15":"taxable","16":"shipping-taxable","17":"purchasable","18":"product-type-simple"},"_links":{"self":[{"href":"https:\/\/royalswiss.myskydoowebsite.com\/index.php?rest_route=\/wp\/v2\/product\/14054","targetHints":{"allow":["GET"]}}],"collection":[{"href":"https:\/\/royalswiss.myskydoowebsite.com\/index.php?rest_route=\/wp\/v2\/product"}],"about":[{"href":"https:\/\/royalswiss.myskydoowebsite.com\/index.php?rest_route=\/wp\/v2\/types\/product"}],"replies":[{"embeddable":true,"href":"https:\/\/royalswiss.myskydoowebsite.com\/index.php?rest_route=%2Fwp%2Fv2%2Fcomments&post=14054"}],"version-history":[{"count":3,"href":"https:\/\/royalswiss.myskydoowebsite.com\/index.php?rest_route=\/wp\/v2\/product\/14054\/revisions"}],"predecessor-version":[{"id":14736,"href":"https:\/\/royalswiss.myskydoowebsite.com\/index.php?rest_route=\/wp\/v2\/product\/14054\/revisions\/14736"}],"wp:featuredmedia":[{"embeddable":true,"href":"https:\/\/royalswiss.myskydoowebsite.com\/index.php?rest_route=\/wp\/v2\/media\/14056"}],"wp:attachment":[{"href":"https:\/\/royalswiss.myskydoowebsite.com\/index.php?rest_route=%2Fwp%2Fv2%2Fmedia&parent=14054"}],"wp:term":[{"taxonomy":"product_brand","embeddable":true,"href":"https:\/\/royalswiss.myskydoowebsite.com\/index.php?rest_route=%2Fwp%2Fv2%2Fproduct_brand&post=14054"},{"taxonomy":"product_cat","embeddable":true,"href":"https:\/\/royalswiss.myskydoowebsite.com\/index.php?rest_route=%2Fwp%2Fv2%2Fproduct_cat&post=14054"},{"taxonomy":"product_tag","embeddable":true,"href":"https:\/\/royalswiss.myskydoowebsite.com\/index.php?rest_route=%2Fwp%2Fv2%2Fproduct_tag&post=14054"}],"curies":[{"name":"wp","href":"https:\/\/api.w.org\/{rel}","templated":true}]}}