{"id":14042,"date":"2022-06-28T16:25:39","date_gmt":"2022-06-28T14:25:39","guid":{"rendered":"https:\/\/royalswiss.myskydoowebsite.com\/?post_type=product&#038;p=14042"},"modified":"2022-09-15T18:04:01","modified_gmt":"2022-09-15T16:04:01","slug":"aspirateur-30l-eau-et-poussiere","status":"publish","type":"product","link":"https:\/\/royalswiss.myskydoowebsite.com\/?product=aspirateur-30l-eau-et-poussiere","title":{"rendered":"Aspirateur 30L eau et poussi\u00e8re"},"content":{"rendered":"<div class=\"tab--header is--active\">\n<h2>Principales caract\u00e9ristiques<\/h2>\n<\/div>\n<div class=\"tab--content tab--content-highlight--facts js--collapse-target is--collapsed\">\n<div class=\"content--description\">\n<div class=\"product--description\">\n<div class=\"highlight-facts--wrapper\">\n<div class=\"product-highlights--wrapper\">\n<h3 class=\"description--title\"><\/h3>\n<ul>\n<li style=\"list-style-type: none\">\n<ul>\n<li>\u00a0moteur de 1 200 W<\/li>\n<li>cuve en acier inoxydable d&rsquo;une capacit\u00e9 utile de 30L<\/li>\n<li>\u00a0flexible d&rsquo;aspiration\u00a0de 1.8M et tube t\u00e9lescopique en acier inoxydable<\/li>\n<li>syst\u00e8me d&rsquo;ouverture \u00e0 crochet pour vidage simplifi\u00e9 et \u00e9vacuation des eaux us\u00e9<\/li>\n<li>syst\u00e8me de nettoyage du filtre par simple pression sur un bouton<\/li>\n<li>cable de 4,5 M<\/li>\n<li>embout de sol double position pour sols durs et tapis<\/li>\n<li>socle avec 5 roulettes multidirectionnelles et rangement int\u00e9gr\u00e9 des accessoires<\/li>\n<li>livr\u00e9 avec 1 filtre HEPA ( qui pi\u00e8ge les particules m\u00eame les plus fines) , un filtre \u00e9ponge pour l&rsquo;aspiration d&rsquo;eau , 3 sacs papier pour poussi\u00e8res fines et 2 embouts.<\/li>\n<\/ul>\n<\/li>\n<\/ul>\n<\/div>\n<div class=\"product-facts--wrapper\">\n<div class=\"description-row description-text\">\n<h2>Un aspirateur eau et poussi\u00e8re polyvalent pour toutes les situations<\/h2>\n<p>Cet aspirateur industriel Royal Swiss nettoie en profondeur et avec rapidit\u00e9 les surfaces les plus vari\u00e9es. Il convient aussi bien aux sols secs qu\u2019humides, c\u2018est pourquoi il est parfait pour les secteurs artisanal et industriel, de m\u00eame pour le nettoyage efficace des bureaux et des commerces. Gr\u00e2ce \u00e0 son mode de fonctionnement r\u00e9versible, cet aspirateur professionnel peut \u00eatre utilis\u00e9 comme souffleur \u00e0 feuilles, d\u00e9poussi\u00e9reur ou pour d\u00e9placer de menus objets.<\/p>\n<h3>Un entretien ais\u00e9 pour une dur\u00e9e de service \u00e9lev\u00e9e<\/h3>\n<p>D\u2019une puissance de 1 200 W et livr\u00e9 avec diff\u00e9rents accessoires (brosse pour le sol, brosse ronde, suceur \u00e0 plinthes), cet aspirateur se montre \u00e0 la hauteur des t\u00e2ches les plus difficiles et s\u2019adapte \u00e0 des exigences vari\u00e9es. En plus d\u2019\u00eatre ergonomique, il permet une utilisation des plus flexibles ; \u00e9quip\u00e9 de quatre roulettes, d\u2019une poign\u00e9e de transport et d\u2019un cordon d\u2019alimentation ultralong, il favorise un travail confortable. Par le biais de son flexible de 1,8 m, il atteint sans probl\u00e8me les zones difficiles d\u2019acc\u00e8s et \u00e9limine les liquides ou la boue qui s\u2019y trouvent. Son tuyau t\u00e9lescopique adopte 15 longueurs diff\u00e9rentes allant de 470 \u00e0 775 mm, tandis que sa cuve en inox poss\u00e8de un volume de 30 l et se pr\u00eate \u00e0 de nombreux cycles de marche avant de devoir \u00eatre vid\u00e9e.<\/p>\n<p>Une fois que l\u2019aspirateur eau et poussi\u00e8re a servi, il ne requiert presque pas d\u2019entretien. Son filtre\u00a0HEPA amovible prot\u00e8ge efficacement ses composants et peut \u00eatre remplac\u00e9 en cas de besoin. Gr\u00e2ce \u00e0 la fonction de secouage, le filtre peut en outre \u00eatre rapidement lib\u00e9r\u00e9 s\u2019il est obstru\u00e9 par la poussi\u00e8re \u2013 ce qui garantit une efficacit\u00e9 sup\u00e9rieure \u00e0 long terme, m\u00eame sans changement de filtre. Si l\u2019aspirateur a \u00e9t\u00e9 utilis\u00e9 pour aspirer du liquide, il suffit de d\u00e9visser le bouchon de vidange au bas de la cuve pour la vider. Pour \u00e9vacuer la poussi\u00e8re se trouvant dans l\u2019aspirateur industriel, il n\u2019y a qu\u2019\u00e0 ouvrir les clips du couvercle et \u00e0 vider le contenu de l\u2019appareil.<\/p>\n<\/div>\n<\/div>\n<\/div>\n<\/div>\n<\/div>\n<\/div>\n","protected":false},"excerpt":{"rendered":"<p>Principales caract\u00e9ristiques \u00a0moteur de 1 200 W cuve en acier inoxydable d&rsquo;une capacit\u00e9 utile de 30L \u00a0flexible d&rsquo;aspiration\u00a0de 1.8M et tube t\u00e9lescopique en acier inoxydable syst\u00e8me d&rsquo;ouverture \u00e0 crochet pour vidage simplifi\u00e9 et \u00e9vacuation des eaux us\u00e9 syst\u00e8me de nettoyage du filtre par simple pression sur un bouton cable de 4,5 M embout de sol [&hellip;]<\/p>\n","protected":false},"featured_media":14043,"comment_status":"open","ping_status":"closed","template":"","meta":[],"product_brand":[],"product_cat":[1550,56,33,15],"product_tag":[1531],"class_list":{"0":"post-14042","1":"product","2":"type-product","3":"status-publish","4":"has-post-thumbnail","6":"product_cat-aspirateur","7":"product_cat-electromenager","8":"product_cat-petit-electromenager","9":"product_cat-uncategorized","10":"product_tag-1531","12":"first","13":"instock","14":"sale","15":"taxable","16":"shipping-taxable","17":"purchasable","18":"product-type-simple"},"_links":{"self":[{"href":"https:\/\/royalswiss.myskydoowebsite.com\/index.php?rest_route=\/wp\/v2\/product\/14042","targetHints":{"allow":["GET"]}}],"collection":[{"href":"https:\/\/royalswiss.myskydoowebsite.com\/index.php?rest_route=\/wp\/v2\/product"}],"about":[{"href":"https:\/\/royalswiss.myskydoowebsite.com\/index.php?rest_route=\/wp\/v2\/types\/product"}],"replies":[{"embeddable":true,"href":"https:\/\/royalswiss.myskydoowebsite.com\/index.php?rest_route=%2Fwp%2Fv2%2Fcomments&post=14042"}],"version-history":[{"count":2,"href":"https:\/\/royalswiss.myskydoowebsite.com\/index.php?rest_route=\/wp\/v2\/product\/14042\/revisions"}],"predecessor-version":[{"id":14053,"href":"https:\/\/royalswiss.myskydoowebsite.com\/index.php?rest_route=\/wp\/v2\/product\/14042\/revisions\/14053"}],"wp:featuredmedia":[{"embeddable":true,"href":"https:\/\/royalswiss.myskydoowebsite.com\/index.php?rest_route=\/wp\/v2\/media\/14043"}],"wp:attachment":[{"href":"https:\/\/royalswiss.myskydoowebsite.com\/index.php?rest_route=%2Fwp%2Fv2%2Fmedia&parent=14042"}],"wp:term":[{"taxonomy":"product_brand","embeddable":true,"href":"https:\/\/royalswiss.myskydoowebsite.com\/index.php?rest_route=%2Fwp%2Fv2%2Fproduct_brand&post=14042"},{"taxonomy":"product_cat","embeddable":true,"href":"https:\/\/royalswiss.myskydoowebsite.com\/index.php?rest_route=%2Fwp%2Fv2%2Fproduct_cat&post=14042"},{"taxonomy":"product_tag","embeddable":true,"href":"https:\/\/royalswiss.myskydoowebsite.com\/index.php?rest_route=%2Fwp%2Fv2%2Fproduct_tag&post=14042"}],"curies":[{"name":"wp","href":"https:\/\/api.w.org\/{rel}","templated":true}]}}