{"id":14034,"date":"2022-06-28T15:06:27","date_gmt":"2022-06-28T13:06:27","guid":{"rendered":"https:\/\/royalswiss.myskydoowebsite.com\/?post_type=product&#038;p=14034"},"modified":"2022-08-05T19:18:49","modified_gmt":"2022-08-05T17:18:49","slug":"14034","status":"publish","type":"product","link":"https:\/\/royalswiss.myskydoowebsite.com\/?product=14034","title":{"rendered":"PISTOLET \u00c0 GRAISSE \u00c9LECTRIQUE"},"content":{"rendered":"<p>Pompe \u00e0 graisse \u00e9lectrique 18V avec 2 batteries Lithium, pour cartouche de graisse standard ou \u00e0 visser.<br \/>\nDispose d&rsquo;un r\u00e9servoir de graisse d&rsquo;une capacit\u00e9 de 400 g.<br \/>\nAvec moteur \u00e9lectrique \u00e0 r\u00e9ducteur plan\u00e9taire.<br \/>\n\u00c9quip\u00e9 d&rsquo;un \u00e9cran LCD de t\u00e9moin de charge.<br \/>\nPoign\u00e9e ergonomique.<br \/>\nAutonomie d\u2019une batterie : entre 4 et 5 cartouches de graisse.<br \/>\nLivr\u00e9 dans sa mallette de transport.<\/p>\n<ul>\n<li>Pistolet \u00e0 graisse professionnel sans fil haute puissance , d\u00e9veloppant 8000 psi.<\/li>\n<li>id\u00e9al pour la lubrification sur le terrain ou la puissance et la vitesse sont requises.<\/li>\n<li>convient aux cartouches de 400 gr , au remplissage manuel ou en vrac.<\/li>\n<li>comprend un indicateur d&rsquo;\u00e9tat de la batterie LCD , une purge d&rsquo;air et une t\u00eate de pression en aluminium robuste.<\/li>\n<li>livr\u00e9 avec 2 batteries 18V 1.7Ah et chargeur secteur.<\/li>\n<li>Tension : 18V<\/li>\n<li>chargeur rapide 230V ( charge compl\u00e8te en 1h )<\/li>\n<li>pression : 8000<\/li>\n<li>psi d\u00e9bit : 100 gr \/ min<\/li>\n<li>longueur du tuyau : 700 mm<\/li>\n<\/ul>\n<p>&nbsp;<\/p>\n","protected":false},"excerpt":{"rendered":"<p>&nbsp;<\/p>\n<ul>\n<li>Pistolet \u00e0 graisse professionnel sans fil haute puissance , d\u00e9veloppant 8000 psi.<\/li>\n<li>id\u00e9al pour la lubrification sur le terrain ou la puissance et la vitesse sont requises.<\/li>\n<li>convient aux cartouches de 400 gr , au remplissage manuel ou en vrac.<\/li>\n<li>comprend un indicateur d&rsquo;\u00e9tat de la batterie LCD , une purge d&rsquo;air et une t\u00eate de pression en aluminium robuste.<\/li>\n<li>livr\u00e9 avec 2 batteries 18V 1.7Ah et chargeur secteur.<\/li>\n<li>Tension : 18V<\/li>\n<li>chargeur rapide 230V ( charge compl\u00e8te en 1h )<\/li>\n<li>pression : 8000<\/li>\n<li>psi d\u00e9bit : 100 gr \/ min<\/li>\n<li>longueur du tuyau : 700 mm<\/li>\n<\/ul>\n<p>&nbsp;<\/p>\n","protected":false},"featured_media":14037,"comment_status":"open","ping_status":"closed","template":"","meta":[],"product_brand":[],"product_cat":[32,15],"product_tag":[1530],"class_list":{"0":"post-14034","1":"product","2":"type-product","3":"status-publish","4":"has-post-thumbnail","6":"product_cat-outil","7":"product_cat-uncategorized","8":"product_tag-1530","10":"first","11":"instock","12":"sale","13":"taxable","14":"shipping-taxable","15":"purchasable","16":"product-type-simple"},"_links":{"self":[{"href":"https:\/\/royalswiss.myskydoowebsite.com\/index.php?rest_route=\/wp\/v2\/product\/14034","targetHints":{"allow":["GET"]}}],"collection":[{"href":"https:\/\/royalswiss.myskydoowebsite.com\/index.php?rest_route=\/wp\/v2\/product"}],"about":[{"href":"https:\/\/royalswiss.myskydoowebsite.com\/index.php?rest_route=\/wp\/v2\/types\/product"}],"replies":[{"embeddable":true,"href":"https:\/\/royalswiss.myskydoowebsite.com\/index.php?rest_route=%2Fwp%2Fv2%2Fcomments&post=14034"}],"version-history":[{"count":3,"href":"https:\/\/royalswiss.myskydoowebsite.com\/index.php?rest_route=\/wp\/v2\/product\/14034\/revisions"}],"predecessor-version":[{"id":14041,"href":"https:\/\/royalswiss.myskydoowebsite.com\/index.php?rest_route=\/wp\/v2\/product\/14034\/revisions\/14041"}],"wp:featuredmedia":[{"embeddable":true,"href":"https:\/\/royalswiss.myskydoowebsite.com\/index.php?rest_route=\/wp\/v2\/media\/14037"}],"wp:attachment":[{"href":"https:\/\/royalswiss.myskydoowebsite.com\/index.php?rest_route=%2Fwp%2Fv2%2Fmedia&parent=14034"}],"wp:term":[{"taxonomy":"product_brand","embeddable":true,"href":"https:\/\/royalswiss.myskydoowebsite.com\/index.php?rest_route=%2Fwp%2Fv2%2Fproduct_brand&post=14034"},{"taxonomy":"product_cat","embeddable":true,"href":"https:\/\/royalswiss.myskydoowebsite.com\/index.php?rest_route=%2Fwp%2Fv2%2Fproduct_cat&post=14034"},{"taxonomy":"product_tag","embeddable":true,"href":"https:\/\/royalswiss.myskydoowebsite.com\/index.php?rest_route=%2Fwp%2Fv2%2Fproduct_tag&post=14034"}],"curies":[{"name":"wp","href":"https:\/\/api.w.org\/{rel}","templated":true}]}}