{"id":14010,"date":"2022-06-27T15:45:10","date_gmt":"2022-06-27T13:45:10","guid":{"rendered":"https:\/\/royalswiss.myskydoowebsite.com\/?post_type=product&#038;p=14010"},"modified":"2022-07-27T20:38:25","modified_gmt":"2022-07-27T18:38:25","slug":"set-de-2-theieres-modele-0507","status":"publish","type":"product","link":"https:\/\/royalswiss.myskydoowebsite.com\/?product=set-de-2-theieres-modele-0507","title":{"rendered":"set de 2 th\u00e9i\u00e8res &#8211; mod\u00e8le 0507"},"content":{"rendered":"<h3><strong>La th\u00e9i\u00e8re Royal Swiss est con\u00e7ue avec style et nous combinons fonctionnalit\u00e9 et confort avec plaisir!<\/strong><\/h3>\n<p>Cette th\u00e9i\u00e8re en acier inoxydable 18\/10 durable avec une finition brillante et un design \u00e9l\u00e9gant.<\/p>\n<p>Vous pouvez pr\u00e9parer du th\u00e9 marocain, du th\u00e9 \u00e0 la menthe fra\u00eeche ou simplement votre th\u00e9 pr\u00e9f\u00e9r\u00e9 de mani\u00e8re authentique.<\/p>\n<div id=\"tab-label-additional\" class=\"data item title\" role=\"presentation\" data-role=\"collapsible\" data-collapsible=\"true\"><\/div>\n<p>Disponible en diff\u00e9rentes tailles.<\/p>\n<h3><strong>Sp\u00e9cifications :<\/strong><\/h3>\n<ul>\n<li>Marque : Royal Swiss<\/li>\n<li>Couleur : Argent<\/li>\n<li>Contenu: deux th\u00e9i\u00e8re ( 1.2L + 2L )<\/li>\n<li>Mat\u00e9riau : Acier inoxydable<\/li>\n<\/ul>\n<p><strong>Le contenu de l&rsquo;ensemble:<\/strong><\/p>\n<ul>\n<li>2 th\u00e9i\u00e8res<\/li>\n<\/ul>\n<p><strong>Tous les avantages en un coup d&rsquo;\u0153il:<\/strong><\/p>\n<ul>\n<li>Convient \u00e0 toutes les sources de chaleur, y compris l&rsquo;induction.<\/li>\n<li>Facile \u00e0 utiliser, facile \u00e0 nettoyer<\/li>\n<li>Solide et durable<\/li>\n<\/ul>\n<p><strong>Remarque !<\/strong><\/p>\n<p>Nous vous recommandons de toujours laver la th\u00e9i\u00e8re \u00e0 la main pour une durabilit\u00e9 maximale.<\/p>\n","protected":false},"excerpt":{"rendered":"<h3><\/h3>\n<h3><strong>Sp\u00e9cifications :<\/strong><\/h3>\n<ul>\n<li>Marque : Royal Swiss<\/li>\n<li>Couleur : Argent<\/li>\n<li>Contenu: deux th\u00e9i\u00e8re ( 1.2L + 2L )<\/li>\n<li>Mat\u00e9riau : Acier inoxydable<\/li>\n<\/ul>\n","protected":false},"featured_media":14014,"comment_status":"open","ping_status":"closed","template":"","meta":[],"product_brand":[],"product_cat":[41,21,1526,15],"product_tag":[1524],"class_list":{"0":"post-14010","1":"product","2":"type-product","3":"status-publish","4":"has-post-thumbnail","6":"product_cat-batterie-de-cuisine","7":"product_cat-cuisine","8":"product_cat-theiere-thermos","9":"product_cat-uncategorized","10":"product_tag-1524","12":"first","13":"instock","14":"sale","15":"taxable","16":"shipping-taxable","17":"purchasable","18":"product-type-simple"},"_links":{"self":[{"href":"https:\/\/royalswiss.myskydoowebsite.com\/index.php?rest_route=\/wp\/v2\/product\/14010","targetHints":{"allow":["GET"]}}],"collection":[{"href":"https:\/\/royalswiss.myskydoowebsite.com\/index.php?rest_route=\/wp\/v2\/product"}],"about":[{"href":"https:\/\/royalswiss.myskydoowebsite.com\/index.php?rest_route=\/wp\/v2\/types\/product"}],"replies":[{"embeddable":true,"href":"https:\/\/royalswiss.myskydoowebsite.com\/index.php?rest_route=%2Fwp%2Fv2%2Fcomments&post=14010"}],"version-history":[{"count":1,"href":"https:\/\/royalswiss.myskydoowebsite.com\/index.php?rest_route=\/wp\/v2\/product\/14010\/revisions"}],"predecessor-version":[{"id":14016,"href":"https:\/\/royalswiss.myskydoowebsite.com\/index.php?rest_route=\/wp\/v2\/product\/14010\/revisions\/14016"}],"wp:featuredmedia":[{"embeddable":true,"href":"https:\/\/royalswiss.myskydoowebsite.com\/index.php?rest_route=\/wp\/v2\/media\/14014"}],"wp:attachment":[{"href":"https:\/\/royalswiss.myskydoowebsite.com\/index.php?rest_route=%2Fwp%2Fv2%2Fmedia&parent=14010"}],"wp:term":[{"taxonomy":"product_brand","embeddable":true,"href":"https:\/\/royalswiss.myskydoowebsite.com\/index.php?rest_route=%2Fwp%2Fv2%2Fproduct_brand&post=14010"},{"taxonomy":"product_cat","embeddable":true,"href":"https:\/\/royalswiss.myskydoowebsite.com\/index.php?rest_route=%2Fwp%2Fv2%2Fproduct_cat&post=14010"},{"taxonomy":"product_tag","embeddable":true,"href":"https:\/\/royalswiss.myskydoowebsite.com\/index.php?rest_route=%2Fwp%2Fv2%2Fproduct_tag&post=14010"}],"curies":[{"name":"wp","href":"https:\/\/api.w.org\/{rel}","templated":true}]}}