{"id":13915,"date":"2022-06-23T17:33:22","date_gmt":"2022-06-23T15:33:22","guid":{"rendered":"https:\/\/royalswiss.myskydoowebsite.com\/?post_type=product&#038;p=13915"},"modified":"2022-11-25T00:49:05","modified_gmt":"2022-11-24T23:49:05","slug":"couteaux-en-pochette-9-pieces","status":"publish","type":"product","link":"https:\/\/royalswiss.myskydoowebsite.com\/?product=couteaux-en-pochette-9-pieces","title":{"rendered":"couteaux en Pochette NL9"},"content":{"rendered":"<p><span style=\"vertical-align: inherit\"><span style=\"vertical-align: inherit\">Impress \u00e0 la fois les convives et la famille avec cet ensemble de couteaux compos\u00e9 de sept couteaux, un broyeur \u00e0 couteaux et une fourchette trancher. Vous obtenez, entre autres, un couteau de chef et un couteau \u00e0 pain. Les lames antibact\u00e9riennes sont en acier inoxydable et les poign\u00e9es ont un design \u00e9l\u00e9gant et inspir\u00e9 du bois. Un sac de rangement roll-up avec poign\u00e9es est inclus, de sorte que vous pouvez stocker les couteaux en toute s\u00e9curit\u00e9 et les transporter avec vous. Cet ensemble peut \u00eatre lav\u00e9 dans un lave-vaisselle. &#8211; L\u2019ensemble de couteau inclus, sac de rangement rollable &#8211; Lame et poign\u00e9e de couteau en acier inoxydable avec design &#8211; L\u2019ensemble comprend \u00e9galement une fourchette de tranche et un broyeur de couteau Specifications: br&gt;br&gt;color: Silver, brown Material : Acier inoxydable, plastic Dimensions, emballage:53 x 9 x 10 cm Length, couteau de chef, poign\u00e9e incl. : environ. 36 cm Length, coupeur, poign\u00e9e incl. : environ. 31 cm Length, couteau \u00e0 pain, poign\u00e9e incl. : environ. 33 cm Length, couteau shell, poign\u00e9e incl. : environ. 18 cm Length, couteau fendant, poign\u00e9e incl. : environ. 29 cm Length, couteau \u00e0 jambon, poign\u00e9e incl. : environ. 38 cm Length, couteau de jambe, poign\u00e9e incl. : environ. 27 cm Length, fourchette trancher: environ. 27 cm Length, broyeur de couteau: environ. 29 cm Packaging Contains: 1x Chef\u2019s Knife 1x Cutter 1x Bread Knife&lt;br&gt;gt;br&lt;br&lt;br&gt;br&gt;1x Bread Knife&lt;br&gt;&lt;br&lt;br&lt;br&gt;1x Bread Knife&lt;br&gt;gt;&lt;br&lt;br&gt;1x Shell Knife 1x Splitting Knife 1x Ham Knife 1x Bone Knife 1x Knife Grinder 1x Trancher fork 1x Storage Bag The produit est livr\u00e9 dans l\u2019emballage original.poign\u00e9e incl. : environ. 36 cm Length, coupeur, poign\u00e9e incl. : environ. 31 cm Length, couteau \u00e0 pain, poign\u00e9e incl. : environ. 33 cm Length, couteau shell, poign\u00e9e incl. : environ. 18 cm Length, couteau fendant, poign\u00e9e incl. : environ. 29 cm Length, couteau \u00e0 jambon, poign\u00e9e incl. : environ. 38 cm Length, couteau de jambe, poign\u00e9e incl. : environ. 27 cm Length, fourchette trancher: environ. 27 cm Length, broyeur de couteau: environ. 29 cm Packaging Contains: 1x Chef\u2019s Knife 1x Cutter 1x Bread Knife&lt;br&gt;gt;br&lt;br&lt;br&gt;br&gt;1x Bread Knife&lt;br&gt;&lt;br&lt;br&lt;br&gt;1x Bread Knife&lt;br&gt;gt;&lt;br&lt;br&gt;1x Shell Knife 1x Splitting Knife 1x Ham Knife 1x Bone Knife 1x Knife Grinder 1x Trancher fork 1x Storage Bag The produit est livr\u00e9 dans l\u2019emballage original.poign\u00e9e incl. : environ. 36 cm Length, coupeur, poign\u00e9e incl. : environ. 31 cm Length, couteau \u00e0 pain, poign\u00e9e incl. : environ. 33 cm Length, couteau shell, poign\u00e9e incl. : environ. 18 cm Length, couteau fendant, poign\u00e9e incl. : environ. 29 cm Length, couteau \u00e0 jambon, poign\u00e9e incl. : environ. 38 cm Length, couteau de jambe, poign\u00e9e incl. : environ. 27 cm Length, fourchette trancher: environ. 27 cm Length, broyeur de couteau: environ. 29 cm Packaging Contains: 1x Chef\u2019s Knife 1x Cutter 1x Bread Knife&lt;br&gt;gt;br&lt;br&lt;br&gt;br&gt;1x Bread Knife&lt;br&gt;&lt;br&lt;br&lt;br&gt;1x Bread Knife&lt;br&gt;gt;&lt;br&lt;br&gt;1x Shell Knife 1x Splitting Knife 1x Ham Knife 1x Bone Knife 1x Knife Grinder 1x Trancher fork 1x Storage Bag The produit est livr\u00e9 dans l\u2019emballage original.31 cm Length, couteau \u00e0 pain, poign\u00e9e incl. : environ. 33 cm Length, couteau shell, poign\u00e9e incl. : environ. 18 cm Length, couteau fendant, poign\u00e9e incl. : environ. 29 cm Length, couteau \u00e0 jambon, poign\u00e9e incl. : environ. 38 cm Length, couteau de jambe, poign\u00e9e incl. : environ. 27 cm Length, fourchette trancher: environ. 27 cm Length, broyeur de couteau: environ. 29 cm Packaging Contains: 1x Chef\u2019s Knife 1x Cutter 1x Bread Knife&lt;br&gt;gt;br&lt;br&lt;br&gt;br&gt;1x Bread Knife&lt;br&gt;&lt;br&lt;br&lt;br&gt;1x Bread Knife&lt;br&gt;gt;&lt;br&lt;br&gt;1x Shell Knife 1x Splitting Knife 1x Ham Knife 1x Bone Knife 1x Knife Grinder 1x Trancher fork 1x Storage Bag The produit est livr\u00e9 dans l\u2019emballage original.31 cm Length, couteau \u00e0 pain, poign\u00e9e incl. : environ. 33 cm Length, couteau shell, poign\u00e9e incl. : environ. 18 cm Length, couteau fendant, poign\u00e9e incl. : environ. 29 cm Length, couteau \u00e0 jambon, poign\u00e9e incl. : environ. 38 cm Length, couteau de jambe, poign\u00e9e incl. : environ. 27 cm Length, fourchette trancher: environ. 27 cm Length, broyeur de couteau: environ. 29 cm Packaging Contains: 1x Chef\u2019s Knife 1x Cutter 1x Bread Knife&lt;br&gt;gt;br&lt;br&lt;br&gt;br&gt;1x Bread Knife&lt;br&gt;&lt;br&lt;br&lt;br&gt;1x Bread Knife&lt;br&gt;gt;&lt;br&lt;br&gt;1x Shell Knife 1x Splitting Knife 1x Ham Knife 1x Bone Knife 1x Knife Grinder 1x Trancher fork 1x Storage Bag The produit est livr\u00e9 dans l\u2019emballage original.poign\u00e9e incl. : environ. 29 cm Length, couteau \u00e0 jambon, poign\u00e9e incl. : environ. 38 cm Length, couteau de jambe, poign\u00e9e incl. : environ. 27 cm Length, fourchette trancher: environ. 27 cm Length, broyeur de couteau: environ. 29 cm Packaging Contains: 1x Chef\u2019s Knife 1x Cutter 1x Bread Knife&lt;br&gt;gt;br&lt;br&lt;br&gt;br&gt;1x Bread Knife&lt;br&gt;&lt;br&lt;br&lt;br&gt;1x Bread Knife&lt;br&gt;gt;&lt;br&lt;br&gt;1x Shell Knife 1x Splitting Knife 1x Ham Knife 1x Bone Knife 1x Knife Grinder 1x Trancher fork 1x Storage Bag The produit est livr\u00e9 dans l\u2019emballage original.poign\u00e9e incl. : environ. 29 cm Length, couteau \u00e0 jambon, poign\u00e9e incl. : environ. 38 cm Length, couteau de jambe, poign\u00e9e incl. : environ. 27 cm Length, fourchette trancher: environ. 27 cm Length, broyeur de couteau: environ. 29 cm Packaging Contains: 1x Chef\u2019s Knife 1x Cutter 1x Bread Knife&lt;br&gt;gt;br&lt;br&lt;br&gt;br&gt;1x Bread Knife&lt;br&gt;&lt;br&lt;br&lt;br&gt;1x Bread Knife&lt;br&gt;gt;&lt;br&lt;br&gt;1x Shell Knife 1x Splitting Knife 1x Ham Knife 1x Bone Knife 1x Knife Grinder 1x Trancher fork 1x Storage Bag The produit est livr\u00e9 dans l\u2019emballage original.1x couteau de chef 1x cutter 1x couteau \u00e0 pain&lt;br&gt;gt;br&lt;br&gt;1x couteau \u00e0 pain&lt;br&gt;&lt;br&lt;br&lt;br&gt;1x couteau \u00e0 pain&lt;br&gt;gt;&lt;br&lt;br&gt;1x couteau \u00e0 coquille 1x Couteau \u00e0 fendre 1x Couteau \u00e0 jambon 1x Couteau \u00e0 os 1x Hachoir \u00e0 couteaux 1x Fourchette \u00e0 trancher 1x Sac de rangement Le produit est livr\u00e9 dans l&#8217;emballage d&rsquo;origine.1x couteau de chef 1x cutter 1x couteau \u00e0 pain&lt;br&gt;gt;br&lt;br&gt;1x couteau \u00e0 pain&lt;br&gt;&lt;br&lt;br&lt;br&gt;1x couteau \u00e0 pain&lt;br&gt;gt;&lt;br&lt;br&gt;1x couteau \u00e0 coquille 1x Couteau \u00e0 fendre 1x Couteau \u00e0 jambon 1x Couteau \u00e0 os 1x Hachoir \u00e0 couteaux 1x Fourchette \u00e0 trancher 1x Sac de rangement Le produit est livr\u00e9 dans l&#8217;emballage d&rsquo;origine.<\/span><\/span><\/p>\n<p><span style=\"vertical-align: inherit\"><span style=\"vertical-align: inherit\">Ensemble de couteaux suisses royaux<\/span><\/span><\/p>\n","protected":false},"excerpt":{"rendered":"<p>Impress \u00e0 la fois les convives et la famille avec cet ensemble de couteaux compos\u00e9 de sept couteaux, un broyeur \u00e0 couteaux et une fourchette trancher. Vous obtenez, entre autres, un couteau de chef et un couteau \u00e0 pain. Les lames antibact\u00e9riennes sont en acier inoxydable et les poign\u00e9es ont un design \u00e9l\u00e9gant et inspir\u00e9 [&hellip;]<\/p>\n","protected":false},"featured_media":13916,"comment_status":"open","ping_status":"closed","template":"","meta":[],"product_brand":[],"product_cat":[21,39],"product_tag":[1520],"class_list":{"0":"post-13915","1":"product","2":"type-product","3":"status-publish","4":"has-post-thumbnail","6":"product_cat-cuisine","7":"product_cat-ustensile","8":"product_tag-1520","10":"first","11":"outofstock","12":"sale","13":"taxable","14":"shipping-taxable","15":"purchasable","16":"product-type-simple"},"_links":{"self":[{"href":"https:\/\/royalswiss.myskydoowebsite.com\/index.php?rest_route=\/wp\/v2\/product\/13915","targetHints":{"allow":["GET"]}}],"collection":[{"href":"https:\/\/royalswiss.myskydoowebsite.com\/index.php?rest_route=\/wp\/v2\/product"}],"about":[{"href":"https:\/\/royalswiss.myskydoowebsite.com\/index.php?rest_route=\/wp\/v2\/types\/product"}],"replies":[{"embeddable":true,"href":"https:\/\/royalswiss.myskydoowebsite.com\/index.php?rest_route=%2Fwp%2Fv2%2Fcomments&post=13915"}],"version-history":[{"count":6,"href":"https:\/\/royalswiss.myskydoowebsite.com\/index.php?rest_route=\/wp\/v2\/product\/13915\/revisions"}],"predecessor-version":[{"id":13928,"href":"https:\/\/royalswiss.myskydoowebsite.com\/index.php?rest_route=\/wp\/v2\/product\/13915\/revisions\/13928"}],"wp:featuredmedia":[{"embeddable":true,"href":"https:\/\/royalswiss.myskydoowebsite.com\/index.php?rest_route=\/wp\/v2\/media\/13916"}],"wp:attachment":[{"href":"https:\/\/royalswiss.myskydoowebsite.com\/index.php?rest_route=%2Fwp%2Fv2%2Fmedia&parent=13915"}],"wp:term":[{"taxonomy":"product_brand","embeddable":true,"href":"https:\/\/royalswiss.myskydoowebsite.com\/index.php?rest_route=%2Fwp%2Fv2%2Fproduct_brand&post=13915"},{"taxonomy":"product_cat","embeddable":true,"href":"https:\/\/royalswiss.myskydoowebsite.com\/index.php?rest_route=%2Fwp%2Fv2%2Fproduct_cat&post=13915"},{"taxonomy":"product_tag","embeddable":true,"href":"https:\/\/royalswiss.myskydoowebsite.com\/index.php?rest_route=%2Fwp%2Fv2%2Fproduct_tag&post=13915"}],"curies":[{"name":"wp","href":"https:\/\/api.w.org\/{rel}","templated":true}]}}