{"id":13910,"date":"2022-06-23T16:34:24","date_gmt":"2022-06-23T14:34:24","guid":{"rendered":"https:\/\/royalswiss.myskydoowebsite.com\/?post_type=product&#038;p=13910"},"modified":"2022-07-27T19:24:47","modified_gmt":"2022-07-27T17:24:47","slug":"set-de-3-casseroles-en-inox-3l-4l-et-6l","status":"publish","type":"product","link":"https:\/\/royalswiss.myskydoowebsite.com\/?product=set-de-3-casseroles-en-inox-3l-4l-et-6l","title":{"rendered":"Set de 3 casseroles en Inox 3l &#8211; 4l et 6L"},"content":{"rendered":"<p>Cette batterie de cuisine en inox vous permettras de concocter tout type de plat sans difficult\u00e9. Allant sur tout type de feux, gaz, \u00e9lectrique, induction, vitro &#8211; c\u00e9ramique, elle n\u2019aura aucun mal \u00e0 int\u00e9gr\u00e9 votre cuisine. les poign\u00e9es ne chauffent pas et elle est tr\u00e8s facile \u00e0 nettoyer , Une fois la cuisine termin\u00e9 laisser votre lave-vaisselle s\u2019occuper des casseroles afin qu\u2019il soit pr\u00eat de les nettoyer au mieux.<\/p>\n<p>Cette batterie est compos\u00e9e de :<br \/>\n\u2022 1 casserole de 18 x 11.5 cm \/ 3 Litres\u00a0 \u00a0 \u00a0+ couvercle<br \/>\n\u2022 1 casserole de 20 x 12.5 cm \/ 4 Litres\u00a0 \u00a0 + couvercle<br \/>\n\u2022 1 casserole de 24 x 14,5 cm \/ 6.5 Litres + couvercle<\/p>\n","protected":false},"excerpt":{"rendered":"<p>&nbsp;<\/p>\n<p>Cette batterie est compos\u00e9e de :<br \/>\n\u2022 1 casserole de 18 x 11.5 cm \/ 3 Litres\u00a0 \u00a0 \u00a0+ couvercle<br \/>\n\u2022 1 casserole de 20 x 12.5 cm \/ 4 Litres\u00a0 \u00a0 + couvercle<br \/>\n\u2022 1 casserole de 24 x 14,5 cm \/ 6.5 Litres + couvercle<\/p>\n","protected":false},"featured_media":13911,"comment_status":"open","ping_status":"closed","template":"","meta":[],"product_brand":[],"product_cat":[41,38,21,15],"product_tag":[1519],"class_list":{"0":"post-13910","1":"product","2":"type-product","3":"status-publish","4":"has-post-thumbnail","6":"product_cat-batterie-de-cuisine","7":"product_cat-casseroles-marmitte","8":"product_cat-cuisine","9":"product_cat-uncategorized","10":"product_tag-1519","12":"first","13":"instock","14":"sale","15":"taxable","16":"shipping-taxable","17":"purchasable","18":"product-type-simple"},"_links":{"self":[{"href":"https:\/\/royalswiss.myskydoowebsite.com\/index.php?rest_route=\/wp\/v2\/product\/13910","targetHints":{"allow":["GET"]}}],"collection":[{"href":"https:\/\/royalswiss.myskydoowebsite.com\/index.php?rest_route=\/wp\/v2\/product"}],"about":[{"href":"https:\/\/royalswiss.myskydoowebsite.com\/index.php?rest_route=\/wp\/v2\/types\/product"}],"replies":[{"embeddable":true,"href":"https:\/\/royalswiss.myskydoowebsite.com\/index.php?rest_route=%2Fwp%2Fv2%2Fcomments&post=13910"}],"version-history":[{"count":1,"href":"https:\/\/royalswiss.myskydoowebsite.com\/index.php?rest_route=\/wp\/v2\/product\/13910\/revisions"}],"predecessor-version":[{"id":13913,"href":"https:\/\/royalswiss.myskydoowebsite.com\/index.php?rest_route=\/wp\/v2\/product\/13910\/revisions\/13913"}],"wp:featuredmedia":[{"embeddable":true,"href":"https:\/\/royalswiss.myskydoowebsite.com\/index.php?rest_route=\/wp\/v2\/media\/13911"}],"wp:attachment":[{"href":"https:\/\/royalswiss.myskydoowebsite.com\/index.php?rest_route=%2Fwp%2Fv2%2Fmedia&parent=13910"}],"wp:term":[{"taxonomy":"product_brand","embeddable":true,"href":"https:\/\/royalswiss.myskydoowebsite.com\/index.php?rest_route=%2Fwp%2Fv2%2Fproduct_brand&post=13910"},{"taxonomy":"product_cat","embeddable":true,"href":"https:\/\/royalswiss.myskydoowebsite.com\/index.php?rest_route=%2Fwp%2Fv2%2Fproduct_cat&post=13910"},{"taxonomy":"product_tag","embeddable":true,"href":"https:\/\/royalswiss.myskydoowebsite.com\/index.php?rest_route=%2Fwp%2Fv2%2Fproduct_tag&post=13910"}],"curies":[{"name":"wp","href":"https:\/\/api.w.org\/{rel}","templated":true}]}}