{"id":13892,"date":"2022-06-20T18:02:02","date_gmt":"2022-06-20T16:02:02","guid":{"rendered":"https:\/\/royalswiss.myskydoowebsite.com\/?post_type=product&#038;p=13892"},"modified":"2022-07-30T18:42:45","modified_gmt":"2022-07-30T16:42:45","slug":"casserole-set-passoire-integree","status":"publish","type":"product","link":"https:\/\/royalswiss.myskydoowebsite.com\/?product=casserole-set-passoire-integree","title":{"rendered":"Set de 3 casseroles avec passoire int\u00e9gr\u00e9e"},"content":{"rendered":"<div class=\"section--4 section--5@sm section--0@md grid gap-x--4\">\n<div class=\"col--12 col--9@sm\">\n<div class=\"flex gap-x--2 align-items--baseline\">\n<h3>Avantages<\/h3>\n<div class=\"hide@md-down\"><span class=\"additional-text\">D&rsquo;apr\u00e8s notre expert po\u00eale<\/span><\/div>\n<\/div>\n<div class=\"section--1\">\n<ul class=\"list\">\n<li class=\"list__item \"><span class=\"icon-with-text\"><span class=\"icon-with-text__text\">Gr\u00e2ce \u00e0 l&rsquo;indicateur de litre pratique, vous mesurez les liquides directement dans les casseroles.<\/span><\/span><\/li>\n<li class=\"list__item \"><span class=\"icon-with-text\"><span class=\"icon-with-text__text\">Les petits trous sur le c\u00f4t\u00e9 des couvercles permettent de d\u00e9verser l&rsquo;eau chaude avec beaucoup plus de facilit\u00e9.<\/span><\/span><\/li>\n<li class=\"list__item hide@sm-down\"><span class=\"icon-with-text\"><span class=\"icon-with-text__text\">Les casseroles conviennent \u00e0 toutes les sources de chaleur, y compris l&rsquo;induction.<\/span><\/span><\/li>\n<\/ul>\n<\/div>\n<\/div>\n<div class=\"hide@sm-down col--3@sm text--right\"><\/div>\n<\/div>\n<div class=\"section--4 section--5@sm\" data-curtain-label-up=\"Afficher moins\" data-curtain-label-down=\"Afficher plus\" data-track-category=\"responsive product page\" data-track-action=\"Product description\" data-show-more-event-name=\"product_information.select_more_product_information\" data-min-lines=\"6\" data-offset=\"22\" data-component=\"[{&quot;name&quot;:&quot;curtain&quot;,&quot;options&quot;:{&quot;addFadeElement&quot;:false,&quot;updateHeightOnResize&quot;:true,&quot;initialStatus&quot;:&quot;up&quot;},&quot;isActiveOn&quot;:[&quot;tablet&quot;,&quot;desktop&quot;,&quot;large-desktop&quot;],&quot;processed&quot;:true,&quot;id&quot;:&quot;0&quot;}]\">\n<div class=\"curtain__content-inner-wrapper\">\n<h3>Description<\/h3>\n<div class=\"cms-content hide@sm-down\" lang=\"fr\">\n<p>Avec la\u00a0 Batterie de cuisine Royal Swiss 3 pi\u00e8ces, vous avez un set de casseroles basique. Ce set se compose de 3 casseroles avec des couvercles . Gr\u00e2ce aux couvercles en verre, vous pourrez surveiller attentivement la cuisson sans provoquer des pertes de chaleur. La passoire int\u00e9gr\u00e9e dans les couvercles vous permet de verser des liquides de fa\u00e7on s\u00fbre. Comme le fond des po\u00eales se compose de plusieurs couches, la chaleur est r\u00e9partie correctement et rapidement. C&rsquo;est pourquoi ces casseroles sont adapt\u00e9es \u00e0 toutes les sources de chaleur. Vous avez fini de cuisiner ? Gr\u00e2ce aux poign\u00e9es froides, vous pourrez d\u00e9placer les casseroles facilement vers la table et les mettre dans le lave-vaisselle quand vous avez fini de manger.<\/p>\n<\/div>\n<p>le set de casseroles comprend\u00a0 :<\/p>\n<ul>\n<li>1 casserole 16&#215;10 cm\u00a0 \u00a0 &#8211; 2 Litres + couvercle en verre<\/li>\n<li>1 casserole 20&#215;12 cm\u00a0 \u00a0 &#8211; 4 Litres + couvercle en verre<\/li>\n<li>1 casserole 24&#215;13.5 cm &#8211; 6 Litres + couvercle en verre<\/li>\n<\/ul>\n<\/div>\n<\/div>\n","protected":false},"excerpt":{"rendered":"<p>&nbsp;<\/p>\n<p>le set de casseroles comprend\u00a0 :<\/p>\n<ul>\n<li>1 casserole 16&#215;10 cm\u00a0 \u00a0 &#8211; 2 Litres + couvercle en verre<\/li>\n<li>1 casserole 20&#215;12 cm\u00a0 \u00a0 &#8211; 4 Litres + couvercle en verre<\/li>\n<li>1 casserole 24&#215;13.5 cm &#8211; 6 Litres + couvercle en verre<\/li>\n<\/ul>\n","protected":false},"featured_media":13893,"comment_status":"open","ping_status":"closed","template":"","meta":[],"product_brand":[],"product_cat":[38,21],"product_tag":[1518,1517],"class_list":{"0":"post-13892","1":"product","2":"type-product","3":"status-publish","4":"has-post-thumbnail","6":"product_cat-casseroles-marmitte","7":"product_cat-cuisine","8":"product_tag-1518","9":"product_tag-1517","11":"first","12":"outofstock","13":"sale","14":"taxable","15":"shipping-taxable","16":"purchasable","17":"product-type-variable"},"_links":{"self":[{"href":"https:\/\/royalswiss.myskydoowebsite.com\/index.php?rest_route=\/wp\/v2\/product\/13892","targetHints":{"allow":["GET"]}}],"collection":[{"href":"https:\/\/royalswiss.myskydoowebsite.com\/index.php?rest_route=\/wp\/v2\/product"}],"about":[{"href":"https:\/\/royalswiss.myskydoowebsite.com\/index.php?rest_route=\/wp\/v2\/types\/product"}],"replies":[{"embeddable":true,"href":"https:\/\/royalswiss.myskydoowebsite.com\/index.php?rest_route=%2Fwp%2Fv2%2Fcomments&post=13892"}],"version-history":[{"count":4,"href":"https:\/\/royalswiss.myskydoowebsite.com\/index.php?rest_route=\/wp\/v2\/product\/13892\/revisions"}],"predecessor-version":[{"id":13906,"href":"https:\/\/royalswiss.myskydoowebsite.com\/index.php?rest_route=\/wp\/v2\/product\/13892\/revisions\/13906"}],"wp:featuredmedia":[{"embeddable":true,"href":"https:\/\/royalswiss.myskydoowebsite.com\/index.php?rest_route=\/wp\/v2\/media\/13893"}],"wp:attachment":[{"href":"https:\/\/royalswiss.myskydoowebsite.com\/index.php?rest_route=%2Fwp%2Fv2%2Fmedia&parent=13892"}],"wp:term":[{"taxonomy":"product_brand","embeddable":true,"href":"https:\/\/royalswiss.myskydoowebsite.com\/index.php?rest_route=%2Fwp%2Fv2%2Fproduct_brand&post=13892"},{"taxonomy":"product_cat","embeddable":true,"href":"https:\/\/royalswiss.myskydoowebsite.com\/index.php?rest_route=%2Fwp%2Fv2%2Fproduct_cat&post=13892"},{"taxonomy":"product_tag","embeddable":true,"href":"https:\/\/royalswiss.myskydoowebsite.com\/index.php?rest_route=%2Fwp%2Fv2%2Fproduct_tag&post=13892"}],"curies":[{"name":"wp","href":"https:\/\/api.w.org\/{rel}","templated":true}]}}