{"id":13338,"date":"2021-12-02T13:19:33","date_gmt":"2021-12-02T12:19:33","guid":{"rendered":"https:\/\/royalswiss.myskydoowebsite.com\/?post_type=product&#038;p=13338"},"modified":"2022-09-15T19:04:59","modified_gmt":"2022-09-15T17:04:59","slug":"plancha-90-cm-effet-pierre-antiadhesif","status":"publish","type":"product","link":"https:\/\/royalswiss.myskydoowebsite.com\/?product=plancha-90-cm-effet-pierre-antiadhesif","title":{"rendered":"Plancha 90 cm &#8211; effet pierre antiadh\u00e9sif"},"content":{"rendered":"<p><strong>Plancha \u00e9lectrique 2000W &#8211; 90 cm avec thermostat r\u00e9glable et bac \u00e0 jus <\/strong><\/p>\n<p>D\u00eener romantique, soir\u00e9e en famille ou entre amis ? Ne vous prenez plus la t\u00eate avec le choix du plat qui mettra des heures de pr\u00e9paration ! Pensez rapide, simple et efficace avec la nouvelle plancha \u00e9lectrique de chez Royal Swiss. Que vous ayez envie de poisson, de viande, de l\u00e9gumes, elle r\u00e9pondra \u00e0 toutes vos envies en faisant fr\u00e9tiller tous les ingr\u00e9dients de votre choix sur sa longue surface de cuisson de 90 cm.<\/p>\n<p>Mode de cuisson originaire d\u2019Espagne, la plancha a su parfaitement s\u2019adapt\u00e9 aux exigences modernes et poss\u00e8de de nombreux avantages. Vous pouvez faire cuire vos aliments sans mati\u00e8re grasse et ceci en conservant parfaitement le go\u00fbt et la qualit\u00e9 nutritionnelle de vos aliments ! R\u00e9sultat : vous pouvez partager d\u2019agr\u00e9ables moments de convivialit\u00e9 sans restreindre votre app\u00e9tit.<\/p>\n<p>Contrairement au barbecue qui carbonise les ingr\u00e9dients et \u00e9met de la fum\u00e9e, la plancha peut aussi bien \u00eatre utilis\u00e9e en int\u00e9rieur qu\u2019en ext\u00e9rieur et n\u2019alt\u00e8re pas la saveur de vos repas. Branch\u00e9e sur prise, elle dispose d\u2019un grill chauffant d\u2019une capacit\u00e9 de 1800 W ce qui vous permet de r\u00e9gler la puissance de cuisson \u00e0 votre convenance via un thermostat ajustable. Gr\u00e2ce \u00e0 ce type de cuisson,\u00a0chacun peut d\u00e9sormais g\u00e9rer la dorure de sa viande aussi bien saignante que cuite \u00e0 point.<\/p>\n<p>Ses deux poign\u00e9es ergonomiques vous permettront une prise en main facile et en toute s\u00e9curit\u00e9, de quoi d\u00e9placer la plancha quand vous le souhaitez, de la table \u00e0 la cuisine, sans vous br\u00fbler et en toute simplicit\u00e9.<\/p>\n<p>L\u2019avantage de ce type de produit est que la plaque absorbe la graisse des aliments et le jus de cuisson est alors transf\u00e9r\u00e9 dans un bac situ\u00e9 sous le socle qui peut \u00eatre vid\u00e9 facilement et en toute propret\u00e9.<\/p>\n<p><strong>caract\u00e9ristique technique :\u00a0<\/strong><\/p>\n<ul>\n<li><strong>Cordon d\u00e9tachable avec thermostat<\/strong><\/li>\n<li><strong>Surface de cuisson\u00a0: 90 x 23 cm<\/strong><\/li>\n<li><strong>R\u00e9glage de chaleur\u00a0: 5<\/strong><\/li>\n<li><strong>\u00c9l\u00e9ments chauffant dissimul\u00e9<\/strong><\/li>\n<li><strong>Poign\u00e9e cool touch <\/strong><\/li>\n<li><strong>Rev\u00eatement antiadh\u00e9sif<\/strong><\/li>\n<li><strong>Pi\u00e8ces lavables au lave-vaisselle<\/strong><\/li>\n<li><strong>Bac \u00e0 graisse <\/strong><\/li>\n<li><strong>Pieds antid\u00e9rapants<\/strong><\/li>\n<li><strong>T\u00e9moins lumineux de puissance<\/strong><\/li>\n<li><strong>Cordon d\u2019alimentation : 1 m<\/strong><\/li>\n<li><strong>Puissance\u00a0: 2000 watts<\/strong><\/li>\n<\/ul>\n<p>&nbsp;<\/p>\n<p>&nbsp;<\/p>\n<h6><strong>Garantie 2 ans\u00a0(les retours sont aux frais du client)<\/strong><\/h6>\n<h6><strong>Vous pouvez nous retourner votre achat en ligne si :<\/strong><\/h6>\n<ul>\n<li>\n<h6><strong>Votre produit a \u00e9t\u00e9 livr\u00e9 il y a moins de 7 jours.<\/strong><\/h6>\n<\/li>\n<li>\n<h6><strong>Vous \u00eates toujours en possession de l&#8217;emballage d&rsquo;origine et de son contenu original au complet.<\/strong><\/h6>\n<\/li>\n<li>\n<h6><strong>Vous n&rsquo;avez pas utilis\u00e9 l&rsquo;objet et celui-ci est toujours dans son emballage<\/strong><\/h6>\n<\/li>\n<li>\n<h6><strong>Vous avez re\u00e7u un produit incorrect ou inappropri\u00e9 et que l&#8217;emballage n&rsquo;est pas ouvert.<\/strong><\/h6>\n<h6><\/h6>\n<\/li>\n<\/ul>\n<h6><strong>(Les frais de\u00a0retour\u00a0sont \u00e0 la charge du client, sauf en cas d&rsquo;erreur de notre part et le remboursement se fera seulement apr\u00e8s la r\u00e9ception de nos\u00a0articles)<\/strong><\/h6>\n","protected":false},"excerpt":{"rendered":"<p>&nbsp;<\/p>\n<ul>\n<li><strong>Cordon d\u00e9tachable avec thermostat<\/strong><\/li>\n<li><strong>Surface de cuisson\u00a0: 90 x 23 cm<\/strong><\/li>\n<li><strong>R\u00e9glage de chaleur\u00a0: 5<\/strong><\/li>\n<li><strong>\u00c9l\u00e9ments chauffant dissimul\u00e9<\/strong><\/li>\n<li><strong>Poign\u00e9e cool touch <\/strong><\/li>\n<li><strong>Rev\u00eatement antiadh\u00e9sif<\/strong><\/li>\n<li><strong>Pi\u00e8ces lavables au lave-vaisselle<\/strong><\/li>\n<li><strong>Bac \u00e0 graisse <\/strong><\/li>\n<li><strong>Pieds antid\u00e9rapants<\/strong><\/li>\n<li><strong>T\u00e9moins lumineux de puissance<\/strong><\/li>\n<li><strong>Cordon d\u2019alimentation : 1 m<\/strong><\/li>\n<li><strong>Puissance\u00a0: 2000 watts<\/strong><\/li>\n<\/ul>\n","protected":false},"featured_media":13339,"comment_status":"open","ping_status":"closed","template":"","meta":[],"product_brand":[],"product_cat":[56,33,1558,15],"product_tag":[155],"class_list":{"0":"post-13338","1":"product","2":"type-product","3":"status-publish","4":"has-post-thumbnail","6":"product_cat-electromenager","7":"product_cat-petit-electromenager","8":"product_cat-plancha-panini","9":"product_cat-uncategorized","10":"product_tag-155","12":"first","13":"instock","14":"sale","15":"taxable","16":"shipping-taxable","17":"purchasable","18":"product-type-simple"},"_links":{"self":[{"href":"https:\/\/royalswiss.myskydoowebsite.com\/index.php?rest_route=\/wp\/v2\/product\/13338","targetHints":{"allow":["GET"]}}],"collection":[{"href":"https:\/\/royalswiss.myskydoowebsite.com\/index.php?rest_route=\/wp\/v2\/product"}],"about":[{"href":"https:\/\/royalswiss.myskydoowebsite.com\/index.php?rest_route=\/wp\/v2\/types\/product"}],"replies":[{"embeddable":true,"href":"https:\/\/royalswiss.myskydoowebsite.com\/index.php?rest_route=%2Fwp%2Fv2%2Fcomments&post=13338"}],"version-history":[{"count":4,"href":"https:\/\/royalswiss.myskydoowebsite.com\/index.php?rest_route=\/wp\/v2\/product\/13338\/revisions"}],"predecessor-version":[{"id":13345,"href":"https:\/\/royalswiss.myskydoowebsite.com\/index.php?rest_route=\/wp\/v2\/product\/13338\/revisions\/13345"}],"wp:featuredmedia":[{"embeddable":true,"href":"https:\/\/royalswiss.myskydoowebsite.com\/index.php?rest_route=\/wp\/v2\/media\/13339"}],"wp:attachment":[{"href":"https:\/\/royalswiss.myskydoowebsite.com\/index.php?rest_route=%2Fwp%2Fv2%2Fmedia&parent=13338"}],"wp:term":[{"taxonomy":"product_brand","embeddable":true,"href":"https:\/\/royalswiss.myskydoowebsite.com\/index.php?rest_route=%2Fwp%2Fv2%2Fproduct_brand&post=13338"},{"taxonomy":"product_cat","embeddable":true,"href":"https:\/\/royalswiss.myskydoowebsite.com\/index.php?rest_route=%2Fwp%2Fv2%2Fproduct_cat&post=13338"},{"taxonomy":"product_tag","embeddable":true,"href":"https:\/\/royalswiss.myskydoowebsite.com\/index.php?rest_route=%2Fwp%2Fv2%2Fproduct_tag&post=13338"}],"curies":[{"name":"wp","href":"https:\/\/api.w.org\/{rel}","templated":true}]}}