{"id":13328,"date":"2021-12-01T16:36:08","date_gmt":"2021-12-01T15:36:08","guid":{"rendered":"https:\/\/royalswiss.myskydoowebsite.com\/?post_type=product&#038;p=13328"},"modified":"2021-12-01T16:36:08","modified_gmt":"2021-12-01T15:36:08","slug":"oreiller-50-x-70-cm","status":"publish","type":"product","link":"https:\/\/royalswiss.myskydoowebsite.com\/?product=oreiller-50-x-70-cm","title":{"rendered":"Oreiller  50 x 70 cm"},"content":{"rendered":"<p>L\u2019oreiller Royal Swiss est garni de flocons de mousse \u00e0 m\u00e9moire. S&rsquo;adapte parfaitement \u00e0 votre corps et votre position.<\/p>\n<p>Enveloppe : 100% polyester<br \/>\nGarnissage : 1100 grammes de flocons de mousse<br \/>\nTaille : 50 x 70 cm<\/p>\n<p>Conforme aux exigences du d\u00e9cret N\u00b02000-164 du 23 f\u00e9vrier 2000<br \/>\nFabriqu\u00e9 en Europe<\/p>\n","protected":false},"excerpt":{"rendered":"<p>&nbsp;<\/p>\n<p>Enveloppe : 100% polyester<br \/>\nGarnissage : 1100 grammes de flocons de mousse<br \/>\nTaille : 50 x 70 cm<\/p>\n","protected":false},"featured_media":13329,"comment_status":"open","ping_status":"closed","template":"","meta":[],"product_brand":[],"product_cat":[42,15],"product_tag":[1513],"class_list":{"0":"post-13328","1":"product","2":"type-product","3":"status-publish","4":"has-post-thumbnail","6":"product_cat-divers","7":"product_cat-uncategorized","8":"product_tag-1513","10":"first","11":"instock","12":"sale","13":"taxable","14":"shipping-taxable","15":"purchasable","16":"product-type-variable"},"_links":{"self":[{"href":"https:\/\/royalswiss.myskydoowebsite.com\/index.php?rest_route=\/wp\/v2\/product\/13328","targetHints":{"allow":["GET"]}}],"collection":[{"href":"https:\/\/royalswiss.myskydoowebsite.com\/index.php?rest_route=\/wp\/v2\/product"}],"about":[{"href":"https:\/\/royalswiss.myskydoowebsite.com\/index.php?rest_route=\/wp\/v2\/types\/product"}],"replies":[{"embeddable":true,"href":"https:\/\/royalswiss.myskydoowebsite.com\/index.php?rest_route=%2Fwp%2Fv2%2Fcomments&post=13328"}],"version-history":[{"count":1,"href":"https:\/\/royalswiss.myskydoowebsite.com\/index.php?rest_route=\/wp\/v2\/product\/13328\/revisions"}],"predecessor-version":[{"id":13336,"href":"https:\/\/royalswiss.myskydoowebsite.com\/index.php?rest_route=\/wp\/v2\/product\/13328\/revisions\/13336"}],"wp:featuredmedia":[{"embeddable":true,"href":"https:\/\/royalswiss.myskydoowebsite.com\/index.php?rest_route=\/wp\/v2\/media\/13329"}],"wp:attachment":[{"href":"https:\/\/royalswiss.myskydoowebsite.com\/index.php?rest_route=%2Fwp%2Fv2%2Fmedia&parent=13328"}],"wp:term":[{"taxonomy":"product_brand","embeddable":true,"href":"https:\/\/royalswiss.myskydoowebsite.com\/index.php?rest_route=%2Fwp%2Fv2%2Fproduct_brand&post=13328"},{"taxonomy":"product_cat","embeddable":true,"href":"https:\/\/royalswiss.myskydoowebsite.com\/index.php?rest_route=%2Fwp%2Fv2%2Fproduct_cat&post=13328"},{"taxonomy":"product_tag","embeddable":true,"href":"https:\/\/royalswiss.myskydoowebsite.com\/index.php?rest_route=%2Fwp%2Fv2%2Fproduct_tag&post=13328"}],"curies":[{"name":"wp","href":"https:\/\/api.w.org\/{rel}","templated":true}]}}