{"id":13307,"date":"2021-11-26T15:43:25","date_gmt":"2021-11-26T14:43:25","guid":{"rendered":"https:\/\/royalswiss.myskydoowebsite.com\/?post_type=product&#038;p=13307"},"modified":"2022-06-27T18:36:20","modified_gmt":"2022-06-27T16:36:20","slug":"3-in-1-detecteur-co2-moniteur-de-qualite-de-lair","status":"publish","type":"product","link":"https:\/\/royalswiss.myskydoowebsite.com\/?product=3-in-1-detecteur-co2-moniteur-de-qualite-de-lair","title":{"rendered":"3 in 1 D\u00e9tecteur CO2 &#8211; Moniteur de qualit\u00e9 de l&rsquo;air"},"content":{"rendered":"<p>La qualit\u00e9 de l&rsquo;air est vitale pour notre sant\u00e9, un d\u00e9tecteur de qualit\u00e9 de l&rsquo;air est donc n\u00e9cessaire pour am\u00e9liorer la qualit\u00e9 de notre vie. Ce produit est capable de d\u00e9tecter le CO2, la temp\u00e9rature et l&rsquo;humidit\u00e9, multifonctionnel et facile \u00e0 utiliser,<\/p>\n<p>Surveillance en temps r\u00e9el et affichage en temps r\u00e9el de la concentration de dioxyde de carbone par m\u00e8tre cube.<\/p>\n<p>&nbsp;<\/p>\n<p>Pr\u00e9sentation produit : Moniteur de qualit\u00e9 de l&rsquo;air Intelligent grand \u00e9cran CO2 Temp\u00e9rature Humidit\u00e9 D\u00e9tecteur Polyvalent Outil Portable USB -Blanc<\/p>\n<p>Caract\u00e9ristiques d\u00e9taill\u00e9 :<\/p>\n<ul>\n<li>Polyvalent: il peut d\u00e9tecter la temp\u00e9rature et l&rsquo;humidit\u00e9, le niveau de CO2 en temps r\u00e9el et s&rsquo;afficher de mani\u00e8re intuitive sur un grand \u00e9cran, rapide et pr\u00e9cis.<\/li>\n<li>Compact et portable: il est de petite taille et facile \u00e0 transporter, vous pouvez donc l&#8217;emmener l\u00e0 o\u00f9 la qualit\u00e9 de l&rsquo;air doit \u00eatre surveill\u00e9e.<\/li>\n<li>Fonction: avec syst\u00e8me d&rsquo;alarme intelligent, algorithme de reconnaissance ga-s, anti-interf\u00e9rence multiple, technologie de convection d&rsquo;air et \u00e9talonnage de compensation de serre.<\/li>\n<li>Pr\u00e9cision: \u00c9quip\u00e9 d&rsquo;une puce haute performance qui peut capturer le faible courant g\u00e9n\u00e9r\u00e9 pendant la r\u00e9action \u00e9lectrochimique et fournir une mesure pr\u00e9cise. La d\u00e9tection de CO2 peut \u00eatre rafra\u00eechie toutes les secondes.<\/li>\n<li>Applications larges: agriculture, l\u00e9gumes de serre, entrep\u00f4t de production, traitement des mati\u00e8res premi\u00e8res, etc. &#8212;<\/li>\n<\/ul>\n<p>&nbsp;<\/p>\n<p>Caract\u00e9ristiques technique :<\/p>\n<ul>\n<li>Mat\u00e9riel: ABS<\/li>\n<li>Couleur: blanc<\/li>\n<li>Plage de d\u00e9tection de CO2: 400-5000 PPM<\/li>\n<li>R\u00e9solution: 10PPM<\/li>\n<li>Pr\u00e9cision: \u22640.2ppm<\/li>\n<li>Sensibilit\u00e9: 0,45 \u00b1 0,15ma \/ ppm<\/li>\n<li>Anti-interf\u00e9rence: 47,22%<\/li>\n<li>Temps de r\u00e9ponse: \u226460s<\/li>\n<li>Plage de mesure de temp\u00e9rature: -10 ~ 70 \u2103<\/li>\n<li>Pr\u00e9cision de mesure de la temp\u00e9rature: \u00b1 1 \u2103<\/li>\n<li>Plage de mesure d&rsquo;humidit\u00e9: 0% ~ 99% HR<\/li>\n<li>Pr\u00e9cision de mesure d&rsquo;humidit\u00e9: \u00b1 2% HR<\/li>\n<li>Adaptateur secteur: interface micro USB DC5V 1A<\/li>\n<li>Tension de fonctionnement: 3,7 V<\/li>\n<li>Batterie: 1 * batterie au lithium, 1200mAh (incluse)<\/li>\n<li>Taille de l&rsquo;article: 90 * 70 * 40mm \/ 3.5 * 2.8 * 1.6in<\/li>\n<li>Taille de l&#8217;emballage: 92 * 72 * 42 mm \/ 3,6 * 2,8 * 1,7 pouces<\/li>\n<li>Poids du paquet: 260g \/ 9,2 onces &#8212; Liste de colisage: (facultatif) 1 * d\u00e9tecteur de qualit\u00e9 de l&rsquo;air 1 * c\u00e2ble USB 1 * manuel de l&rsquo;utilisateur<\/li>\n<\/ul>\n<p>&nbsp;<\/p>\n<p>Valeurs de la qualit\u00e9 de l&rsquo;air :<\/p>\n<p>400-800 ppm \u2013 Vert<br \/>\n800-1200 ppm \u2013 Jaune<br \/>\n1200-1600 ppm \u2013 Orange<br \/>\n&gt; 1600 ppm &#8211; Rouge (Un signal d&rsquo;avertissement suivra au-dessus de 2000 ppm)<br \/>\nRemarque : faites \u00e9talonner l&rsquo;indicateur de qualit\u00e9 de l&rsquo;air Sybra pendant 24 heures pour des mesures pr\u00e9cises.<\/p>\n<p># co2 # qualit\u00e9 de l&rsquo;air # covid # crise sanitaire # mesure co2 # temp\u00e9rature # humidit\u00e9 # d\u00e9tection CO2<\/p>\n","protected":false},"excerpt":{"rendered":"<p>Caract\u00e9ristiques d\u00e9taill\u00e9 :<\/p>\n<ul>\n<li>Polyvalent: il peut d\u00e9tecter la temp\u00e9rature et l&rsquo;humidit\u00e9, le niveau de CO2 en temps r\u00e9el et s&rsquo;afficher de mani\u00e8re intuitive sur un grand \u00e9cran, rapide et pr\u00e9cis.<\/li>\n<li>Compact et portable: il est de petite taille et facile \u00e0 transporter, vous pouvez donc l&#8217;emmener l\u00e0 o\u00f9 la qualit\u00e9 de l&rsquo;air doit \u00eatre surveill\u00e9e.<\/li>\n<li>Fonction: avec syst\u00e8me d&rsquo;alarme intelligent, algorithme de reconnaissance ga-s, anti-interf\u00e9rence multiple, technologie de convection d&rsquo;air et \u00e9talonnage de compensation de serre.<\/li>\n<li>Pr\u00e9cision: \u00c9quip\u00e9 d&rsquo;une puce haute performance qui peut capturer le faible courant g\u00e9n\u00e9r\u00e9 pendant la r\u00e9action \u00e9lectrochimique et fournir une mesure pr\u00e9cise. La d\u00e9tection de CO2 peut \u00eatre rafra\u00eechie toutes les secondes.<\/li>\n<li>Applications larges: agriculture, l\u00e9gumes de serre, entrep\u00f4t de production, traitement des mati\u00e8res premi\u00e8res, etc. &#8212;<\/li>\n<\/ul>\n<p>&nbsp;<\/p>\n<p>&nbsp;<\/p>\n<p>&nbsp;<\/p>\n","protected":false},"featured_media":13311,"comment_status":"open","ping_status":"closed","template":"","meta":[],"product_brand":[],"product_cat":[42,15],"product_tag":[1512],"class_list":{"0":"post-13307","1":"product","2":"type-product","3":"status-publish","4":"has-post-thumbnail","6":"product_cat-divers","7":"product_cat-uncategorized","8":"product_tag-1512","10":"first","11":"instock","12":"sale","13":"taxable","14":"shipping-taxable","15":"purchasable","16":"product-type-simple"},"_links":{"self":[{"href":"https:\/\/royalswiss.myskydoowebsite.com\/index.php?rest_route=\/wp\/v2\/product\/13307","targetHints":{"allow":["GET"]}}],"collection":[{"href":"https:\/\/royalswiss.myskydoowebsite.com\/index.php?rest_route=\/wp\/v2\/product"}],"about":[{"href":"https:\/\/royalswiss.myskydoowebsite.com\/index.php?rest_route=\/wp\/v2\/types\/product"}],"replies":[{"embeddable":true,"href":"https:\/\/royalswiss.myskydoowebsite.com\/index.php?rest_route=%2Fwp%2Fv2%2Fcomments&post=13307"}],"version-history":[{"count":1,"href":"https:\/\/royalswiss.myskydoowebsite.com\/index.php?rest_route=\/wp\/v2\/product\/13307\/revisions"}],"predecessor-version":[{"id":13315,"href":"https:\/\/royalswiss.myskydoowebsite.com\/index.php?rest_route=\/wp\/v2\/product\/13307\/revisions\/13315"}],"wp:featuredmedia":[{"embeddable":true,"href":"https:\/\/royalswiss.myskydoowebsite.com\/index.php?rest_route=\/wp\/v2\/media\/13311"}],"wp:attachment":[{"href":"https:\/\/royalswiss.myskydoowebsite.com\/index.php?rest_route=%2Fwp%2Fv2%2Fmedia&parent=13307"}],"wp:term":[{"taxonomy":"product_brand","embeddable":true,"href":"https:\/\/royalswiss.myskydoowebsite.com\/index.php?rest_route=%2Fwp%2Fv2%2Fproduct_brand&post=13307"},{"taxonomy":"product_cat","embeddable":true,"href":"https:\/\/royalswiss.myskydoowebsite.com\/index.php?rest_route=%2Fwp%2Fv2%2Fproduct_cat&post=13307"},{"taxonomy":"product_tag","embeddable":true,"href":"https:\/\/royalswiss.myskydoowebsite.com\/index.php?rest_route=%2Fwp%2Fv2%2Fproduct_tag&post=13307"}],"curies":[{"name":"wp","href":"https:\/\/api.w.org\/{rel}","templated":true}]}}