{"id":13301,"date":"2021-11-25T18:38:50","date_gmt":"2021-11-25T17:38:50","guid":{"rendered":"https:\/\/royalswiss.myskydoowebsite.com\/?post_type=product&#038;p=13301"},"modified":"2023-03-16T20:52:27","modified_gmt":"2023-03-16T19:52:27","slug":"poele-a-crepe","status":"publish","type":"product","link":"https:\/\/royalswiss.myskydoowebsite.com\/?product=poele-a-crepe","title":{"rendered":"Po\u00eale \u00e0 cr\u00eape"},"content":{"rendered":"<div class=\"woocommerce-product-details__short-description\">\n<p><span style=\"color: #f30094;font-family: Arial Black\"><em>Cette cr\u00eapi\u00e8re en pierre vous permettra de r\u00e9aliser des cr\u00eapes sans aucune mati\u00e8re grasse. Convient pour tout type de feu : vitro-c\u00e9ramique, induction, gaz, \u00e9lectrique, elle sera ravir les grand comme les petits.<\/em><\/span><\/p>\n<\/div>\n<p><span style=\"color: #f30094\"><b><em>\u00a0Excellente r\u00e9partition de la chaleur<\/em><\/b><\/span><\/p>\n<p><span style=\"color: #f30094\"><b><em>Caract\u00e9ristiques :<\/em><\/b><\/span><\/p>\n<p><span style=\"color: #f30094\"><b><em>\u00b7\u00a0\u00a0\u00a0\u00a0\u00a0\u00a0\u00a0\u00a0<\/em><\/b><\/span><span style=\"color: #f30094\"><b><em>Convient pour tous feux y compris l\u2019induction<\/em><\/b><\/span><\/p>\n<p><span style=\"color: #f30094\"><b><em>\u00b7\u00a0\u00a0\u00a0\u00a0\u00a0\u00a0\u00a0\u00a0<\/em><\/b><\/span><span style=\"color: #f30094\"><b><em>Antibact\u00e9rien<\/em><\/b><\/span><\/p>\n<p><span style=\"color: #f30094\"><b><em>\u00b7\u00a0\u00a0\u00a0\u00a0\u00a0\u00a0\u00a0\u00a0<\/em><\/b><\/span><span style=\"color: #f30094\"><b><em>L\u00e9ger et robuste<\/em><\/b><\/span><\/p>\n<p><span style=\"color: #f30094\"><b><em>\u00b7\u00a0\u00a0\u00a0\u00a0\u00a0\u00a0\u00a0\u00a0<\/em><\/b><\/span><span style=\"color: #f30094\"><b><em>\u00a0Passe au lave-vaisselle<\/em><\/b><\/span><\/p>\n<p><span style=\"color: #f30094\"><b><em>\u00b7\u00a0\u00a0\u00a0\u00a0\u00a0\u00a0\u00a0\u00a0<\/em><\/b><\/span><span style=\"color: #f30094\"><b><em>Mat\u00e9riaux : rev\u00eatement Marbre<\/em><\/b><\/span><\/p>\n<p><span style=\"color: #f30094\"><b><em>\u00b7\u00a0\u00a0\u00a0\u00a0\u00a0\u00a0\u00a0\u00a0<\/em><\/b><\/span><span style=\"color: #f30094\"><b><em>Disponible dans les couleurs : noir ou bordeaux<\/em><\/b><\/span><\/p>\n<p><span style=\"color: #f30094\"><b><em>\u00b7\u00a0\u00a0\u00a0\u00a0\u00a0\u00a0\u00a0\u00a0<\/em><\/b><\/span><span style=\"color: #f30094\"><b><em>\u00a0L\u2019ensemble est livr\u00e9 dans une bo\u00eete s\u00fbre et pratique.<\/em><\/b><\/span><\/p>\n<p><span style=\"color: #f30094\"><b><em>\u00b7\u00a0\u00a0\u00a0\u00a0\u00a0\u00a0\u00a0\u00a0<\/em><\/b><\/span><span style=\"color: #f30094\"><b><em>Conseils d\u2019entretien : Le rev\u00eatement en c\u00e9ramique permet de favoriser le c\u00f4t\u00e9 antiadh\u00e9sif et veille \u00e0 ce que m\u00eame le nettoyage devient un jeu d\u2019enfant. Passe au lave-vaisselle (lavage \u00e0 la main recommand\u00e9 pour une dur\u00e9e de vie rallong\u00e9e)<\/em><\/b><\/span><\/p>\n<p><span style=\"color: #f30094\"><b><em>\u00a0\/! ne pas utiliser de produits abrasifs.\u00a0 Prudence avec le rev\u00eatement antiadh\u00e9sif\u00a0: un couvert en m\u00e9tal peut la rayer.<\/em><\/b><\/span><\/p>\n","protected":false},"excerpt":{"rendered":"<p>Cette cr\u00eapi\u00e8re en pierre vous permettra de r\u00e9aliser des cr\u00eapes sans aucune mati\u00e8re grasse. Convient pour tout type de feu : vitro-c\u00e9ramique, induction, gaz, \u00e9lectrique, elle sera ravir les grand comme les petits. \u00a0Excellente r\u00e9partition de la chaleur Caract\u00e9ristiques : \u00b7\u00a0\u00a0\u00a0\u00a0\u00a0\u00a0\u00a0\u00a0Convient pour tous feux y compris l\u2019induction \u00b7\u00a0\u00a0\u00a0\u00a0\u00a0\u00a0\u00a0\u00a0Antibact\u00e9rien \u00b7\u00a0\u00a0\u00a0\u00a0\u00a0\u00a0\u00a0\u00a0L\u00e9ger et robuste \u00b7\u00a0\u00a0\u00a0\u00a0\u00a0\u00a0\u00a0\u00a0\u00a0Passe au lave-vaisselle \u00b7\u00a0\u00a0\u00a0\u00a0\u00a0\u00a0\u00a0\u00a0Mat\u00e9riaux [&hellip;]<\/p>\n","protected":false},"featured_media":13935,"comment_status":"open","ping_status":"closed","template":"","meta":[],"product_brand":[],"product_cat":[21,53],"product_tag":[94,1522],"class_list":{"0":"post-13301","1":"product","2":"type-product","3":"status-publish","4":"has-post-thumbnail","6":"product_cat-cuisine","7":"product_cat-poele","8":"product_tag-94","9":"product_tag-1522","11":"first","12":"instock","13":"sale","14":"taxable","15":"shipping-taxable","16":"purchasable","17":"product-type-variable"},"_links":{"self":[{"href":"https:\/\/royalswiss.myskydoowebsite.com\/index.php?rest_route=\/wp\/v2\/product\/13301","targetHints":{"allow":["GET"]}}],"collection":[{"href":"https:\/\/royalswiss.myskydoowebsite.com\/index.php?rest_route=\/wp\/v2\/product"}],"about":[{"href":"https:\/\/royalswiss.myskydoowebsite.com\/index.php?rest_route=\/wp\/v2\/types\/product"}],"replies":[{"embeddable":true,"href":"https:\/\/royalswiss.myskydoowebsite.com\/index.php?rest_route=%2Fwp%2Fv2%2Fcomments&post=13301"}],"version-history":[{"count":4,"href":"https:\/\/royalswiss.myskydoowebsite.com\/index.php?rest_route=\/wp\/v2\/product\/13301\/revisions"}],"predecessor-version":[{"id":13944,"href":"https:\/\/royalswiss.myskydoowebsite.com\/index.php?rest_route=\/wp\/v2\/product\/13301\/revisions\/13944"}],"wp:featuredmedia":[{"embeddable":true,"href":"https:\/\/royalswiss.myskydoowebsite.com\/index.php?rest_route=\/wp\/v2\/media\/13935"}],"wp:attachment":[{"href":"https:\/\/royalswiss.myskydoowebsite.com\/index.php?rest_route=%2Fwp%2Fv2%2Fmedia&parent=13301"}],"wp:term":[{"taxonomy":"product_brand","embeddable":true,"href":"https:\/\/royalswiss.myskydoowebsite.com\/index.php?rest_route=%2Fwp%2Fv2%2Fproduct_brand&post=13301"},{"taxonomy":"product_cat","embeddable":true,"href":"https:\/\/royalswiss.myskydoowebsite.com\/index.php?rest_route=%2Fwp%2Fv2%2Fproduct_cat&post=13301"},{"taxonomy":"product_tag","embeddable":true,"href":"https:\/\/royalswiss.myskydoowebsite.com\/index.php?rest_route=%2Fwp%2Fv2%2Fproduct_tag&post=13301"}],"curies":[{"name":"wp","href":"https:\/\/api.w.org\/{rel}","templated":true}]}}