{"id":13085,"date":"2021-09-09T17:00:17","date_gmt":"2021-09-09T15:00:17","guid":{"rendered":"https:\/\/royalswiss.myskydoowebsite.com\/?post_type=product&#038;p=13085"},"modified":"2022-07-27T20:33:45","modified_gmt":"2022-07-27T18:33:45","slug":"tajine-induction","status":"publish","type":"product","link":"https:\/\/royalswiss.myskydoowebsite.com\/?product=tajine-induction","title":{"rendered":"Tajine induction"},"content":{"rendered":"<div id=\"dpx-product-description_feature_div\">\n<div class=\"celwidget\" data-csa-c-id=\"54fvxf-v4zk29-ki8z3e-u1h5xy\" data-cel-widget=\"dpx-product-description_csm_instrumentation_wrapper\">\n<div id=\"descriptionAndDetails\" class=\"a-section a-spacing-extra-large\">\n<div id=\"productDescription_feature_div\" class=\"celwidget\" data-feature-name=\"productDescription\" data-csa-c-id=\"7m6q9r-u4eng6-uqy3t9-tbziu0\" data-cel-widget=\"productDescription_feature_div\">\n<div>\n<div id=\"productDescription_feature_div\" class=\"a-row feature\" data-feature-name=\"productDescription\" data-template-name=\"productDescription\" data-cel-widget=\"productDescription_feature_div\">\n<div id=\"productDescription\" class=\"a-section a-spacing-small\">\n<p>&nbsp;<\/p>\n<p><strong>Le Tajine<\/strong> &#8211; un pot oriental traditionnellement utilis\u00e9 par les tribus nomades &#8211; s&rsquo;av\u00e8re exceptionnel pour la cuisson protectrice des nutriments lors de la pr\u00e9paration de la viande, de poisson ou de l\u00e9gumes sur une cuisini\u00e8re ou au four. Dans un Tajine, la nourriture est lentement cuite dans son jus. La forme inhabituelle du <strong>couvercle en Porcelaine<\/strong> facilite la circulation de la vapeur qui est essentielle pour cette fa\u00e7on de cuisiner et produit une exp\u00e9rience savoureuse et exotique.<\/p>\n<\/div>\n<p><img fetchpriority=\"high\" decoding=\"async\" class=\"alignnone size-medium wp-image-13089\" src=\"https:\/\/royalswiss.myskydoowebsite.com\/wp-content\/uploads\/2021\/09\/WhatsApp-Image-2021-09-09-at-16.55.24-300x300.jpeg\" alt=\"\" width=\"300\" height=\"300\" srcset=\"https:\/\/royalswiss.myskydoowebsite.com\/wp-content\/uploads\/2021\/09\/WhatsApp-Image-2021-09-09-at-16.55.24-300x300.jpeg 300w, https:\/\/royalswiss.myskydoowebsite.com\/wp-content\/uploads\/2021\/09\/WhatsApp-Image-2021-09-09-at-16.55.24.jpeg 1024w, https:\/\/royalswiss.myskydoowebsite.com\/wp-content\/uploads\/2021\/09\/WhatsApp-Image-2021-09-09-at-16.55.24-150x150.jpeg 150w, https:\/\/royalswiss.myskydoowebsite.com\/wp-content\/uploads\/2021\/09\/WhatsApp-Image-2021-09-09-at-16.55.24-768x768.jpeg 768w, https:\/\/royalswiss.myskydoowebsite.com\/wp-content\/uploads\/2021\/09\/WhatsApp-Image-2021-09-09-at-16.55.24-500x500.jpeg 500w, https:\/\/royalswiss.myskydoowebsite.com\/wp-content\/uploads\/2021\/09\/WhatsApp-Image-2021-09-09-at-16.55.24-262x262.jpeg 262w, https:\/\/royalswiss.myskydoowebsite.com\/wp-content\/uploads\/2021\/09\/WhatsApp-Image-2021-09-09-at-16.55.24-555x555.jpeg 555w, https:\/\/royalswiss.myskydoowebsite.com\/wp-content\/uploads\/2021\/09\/WhatsApp-Image-2021-09-09-at-16.55.24-160x160.jpeg 160w\" sizes=\"(max-width: 300px) 100vw, 300px\" \/>\u00a0 \u00a0 \u00a0 \u00a0 \u00a0 \u00a0 \u00a0 <img decoding=\"async\" class=\"alignnone wp-image-13088\" src=\"https:\/\/royalswiss.myskydoowebsite.com\/wp-content\/uploads\/2021\/09\/WhatsApp-Image-2021-09-09-at-16.38.43-300x300.jpeg\" alt=\"\" width=\"168\" height=\"168\" srcset=\"https:\/\/royalswiss.myskydoowebsite.com\/wp-content\/uploads\/2021\/09\/WhatsApp-Image-2021-09-09-at-16.38.43-300x300.jpeg 300w, https:\/\/royalswiss.myskydoowebsite.com\/wp-content\/uploads\/2021\/09\/WhatsApp-Image-2021-09-09-at-16.38.43.jpeg 1024w, https:\/\/royalswiss.myskydoowebsite.com\/wp-content\/uploads\/2021\/09\/WhatsApp-Image-2021-09-09-at-16.38.43-150x150.jpeg 150w, https:\/\/royalswiss.myskydoowebsite.com\/wp-content\/uploads\/2021\/09\/WhatsApp-Image-2021-09-09-at-16.38.43-768x768.jpeg 768w, https:\/\/royalswiss.myskydoowebsite.com\/wp-content\/uploads\/2021\/09\/WhatsApp-Image-2021-09-09-at-16.38.43-500x500.jpeg 500w, https:\/\/royalswiss.myskydoowebsite.com\/wp-content\/uploads\/2021\/09\/WhatsApp-Image-2021-09-09-at-16.38.43-262x262.jpeg 262w, https:\/\/royalswiss.myskydoowebsite.com\/wp-content\/uploads\/2021\/09\/WhatsApp-Image-2021-09-09-at-16.38.43-555x555.jpeg 555w, https:\/\/royalswiss.myskydoowebsite.com\/wp-content\/uploads\/2021\/09\/WhatsApp-Image-2021-09-09-at-16.38.43-160x160.jpeg 160w\" sizes=\"(max-width: 168px) 100vw, 168px\" \/>\u00a0 \u00a0 \u00a0 \u00a0 \u00a0 \u00a0 \u00a0 \u00a0 \u00a0 \u00a0<img decoding=\"async\" class=\"alignnone size-medium wp-image-13086\" src=\"https:\/\/royalswiss.myskydoowebsite.com\/wp-content\/uploads\/2021\/09\/WhatsApp-Image-2021-04-20-at-17.23.07-300x300.jpeg\" alt=\"\" width=\"300\" height=\"300\" srcset=\"https:\/\/royalswiss.myskydoowebsite.com\/wp-content\/uploads\/2021\/09\/WhatsApp-Image-2021-04-20-at-17.23.07-300x300.jpeg 300w, https:\/\/royalswiss.myskydoowebsite.com\/wp-content\/uploads\/2021\/09\/WhatsApp-Image-2021-04-20-at-17.23.07.jpeg 1024w, https:\/\/royalswiss.myskydoowebsite.com\/wp-content\/uploads\/2021\/09\/WhatsApp-Image-2021-04-20-at-17.23.07-150x150.jpeg 150w, https:\/\/royalswiss.myskydoowebsite.com\/wp-content\/uploads\/2021\/09\/WhatsApp-Image-2021-04-20-at-17.23.07-768x768.jpeg 768w, https:\/\/royalswiss.myskydoowebsite.com\/wp-content\/uploads\/2021\/09\/WhatsApp-Image-2021-04-20-at-17.23.07-500x500.jpeg 500w, https:\/\/royalswiss.myskydoowebsite.com\/wp-content\/uploads\/2021\/09\/WhatsApp-Image-2021-04-20-at-17.23.07-262x262.jpeg 262w, https:\/\/royalswiss.myskydoowebsite.com\/wp-content\/uploads\/2021\/09\/WhatsApp-Image-2021-04-20-at-17.23.07-555x555.jpeg 555w, https:\/\/royalswiss.myskydoowebsite.com\/wp-content\/uploads\/2021\/09\/WhatsApp-Image-2021-04-20-at-17.23.07-160x160.jpeg 160w\" sizes=\"(max-width: 300px) 100vw, 300px\" \/><\/p>\n<div id=\"productDescription\" class=\"a-section a-spacing-small\">\n<div id=\"twister_feature_div\" class=\"celwidget\" data-feature-name=\"twister\" data-csa-c-id=\"d0hb4o-y89brm-apt812-xbao51\" data-cel-widget=\"twister_feature_div\">\n<div id=\"twisterContainer\" class=\"addTwisterMargin\">\n<div class=\"a-section\">\n<div id=\"variation_size_name\" class=\"a-section a-spacing-small\">\n<div><\/div>\n<div><strong>sp\u00e9cifications :\u00a0<\/strong><\/div>\n<div><\/div>\n<ul>\n<li class=\"a-row a-spacing-micro singleton\"><label class=\"a-form-label\">Taille:\u00a0<\/label><span class=\"selection\">34 \/ 38 cm<\/span><\/li>\n<li class=\"a-row a-spacing-micro singleton\"><span class=\"a-list-item\">Passe au lave-vaisselle.<\/span><\/li>\n<li class=\"a-row a-spacing-micro singleton\"><span class=\"a-list-item\">Temp\u00e9rature Maximale 200 \u00b0C . Dimensions avec couvercle : 34 x 34 x 23 cm<\/span><\/li>\n<li class=\"a-row a-spacing-micro singleton\"><span class=\"a-list-item\">Acier inoxydable de haute qualit\u00e9.<\/span><\/li>\n<li class=\"a-row a-spacing-micro singleton\"><span class=\"a-list-item\"> Fond th\u00e9rmique: fond \u00e0 3 couches avec conducteur de chaleur. Les aliments se r\u00e9chauffent rapidement et le mat\u00e9riau retient bien la chaleur.<\/span><\/li>\n<li class=\"a-row a-spacing-micro singleton\"><span class=\"a-list-item\">Convient \u00e0 de nombreuses sources de cuisson: br\u00fbleurs \u00e9lectriques, \u00e0 gaz, en c\u00e9ramique ou halog\u00e8nes et INDUCTION.<\/span><\/li>\n<li class=\"a-row a-spacing-micro singleton\"><span class=\"a-list-item\">Une pr\u00e9paration saine , la\u00a0 cuisson avec peu d&rsquo;eau et de friture avec peu de graisse minimise la perte de vitamines, de min\u00e9raux et de saveur. Le fond super capsul\u00e9 \u00e0\u00a0 2 couches d&rsquo;acier inoxydable pour une meilleur diffusion de chaleur.\u00a0<\/span><\/li>\n<\/ul>\n<\/div>\n<\/div>\n<\/div>\n<\/div>\n<div id=\"featurebullets_feature_div\" class=\"celwidget\" data-feature-name=\"featurebullets\" data-csa-c-id=\"adqmja-i6ngxt-wqcpib-oktnts\" data-cel-widget=\"featurebullets_feature_div\">\n<div id=\"feature-bullets\" class=\"a-section a-spacing-medium a-spacing-top-small\"><\/div>\n<\/div>\n<\/div>\n<\/div>\n<\/div>\n<\/div>\n<\/div>\n<\/div>\n<\/div>\n<div id=\"dpx-climate-pledge-friendly-btf_feature_div\">\n<div class=\"celwidget\" data-csa-c-id=\"pxkchy-aeb0o5-4l4hm6-p79a8x\" data-cel-widget=\"dpx-climate-pledge-friendly-btf_csm_instrumentation_wrapper\">\n<div id=\"climatePledgeFriendlyBTF_feature_div\" class=\"celwidget\" data-feature-name=\"climatePledgeFriendlyBTF\" data-csa-c-id=\"2w88si-l4lfig-eyauw7-3fcj6c\" data-cel-widget=\"climatePledgeFriendlyBTF_feature_div\"><\/div>\n<\/div>\n<\/div>\n<div id=\"dpx-post-purchase-witb-btf_feature_div\">\n<div class=\"celwidget\" data-csa-c-id=\"9yyhbo-6ms67m-izanmo-amaval\" data-cel-widget=\"dpx-post-purchase-witb-btf_csm_instrumentation_wrapper\">\n<div id=\"postPurchaseWhatsInTheBox_feature_div\" class=\"celwidget\" data-feature-name=\"postPurchaseWhatsInTheBox\" data-csa-c-id=\"pda44y-65jg2x-eapedb-wtyg5z\" data-cel-widget=\"postPurchaseWhatsInTheBox_feature_div\"><\/div>\n<\/div>\n<\/div>\n<div id=\"dpx-aplus-brand-story_feature_div\">\n<div class=\"celwidget\" data-csa-c-id=\"perc1v-o7r5rq-c42v1s-czeicb\" data-cel-widget=\"dpx-aplus-brand-story_csm_instrumentation_wrapper\">\n<div id=\"aplusBrandStory_feature_div\" class=\"celwidget\" data-feature-name=\"aplusBrandStory\" data-csa-c-id=\"72uuk9-72l1ss-qj3pvi-5o3ov9\" data-cel-widget=\"aplusBrandStory_feature_div\"><\/div>\n<\/div>\n<\/div>\n<div id=\"dpx-aplus-product-description_feature_div\"><\/div>\n<div id=\"dpx-aplus-3p-product-description_feature_div\"><\/div>\n<div id=\"dpx-aplus-sustainability-story_feature_div\">\n<div class=\"celwidget\" data-csa-c-id=\"rmjln4-w8jjm1-8n09ny-ylc3iq\" data-cel-widget=\"dpx-aplus-sustainability-story_csm_instrumentation_wrapper\">\n<div id=\"aplusSustainabilityStory_feature_div\" class=\"celwidget\" data-feature-name=\"aplusSustainabilityStory\" data-csa-c-id=\"att9py-yo4uk2-6noui1-lj3yvi\" data-cel-widget=\"aplusSustainabilityStory_feature_div\"><\/div>\n<\/div>\n<\/div>\n<div id=\"like-delayed-render_feature_div\"><\/div>\n<div id=\"dp-ads-center-promo_feature_div\"><\/div>\n","protected":false},"excerpt":{"rendered":"<div><\/div>\n<div><strong>sp\u00e9cifications :\u00a0<\/strong><\/div>\n<div><\/div>\n<ul>\n<li class=\"a-row a-spacing-micro singleton\"><label class=\"a-form-label\">Taille:\u00a0<\/label><span class=\"selection\">34 et\/ou\u00a0 38 cm<\/span><\/li>\n<li>couvercle en Porcelaine<\/li>\n<li class=\"a-row a-spacing-micro singleton\"><span class=\"a-list-item\">Passe au lave-vaisselle.<\/span><\/li>\n<li class=\"a-row a-spacing-micro singleton\"><span class=\"a-list-item\">Temp\u00e9rature Maximale 200 \u00b0C . Dimensions avec couvercle : 34 x 34 x 23 cm<\/span><\/li>\n<li class=\"a-row a-spacing-micro singleton\"><span class=\"a-list-item\">Acier inoxydable de haute qualit\u00e9.<\/span><\/li>\n<li class=\"a-row a-spacing-micro singleton\"><span class=\"a-list-item\"> Fond th\u00e9rmique: fond \u00e0 3 couches avec conducteur de chaleur. Les aliments se r\u00e9chauffent rapidement et le mat\u00e9riau retient bien la chaleur.<\/span><\/li>\n<li class=\"a-row a-spacing-micro singleton\"><span class=\"a-list-item\">Convient \u00e0 de nombreuses sources de cuisson: br\u00fbleurs \u00e9lectriques, \u00e0 gaz, en c\u00e9ramique ou halog\u00e8nes et INDUCTION.<\/span><\/li>\n<li class=\"a-row a-spacing-micro singleton\"><span class=\"a-list-item\">Une pr\u00e9paration saine , la\u00a0 cuisson avec peu d\u2019eau et de friture avec peu de graisse minimise la perte de vitamines, de min\u00e9raux et de saveur. Le fond super capsul\u00e9 \u00e0\u00a0 2 couches d\u2019acier inoxydable pour une meilleur diffusion de chaleur.\u00a0<\/span><\/li>\n<\/ul>\n","protected":false},"featured_media":13089,"comment_status":"open","ping_status":"closed","template":"","meta":[],"product_brand":[],"product_cat":[38,399,21,15],"product_tag":[128,1523],"class_list":{"0":"post-13085","1":"product","2":"type-product","3":"status-publish","4":"has-post-thumbnail","6":"product_cat-casseroles-marmitte","7":"product_cat-couscoussier-cocotte","8":"product_cat-cuisine","9":"product_cat-uncategorized","10":"product_tag-128","11":"product_tag-1523","13":"first","14":"instock","15":"sale","16":"featured","17":"taxable","18":"shipping-taxable","19":"purchasable","20":"product-type-variable"},"_links":{"self":[{"href":"https:\/\/royalswiss.myskydoowebsite.com\/index.php?rest_route=\/wp\/v2\/product\/13085","targetHints":{"allow":["GET"]}}],"collection":[{"href":"https:\/\/royalswiss.myskydoowebsite.com\/index.php?rest_route=\/wp\/v2\/product"}],"about":[{"href":"https:\/\/royalswiss.myskydoowebsite.com\/index.php?rest_route=\/wp\/v2\/types\/product"}],"replies":[{"embeddable":true,"href":"https:\/\/royalswiss.myskydoowebsite.com\/index.php?rest_route=%2Fwp%2Fv2%2Fcomments&post=13085"}],"version-history":[{"count":5,"href":"https:\/\/royalswiss.myskydoowebsite.com\/index.php?rest_route=\/wp\/v2\/product\/13085\/revisions"}],"predecessor-version":[{"id":13945,"href":"https:\/\/royalswiss.myskydoowebsite.com\/index.php?rest_route=\/wp\/v2\/product\/13085\/revisions\/13945"}],"wp:featuredmedia":[{"embeddable":true,"href":"https:\/\/royalswiss.myskydoowebsite.com\/index.php?rest_route=\/wp\/v2\/media\/13089"}],"wp:attachment":[{"href":"https:\/\/royalswiss.myskydoowebsite.com\/index.php?rest_route=%2Fwp%2Fv2%2Fmedia&parent=13085"}],"wp:term":[{"taxonomy":"product_brand","embeddable":true,"href":"https:\/\/royalswiss.myskydoowebsite.com\/index.php?rest_route=%2Fwp%2Fv2%2Fproduct_brand&post=13085"},{"taxonomy":"product_cat","embeddable":true,"href":"https:\/\/royalswiss.myskydoowebsite.com\/index.php?rest_route=%2Fwp%2Fv2%2Fproduct_cat&post=13085"},{"taxonomy":"product_tag","embeddable":true,"href":"https:\/\/royalswiss.myskydoowebsite.com\/index.php?rest_route=%2Fwp%2Fv2%2Fproduct_tag&post=13085"}],"curies":[{"name":"wp","href":"https:\/\/api.w.org\/{rel}","templated":true}]}}