{"id":13037,"date":"2021-09-08T16:49:52","date_gmt":"2021-09-08T14:49:52","guid":{"rendered":"https:\/\/royalswiss.myskydoowebsite.com\/?post_type=product&#038;p=13037"},"modified":"2022-09-15T18:04:05","modified_gmt":"2022-09-15T16:04:05","slug":"robot-de-patisserie-10l","status":"publish","type":"product","link":"https:\/\/royalswiss.myskydoowebsite.com\/?product=robot-de-patisserie-10l","title":{"rendered":"Robot de P\u00e2tisserie 10L"},"content":{"rendered":"<div id=\"presTitle\" class=\"fpCat testSep\"><\/div>\n<div data-provider=\"None\"><\/div>\n<div data-provider=\"None\">Le robot p\u00e2tissier Royal Swiss 10L SC-623\u00a0 d&rsquo;une puissance \u00e9lev\u00e9e de 2000W et d&rsquo;une capacit\u00e9 de 10L, peut r\u00e9pondre \u00e0 tous vos besoins de cuisine pour toute la famille. Si vous voulez faire du pain , des meringues et des desserts en mousse, mais vous ne voulez pas d\u00e9penser beaucoup d&rsquo;efforts et de temps pour m\u00e9langer et p\u00e9trir la pate, vous voulez faire des g\u00e2teaux r\u00e9guli\u00e8rement tout en r\u00e9duisant le temps de pr\u00e9paration ? Avec ce robot ca sera du g\u00e2teau. En bref, ce robot de p\u00e2tisserie peut faire de vous un chef parfait.<\/div>\n<div data-provider=\"None\">\n<p>il vous permet de m\u00e9langer enti\u00e8rement tous les ingr\u00e9dients pour obtenir une pate lisse ou une pr\u00e9paration l\u00e9g\u00e8re et cr\u00e9meuse. en temps normal,\u00a0 cela vous impose un lourd fardeau. Utiliser notre Robot vous rend votre exp\u00e9rience culinaire plus agr\u00e9able et vous fait gagner du temps.<\/p>\n<\/div>\n<div data-provider=\"None\">\n<div id=\"presContent\" class=\"fpBlk testSep extCode\" data-provider=\"None\">La machine \u00e0 p\u00e9trissage Royal Swiss est le robot p\u00e2tissier du moment qui atteint d&rsquo;excellents r\u00e9sultats. Il peut travailler de nombreux ingr\u00e9dients, gr\u00e2ce \u00e0 la tr\u00e8s haute puissance du moteur, aux engrenages internes en m\u00e9tal et aux 6 vitesses de traitement dont il est \u00e9quip\u00e9. Vous pouvez pr\u00e9parer diff\u00e9rentes recettes : p\u00e2te \u00e0 pizza, p\u00e2te traditionnelle ou \u0153uf, g\u00e2teaux, biscuits, et beaucoup de pain. Le p\u00e9trisseur polyvalent et tr\u00e8s utile \u00e0 la maison : simple \u00e0 utiliser et \u00e0 nettoyer au quotidien, garantit d&rsquo;excellents r\u00e9sultats avec le fouet \u00e0 crochet pour p\u00e9trir, ou avec le fouet plan\u00e9taire pour battre et assembler.<\/div>\n<\/div>\n<div data-provider=\"None\"><img fetchpriority=\"high\" decoding=\"async\" class=\"size-medium wp-image-13054 aligncenter\" src=\"https:\/\/royalswiss.myskydoowebsite.com\/wp-content\/uploads\/2021\/09\/22-14-300x300.jpg\" alt=\"\" width=\"300\" height=\"300\" srcset=\"https:\/\/royalswiss.myskydoowebsite.com\/wp-content\/uploads\/2021\/09\/22-14-300x300.jpg 300w, https:\/\/royalswiss.myskydoowebsite.com\/wp-content\/uploads\/2021\/09\/22-14-150x150.jpg 150w, https:\/\/royalswiss.myskydoowebsite.com\/wp-content\/uploads\/2021\/09\/22-14-500x500.jpg 500w, https:\/\/royalswiss.myskydoowebsite.com\/wp-content\/uploads\/2021\/09\/22-14-262x262.jpg 262w, https:\/\/royalswiss.myskydoowebsite.com\/wp-content\/uploads\/2021\/09\/22-14-555x555.jpg 555w, https:\/\/royalswiss.myskydoowebsite.com\/wp-content\/uploads\/2021\/09\/22-14-160x160.jpg 160w, https:\/\/royalswiss.myskydoowebsite.com\/wp-content\/uploads\/2021\/09\/22-14.jpg 600w\" sizes=\"(max-width: 300px) 100vw, 300px\" \/><\/div>\n<div data-provider=\"None\"><\/div>\n<div data-provider=\"None\"><\/div>\n<div data-provider=\"None\"><\/div>\n<div class=\"fpBlk testSep extCode\" data-provider=\"None\">D\u00e9tails du produit :<\/div>\n<ul>\n<li class=\"fpBlk testSep extCode\" data-provider=\"None\">Puissance : 2000 W<\/li>\n<li class=\"fpBlk testSep extCode\" data-provider=\"None\">Bol en acier inoxydable<\/li>\n<li class=\"fpBlk testSep extCode\" data-provider=\"None\">Capacit\u00e9 : 10 L 4,5 kg de p\u00e2te<\/li>\n<\/ul>\n<p><img decoding=\"async\" class=\" wp-image-13050 aligncenter\" src=\"https:\/\/royalswiss.myskydoowebsite.com\/wp-content\/uploads\/2021\/09\/11-64-300x300.jpg\" alt=\"\" width=\"182\" height=\"182\" srcset=\"https:\/\/royalswiss.myskydoowebsite.com\/wp-content\/uploads\/2021\/09\/11-64-300x300.jpg 300w, https:\/\/royalswiss.myskydoowebsite.com\/wp-content\/uploads\/2021\/09\/11-64-150x150.jpg 150w, https:\/\/royalswiss.myskydoowebsite.com\/wp-content\/uploads\/2021\/09\/11-64-500x500.jpg 500w, https:\/\/royalswiss.myskydoowebsite.com\/wp-content\/uploads\/2021\/09\/11-64-262x262.jpg 262w, https:\/\/royalswiss.myskydoowebsite.com\/wp-content\/uploads\/2021\/09\/11-64-555x555.jpg 555w, https:\/\/royalswiss.myskydoowebsite.com\/wp-content\/uploads\/2021\/09\/11-64-160x160.jpg 160w, https:\/\/royalswiss.myskydoowebsite.com\/wp-content\/uploads\/2021\/09\/11-64.jpg 600w\" sizes=\"(max-width: 182px) 100vw, 182px\" \/><\/p>\n<ul>\n<li class=\"fpBlk testSep extCode\" data-provider=\"None\">6 vitesses de fonctionnement<\/li>\n<li class=\"fpBlk testSep extCode\" data-provider=\"None\">T\u00eate mobile et inclinable<\/li>\n<li class=\"fpBlk testSep extCode\" data-provider=\"None\">Fonction p\u00e9trisseur<\/li>\n<li>\u00a0Mat\u00e9riau en acier inoxydable 304 de haute qualit\u00e9 et de qualit\u00e9 alimentaire<\/li>\n<li>\u00a0Puissant moteur en cuivre pour une agitation sans pression, puissance et vitesse \u00e9lev\u00e9e, dissipation rapide de la chaleur et longue dur\u00e9e de vie.<\/li>\n<li>Tension: 220V-240V 50Hz<\/li>\n<li>Conception pratique, couvercle transparent et anti \u00e9claboussures,\u00a0 facile \u00e0 ajouter des mat\u00e9riaux \u00e0 tout moment dans le bol pendant l\u2019agitation\u00a0tout en emp\u00eachant\u00a0 d\u2019\u00e9clabousser.<\/li>\n<\/ul>\n<p><img decoding=\"async\" class=\"size-medium wp-image-13053 aligncenter\" src=\"https:\/\/royalswiss.myskydoowebsite.com\/wp-content\/uploads\/2021\/09\/21-11-300x300.jpg\" alt=\"\" width=\"300\" height=\"300\" srcset=\"https:\/\/royalswiss.myskydoowebsite.com\/wp-content\/uploads\/2021\/09\/21-11-300x300.jpg 300w, https:\/\/royalswiss.myskydoowebsite.com\/wp-content\/uploads\/2021\/09\/21-11-150x150.jpg 150w, https:\/\/royalswiss.myskydoowebsite.com\/wp-content\/uploads\/2021\/09\/21-11-500x500.jpg 500w, https:\/\/royalswiss.myskydoowebsite.com\/wp-content\/uploads\/2021\/09\/21-11-262x262.jpg 262w, https:\/\/royalswiss.myskydoowebsite.com\/wp-content\/uploads\/2021\/09\/21-11-555x555.jpg 555w, https:\/\/royalswiss.myskydoowebsite.com\/wp-content\/uploads\/2021\/09\/21-11-160x160.jpg 160w, https:\/\/royalswiss.myskydoowebsite.com\/wp-content\/uploads\/2021\/09\/21-11.jpg 600w\" sizes=\"(max-width: 300px) 100vw, 300px\" \/><\/p>\n<ul>\n<li>Utilisation \u00e0 faible bruit et efficace<br \/>\nLe m\u00e9langeur \u00e0 faible bruit ne rend pas votre cuisine particuli\u00e8rement bruyante, sale et d\u00e9sordonn\u00e9e. Il peut \u00eatre p\u00e9tri en p\u00e2te, m\u00e9lang\u00e9 \u00e0 des g\u00e2teaux, ou utilis\u00e9 pour obtenir des aliments pour b\u00e9b\u00e9s, des salades, des jus de fruits, des milkshakes. Traitez le beurre, le sucre, les g\u00e2teaux et les pizzas plus rapidement, en \u00e9conomisant du temps et des efforts.<\/li>\n<li>Emballage inclus:<br \/>\n1x machine<br \/>\n1x crochet pour p\u00e9trir la p\u00e2te<br \/>\n1x batteur plat<br \/>\n1x fouet \u00e0 oeufs<br \/>\n1x bol en acier inoxydable<br \/>\n1x couvercle de bol transparent<br \/>\n1x mode d\u2019emploi en anglais<\/li>\n<\/ul>\n<p><img loading=\"lazy\" decoding=\"async\" class=\" wp-image-13061 aligncenter\" src=\"https:\/\/royalswiss.myskydoowebsite.com\/wp-content\/uploads\/2021\/09\/12-300x300.jpeg\" alt=\"\" width=\"231\" height=\"230\" srcset=\"https:\/\/royalswiss.myskydoowebsite.com\/wp-content\/uploads\/2021\/09\/12-300x300.jpeg 300w, https:\/\/royalswiss.myskydoowebsite.com\/wp-content\/uploads\/2021\/09\/12.jpeg 1024w, https:\/\/royalswiss.myskydoowebsite.com\/wp-content\/uploads\/2021\/09\/12-150x150.jpeg 150w, https:\/\/royalswiss.myskydoowebsite.com\/wp-content\/uploads\/2021\/09\/12-768x768.jpeg 768w, https:\/\/royalswiss.myskydoowebsite.com\/wp-content\/uploads\/2021\/09\/12-500x500.jpeg 500w, https:\/\/royalswiss.myskydoowebsite.com\/wp-content\/uploads\/2021\/09\/12-262x262.jpeg 262w, https:\/\/royalswiss.myskydoowebsite.com\/wp-content\/uploads\/2021\/09\/12-555x555.jpeg 555w, https:\/\/royalswiss.myskydoowebsite.com\/wp-content\/uploads\/2021\/09\/12-160x160.jpeg 160w\" sizes=\"(max-width: 231px) 100vw, 231px\" \/><\/p>\n<ul>\n<li>Taille du produit : env. 40x35x20cm<\/li>\n<li>Taille de l\u2019emballage : env. 48,3\u00d740,5\u00d739,5cm<\/li>\n<\/ul>\n<p><img loading=\"lazy\" decoding=\"async\" class=\"size-medium wp-image-13062 aligncenter\" src=\"https:\/\/royalswiss.myskydoowebsite.com\/wp-content\/uploads\/2021\/09\/WhatsApp-Image-2021-09-08-at-16.44.22-300x300.jpeg\" alt=\"\" width=\"300\" height=\"300\" srcset=\"https:\/\/royalswiss.myskydoowebsite.com\/wp-content\/uploads\/2021\/09\/WhatsApp-Image-2021-09-08-at-16.44.22-300x300.jpeg 300w, https:\/\/royalswiss.myskydoowebsite.com\/wp-content\/uploads\/2021\/09\/WhatsApp-Image-2021-09-08-at-16.44.22-150x150.jpeg 150w, https:\/\/royalswiss.myskydoowebsite.com\/wp-content\/uploads\/2021\/09\/WhatsApp-Image-2021-09-08-at-16.44.22-500x500.jpeg 500w, https:\/\/royalswiss.myskydoowebsite.com\/wp-content\/uploads\/2021\/09\/WhatsApp-Image-2021-09-08-at-16.44.22-262x262.jpeg 262w, https:\/\/royalswiss.myskydoowebsite.com\/wp-content\/uploads\/2021\/09\/WhatsApp-Image-2021-09-08-at-16.44.22-555x555.jpeg 555w, https:\/\/royalswiss.myskydoowebsite.com\/wp-content\/uploads\/2021\/09\/WhatsApp-Image-2021-09-08-at-16.44.22-160x160.jpeg 160w, https:\/\/royalswiss.myskydoowebsite.com\/wp-content\/uploads\/2021\/09\/WhatsApp-Image-2021-09-08-at-16.44.22.jpeg 600w\" sizes=\"(max-width: 300px) 100vw, 300px\" \/><\/p>\n","protected":false},"excerpt":{"rendered":"<div class=\"fpBlk testSep extCode\" data-provider=\"None\">sp\u00e9cifications :<\/div>\n<ul>\n<li class=\"fpBlk testSep extCode\" data-provider=\"None\">Puissance : 2000 W<\/li>\n<li class=\"fpBlk testSep extCode\" data-provider=\"None\">Bol en acier inoxydable<\/li>\n<li class=\"fpBlk testSep extCode\" data-provider=\"None\">Capacit\u00e9 : 10 L \/ 4,5 kg de p\u00e2te<\/li>\n<li class=\"fpBlk testSep extCode\" data-provider=\"None\">6 vitesses de fonctionnement<\/li>\n<li data-provider=\"None\">indicateur d&rsquo;alimentation led<\/li>\n<li class=\"fpBlk testSep extCode\" data-provider=\"None\">T\u00eate mobile et inclinable<\/li>\n<li>couvercle transparent et ouverture sp\u00e9cial anti \u00e9claboussures<\/li>\n<li data-provider=\"None\">pieds anti d\u00e9rapant<\/li>\n<\/ul>\n<p><img loading=\"lazy\" decoding=\"async\" class=\" wp-image-13051 aligncenter\" src=\"https:\/\/royalswiss.myskydoowebsite.com\/wp-content\/uploads\/2021\/09\/16-19-300x300.jpg\" alt=\"\" width=\"239\" height=\"239\" srcset=\"https:\/\/royalswiss.myskydoowebsite.com\/wp-content\/uploads\/2021\/09\/16-19-300x300.jpg 300w, https:\/\/royalswiss.myskydoowebsite.com\/wp-content\/uploads\/2021\/09\/16-19-150x150.jpg 150w, https:\/\/royalswiss.myskydoowebsite.com\/wp-content\/uploads\/2021\/09\/16-19-500x500.jpg 500w, https:\/\/royalswiss.myskydoowebsite.com\/wp-content\/uploads\/2021\/09\/16-19-262x262.jpg 262w, https:\/\/royalswiss.myskydoowebsite.com\/wp-content\/uploads\/2021\/09\/16-19-555x555.jpg 555w, https:\/\/royalswiss.myskydoowebsite.com\/wp-content\/uploads\/2021\/09\/16-19-160x160.jpg 160w, https:\/\/royalswiss.myskydoowebsite.com\/wp-content\/uploads\/2021\/09\/16-19.jpg 600w\" sizes=\"(max-width: 239px) 100vw, 239px\" \/><\/p>\n","protected":false},"featured_media":13058,"comment_status":"open","ping_status":"closed","template":"","meta":[],"product_brand":[],"product_cat":[56,33,1549,15],"product_tag":[1507],"class_list":{"0":"post-13037","1":"product","2":"type-product","3":"status-publish","4":"has-post-thumbnail","6":"product_cat-electromenager","7":"product_cat-petit-electromenager","8":"product_cat-robot-de-patisserie","9":"product_cat-uncategorized","10":"product_tag-1507","12":"first","13":"instock","14":"sale","15":"taxable","16":"shipping-taxable","17":"purchasable","18":"product-type-simple"},"_links":{"self":[{"href":"https:\/\/royalswiss.myskydoowebsite.com\/index.php?rest_route=\/wp\/v2\/product\/13037","targetHints":{"allow":["GET"]}}],"collection":[{"href":"https:\/\/royalswiss.myskydoowebsite.com\/index.php?rest_route=\/wp\/v2\/product"}],"about":[{"href":"https:\/\/royalswiss.myskydoowebsite.com\/index.php?rest_route=\/wp\/v2\/types\/product"}],"replies":[{"embeddable":true,"href":"https:\/\/royalswiss.myskydoowebsite.com\/index.php?rest_route=%2Fwp%2Fv2%2Fcomments&post=13037"}],"version-history":[{"count":3,"href":"https:\/\/royalswiss.myskydoowebsite.com\/index.php?rest_route=\/wp\/v2\/product\/13037\/revisions"}],"predecessor-version":[{"id":13064,"href":"https:\/\/royalswiss.myskydoowebsite.com\/index.php?rest_route=\/wp\/v2\/product\/13037\/revisions\/13064"}],"wp:featuredmedia":[{"embeddable":true,"href":"https:\/\/royalswiss.myskydoowebsite.com\/index.php?rest_route=\/wp\/v2\/media\/13058"}],"wp:attachment":[{"href":"https:\/\/royalswiss.myskydoowebsite.com\/index.php?rest_route=%2Fwp%2Fv2%2Fmedia&parent=13037"}],"wp:term":[{"taxonomy":"product_brand","embeddable":true,"href":"https:\/\/royalswiss.myskydoowebsite.com\/index.php?rest_route=%2Fwp%2Fv2%2Fproduct_brand&post=13037"},{"taxonomy":"product_cat","embeddable":true,"href":"https:\/\/royalswiss.myskydoowebsite.com\/index.php?rest_route=%2Fwp%2Fv2%2Fproduct_cat&post=13037"},{"taxonomy":"product_tag","embeddable":true,"href":"https:\/\/royalswiss.myskydoowebsite.com\/index.php?rest_route=%2Fwp%2Fv2%2Fproduct_tag&post=13037"}],"curies":[{"name":"wp","href":"https:\/\/api.w.org\/{rel}","templated":true}]}}