{"id":13016,"date":"2021-09-07T17:59:26","date_gmt":"2021-09-07T15:59:26","guid":{"rendered":"https:\/\/royalswiss.myskydoowebsite.com\/?post_type=product&#038;p=13016"},"modified":"2022-09-20T17:20:50","modified_gmt":"2022-09-20T15:20:50","slug":"friteuse-a-air-chaud-digital","status":"publish","type":"product","link":"https:\/\/royalswiss.myskydoowebsite.com\/?product=friteuse-a-air-chaud-digital","title":{"rendered":"friteuse \u00e0 air chaud &#8211;  Digital"},"content":{"rendered":"<p>Avec La friteuse sans huile Royal Swiss AF20335D\u00a0 \u00a0d&rsquo;une capacit\u00e9 de 3,5 L, vous faites griller, r\u00f4tir et cuire tous vos plats sans ajouter de mati\u00e8res grasses et vous pr\u00e9parez jusqu&rsquo;\u00e0 800 g de frites en une seule cuisson<\/p>\n<p><img fetchpriority=\"high\" decoding=\"async\" class=\" wp-image-13025 aligncenter\" src=\"https:\/\/royalswiss.myskydoowebsite.com\/wp-content\/uploads\/2021\/09\/Pourquoi-utiliser-une-friteuse-sans-huile-1024x1024-1-300x300.jpg\" alt=\"\" width=\"248\" height=\"248\" srcset=\"https:\/\/royalswiss.myskydoowebsite.com\/wp-content\/uploads\/2021\/09\/Pourquoi-utiliser-une-friteuse-sans-huile-1024x1024-1-300x300.jpg 300w, https:\/\/royalswiss.myskydoowebsite.com\/wp-content\/uploads\/2021\/09\/Pourquoi-utiliser-une-friteuse-sans-huile-1024x1024-1.jpg 1024w, https:\/\/royalswiss.myskydoowebsite.com\/wp-content\/uploads\/2021\/09\/Pourquoi-utiliser-une-friteuse-sans-huile-1024x1024-1-150x150.jpg 150w, https:\/\/royalswiss.myskydoowebsite.com\/wp-content\/uploads\/2021\/09\/Pourquoi-utiliser-une-friteuse-sans-huile-1024x1024-1-768x768.jpg 768w, https:\/\/royalswiss.myskydoowebsite.com\/wp-content\/uploads\/2021\/09\/Pourquoi-utiliser-une-friteuse-sans-huile-1024x1024-1-500x500.jpg 500w, https:\/\/royalswiss.myskydoowebsite.com\/wp-content\/uploads\/2021\/09\/Pourquoi-utiliser-une-friteuse-sans-huile-1024x1024-1-262x262.jpg 262w, https:\/\/royalswiss.myskydoowebsite.com\/wp-content\/uploads\/2021\/09\/Pourquoi-utiliser-une-friteuse-sans-huile-1024x1024-1-555x555.jpg 555w, https:\/\/royalswiss.myskydoowebsite.com\/wp-content\/uploads\/2021\/09\/Pourquoi-utiliser-une-friteuse-sans-huile-1024x1024-1-160x160.jpg 160w\" sizes=\"(max-width: 248px) 100vw, 248px\" \/><\/p>\n<p>Gr\u00e2ce \u00e0 la technologie de circulation d&rsquo;air chaud \u00e0 grande vitesse, vos plats cuisent de fa\u00e7on plus homog\u00e8ne qu&rsquo;avec un four classique. Ils gardent leur saveur et restent croustillants en utilisant jusqu&rsquo;\u00e0 80% d&rsquo;huile en moins. Vous cuisinez donc plus sainement, c&rsquo;est id\u00e9al si vous surveillez votre ligne et si vous comptez les calories. Moins d&rsquo;huile, cela signifie aussi que les odeurs de friture sont moins pr\u00e9sentes!<\/p>\n<p><img decoding=\"async\" class=\"size-medium wp-image-13026 aligncenter\" src=\"https:\/\/royalswiss.myskydoowebsite.com\/wp-content\/uploads\/2021\/09\/frites-croustillantes-sans-huile-300x169.jpg\" alt=\"\" width=\"300\" height=\"169\" srcset=\"https:\/\/royalswiss.myskydoowebsite.com\/wp-content\/uploads\/2021\/09\/frites-croustillantes-sans-huile-300x169.jpg 300w, https:\/\/royalswiss.myskydoowebsite.com\/wp-content\/uploads\/2021\/09\/frites-croustillantes-sans-huile-1024x576.jpg 1024w, https:\/\/royalswiss.myskydoowebsite.com\/wp-content\/uploads\/2021\/09\/frites-croustillantes-sans-huile-768x432.jpg 768w, https:\/\/royalswiss.myskydoowebsite.com\/wp-content\/uploads\/2021\/09\/frites-croustillantes-sans-huile-555x312.jpg 555w, https:\/\/royalswiss.myskydoowebsite.com\/wp-content\/uploads\/2021\/09\/frites-croustillantes-sans-huile.jpg 1200w\" sizes=\"(max-width: 300px) 100vw, 300px\" \/><\/p>\n<p>Son panneau de contr\u00f4le digital Tactile\u00a0 est tr\u00e8s convivial : les 7 programmes (poulet, crustac\u00e9s, frites&#8230;) pr\u00e9-enregistr\u00e9s sont clairement indiqu\u00e9s, une pression de touche et vous savez que vous obtiendrez des r\u00e9sultats parfaits. Vous pouvez aussi r\u00e9gler la minuterie ( 60 min ) et la temp\u00e9rature ( 80-200\u00b0C) manuellement<\/p>\n<p><img decoding=\"async\" class=\" wp-image-13023 aligncenter\" src=\"https:\/\/royalswiss.myskydoowebsite.com\/wp-content\/uploads\/2021\/09\/WhatsApp-Image-2021-09-07-at-17.29.19-300x240.jpeg\" alt=\"\" width=\"264\" height=\"211\" srcset=\"https:\/\/royalswiss.myskydoowebsite.com\/wp-content\/uploads\/2021\/09\/WhatsApp-Image-2021-09-07-at-17.29.19-300x240.jpeg 300w, https:\/\/royalswiss.myskydoowebsite.com\/wp-content\/uploads\/2021\/09\/WhatsApp-Image-2021-09-07-at-17.29.19-768x614.jpeg 768w, https:\/\/royalswiss.myskydoowebsite.com\/wp-content\/uploads\/2021\/09\/WhatsApp-Image-2021-09-07-at-17.29.19-555x443.jpeg 555w, https:\/\/royalswiss.myskydoowebsite.com\/wp-content\/uploads\/2021\/09\/WhatsApp-Image-2021-09-07-at-17.29.19.jpeg 960w\" sizes=\"(max-width: 264px) 100vw, 264px\" \/><\/p>\n<p>Son panier et sa cuve, amovibles, ainsi que leur rev\u00eatement anti-adh\u00e9sif sont faciles \u00e0 nettoyer.<\/p>\n<p>Avec ses 1400 W, cette friteuse \u00e0 air chaud est rapide et puissante. Elle pr\u00e9chauffe plus rapidement qu&rsquo;un four traditionnel et son volume g\u00e9n\u00e9reux vous permet de pr\u00e9parer 800 g (soit environ 5 portions de frites) en une seule cuisson.<\/p>\n<p><img loading=\"lazy\" decoding=\"async\" class=\" wp-image-13024 aligncenter\" src=\"https:\/\/royalswiss.myskydoowebsite.com\/wp-content\/uploads\/2021\/09\/6a00d8341c676f53ef0133edb4b14c970b-300x215.jpg\" alt=\"\" width=\"278\" height=\"199\" srcset=\"https:\/\/royalswiss.myskydoowebsite.com\/wp-content\/uploads\/2021\/09\/6a00d8341c676f53ef0133edb4b14c970b-300x215.jpg 300w, https:\/\/royalswiss.myskydoowebsite.com\/wp-content\/uploads\/2021\/09\/6a00d8341c676f53ef0133edb4b14c970b.jpg 500w\" sizes=\"(max-width: 278px) 100vw, 278px\" \/><\/p>\n<p>&nbsp;<\/p>\n","protected":false},"excerpt":{"rendered":"<p>Sp\u00e9cifications :<\/p>\n<ul>\n<li>alimentation : 220-240V, 50 \/ 60Hz, 1400W<\/li>\n<li>Panier \u00e0 friture et cuve avec rev\u00eatement antiadh\u00e9sif<\/li>\n<li>capacit\u00e9 du panier : 3.5L<\/li>\n<li>7 programmes de cuisson pr\u00e9r\u00e9gl\u00e9s<\/li>\n<li>affichage Full Led avec \u00e9cran tactile<\/li>\n<li>contr\u00f4le de la temp\u00e9rature : 80-200\u00b0C<\/li>\n<li>minuterie : jusqu&rsquo;\u00e0 60 minutes<\/li>\n<li>protection contre la surchauffe<\/li>\n<\/ul>\n<p><img loading=\"lazy\" decoding=\"async\" class=\" wp-image-13023 aligncenter\" src=\"https:\/\/royalswiss.myskydoowebsite.com\/wp-content\/uploads\/2021\/09\/WhatsApp-Image-2021-09-07-at-17.29.19-300x240.jpeg\" alt=\"\" width=\"235\" height=\"188\" srcset=\"https:\/\/royalswiss.myskydoowebsite.com\/wp-content\/uploads\/2021\/09\/WhatsApp-Image-2021-09-07-at-17.29.19-300x240.jpeg 300w, https:\/\/royalswiss.myskydoowebsite.com\/wp-content\/uploads\/2021\/09\/WhatsApp-Image-2021-09-07-at-17.29.19-768x614.jpeg 768w, https:\/\/royalswiss.myskydoowebsite.com\/wp-content\/uploads\/2021\/09\/WhatsApp-Image-2021-09-07-at-17.29.19-555x443.jpeg 555w, https:\/\/royalswiss.myskydoowebsite.com\/wp-content\/uploads\/2021\/09\/WhatsApp-Image-2021-09-07-at-17.29.19.jpeg 960w\" sizes=\"(max-width: 235px) 100vw, 235px\" \/><\/p>\n","protected":false},"featured_media":13021,"comment_status":"open","ping_status":"closed","template":"","meta":[],"product_brand":[],"product_cat":[56,1557,33,15],"product_tag":[1506],"class_list":{"0":"post-13016","1":"product","2":"type-product","3":"status-publish","4":"has-post-thumbnail","6":"product_cat-electromenager","7":"product_cat-friteuse","8":"product_cat-petit-electromenager","9":"product_cat-uncategorized","10":"product_tag-1506","12":"first","13":"instock","14":"sale","15":"taxable","16":"shipping-taxable","17":"purchasable","18":"product-type-variable"},"_links":{"self":[{"href":"https:\/\/royalswiss.myskydoowebsite.com\/index.php?rest_route=\/wp\/v2\/product\/13016","targetHints":{"allow":["GET"]}}],"collection":[{"href":"https:\/\/royalswiss.myskydoowebsite.com\/index.php?rest_route=\/wp\/v2\/product"}],"about":[{"href":"https:\/\/royalswiss.myskydoowebsite.com\/index.php?rest_route=\/wp\/v2\/types\/product"}],"replies":[{"embeddable":true,"href":"https:\/\/royalswiss.myskydoowebsite.com\/index.php?rest_route=%2Fwp%2Fv2%2Fcomments&post=13016"}],"version-history":[{"count":3,"href":"https:\/\/royalswiss.myskydoowebsite.com\/index.php?rest_route=\/wp\/v2\/product\/13016\/revisions"}],"predecessor-version":[{"id":13031,"href":"https:\/\/royalswiss.myskydoowebsite.com\/index.php?rest_route=\/wp\/v2\/product\/13016\/revisions\/13031"}],"wp:featuredmedia":[{"embeddable":true,"href":"https:\/\/royalswiss.myskydoowebsite.com\/index.php?rest_route=\/wp\/v2\/media\/13021"}],"wp:attachment":[{"href":"https:\/\/royalswiss.myskydoowebsite.com\/index.php?rest_route=%2Fwp%2Fv2%2Fmedia&parent=13016"}],"wp:term":[{"taxonomy":"product_brand","embeddable":true,"href":"https:\/\/royalswiss.myskydoowebsite.com\/index.php?rest_route=%2Fwp%2Fv2%2Fproduct_brand&post=13016"},{"taxonomy":"product_cat","embeddable":true,"href":"https:\/\/royalswiss.myskydoowebsite.com\/index.php?rest_route=%2Fwp%2Fv2%2Fproduct_cat&post=13016"},{"taxonomy":"product_tag","embeddable":true,"href":"https:\/\/royalswiss.myskydoowebsite.com\/index.php?rest_route=%2Fwp%2Fv2%2Fproduct_tag&post=13016"}],"curies":[{"name":"wp","href":"https:\/\/api.w.org\/{rel}","templated":true}]}}