{"id":13003,"date":"2021-09-07T16:30:47","date_gmt":"2021-09-07T14:30:47","guid":{"rendered":"https:\/\/royalswiss.myskydoowebsite.com\/?post_type=product&#038;p=13003"},"modified":"2022-07-27T19:24:54","modified_gmt":"2022-07-27T17:24:54","slug":"poele-wok","status":"publish","type":"product","link":"https:\/\/royalswiss.myskydoowebsite.com\/?product=poele-wok","title":{"rendered":"Po\u00eale Wok"},"content":{"rendered":"<p>&nbsp;<\/p>\n<p>La po\u00eale wok de chez Royal Swiss est id\u00e9ale pour une cuisson saine et s\u00fbre et constitue un ajout pratique et attrayant \u00e0 vos ustensiles de cuisine existants.<\/p>\n<p><img fetchpriority=\"high\" decoding=\"async\" class=\"size-full wp-image-13006 aligncenter\" src=\"https:\/\/royalswiss.myskydoowebsite.com\/wp-content\/uploads\/2021\/09\/telechargement.jpg\" alt=\"\" width=\"300\" height=\"168\" \/><br \/>\n&#8211; Gr\u00e2ce au rev\u00eatement antiadh\u00e9sif en marbre de la po\u00eale wok, il n&rsquo;y a pas de rayures lors de l&rsquo;utilisation d&rsquo;appareils de cuisine.<br \/>\n&#8211; Gardez un \u0153il sur votre repas avec notre couvercle en verre renforc\u00e9 et r\u00e9sistant \u00e0 la chaleur avec poign\u00e9e douce au toucher.<br \/>\n&#8211; La poign\u00e9e\u00a0 douce au toucher, \u00e9l\u00e9gante et ergonomique, prot\u00e8ge la casserole de la surchauffe et garantit que vous cuisinez avec un maximum de confort et de contr\u00f4le.<br \/>\n&#8211; Haute compatibilit\u00e9 avec les plaques de cuisson car il peut \u00eatre utilis\u00e9 avec tous les types, y compris les plaques \u00e0 induction.<br \/>\n&#8211; R\u00e9partition de la chaleur: le fond plat et l&rsquo;\u00e9paisseur assurent une r\u00e9partition uniforme de la chaleur, de sorte que les aliments soient cuits uniform\u00e9ment, quels que soient les l\u00e9gumes, le poisson, la viande, les p\u00e2tes ou le poulet.<br \/>\n&#8211; Parfait pour les groupes en raison de sa taille et de son volume ( 32 cm );<br \/>\n&#8211; Facile \u00e0 nettoyer et passe au lave-vaisselle!<\/p>\n<p>Recommand\u00e9 pour: faire sauter, frire, cuire \u00e0 la vapeur. P\u00e2tes, poulet, l\u00e9gumes et viande.<\/p>\n<p>&nbsp;<\/p>\n<p><img decoding=\"async\" class=\"wp-image-13007 aligncenter\" src=\"https:\/\/royalswiss.myskydoowebsite.com\/wp-content\/uploads\/2021\/09\/WhatsApp-Image-2021-04-28-at-20.33.08-300x300.jpeg\" alt=\"\" width=\"226\" height=\"226\" srcset=\"https:\/\/royalswiss.myskydoowebsite.com\/wp-content\/uploads\/2021\/09\/WhatsApp-Image-2021-04-28-at-20.33.08-300x300.jpeg 300w, https:\/\/royalswiss.myskydoowebsite.com\/wp-content\/uploads\/2021\/09\/WhatsApp-Image-2021-04-28-at-20.33.08-1024x1024.jpeg 1024w, https:\/\/royalswiss.myskydoowebsite.com\/wp-content\/uploads\/2021\/09\/WhatsApp-Image-2021-04-28-at-20.33.08-150x150.jpeg 150w, https:\/\/royalswiss.myskydoowebsite.com\/wp-content\/uploads\/2021\/09\/WhatsApp-Image-2021-04-28-at-20.33.08-768x768.jpeg 768w, https:\/\/royalswiss.myskydoowebsite.com\/wp-content\/uploads\/2021\/09\/WhatsApp-Image-2021-04-28-at-20.33.08-1536x1536.jpeg 1536w, https:\/\/royalswiss.myskydoowebsite.com\/wp-content\/uploads\/2021\/09\/WhatsApp-Image-2021-04-28-at-20.33.08-500x500.jpeg 500w, https:\/\/royalswiss.myskydoowebsite.com\/wp-content\/uploads\/2021\/09\/WhatsApp-Image-2021-04-28-at-20.33.08-262x262.jpeg 262w, https:\/\/royalswiss.myskydoowebsite.com\/wp-content\/uploads\/2021\/09\/WhatsApp-Image-2021-04-28-at-20.33.08-555x555.jpeg 555w, https:\/\/royalswiss.myskydoowebsite.com\/wp-content\/uploads\/2021\/09\/WhatsApp-Image-2021-04-28-at-20.33.08-160x160.jpeg 160w, https:\/\/royalswiss.myskydoowebsite.com\/wp-content\/uploads\/2021\/09\/WhatsApp-Image-2021-04-28-at-20.33.08.jpeg 1600w\" sizes=\"(max-width: 226px) 100vw, 226px\" \/><\/p>\n<p>Sp\u00e9cifications :<\/p>\n<ul>\n<li>r\u00e9sistance \u00e0 long terme et haute qualit\u00e9<\/li>\n<li>\u00e9paisseur adapt\u00e9e pour une cuisson plus efficace<\/li>\n<li>rev\u00eatement antiadh\u00e9sif<\/li>\n<li>haute r\u00e9sistance et durabilit\u00e9<\/li>\n<li>sans PFOA et PTFE<\/li>\n<li>R\u00e9duction des \u00e9missions de CO2 dans les processus de fabrications<\/li>\n<\/ul>\n","protected":false},"excerpt":{"rendered":"<p>&nbsp;<\/p>\n<p>Sp\u00e9cifications :<\/p>\n<ul>\n<li>r\u00e9sistance \u00e0 long terme et haute qualit\u00e9<\/li>\n<li>\u00e9paisseur adapt\u00e9e pour une cuisson plus efficace<\/li>\n<li>rev\u00eatement antiadh\u00e9sif<\/li>\n<li>haute r\u00e9sistance et durabilit\u00e9<\/li>\n<li>sans PFOA et PTFE<\/li>\n<li>R\u00e9duction des \u00e9missions de CO2 dans les processus de fabrications<\/li>\n<\/ul>\n<p><img decoding=\"async\" class=\"alignnone size-full wp-image-13005\" src=\"https:\/\/royalswiss.myskydoowebsite.com\/wp-content\/uploads\/2021\/09\/telechargement-1.jpg\" alt=\"\" width=\"274\" height=\"184\" \/><\/p>\n","protected":false},"featured_media":13009,"comment_status":"open","ping_status":"closed","template":"","meta":[],"product_brand":[],"product_cat":[21,53,15],"product_tag":[1505],"class_list":{"0":"post-13003","1":"product","2":"type-product","3":"status-publish","4":"has-post-thumbnail","6":"product_cat-cuisine","7":"product_cat-poele","8":"product_cat-uncategorized","9":"product_tag-1505","11":"first","12":"instock","13":"sale","14":"taxable","15":"shipping-taxable","16":"purchasable","17":"product-type-simple"},"_links":{"self":[{"href":"https:\/\/royalswiss.myskydoowebsite.com\/index.php?rest_route=\/wp\/v2\/product\/13003","targetHints":{"allow":["GET"]}}],"collection":[{"href":"https:\/\/royalswiss.myskydoowebsite.com\/index.php?rest_route=\/wp\/v2\/product"}],"about":[{"href":"https:\/\/royalswiss.myskydoowebsite.com\/index.php?rest_route=\/wp\/v2\/types\/product"}],"replies":[{"embeddable":true,"href":"https:\/\/royalswiss.myskydoowebsite.com\/index.php?rest_route=%2Fwp%2Fv2%2Fcomments&post=13003"}],"version-history":[{"count":1,"href":"https:\/\/royalswiss.myskydoowebsite.com\/index.php?rest_route=\/wp\/v2\/product\/13003\/revisions"}],"predecessor-version":[{"id":13010,"href":"https:\/\/royalswiss.myskydoowebsite.com\/index.php?rest_route=\/wp\/v2\/product\/13003\/revisions\/13010"}],"wp:featuredmedia":[{"embeddable":true,"href":"https:\/\/royalswiss.myskydoowebsite.com\/index.php?rest_route=\/wp\/v2\/media\/13009"}],"wp:attachment":[{"href":"https:\/\/royalswiss.myskydoowebsite.com\/index.php?rest_route=%2Fwp%2Fv2%2Fmedia&parent=13003"}],"wp:term":[{"taxonomy":"product_brand","embeddable":true,"href":"https:\/\/royalswiss.myskydoowebsite.com\/index.php?rest_route=%2Fwp%2Fv2%2Fproduct_brand&post=13003"},{"taxonomy":"product_cat","embeddable":true,"href":"https:\/\/royalswiss.myskydoowebsite.com\/index.php?rest_route=%2Fwp%2Fv2%2Fproduct_cat&post=13003"},{"taxonomy":"product_tag","embeddable":true,"href":"https:\/\/royalswiss.myskydoowebsite.com\/index.php?rest_route=%2Fwp%2Fv2%2Fproduct_tag&post=13003"}],"curies":[{"name":"wp","href":"https:\/\/api.w.org\/{rel}","templated":true}]}}