{"id":12994,"date":"2021-09-07T15:49:50","date_gmt":"2021-09-07T13:49:50","guid":{"rendered":"https:\/\/royalswiss.myskydoowebsite.com\/?post_type=product&#038;p=12994"},"modified":"2022-07-27T19:25:04","modified_gmt":"2022-07-27T17:25:04","slug":"poele-smileys","status":"publish","type":"product","link":"https:\/\/royalswiss.myskydoowebsite.com\/?product=poele-smileys","title":{"rendered":"Po\u00eale smileys"},"content":{"rendered":"<p>Laissez vos petits bouts aimer le petit d\u00e9jeuner &#8211; 7 visages souriants diff\u00e9rents et amusants\u00a0 pour les enfants. ils pr\u00e9f\u00e9reront leurs petits d\u00e9jeuners , la po\u00eale smileys de chez Royal Swiss est\u00a0 ce qui est de mieux pour profiter du plaisir de cuisiner avec vos enfants. Vous pouvez utiliser la plaque chauffante antiadh\u00e9sive smiley face pour faire des cr\u00eapes, des omelettes et des \u0153ufs frits.<\/p>\n<p><img fetchpriority=\"high\" decoding=\"async\" class=\"size-medium wp-image-13140 aligncenter\" src=\"https:\/\/royalswiss.myskydoowebsite.com\/wp-content\/uploads\/2021\/09\/nadia-2-267x300.jpeg\" alt=\"\" width=\"267\" height=\"300\" srcset=\"https:\/\/royalswiss.myskydoowebsite.com\/wp-content\/uploads\/2021\/09\/nadia-2-267x300.jpeg 267w, https:\/\/royalswiss.myskydoowebsite.com\/wp-content\/uploads\/2021\/09\/nadia-2-911x1024.jpeg 911w, https:\/\/royalswiss.myskydoowebsite.com\/wp-content\/uploads\/2021\/09\/nadia-2-768x864.jpeg 768w, https:\/\/royalswiss.myskydoowebsite.com\/wp-content\/uploads\/2021\/09\/nadia-2-555x624.jpeg 555w, https:\/\/royalswiss.myskydoowebsite.com\/wp-content\/uploads\/2021\/09\/nadia-2.jpeg 955w\" sizes=\"(max-width: 267px) 100vw, 267px\" \/><\/p>\n<p>bien que facile \u00e0 nettoyer,\u00a0 le rev\u00eatement antiadh\u00e9sif permet aussi de cuisiner avec peu d&rsquo;huile,\u00a0 ce qui peut assurer une vie saine pour vous et votre famille. (PS: pour prot\u00e9ger le rev\u00eatement antiadh\u00e9sif, veuillez utiliser une \u00e9ponge douce ou un chiffon pour nettoyer la po\u00eale )<br \/>\nConvient pour tout feux. Chauff\u00e9 uniform\u00e9ment, la texture externe peut efficacement emp\u00eacher les aliments d&rsquo;\u00eatre surchauff\u00e9s et br\u00fbl\u00e9s.<\/p>\n<p>&nbsp;<\/p>\n<p><img decoding=\"async\" class=\" wp-image-13001 aligncenter\" src=\"https:\/\/royalswiss.myskydoowebsite.com\/wp-content\/uploads\/2021\/09\/WhatsApp-Image-2021-09-07-at-15.03.06-300x300.jpeg\" alt=\"\" width=\"234\" height=\"234\" srcset=\"https:\/\/royalswiss.myskydoowebsite.com\/wp-content\/uploads\/2021\/09\/WhatsApp-Image-2021-09-07-at-15.03.06-300x300.jpeg 300w, https:\/\/royalswiss.myskydoowebsite.com\/wp-content\/uploads\/2021\/09\/WhatsApp-Image-2021-09-07-at-15.03.06-150x150.jpeg 150w, https:\/\/royalswiss.myskydoowebsite.com\/wp-content\/uploads\/2021\/09\/WhatsApp-Image-2021-09-07-at-15.03.06-768x768.jpeg 768w, https:\/\/royalswiss.myskydoowebsite.com\/wp-content\/uploads\/2021\/09\/WhatsApp-Image-2021-09-07-at-15.03.06-500x500.jpeg 500w, https:\/\/royalswiss.myskydoowebsite.com\/wp-content\/uploads\/2021\/09\/WhatsApp-Image-2021-09-07-at-15.03.06-262x262.jpeg 262w, https:\/\/royalswiss.myskydoowebsite.com\/wp-content\/uploads\/2021\/09\/WhatsApp-Image-2021-09-07-at-15.03.06-555x555.jpeg 555w, https:\/\/royalswiss.myskydoowebsite.com\/wp-content\/uploads\/2021\/09\/WhatsApp-Image-2021-09-07-at-15.03.06-160x160.jpeg 160w, https:\/\/royalswiss.myskydoowebsite.com\/wp-content\/uploads\/2021\/09\/WhatsApp-Image-2021-09-07-at-15.03.06.jpeg 800w\" sizes=\"(max-width: 234px) 100vw, 234px\" \/><\/p>\n<p>Mise en garde :<\/p>\n<ul>\n<li>Eteignez la source de chaleur lorsque votre pr\u00e9paration est termin\u00e9 ou assez cuite.<\/li>\n<li>ne pas plonger dans l&rsquo;eau<\/li>\n<li>Ne pas retirer la plaque de cuisson avant que l&rsquo;appareil ait refroidit.<\/li>\n<\/ul>\n<p>Sp\u00e9cifications:<\/p>\n<ul>\n<li>Type d&rsquo;article: po\u00eale \u00e0 cr\u00eapes antiadh\u00e9sive<\/li>\n<li>Mat\u00e9riel: alliage D&rsquo;aluminium<\/li>\n<li>Taille: env.: : 26cm \/ 10.24in<\/li>\n<li>Couleur: Noir<\/li>\n<\/ul>\n","protected":false},"excerpt":{"rendered":"<p>&nbsp;<\/p>\n<p>Sp\u00e9cifications:<\/p>\n<ul>\n<li>nombre de face : 7<\/li>\n<li>Type d&rsquo;article: po\u00eale \u00e0 cr\u00eapes\u00a0 avec rev\u00eatement antiadh\u00e9sive<\/li>\n<li>Mat\u00e9riel: alliage D&rsquo;aluminium<\/li>\n<li>Taille: env.: : 26cm \/ 10.24in<\/li>\n<li>Couleur: Noir<\/li>\n<\/ul>\n[video width=\"368\" height=\"640\" mp4=\"https:\/\/royalswiss.myskydoowebsite.com\/wp-content\/uploads\/2021\/09\/video-nadia.mp4\"][\/video]\n","protected":false},"featured_media":13000,"comment_status":"open","ping_status":"closed","template":"","meta":[],"product_brand":[],"product_cat":[21,53],"product_tag":[1504],"class_list":{"0":"post-12994","1":"product","2":"type-product","3":"status-publish","4":"has-post-thumbnail","6":"product_cat-cuisine","7":"product_cat-poele","8":"product_tag-1504","10":"first","11":"instock","12":"sale","13":"taxable","14":"shipping-taxable","15":"purchasable","16":"product-type-simple"},"_links":{"self":[{"href":"https:\/\/royalswiss.myskydoowebsite.com\/index.php?rest_route=\/wp\/v2\/product\/12994","targetHints":{"allow":["GET"]}}],"collection":[{"href":"https:\/\/royalswiss.myskydoowebsite.com\/index.php?rest_route=\/wp\/v2\/product"}],"about":[{"href":"https:\/\/royalswiss.myskydoowebsite.com\/index.php?rest_route=\/wp\/v2\/types\/product"}],"replies":[{"embeddable":true,"href":"https:\/\/royalswiss.myskydoowebsite.com\/index.php?rest_route=%2Fwp%2Fv2%2Fcomments&post=12994"}],"version-history":[{"count":3,"href":"https:\/\/royalswiss.myskydoowebsite.com\/index.php?rest_route=\/wp\/v2\/product\/12994\/revisions"}],"predecessor-version":[{"id":13144,"href":"https:\/\/royalswiss.myskydoowebsite.com\/index.php?rest_route=\/wp\/v2\/product\/12994\/revisions\/13144"}],"wp:featuredmedia":[{"embeddable":true,"href":"https:\/\/royalswiss.myskydoowebsite.com\/index.php?rest_route=\/wp\/v2\/media\/13000"}],"wp:attachment":[{"href":"https:\/\/royalswiss.myskydoowebsite.com\/index.php?rest_route=%2Fwp%2Fv2%2Fmedia&parent=12994"}],"wp:term":[{"taxonomy":"product_brand","embeddable":true,"href":"https:\/\/royalswiss.myskydoowebsite.com\/index.php?rest_route=%2Fwp%2Fv2%2Fproduct_brand&post=12994"},{"taxonomy":"product_cat","embeddable":true,"href":"https:\/\/royalswiss.myskydoowebsite.com\/index.php?rest_route=%2Fwp%2Fv2%2Fproduct_cat&post=12994"},{"taxonomy":"product_tag","embeddable":true,"href":"https:\/\/royalswiss.myskydoowebsite.com\/index.php?rest_route=%2Fwp%2Fv2%2Fproduct_tag&post=12994"}],"curies":[{"name":"wp","href":"https:\/\/api.w.org\/{rel}","templated":true}]}}