{"id":11472,"date":"2020-11-10T16:24:14","date_gmt":"2020-11-10T15:24:14","guid":{"rendered":"https:\/\/royalswiss.myskydoowebsite.com\/?post_type=product&#038;p=11472"},"modified":"2022-08-02T17:36:22","modified_gmt":"2022-08-02T15:36:22","slug":"chauffageasel-h30-41","status":"publish","type":"product","link":"https:\/\/royalswiss.myskydoowebsite.com\/?product=chauffageasel-h30-41","title":{"rendered":"Chauffage ASEL H 30-41"},"content":{"rendered":"<p>&nbsp;<\/p>\n<p><b>PROFITEZ DE CHALEUR ET DE CONFORT, M\u00caME EN HIVER, AVEC ASEL\u00a0H 30-41<br \/>\n<\/b>R\u00e9chauffez votre pi\u00e8ce avec le po\u00eale \u00e0 quartz compact\u00a0<b>ASEL\u00a0<\/b><b>H 30-41<\/b><b>\u00a0.\u00a0<\/b>Bien que petit, il est extr\u00eamement puissant et peut chauffer toute votre pi\u00e8ce.\u00a0L&rsquo;appareil dispose de trois r\u00e9acteurs capables de vous fournir la chaleur dont vous avez besoin. \u00a0\u00a0Le po\u00eale \u00e0 quartz\u00a0<b>ASEL\u00a0<\/b><b>H 30-41<\/b>\u00a0convient \u00e9galement pour les voyages.\u00a0Vous pouvez l&#8217;emporter avec vous en vacances, \u00e0 la villa ou o\u00f9 vous le souhaitez.\u00a0Le poids de 1,6 kg permet un transport facile.\u00a0Profitez du confort dont vous avez besoin!\u00a0<b>UN REV\u00caTEMENT QUI NE FAIT PAS MAL\u00a0\u00a0<\/b><b>\u00a0<\/b><b><\/b><b><\/b><\/p>\n<p><b>CARACT\u00c9RISTIQUES <\/b><\/p>\n<p><b>&#8211; Chauffage des pi\u00e8ces de grande surface <\/b><\/p>\n<p><b>&#8211; Poign\u00e9e pour un d\u00e9placement facile <\/b><\/p>\n<p><b>&#8211; 3 niveaux de puissance 1400 W <\/b><\/p>\n<p><b>&#8211; Interrupteur de s\u00e9curit\u00e9 <\/b><\/p>\n<p><b>&#8211; Rev\u00eatement en caoutchouc souple<\/b><\/p>\n<p><b> &#8211; Tr\u00e8s efficace et \u00e9conome en \u00e9nergie <\/b><\/p>\n<p><b>&#8211; Boutons pour incl. \/ off<br \/>\n<\/b><\/p>\n<p><b>AVANTAGES<\/b><\/p>\n<p><b><br \/>\n&#8211; Facilement portable gr\u00e2ce au poids de 1,6 kg &#8211; Design \u00e9l\u00e9gant qui s&rsquo;adapte \u00e0 tous les int\u00e9rieurs &#8211; Petit, pratique et confortable, mais extr\u00eamement puissant &#8211; Chauffe toute la pi\u00e8ce, qu&rsquo;elle soit ventil\u00e9e ou non\u00a0<\/b><\/p>\n<p><span class=\"gray_text\">Produit \u00e9galement connu sous le nom de H 30 41, H3041, H30- 41<\/span><\/p>\n","protected":false},"excerpt":{"rendered":"<p>&nbsp;<\/p>\n<p><b>CARACT\u00c9RISTIQUES <\/b><\/p>\n<p><b>&#8211; Chauffage des pi\u00e8ces de grande surface <\/b><\/p>\n<p><b>&#8211; Poign\u00e9e pour un d\u00e9placement facile <\/b><\/p>\n<p><b>&#8211; 3 niveaux de puissance 1400 W <\/b><\/p>\n<p><b>&#8211; Interrupteur de s\u00e9curit\u00e9 <\/b><\/p>\n<p><b>&#8211; Rev\u00eatement en caoutchouc souple<\/b><\/p>\n<p><b> &#8211; Tr\u00e8s efficace et \u00e9conome en \u00e9nergie <\/b><\/p>\n<p><b>&#8211; Boutons pour incl. \/ off<br \/>\n<\/b><\/p>\n<p><b>AVANTAGES<\/b><\/p>\n<p><b><br \/>\n&#8211; Facilement portable gr\u00e2ce au poids de 1,6 kg &#8211; Design \u00e9l\u00e9gant qui s&rsquo;adapte \u00e0 tous les int\u00e9rieurs &#8211; Petit, pratique et confortable, mais extr\u00eamement puissant &#8211; Chauffe toute la pi\u00e8ce, qu&rsquo;elle soit ventil\u00e9e ou non\u00a0<\/b><\/p>\n<p><span class=\"gray_text\">Produit \u00e9galement connu sous le nom de H 30 41, H3041, H30- 41<\/span><\/p>\n","protected":false},"featured_media":11474,"comment_status":"open","ping_status":"closed","template":"","meta":[],"product_brand":[],"product_cat":[56,33,15],"product_tag":[1483],"class_list":{"0":"post-11472","1":"product","2":"type-product","3":"status-publish","4":"has-post-thumbnail","6":"product_cat-electromenager","7":"product_cat-petit-electromenager","8":"product_cat-uncategorized","9":"product_tag-h-30-41","11":"first","12":"outofstock","13":"sale","14":"taxable","15":"shipping-taxable","16":"purchasable","17":"product-type-simple"},"_links":{"self":[{"href":"https:\/\/royalswiss.myskydoowebsite.com\/index.php?rest_route=\/wp\/v2\/product\/11472","targetHints":{"allow":["GET"]}}],"collection":[{"href":"https:\/\/royalswiss.myskydoowebsite.com\/index.php?rest_route=\/wp\/v2\/product"}],"about":[{"href":"https:\/\/royalswiss.myskydoowebsite.com\/index.php?rest_route=\/wp\/v2\/types\/product"}],"replies":[{"embeddable":true,"href":"https:\/\/royalswiss.myskydoowebsite.com\/index.php?rest_route=%2Fwp%2Fv2%2Fcomments&post=11472"}],"version-history":[{"count":2,"href":"https:\/\/royalswiss.myskydoowebsite.com\/index.php?rest_route=\/wp\/v2\/product\/11472\/revisions"}],"predecessor-version":[{"id":11476,"href":"https:\/\/royalswiss.myskydoowebsite.com\/index.php?rest_route=\/wp\/v2\/product\/11472\/revisions\/11476"}],"wp:featuredmedia":[{"embeddable":true,"href":"https:\/\/royalswiss.myskydoowebsite.com\/index.php?rest_route=\/wp\/v2\/media\/11474"}],"wp:attachment":[{"href":"https:\/\/royalswiss.myskydoowebsite.com\/index.php?rest_route=%2Fwp%2Fv2%2Fmedia&parent=11472"}],"wp:term":[{"taxonomy":"product_brand","embeddable":true,"href":"https:\/\/royalswiss.myskydoowebsite.com\/index.php?rest_route=%2Fwp%2Fv2%2Fproduct_brand&post=11472"},{"taxonomy":"product_cat","embeddable":true,"href":"https:\/\/royalswiss.myskydoowebsite.com\/index.php?rest_route=%2Fwp%2Fv2%2Fproduct_cat&post=11472"},{"taxonomy":"product_tag","embeddable":true,"href":"https:\/\/royalswiss.myskydoowebsite.com\/index.php?rest_route=%2Fwp%2Fv2%2Fproduct_tag&post=11472"}],"curies":[{"name":"wp","href":"https:\/\/api.w.org\/{rel}","templated":true}]}}