{"id":11346,"date":"2020-10-06T12:18:11","date_gmt":"2020-10-06T10:18:11","guid":{"rendered":"https:\/\/royalswiss.myskydoowebsite.com\/?post_type=product&#038;p=11346"},"modified":"2022-09-15T18:04:07","modified_gmt":"2022-09-15T16:04:07","slug":"grill-pain-xl","status":"publish","type":"product","link":"https:\/\/royalswiss.myskydoowebsite.com\/?product=grill-pain-xl","title":{"rendered":"Grill-pain xl"},"content":{"rendered":"<p><strong>Le compagnon id\u00e9al et design pour des toasts bien grill\u00e9s au petit d\u00e9jeuner<\/strong><\/p>\n<p><img fetchpriority=\"high\" decoding=\"async\" class=\"size-medium wp-image-11349 alignright\" src=\"https:\/\/royalswiss.myskydoowebsite.com\/wp-content\/uploads\/2020\/10\/WhatsApp-Image-2020-09-18-at-07.35.56-1-1-300x200.jpeg\" alt=\"\" width=\"300\" height=\"200\" srcset=\"https:\/\/royalswiss.myskydoowebsite.com\/wp-content\/uploads\/2020\/10\/WhatsApp-Image-2020-09-18-at-07.35.56-1-1-300x200.jpeg 300w, https:\/\/royalswiss.myskydoowebsite.com\/wp-content\/uploads\/2020\/10\/WhatsApp-Image-2020-09-18-at-07.35.56-1-1-768x512.jpeg 768w, https:\/\/royalswiss.myskydoowebsite.com\/wp-content\/uploads\/2020\/10\/WhatsApp-Image-2020-09-18-at-07.35.56-1-1-750x500.jpeg 750w, https:\/\/royalswiss.myskydoowebsite.com\/wp-content\/uploads\/2020\/10\/WhatsApp-Image-2020-09-18-at-07.35.56-1-1-555x370.jpeg 555w, https:\/\/royalswiss.myskydoowebsite.com\/wp-content\/uploads\/2020\/10\/WhatsApp-Image-2020-09-18-at-07.35.56-1-1.jpeg 1024w\" sizes=\"(max-width: 300px) 100vw, 300px\" \/><em>Mod\u00e8le : TA3281<\/em><\/p>\n<p>&nbsp;<\/p>\n<p>Pratique et rapide avec sa longue fente, ce grille-pain r\u00e9pondra parfaitement \u00e0 tous les besoins de votre famille \u00e0 l&rsquo;heure du petit d\u00e9jeuner<\/p>\n<p><img decoding=\"async\" class=\" wp-image-11348 alignleft\" src=\"https:\/\/royalswiss.myskydoowebsite.com\/wp-content\/uploads\/2020\/10\/Groupe_SEB-70008368-w300cropfalset2020-07-15T210111-300x300.jpg\" alt=\"\" width=\"243\" height=\"243\" srcset=\"https:\/\/royalswiss.myskydoowebsite.com\/wp-content\/uploads\/2020\/10\/Groupe_SEB-70008368-w300cropfalset2020-07-15T210111.jpg 300w, https:\/\/royalswiss.myskydoowebsite.com\/wp-content\/uploads\/2020\/10\/Groupe_SEB-70008368-w300cropfalset2020-07-15T210111-150x150.jpg 150w, https:\/\/royalswiss.myskydoowebsite.com\/wp-content\/uploads\/2020\/10\/Groupe_SEB-70008368-w300cropfalset2020-07-15T210111-262x262.jpg 262w, https:\/\/royalswiss.myskydoowebsite.com\/wp-content\/uploads\/2020\/10\/Groupe_SEB-70008368-w300cropfalset2020-07-15T210111-160x160.jpg 160w\" sizes=\"(max-width: 243px) 100vw, 243px\" \/><\/p>\n<p>&nbsp;<\/p>\n<p>Grille-pain blanc \u00ab\u00a0MAXI FORMAT\u00a0\u00bb avec 1 chambre de grillage extra longues pour griller facilement plusieurs tranches de baguettes et toasts simultan\u00e9ment qu\u2019ils soient frais ou congel\u00e9s. Gr\u00e2ce \u00e0 la fonction r\u00e9chauffage vous pourrez m\u00eame r\u00e9chauffer vos tranches de pain d\u00e9j\u00e0 grill\u00e9es.<\/p>\n","protected":false},"excerpt":{"rendered":"<p>&nbsp;<\/p>\n<p><strong>Sp\u00e9cifications\u00a0: <\/strong><\/p>\n<ul>\n<li><strong>Contr\u00f4le \u00e9lectronique du brunissement variable <\/strong><\/li>\n<li><strong>Grille chauffante \u00e0 levage facile <\/strong><\/li>\n<li><strong>Largeur variable <\/strong><\/li>\n<li><strong>Fentes large et profondes \u00e0 centrage automatique<\/strong><\/li>\n<li><strong>R\u00e9chauffer les boutons de d\u00e9givrage et d\u2019annulation <\/strong><\/li>\n<li><strong>Ramasse-miettes fixe coulissant, facile \u00e0 nettoyer<\/strong><\/li>\n<li><strong>Thermostat r\u00e9glable sur 7 niveaux<\/strong><\/li>\n<\/ul>\n<p><img decoding=\"async\" class=\" wp-image-11349 aligncenter\" src=\"https:\/\/royalswiss.myskydoowebsite.com\/wp-content\/uploads\/2020\/10\/WhatsApp-Image-2020-09-18-at-07.35.56-1-1-300x200.jpeg\" alt=\"\" width=\"260\" height=\"173\" srcset=\"https:\/\/royalswiss.myskydoowebsite.com\/wp-content\/uploads\/2020\/10\/WhatsApp-Image-2020-09-18-at-07.35.56-1-1-300x200.jpeg 300w, https:\/\/royalswiss.myskydoowebsite.com\/wp-content\/uploads\/2020\/10\/WhatsApp-Image-2020-09-18-at-07.35.56-1-1-768x512.jpeg 768w, https:\/\/royalswiss.myskydoowebsite.com\/wp-content\/uploads\/2020\/10\/WhatsApp-Image-2020-09-18-at-07.35.56-1-1-750x500.jpeg 750w, https:\/\/royalswiss.myskydoowebsite.com\/wp-content\/uploads\/2020\/10\/WhatsApp-Image-2020-09-18-at-07.35.56-1-1-555x370.jpeg 555w, https:\/\/royalswiss.myskydoowebsite.com\/wp-content\/uploads\/2020\/10\/WhatsApp-Image-2020-09-18-at-07.35.56-1-1.jpeg 1024w\" sizes=\"(max-width: 260px) 100vw, 260px\" \/><\/p>\n","protected":false},"featured_media":11349,"comment_status":"open","ping_status":"closed","template":"","meta":[],"product_brand":[],"product_cat":[56,33,1558,15],"product_tag":[1481],"class_list":{"0":"post-11346","1":"product","2":"type-product","3":"status-publish","4":"has-post-thumbnail","6":"product_cat-electromenager","7":"product_cat-petit-electromenager","8":"product_cat-plancha-panini","9":"product_cat-uncategorized","10":"product_tag-1481","12":"first","13":"instock","14":"sale","15":"taxable","16":"shipping-taxable","17":"purchasable","18":"product-type-simple"},"_links":{"self":[{"href":"https:\/\/royalswiss.myskydoowebsite.com\/index.php?rest_route=\/wp\/v2\/product\/11346","targetHints":{"allow":["GET"]}}],"collection":[{"href":"https:\/\/royalswiss.myskydoowebsite.com\/index.php?rest_route=\/wp\/v2\/product"}],"about":[{"href":"https:\/\/royalswiss.myskydoowebsite.com\/index.php?rest_route=\/wp\/v2\/types\/product"}],"replies":[{"embeddable":true,"href":"https:\/\/royalswiss.myskydoowebsite.com\/index.php?rest_route=%2Fwp%2Fv2%2Fcomments&post=11346"}],"version-history":[{"count":1,"href":"https:\/\/royalswiss.myskydoowebsite.com\/index.php?rest_route=\/wp\/v2\/product\/11346\/revisions"}],"predecessor-version":[{"id":11351,"href":"https:\/\/royalswiss.myskydoowebsite.com\/index.php?rest_route=\/wp\/v2\/product\/11346\/revisions\/11351"}],"wp:featuredmedia":[{"embeddable":true,"href":"https:\/\/royalswiss.myskydoowebsite.com\/index.php?rest_route=\/wp\/v2\/media\/11349"}],"wp:attachment":[{"href":"https:\/\/royalswiss.myskydoowebsite.com\/index.php?rest_route=%2Fwp%2Fv2%2Fmedia&parent=11346"}],"wp:term":[{"taxonomy":"product_brand","embeddable":true,"href":"https:\/\/royalswiss.myskydoowebsite.com\/index.php?rest_route=%2Fwp%2Fv2%2Fproduct_brand&post=11346"},{"taxonomy":"product_cat","embeddable":true,"href":"https:\/\/royalswiss.myskydoowebsite.com\/index.php?rest_route=%2Fwp%2Fv2%2Fproduct_cat&post=11346"},{"taxonomy":"product_tag","embeddable":true,"href":"https:\/\/royalswiss.myskydoowebsite.com\/index.php?rest_route=%2Fwp%2Fv2%2Fproduct_tag&post=11346"}],"curies":[{"name":"wp","href":"https:\/\/api.w.org\/{rel}","templated":true}]}}