{"id":11334,"date":"2020-10-05T15:53:47","date_gmt":"2020-10-05T13:53:47","guid":{"rendered":"https:\/\/royalswiss.myskydoowebsite.com\/?post_type=product&#038;p=11334"},"modified":"2022-09-15T18:04:08","modified_gmt":"2022-09-15T16:04:08","slug":"cuiseur-vapeur-electrique-9l-800w","status":"publish","type":"product","link":"https:\/\/royalswiss.myskydoowebsite.com\/?product=cuiseur-vapeur-electrique-9l-800w","title":{"rendered":"Cuiseur Vapeur"},"content":{"rendered":"<h2><em>Cuiseur Vapeur, Mod\u00e8le HY-4401DS, 9L Cuiseur Vapeur \u00e9lectrique 800W et Arr\u00eat Automatique avec Programmable Minuteur, 3 Paniers Ind\u00e9pendants Empilables et \u00e9cran LED, Base en Acier Inoxydable, Sans BPA, Royal Swiss<\/em><\/h2>\n<p>&nbsp;<\/p>\n<p>La pr\u00e9paration de repas sains pour votre famille et vos proches est essentielle.\u00a0<strong>Diminuer les graisses et les calories contenues dans un repas<\/strong>\u00a0permet d\u2019\u00e9conomiser l\u2019usure sur les corps de ceux que vous ch\u00e9rissez le plus. La plupart des gens ne sont pas conscients que lorsque vous faites bouillir les aliments, certaines vitamines et nutriments essentiels disparaissent dans l\u2019eau de cuisson. La cuisson vapeur qui peut par exemple \u00eatre effectu\u00e9e avec un appareil uniquement con\u00e7u pour cette utilisation tel que notre cuiseur vapeur Royal Swiss HY-4401DS vous assure que ces nutriments restent \u00e0 l\u2019int\u00e9rieur de la nourriture.<\/p>\n<p>L\u2019avantage de la cuisson vapeur est double car, pour un m\u00eame aliment, vous utilisez moins d\u2019eau et vous cuisez les aliments plus rapidement. Par ailleurs, ce mode de cuisson n\u00e9cessite moins d\u2019\u00e9nergie, vous faites donc des \u00e9conomies. De plus, un cuiseur vapeur \u00e9lectrique lib\u00e8re de l\u2019espace dans votre cuisine en permettant de cuire plusieurs plateaux de nourriture en m\u00eame temps.<\/p>\n<p><img fetchpriority=\"high\" decoding=\"async\" class=\" wp-image-11339 aligncenter\" src=\"https:\/\/royalswiss.myskydoowebsite.com\/wp-content\/uploads\/2020\/10\/WhatsApp-Image-2020-09-18-at-07.35.56-1-235x300.jpeg\" alt=\"\" width=\"203\" height=\"260\" srcset=\"https:\/\/royalswiss.myskydoowebsite.com\/wp-content\/uploads\/2020\/10\/WhatsApp-Image-2020-09-18-at-07.35.56-1-235x300.jpeg 235w, https:\/\/royalswiss.myskydoowebsite.com\/wp-content\/uploads\/2020\/10\/WhatsApp-Image-2020-09-18-at-07.35.56-1-768x982.jpeg 768w, https:\/\/royalswiss.myskydoowebsite.com\/wp-content\/uploads\/2020\/10\/WhatsApp-Image-2020-09-18-at-07.35.56-1-555x710.jpeg 555w, https:\/\/royalswiss.myskydoowebsite.com\/wp-content\/uploads\/2020\/10\/WhatsApp-Image-2020-09-18-at-07.35.56-1.jpeg 801w\" sizes=\"(max-width: 203px) 100vw, 203px\" \/><\/p>\n<h3><strong>Notre produit :\u00a0<\/strong><\/h3>\n<ul>\n<li>3 Paniers \u00e0 vapeur sans BPA, Fabriqu\u00e9s\u00a0 SANS BPA, les paniers pr\u00e9sentent une r\u00e9sistance chimique \u00e9lev\u00e9e et peuvent r\u00e9sister \u00e0 des temp\u00e9ratures allant jusqu&rsquo;\u00e0 284 \u00b0 F. Jusqu&rsquo;\u00e0 9,5 litres de capacit\u00e9 pour les l\u00e9gumes, le poisson, les aliments pour b\u00e9b\u00e9, les \u0153ufs ou le riz, vous pouvez faire cuire autant d&rsquo;aliments que vous le souhaitez. Il devient tr\u00e8s facile de cuire plusieurs choses en m\u00eame temps et de les combiner ensemble<\/li>\n<\/ul>\n<ul>\n<li>Vapeur Rapide, Avec une conception puissante de vapeur de 800 W, chauffe rapidement et cuit uniform\u00e9ment.\u00a0 Cela vous fera gagner beaucoup de temps dans la cuisine car vous pourrez pr\u00e9parer un d\u00e9licieux d\u00eener en 30 minutes. De plus, vous conservez plus de nutriments dans les l\u00e9gumes en les faisant cuire \u00e0 la vapeur plut\u00f4t qu&rsquo;en les faisant bouillir<\/li>\n<\/ul>\n<ul>\n<li>Intelligent Cuiseur Vapeur \u00c9lectrique , Le minuteur num\u00e9rique d\u00e9fini d&rsquo;avance\u00a0 \u00e0 90 mins pour faire cuire la nourriture que vous voulez. Le dispositif de chronom\u00e9trage est facile \u00e0 utiliser et vous pouvez l&rsquo;ajuster au besoin. Lorsque la minuterie revient \u00e0 0 ou qu&rsquo;il n&rsquo;y a plus d&rsquo;eau dans le r\u00e9servoir de base, une sonnerie retentit et le vapeur s&rsquo;\u00e9teint. Il vous permet de passer votre temps sans vous soucier de savoir si la nourriture est pr\u00eate ou non<\/li>\n<\/ul>\n<ul>\n<li>Facile \u00e0 nettoyer et \u00e0 utiliser, Pour cuire diff\u00e9rents types d&rsquo;aliments, placez un bol (rempli de nourriture avec des temps de cuisson plus longs) sur la base et cuire \u00e0 la vapeur en premier; puis ajoutez plus tard le deuxi\u00e8me bol rempli de nourriture qui a des temps de cuisson plus courts. Quant au nettoyage, vous pouvez mettre des paniers dans de l&rsquo;eau chaude savonneuse et s\u00e9cher \u00e0 l&rsquo;air.<\/li>\n<\/ul>\n<p><strong> <img decoding=\"async\" class=\"size-medium wp-image-11338 aligncenter\" src=\"https:\/\/royalswiss.myskydoowebsite.com\/wp-content\/uploads\/2020\/10\/s-l1600-300x300.jpg\" alt=\"\" width=\"300\" height=\"300\" srcset=\"https:\/\/royalswiss.myskydoowebsite.com\/wp-content\/uploads\/2020\/10\/s-l1600-300x300.jpg 300w, https:\/\/royalswiss.myskydoowebsite.com\/wp-content\/uploads\/2020\/10\/s-l1600-1024x1024.jpg 1024w, https:\/\/royalswiss.myskydoowebsite.com\/wp-content\/uploads\/2020\/10\/s-l1600-150x150.jpg 150w, https:\/\/royalswiss.myskydoowebsite.com\/wp-content\/uploads\/2020\/10\/s-l1600-768x768.jpg 768w, https:\/\/royalswiss.myskydoowebsite.com\/wp-content\/uploads\/2020\/10\/s-l1600-500x500.jpg 500w, https:\/\/royalswiss.myskydoowebsite.com\/wp-content\/uploads\/2020\/10\/s-l1600-262x262.jpg 262w, https:\/\/royalswiss.myskydoowebsite.com\/wp-content\/uploads\/2020\/10\/s-l1600-555x555.jpg 555w, https:\/\/royalswiss.myskydoowebsite.com\/wp-content\/uploads\/2020\/10\/s-l1600-160x160.jpg 160w, https:\/\/royalswiss.myskydoowebsite.com\/wp-content\/uploads\/2020\/10\/s-l1600.jpg 1500w\" sizes=\"(max-width: 300px) 100vw, 300px\" \/><\/strong><\/p>\n<p>&nbsp;<\/p>\n<h3><strong>Avantages de la cuisson vapeur<\/strong><\/h3>\n<p>&nbsp;<\/p>\n<ul>\n<li>Conservation de la valeur nutritive, comme avec le Steam\u2019Up de Moulinex.<\/li>\n<li>Permet \u00e0 certains aliments d\u2019\u00eatre plus l\u00e9gers et plus faciles \u00e0 dig\u00e9rer.<\/li>\n<li>La faible vapeur de pression r\u00e9duit le risque de surcuisson.<\/li>\n<li>La vapeur \u00e0 haute pression permet aux aliments de cuire ou d\u2019\u00eatre r\u00e9chauff\u00e9s rapidement par le passage de la vapeur au travers de la nourriture.<\/li>\n<li>Adapt\u00e9 pour la cuisine \u00e0 grande \u00e9chelle.<\/li>\n<li>Vapeurs \u00e0 haute vitesse utilis\u00e9s pour la cuisson \u2018 batch \u2018 permettent la cuisson fr\u00e9quente de petites quantit\u00e9s de l\u00e9gumes tout au long de la prestation.<\/li>\n<li>Les l\u00e9gumes sont fra\u00eechement pr\u00e9par\u00e9s tout en conservant la couleur, la saveur et la valeur nutritive.<\/li>\n<li>Avec le poisson cuisson vapeur, les jus de fruits naturels peuvent \u00eatre conserv\u00e9s en servant avec le poisson ou en faisant une sauce d\u2019accompagnement.<\/li>\n<li>La cuisson vapeur est \u00e9conomique en \u00e9nergie : un\u00a0feu doux est suffisant,\u00a0un appareil\u00a0\u00e0 vapeur \u00e0 plusieurs niveaux\u00a0et cuit plusieurs aliments ou types d\u2019aliments simultan\u00e9ment.<\/li>\n<\/ul>\n<p><strong> <img decoding=\"async\" class=\"size-medium wp-image-11336 aligncenter\" src=\"https:\/\/royalswiss.myskydoowebsite.com\/wp-content\/uploads\/2020\/10\/s-l1600-2-300x300.jpg\" alt=\"\" width=\"300\" height=\"300\" srcset=\"https:\/\/royalswiss.myskydoowebsite.com\/wp-content\/uploads\/2020\/10\/s-l1600-2-300x300.jpg 300w, https:\/\/royalswiss.myskydoowebsite.com\/wp-content\/uploads\/2020\/10\/s-l1600-2-1024x1024.jpg 1024w, https:\/\/royalswiss.myskydoowebsite.com\/wp-content\/uploads\/2020\/10\/s-l1600-2-150x150.jpg 150w, https:\/\/royalswiss.myskydoowebsite.com\/wp-content\/uploads\/2020\/10\/s-l1600-2-768x768.jpg 768w, https:\/\/royalswiss.myskydoowebsite.com\/wp-content\/uploads\/2020\/10\/s-l1600-2-500x500.jpg 500w, https:\/\/royalswiss.myskydoowebsite.com\/wp-content\/uploads\/2020\/10\/s-l1600-2-262x262.jpg 262w, https:\/\/royalswiss.myskydoowebsite.com\/wp-content\/uploads\/2020\/10\/s-l1600-2-555x555.jpg 555w, https:\/\/royalswiss.myskydoowebsite.com\/wp-content\/uploads\/2020\/10\/s-l1600-2-160x160.jpg 160w, https:\/\/royalswiss.myskydoowebsite.com\/wp-content\/uploads\/2020\/10\/s-l1600-2.jpg 1500w\" sizes=\"(max-width: 300px) 100vw, 300px\" \/><\/strong><\/p>\n<p><strong>\u00a0<\/strong><\/p>\n<p><strong>Exemples d\u2019aliments que vous pourriez choisir de faire cuire \u00e0 la vapeur par :<\/strong><\/p>\n<ul>\n<li>Les poissons.<\/li>\n<li>Viandes : langue, jambon, bacon.<\/li>\n<li>L\u00e9gumes : tous les l\u00e9gumes sont adapt\u00e9s.<\/li>\n<li>Puddings sucr\u00e9s.<\/li>\n<\/ul>\n","protected":false},"excerpt":{"rendered":"<p>&nbsp;<\/p>\n<p>Caract\u00e9ristique :<\/p>\n<p><img loading=\"lazy\" decoding=\"async\" class=\" wp-image-11336 alignright\" src=\"https:\/\/royalswiss.myskydoowebsite.com\/wp-content\/uploads\/2020\/10\/s-l1600-2-300x300.jpg\" alt=\"\" width=\"225\" height=\"225\" srcset=\"https:\/\/royalswiss.myskydoowebsite.com\/wp-content\/uploads\/2020\/10\/s-l1600-2-300x300.jpg 300w, https:\/\/royalswiss.myskydoowebsite.com\/wp-content\/uploads\/2020\/10\/s-l1600-2-1024x1024.jpg 1024w, https:\/\/royalswiss.myskydoowebsite.com\/wp-content\/uploads\/2020\/10\/s-l1600-2-150x150.jpg 150w, https:\/\/royalswiss.myskydoowebsite.com\/wp-content\/uploads\/2020\/10\/s-l1600-2-768x768.jpg 768w, https:\/\/royalswiss.myskydoowebsite.com\/wp-content\/uploads\/2020\/10\/s-l1600-2-500x500.jpg 500w, https:\/\/royalswiss.myskydoowebsite.com\/wp-content\/uploads\/2020\/10\/s-l1600-2-262x262.jpg 262w, https:\/\/royalswiss.myskydoowebsite.com\/wp-content\/uploads\/2020\/10\/s-l1600-2-555x555.jpg 555w, https:\/\/royalswiss.myskydoowebsite.com\/wp-content\/uploads\/2020\/10\/s-l1600-2-160x160.jpg 160w, https:\/\/royalswiss.myskydoowebsite.com\/wp-content\/uploads\/2020\/10\/s-l1600-2.jpg 1500w\" sizes=\"(max-width: 225px) 100vw, 225px\" \/><\/p>\n<ul>\n<li>800 Watts \/ 9 Litres<\/li>\n<li>3 paniers \u00e0 Vapeur sans BPA<\/li>\n<li>Poign\u00e9e cool touch<\/li>\n<li>Boitier en acier inoxydable ( inox )<\/li>\n<li>R\u00e9glage programmable avec cuisson diff\u00e9r\u00e9e de 24h et cuisson instantan\u00e9e<\/li>\n<li>Temps de cuissons \u00e0 la vapeur jusqu\u2019\u00e0 90 minutes<\/li>\n<li>Fonction de maintien au chaud automatique<\/li>\n<li>Conception d\u2019anneau de vapeur turbo<\/li>\n<li>Temps de d\u00e9marrage \u00e0 la vapeur inf\u00e9rieur \u00e0 40 secondes<\/li>\n<\/ul>\n<p>&nbsp;<\/p>\n","protected":false},"featured_media":11341,"comment_status":"open","ping_status":"closed","template":"","meta":[],"product_brand":[],"product_cat":[1560,56,33,15],"product_tag":[1480],"class_list":{"0":"post-11334","1":"product","2":"type-product","3":"status-publish","4":"has-post-thumbnail","6":"product_cat-cuiseur-vapeur","7":"product_cat-electromenager","8":"product_cat-petit-electromenager","9":"product_cat-uncategorized","10":"product_tag-1480","12":"first","13":"instock","14":"sale","15":"taxable","16":"shipping-taxable","17":"purchasable","18":"product-type-simple"},"_links":{"self":[{"href":"https:\/\/royalswiss.myskydoowebsite.com\/index.php?rest_route=\/wp\/v2\/product\/11334","targetHints":{"allow":["GET"]}}],"collection":[{"href":"https:\/\/royalswiss.myskydoowebsite.com\/index.php?rest_route=\/wp\/v2\/product"}],"about":[{"href":"https:\/\/royalswiss.myskydoowebsite.com\/index.php?rest_route=\/wp\/v2\/types\/product"}],"replies":[{"embeddable":true,"href":"https:\/\/royalswiss.myskydoowebsite.com\/index.php?rest_route=%2Fwp%2Fv2%2Fcomments&post=11334"}],"version-history":[{"count":3,"href":"https:\/\/royalswiss.myskydoowebsite.com\/index.php?rest_route=\/wp\/v2\/product\/11334\/revisions"}],"predecessor-version":[{"id":13047,"href":"https:\/\/royalswiss.myskydoowebsite.com\/index.php?rest_route=\/wp\/v2\/product\/11334\/revisions\/13047"}],"wp:featuredmedia":[{"embeddable":true,"href":"https:\/\/royalswiss.myskydoowebsite.com\/index.php?rest_route=\/wp\/v2\/media\/11341"}],"wp:attachment":[{"href":"https:\/\/royalswiss.myskydoowebsite.com\/index.php?rest_route=%2Fwp%2Fv2%2Fmedia&parent=11334"}],"wp:term":[{"taxonomy":"product_brand","embeddable":true,"href":"https:\/\/royalswiss.myskydoowebsite.com\/index.php?rest_route=%2Fwp%2Fv2%2Fproduct_brand&post=11334"},{"taxonomy":"product_cat","embeddable":true,"href":"https:\/\/royalswiss.myskydoowebsite.com\/index.php?rest_route=%2Fwp%2Fv2%2Fproduct_cat&post=11334"},{"taxonomy":"product_tag","embeddable":true,"href":"https:\/\/royalswiss.myskydoowebsite.com\/index.php?rest_route=%2Fwp%2Fv2%2Fproduct_tag&post=11334"}],"curies":[{"name":"wp","href":"https:\/\/api.w.org\/{rel}","templated":true}]}}