{"id":11312,"date":"2020-10-01T18:13:34","date_gmt":"2020-10-01T16:13:34","guid":{"rendered":"https:\/\/royalswiss.myskydoowebsite.com\/?post_type=product&#038;p=11312"},"modified":"2022-09-15T18:04:08","modified_gmt":"2022-09-15T16:04:08","slug":"presse-agrume-electrique-2","status":"publish","type":"product","link":"https:\/\/royalswiss.myskydoowebsite.com\/?product=presse-agrume-electrique-2","title":{"rendered":"presse agrume \u00e9lectrique"},"content":{"rendered":"<p><em>Rien de tel qu\u2019un jus d\u2019orange ou de citron pour bien d\u00e9marrer la journ\u00e9e ! Alors si vous avez besoin de faire le plein de vitamines, venez d\u00e9couvrir notre Presse agrume\u00a0<strong>Royal Swiss JE-601G<\/strong><\/em><\/p>\n<p><img decoding=\"async\" class=\" wp-image-11317 alignleft\" src=\"https:\/\/royalswiss.myskydoowebsite.com\/wp-content\/uploads\/2020\/10\/WhatsApp-Image-2020-09-26-at-15.12.32-1-300x300.jpeg\" alt=\"\" width=\"187\" height=\"187\" srcset=\"https:\/\/royalswiss.myskydoowebsite.com\/wp-content\/uploads\/2020\/10\/WhatsApp-Image-2020-09-26-at-15.12.32-1-300x300.jpeg 300w, https:\/\/royalswiss.myskydoowebsite.com\/wp-content\/uploads\/2020\/10\/WhatsApp-Image-2020-09-26-at-15.12.32-1-150x150.jpeg 150w, https:\/\/royalswiss.myskydoowebsite.com\/wp-content\/uploads\/2020\/10\/WhatsApp-Image-2020-09-26-at-15.12.32-1-768x768.jpeg 768w, https:\/\/royalswiss.myskydoowebsite.com\/wp-content\/uploads\/2020\/10\/WhatsApp-Image-2020-09-26-at-15.12.32-1-500x500.jpeg 500w, https:\/\/royalswiss.myskydoowebsite.com\/wp-content\/uploads\/2020\/10\/WhatsApp-Image-2020-09-26-at-15.12.32-1-262x262.jpeg 262w, https:\/\/royalswiss.myskydoowebsite.com\/wp-content\/uploads\/2020\/10\/WhatsApp-Image-2020-09-26-at-15.12.32-1-555x555.jpeg 555w, https:\/\/royalswiss.myskydoowebsite.com\/wp-content\/uploads\/2020\/10\/WhatsApp-Image-2020-09-26-at-15.12.32-1-160x160.jpeg 160w, https:\/\/royalswiss.myskydoowebsite.com\/wp-content\/uploads\/2020\/10\/WhatsApp-Image-2020-09-26-at-15.12.32-1.jpeg 800w\" sizes=\"(max-width: 187px) 100vw, 187px\" \/><\/p>\n<p>&nbsp;<\/p>\n<p><em>Ils sont bons pour la sant\u00e9, il s\u2019agit bien s\u00fbr des jus d\u2019agrumes. On peut presser son citron ou ses oranges manuellement, mais pour les fain\u00e9ants ou les press\u00e9s rien de mieux que le\u00a0<strong>presse-agrumes \u00e9lectrique<\/strong>. Gr\u00e2ce \u00e0 lui, on profite de tous les bienfaits de la<\/em><em>\u00a0Vitam<\/em><em>ine<\/em><em>\u00a0C et on se passe des conservateurs et ar\u00f4mes artificiels des jus en bouteille, qui favorisent diab\u00e8te et ob\u00e9sit\u00e9.<\/em><\/p>\n<p><em>Le presse-agrume \u00e9lectrique est l\u2019accessoire indispensable du petit-d\u00e9jeuner ou du go\u00fbter des enfants.<\/em><\/p>\n<p>&nbsp;<\/p>\n<p><img fetchpriority=\"high\" decoding=\"async\" class=\"wp-image-11313 aligncenter\" src=\"https:\/\/royalswiss.myskydoowebsite.com\/wp-content\/uploads\/2020\/10\/ksexrdrd-300x300.jpeg\" alt=\"\" width=\"225\" height=\"225\" srcset=\"https:\/\/royalswiss.myskydoowebsite.com\/wp-content\/uploads\/2020\/10\/ksexrdrd-300x300.jpeg 300w, https:\/\/royalswiss.myskydoowebsite.com\/wp-content\/uploads\/2020\/10\/ksexrdrd-150x150.jpeg 150w, https:\/\/royalswiss.myskydoowebsite.com\/wp-content\/uploads\/2020\/10\/ksexrdrd-768x768.jpeg 768w, https:\/\/royalswiss.myskydoowebsite.com\/wp-content\/uploads\/2020\/10\/ksexrdrd-500x500.jpeg 500w, https:\/\/royalswiss.myskydoowebsite.com\/wp-content\/uploads\/2020\/10\/ksexrdrd-262x262.jpeg 262w, https:\/\/royalswiss.myskydoowebsite.com\/wp-content\/uploads\/2020\/10\/ksexrdrd-555x555.jpeg 555w, https:\/\/royalswiss.myskydoowebsite.com\/wp-content\/uploads\/2020\/10\/ksexrdrd-160x160.jpeg 160w, https:\/\/royalswiss.myskydoowebsite.com\/wp-content\/uploads\/2020\/10\/ksexrdrd.jpeg 960w\" sizes=\"(max-width: 225px) 100vw, 225px\" \/><\/p>\n","protected":false},"excerpt":{"rendered":"<p>&nbsp;<\/p>\n<p>Sp\u00e9cifications :<\/p>\n<ul>\n<li>40 Watts<\/li>\n<li>Capacit\u00e9 : 1.2 L<\/li>\n<li>Mod\u00e8le : JE-601G<\/li>\n<li>Torsion bidirectionnelle<\/li>\n<li>Filtre \u00e0 pulpe r\u00e9glable<\/li>\n<li>Manche en plastique<\/li>\n<li>Filtre ajustable en plastique<\/li>\n<li>Pi\u00e8ce d\u00e9tachable pour une utilisation et un nettoyage facile<\/li>\n<li>220 \u2013 240V- 50\/60 HZ<\/li>\n<\/ul>\n<p><img decoding=\"async\" class=\" wp-image-11319 aligncenter\" src=\"https:\/\/royalswiss.myskydoowebsite.com\/wp-content\/uploads\/2020\/10\/WhatsApp-Image-2020-09-26-at-15.12.33-300x300.jpeg\" alt=\"\" width=\"285\" height=\"285\" srcset=\"https:\/\/royalswiss.myskydoowebsite.com\/wp-content\/uploads\/2020\/10\/WhatsApp-Image-2020-09-26-at-15.12.33-300x300.jpeg 300w, https:\/\/royalswiss.myskydoowebsite.com\/wp-content\/uploads\/2020\/10\/WhatsApp-Image-2020-09-26-at-15.12.33-150x150.jpeg 150w, https:\/\/royalswiss.myskydoowebsite.com\/wp-content\/uploads\/2020\/10\/WhatsApp-Image-2020-09-26-at-15.12.33-768x768.jpeg 768w, https:\/\/royalswiss.myskydoowebsite.com\/wp-content\/uploads\/2020\/10\/WhatsApp-Image-2020-09-26-at-15.12.33-500x500.jpeg 500w, https:\/\/royalswiss.myskydoowebsite.com\/wp-content\/uploads\/2020\/10\/WhatsApp-Image-2020-09-26-at-15.12.33-262x262.jpeg 262w, https:\/\/royalswiss.myskydoowebsite.com\/wp-content\/uploads\/2020\/10\/WhatsApp-Image-2020-09-26-at-15.12.33-555x555.jpeg 555w, https:\/\/royalswiss.myskydoowebsite.com\/wp-content\/uploads\/2020\/10\/WhatsApp-Image-2020-09-26-at-15.12.33-160x160.jpeg 160w, https:\/\/royalswiss.myskydoowebsite.com\/wp-content\/uploads\/2020\/10\/WhatsApp-Image-2020-09-26-at-15.12.33.jpeg 800w\" sizes=\"(max-width: 285px) 100vw, 285px\" \/><\/p>\n","protected":false},"featured_media":11314,"comment_status":"open","ping_status":"closed","template":"","meta":[],"product_brand":[],"product_cat":[1554,56,33,15],"product_tag":[1479],"class_list":{"0":"post-11312","1":"product","2":"type-product","3":"status-publish","4":"has-post-thumbnail","6":"product_cat-centrifugeuse","7":"product_cat-electromenager","8":"product_cat-petit-electromenager","9":"product_cat-uncategorized","10":"product_tag-1479","12":"first","13":"instock","14":"sale","15":"taxable","16":"shipping-taxable","17":"purchasable","18":"product-type-simple"},"_links":{"self":[{"href":"https:\/\/royalswiss.myskydoowebsite.com\/index.php?rest_route=\/wp\/v2\/product\/11312","targetHints":{"allow":["GET"]}}],"collection":[{"href":"https:\/\/royalswiss.myskydoowebsite.com\/index.php?rest_route=\/wp\/v2\/product"}],"about":[{"href":"https:\/\/royalswiss.myskydoowebsite.com\/index.php?rest_route=\/wp\/v2\/types\/product"}],"replies":[{"embeddable":true,"href":"https:\/\/royalswiss.myskydoowebsite.com\/index.php?rest_route=%2Fwp%2Fv2%2Fcomments&post=11312"}],"version-history":[{"count":1,"href":"https:\/\/royalswiss.myskydoowebsite.com\/index.php?rest_route=\/wp\/v2\/product\/11312\/revisions"}],"predecessor-version":[{"id":11323,"href":"https:\/\/royalswiss.myskydoowebsite.com\/index.php?rest_route=\/wp\/v2\/product\/11312\/revisions\/11323"}],"wp:featuredmedia":[{"embeddable":true,"href":"https:\/\/royalswiss.myskydoowebsite.com\/index.php?rest_route=\/wp\/v2\/media\/11314"}],"wp:attachment":[{"href":"https:\/\/royalswiss.myskydoowebsite.com\/index.php?rest_route=%2Fwp%2Fv2%2Fmedia&parent=11312"}],"wp:term":[{"taxonomy":"product_brand","embeddable":true,"href":"https:\/\/royalswiss.myskydoowebsite.com\/index.php?rest_route=%2Fwp%2Fv2%2Fproduct_brand&post=11312"},{"taxonomy":"product_cat","embeddable":true,"href":"https:\/\/royalswiss.myskydoowebsite.com\/index.php?rest_route=%2Fwp%2Fv2%2Fproduct_cat&post=11312"},{"taxonomy":"product_tag","embeddable":true,"href":"https:\/\/royalswiss.myskydoowebsite.com\/index.php?rest_route=%2Fwp%2Fv2%2Fproduct_tag&post=11312"}],"curies":[{"name":"wp","href":"https:\/\/api.w.org\/{rel}","templated":true}]}}