{"id":11293,"date":"2020-10-01T15:59:07","date_gmt":"2020-10-01T13:59:07","guid":{"rendered":"https:\/\/royalswiss.myskydoowebsite.com\/?post_type=product&#038;p=11293"},"modified":"2022-09-15T18:04:10","modified_gmt":"2022-09-15T16:04:10","slug":"chaudiere-a-oeufs-electrique-en-acier-inoxydable","status":"publish","type":"product","link":"https:\/\/royalswiss.myskydoowebsite.com\/?product=chaudiere-a-oeufs-electrique-en-acier-inoxydable","title":{"rendered":"Chaudi\u00e8re \u00e0 Oeufs \u00c9lectrique en acier inoxydable"},"content":{"rendered":"<p>&nbsp;<\/p>\n<h2>Description<\/h2>\n<p>La chaudi\u00e8re \u00e0 oeuf a un design compact. L&rsquo;appareil permet de faire bouillir de 1 \u00e0 7 oeufs dans le m\u00eame temps.<\/p>\n<p>Si les oeufs sont cuits \u00ab doux \u00bb, \u00ab moyen \u00bb ou \u00ab dur \u00bb \u00e7a d\u00e9pend de la quantit\u00e9 d&rsquo;eau que vous ajoutez avec le doseur.<\/p>\n<p>La chaudi\u00e8re \u00e0 \u0153uf est \u00e9quip\u00e9e d&rsquo;un plateau amovible et une tasse \u00e0 mesurer avec un perce-\u0153uf int\u00e9gr\u00e9. Elle dispose d&rsquo;une fonction d&rsquo;arr\u00eat et une sonnerie automatique.<\/p>\n<p><img decoding=\"async\" class=\"alignnone wp-image-11296\" src=\"https:\/\/royalswiss.myskydoowebsite.com\/wp-content\/uploads\/2020\/10\/Hf57ee42cc6ce4e1cbee5576abc92eef6U-300x200.jpg\" alt=\"\" width=\"216\" height=\"144\" srcset=\"https:\/\/royalswiss.myskydoowebsite.com\/wp-content\/uploads\/2020\/10\/Hf57ee42cc6ce4e1cbee5576abc92eef6U-300x200.jpg 300w, https:\/\/royalswiss.myskydoowebsite.com\/wp-content\/uploads\/2020\/10\/Hf57ee42cc6ce4e1cbee5576abc92eef6U-768x511.jpg 768w, https:\/\/royalswiss.myskydoowebsite.com\/wp-content\/uploads\/2020\/10\/Hf57ee42cc6ce4e1cbee5576abc92eef6U-750x500.jpg 750w, https:\/\/royalswiss.myskydoowebsite.com\/wp-content\/uploads\/2020\/10\/Hf57ee42cc6ce4e1cbee5576abc92eef6U-555x370.jpg 555w, https:\/\/royalswiss.myskydoowebsite.com\/wp-content\/uploads\/2020\/10\/Hf57ee42cc6ce4e1cbee5576abc92eef6U.jpg 1000w\" sizes=\"(max-width: 216px) 100vw, 216px\" \/> <img decoding=\"async\" class=\"alignnone wp-image-11294\" src=\"https:\/\/royalswiss.myskydoowebsite.com\/wp-content\/uploads\/2020\/10\/H352f11069ded42af978b7b0b9eecc1c6L-300x200.jpg\" alt=\"\" width=\"215\" height=\"144\" srcset=\"https:\/\/royalswiss.myskydoowebsite.com\/wp-content\/uploads\/2020\/10\/H352f11069ded42af978b7b0b9eecc1c6L-300x200.jpg 300w, https:\/\/royalswiss.myskydoowebsite.com\/wp-content\/uploads\/2020\/10\/H352f11069ded42af978b7b0b9eecc1c6L-768x511.jpg 768w, https:\/\/royalswiss.myskydoowebsite.com\/wp-content\/uploads\/2020\/10\/H352f11069ded42af978b7b0b9eecc1c6L-750x500.jpg 750w, https:\/\/royalswiss.myskydoowebsite.com\/wp-content\/uploads\/2020\/10\/H352f11069ded42af978b7b0b9eecc1c6L-555x370.jpg 555w, https:\/\/royalswiss.myskydoowebsite.com\/wp-content\/uploads\/2020\/10\/H352f11069ded42af978b7b0b9eecc1c6L.jpg 1000w\" sizes=\"(max-width: 215px) 100vw, 215px\" \/> <img decoding=\"async\" class=\"alignnone wp-image-11295\" src=\"https:\/\/royalswiss.myskydoowebsite.com\/wp-content\/uploads\/2020\/10\/Ha6e168f3fad740c892ea26cbb38def45q-300x200.jpg\" alt=\"\" width=\"215\" height=\"143\" srcset=\"https:\/\/royalswiss.myskydoowebsite.com\/wp-content\/uploads\/2020\/10\/Ha6e168f3fad740c892ea26cbb38def45q-300x200.jpg 300w, https:\/\/royalswiss.myskydoowebsite.com\/wp-content\/uploads\/2020\/10\/Ha6e168f3fad740c892ea26cbb38def45q-768x511.jpg 768w, https:\/\/royalswiss.myskydoowebsite.com\/wp-content\/uploads\/2020\/10\/Ha6e168f3fad740c892ea26cbb38def45q-750x500.jpg 750w, https:\/\/royalswiss.myskydoowebsite.com\/wp-content\/uploads\/2020\/10\/Ha6e168f3fad740c892ea26cbb38def45q-555x370.jpg 555w, https:\/\/royalswiss.myskydoowebsite.com\/wp-content\/uploads\/2020\/10\/Ha6e168f3fad740c892ea26cbb38def45q.jpg 1000w\" sizes=\"(max-width: 215px) 100vw, 215px\" \/><\/p>\n<p>&nbsp;<\/p>\n","protected":false},"excerpt":{"rendered":"<h2 data-v-3570840d=\"\"><\/h2>\n<p>&nbsp;<\/p>\n<p>&nbsp;<\/p>\n<h2 data-v-3570840d=\"\">Sp\u00e9cifications<\/h2>\n<ul>\n<li>Pouvant accueillir jusqu&rsquo;\u00e0 7 \u0153ufs<\/li>\n<li>Puissance\u00a0: 350W<\/li>\n<li>Interrupteur marche \/ arr\u00eat avec lumi\u00e8re LED<\/li>\n<li>Mat\u00e9riau du couvercle: acier inoxydable<\/li>\n<li>Couvercle avec ouverture vapeur<\/li>\n<li>Tasse de mesure int\u00e9gr\u00e9<\/li>\n<li>Plateau \u00e0 oeufs amovible<\/li>\n<li>Avec une fonction d&rsquo;arr\u00eat automatique<\/li>\n<li>Avec une sonnerie<\/li>\n<li>Mod\u00e8le\u00a0: ZD-006<\/li>\n<li>Tension\u00a0: 220-240V,50\/60Hz<\/li>\n<li>EAN: 5407006736462<\/li>\n<li>Marque: Royal Swiss<\/li>\n<\/ul>\n<p>&nbsp;<\/p>\n<p><img loading=\"lazy\" decoding=\"async\" class=\"size-medium wp-image-11295 aligncenter\" src=\"https:\/\/royalswiss.myskydoowebsite.com\/wp-content\/uploads\/2020\/10\/Ha6e168f3fad740c892ea26cbb38def45q-300x200.jpg\" alt=\"\" width=\"300\" height=\"200\" srcset=\"https:\/\/royalswiss.myskydoowebsite.com\/wp-content\/uploads\/2020\/10\/Ha6e168f3fad740c892ea26cbb38def45q-300x200.jpg 300w, https:\/\/royalswiss.myskydoowebsite.com\/wp-content\/uploads\/2020\/10\/Ha6e168f3fad740c892ea26cbb38def45q-768x511.jpg 768w, https:\/\/royalswiss.myskydoowebsite.com\/wp-content\/uploads\/2020\/10\/Ha6e168f3fad740c892ea26cbb38def45q-750x500.jpg 750w, https:\/\/royalswiss.myskydoowebsite.com\/wp-content\/uploads\/2020\/10\/Ha6e168f3fad740c892ea26cbb38def45q-555x370.jpg 555w, https:\/\/royalswiss.myskydoowebsite.com\/wp-content\/uploads\/2020\/10\/Ha6e168f3fad740c892ea26cbb38def45q.jpg 1000w\" sizes=\"(max-width: 300px) 100vw, 300px\" \/><\/p>\n<p>&nbsp;<\/p>\n","protected":false},"featured_media":11298,"comment_status":"open","ping_status":"closed","template":"","meta":[],"product_brand":[],"product_cat":[1561,56,33,15],"product_tag":[1477],"class_list":{"0":"post-11293","1":"product","2":"type-product","3":"status-publish","4":"has-post-thumbnail","6":"product_cat-cuiseur-a-oeufs","7":"product_cat-electromenager","8":"product_cat-petit-electromenager","9":"product_cat-uncategorized","10":"product_tag-1477","12":"first","13":"instock","14":"sale","15":"taxable","16":"shipping-taxable","17":"purchasable","18":"product-type-simple"},"_links":{"self":[{"href":"https:\/\/royalswiss.myskydoowebsite.com\/index.php?rest_route=\/wp\/v2\/product\/11293","targetHints":{"allow":["GET"]}}],"collection":[{"href":"https:\/\/royalswiss.myskydoowebsite.com\/index.php?rest_route=\/wp\/v2\/product"}],"about":[{"href":"https:\/\/royalswiss.myskydoowebsite.com\/index.php?rest_route=\/wp\/v2\/types\/product"}],"replies":[{"embeddable":true,"href":"https:\/\/royalswiss.myskydoowebsite.com\/index.php?rest_route=%2Fwp%2Fv2%2Fcomments&post=11293"}],"version-history":[{"count":2,"href":"https:\/\/royalswiss.myskydoowebsite.com\/index.php?rest_route=\/wp\/v2\/product\/11293\/revisions"}],"predecessor-version":[{"id":11301,"href":"https:\/\/royalswiss.myskydoowebsite.com\/index.php?rest_route=\/wp\/v2\/product\/11293\/revisions\/11301"}],"wp:featuredmedia":[{"embeddable":true,"href":"https:\/\/royalswiss.myskydoowebsite.com\/index.php?rest_route=\/wp\/v2\/media\/11298"}],"wp:attachment":[{"href":"https:\/\/royalswiss.myskydoowebsite.com\/index.php?rest_route=%2Fwp%2Fv2%2Fmedia&parent=11293"}],"wp:term":[{"taxonomy":"product_brand","embeddable":true,"href":"https:\/\/royalswiss.myskydoowebsite.com\/index.php?rest_route=%2Fwp%2Fv2%2Fproduct_brand&post=11293"},{"taxonomy":"product_cat","embeddable":true,"href":"https:\/\/royalswiss.myskydoowebsite.com\/index.php?rest_route=%2Fwp%2Fv2%2Fproduct_cat&post=11293"},{"taxonomy":"product_tag","embeddable":true,"href":"https:\/\/royalswiss.myskydoowebsite.com\/index.php?rest_route=%2Fwp%2Fv2%2Fproduct_tag&post=11293"}],"curies":[{"name":"wp","href":"https:\/\/api.w.org\/{rel}","templated":true}]}}