{"id":11280,"date":"2020-10-01T14:16:28","date_gmt":"2020-10-01T12:16:28","guid":{"rendered":"https:\/\/royalswiss.myskydoowebsite.com\/?post_type=product&#038;p=11280"},"modified":"2023-04-22T15:45:42","modified_gmt":"2023-04-22T13:45:42","slug":"trotinette-i12","status":"publish","type":"product","link":"https:\/\/royalswiss.myskydoowebsite.com\/?product=trotinette-i12","title":{"rendered":"Trottinette I12"},"content":{"rendered":"<div class=\"woocommerce-product-details__short-description\">\n<ul>\n<li>Couleur: noir \/ Blanche<\/li>\n<li>Taille de la roue: Pneumatique de 8,5 pouces<\/li>\n<li>Vitesse maximale: 20 km \/ h<\/li>\n<li>Rayon d\u2019action: 20-25km<\/li>\n<li>Puissance du moteur: 350W<\/li>\n<li>Tension de la batterie: 36V<\/li>\n<li>Poids maximum: 100kg<\/li>\n<li>Temps de charge 3-4 heures<\/li>\n<li>Syst\u00e8me de freinage: avant: syst\u00e8me antiblocage E-ABS \/<\/li>\n<li>arri\u00e8re : frein m\u00e9canique \u00e0 \u00e9criture<\/li>\n<li>Pente: 15%<\/li>\n<li>R\u00e9sistance \u00e0 l\u2019eau: IP54<\/li>\n<li>Poids: 12,5 kg<\/li>\n<li>Eclairage: LED<\/li>\n<li>R\u00e9gulateur de vitesse Mode \u00e9co 2 vitesses<\/li>\n<\/ul>\n<\/div>\n","protected":false},"excerpt":{"rendered":"<p>Sp\u00e9cifications :<\/p>\n<ul>\n<li>Couleur: noir \/ Blanche<\/li>\n<li>Taille de la roue: Pneumatique de 8,5 pouces<\/li>\n<li>Vitesse maximale: 20 km \/ h<\/li>\n<li>Rayon d\u2019action: 20-25km<\/li>\n<li><span style=\"vertical-align: inherit\"><span style=\"vertical-align: inherit\">Puissance du moteur: 350W<\/span><\/span><\/li>\n<li><span style=\"vertical-align: inherit\"><span style=\"vertical-align: inherit\">Tension de la batterie: 36V<\/span><\/span><\/li>\n<li><span style=\"vertical-align: inherit\"><span style=\"vertical-align: inherit\">Poids maximum: 100kg<\/span><\/span><\/li>\n<li><span style=\"vertical-align: inherit\"><span style=\"vertical-align: inherit\">Temps de charge 3-4 heures<\/span><\/span><\/li>\n<li><span style=\"vertical-align: inherit\"><span style=\"vertical-align: inherit\">Syst\u00e8me de freinage: avant: syst\u00e8me antiblocage E-ABS \/<\/span><\/span><\/li>\n<li><span style=\"vertical-align: inherit\"><span style=\"vertical-align: inherit\">arri\u00e8re : frein m\u00e9canique \u00e0 \u00e9criture<\/span><\/span><\/li>\n<li><span style=\"vertical-align: inherit\"><span style=\"vertical-align: inherit\">Pente: 15%<\/span><\/span><\/li>\n<li><span style=\"vertical-align: inherit\"><span style=\"vertical-align: inherit\">R\u00e9sistance \u00e0 l\u2019eau: IP54<\/span><\/span><\/li>\n<li><span style=\"vertical-align: inherit\"><span style=\"vertical-align: inherit\">Poids: 12,5 kg<\/span><\/span><\/li>\n<li><span style=\"vertical-align: inherit\"><span style=\"vertical-align: inherit\">Eclairage: LED<\/span><\/span><\/li>\n<li><span style=\"vertical-align: inherit\"><span style=\"vertical-align: inherit\">R\u00e9gulateur de vitesse Mode \u00e9co 2 vitesses<\/span><\/span><\/li>\n<\/ul>\n","protected":false},"featured_media":15044,"comment_status":"open","ping_status":"closed","template":"","meta":[],"product_brand":[],"product_cat":[42,30,1579,15,40],"product_tag":[1575,1576],"class_list":{"0":"post-11280","1":"product","2":"type-product","3":"status-publish","4":"has-post-thumbnail","6":"product_cat-divers","7":"product_cat-enfants","8":"product_cat-trottinette-electrique","9":"product_cat-uncategorized","10":"product_cat-electriquevoiture","11":"product_tag-1575","12":"product_tag-1576","14":"first","15":"instock","16":"sale","17":"taxable","18":"shipping-taxable","19":"purchasable","20":"product-type-variable"},"_links":{"self":[{"href":"https:\/\/royalswiss.myskydoowebsite.com\/index.php?rest_route=\/wp\/v2\/product\/11280","targetHints":{"allow":["GET"]}}],"collection":[{"href":"https:\/\/royalswiss.myskydoowebsite.com\/index.php?rest_route=\/wp\/v2\/product"}],"about":[{"href":"https:\/\/royalswiss.myskydoowebsite.com\/index.php?rest_route=\/wp\/v2\/types\/product"}],"replies":[{"embeddable":true,"href":"https:\/\/royalswiss.myskydoowebsite.com\/index.php?rest_route=%2Fwp%2Fv2%2Fcomments&post=11280"}],"version-history":[{"count":4,"href":"https:\/\/royalswiss.myskydoowebsite.com\/index.php?rest_route=\/wp\/v2\/product\/11280\/revisions"}],"predecessor-version":[{"id":15158,"href":"https:\/\/royalswiss.myskydoowebsite.com\/index.php?rest_route=\/wp\/v2\/product\/11280\/revisions\/15158"}],"wp:featuredmedia":[{"embeddable":true,"href":"https:\/\/royalswiss.myskydoowebsite.com\/index.php?rest_route=\/wp\/v2\/media\/15044"}],"wp:attachment":[{"href":"https:\/\/royalswiss.myskydoowebsite.com\/index.php?rest_route=%2Fwp%2Fv2%2Fmedia&parent=11280"}],"wp:term":[{"taxonomy":"product_brand","embeddable":true,"href":"https:\/\/royalswiss.myskydoowebsite.com\/index.php?rest_route=%2Fwp%2Fv2%2Fproduct_brand&post=11280"},{"taxonomy":"product_cat","embeddable":true,"href":"https:\/\/royalswiss.myskydoowebsite.com\/index.php?rest_route=%2Fwp%2Fv2%2Fproduct_cat&post=11280"},{"taxonomy":"product_tag","embeddable":true,"href":"https:\/\/royalswiss.myskydoowebsite.com\/index.php?rest_route=%2Fwp%2Fv2%2Fproduct_tag&post=11280"}],"curies":[{"name":"wp","href":"https:\/\/api.w.org\/{rel}","templated":true}]}}