{"id":11268,"date":"2020-10-01T14:33:53","date_gmt":"2020-10-01T12:33:53","guid":{"rendered":"https:\/\/royalswiss.myskydoowebsite.com\/?post_type=product&#038;p=11268"},"modified":"2023-01-05T16:26:56","modified_gmt":"2023-01-05T15:26:56","slug":"machine-a-popcorn-electrique","status":"publish","type":"product","link":"https:\/\/royalswiss.myskydoowebsite.com\/?product=machine-a-popcorn-electrique","title":{"rendered":"Machine \u00e0 Popcorn \u00c9lectrique"},"content":{"rendered":"<h2><\/h2>\n<h2 style=\"margin-top: 0cm;background: white\"><span class=\"a-size-large\"><b><span style=\"font-family: 'Arial',sans-serif;color: #111111\">Machine \u00e0 Popcorn \u00c9lectrique,\u00a0 Rev\u00eatement Antiadh\u00e9sif, Bol de 5l Couvercle 2-en-1, Rouge<\/span><\/b><\/span><\/h2>\n<p>&nbsp;<\/p>\n<h3>machine \u00e0 pop-corn \u00e9lectrique \u00e0 huile chaude<\/h3>\n<h4><strong>Rapide, facile et savoureux<\/strong><\/h4>\n<p><img fetchpriority=\"high\" decoding=\"async\" class=\"size-medium wp-image-11279 alignleft\" src=\"https:\/\/royalswiss.myskydoowebsite.com\/wp-content\/uploads\/2020\/10\/popcorn-300x225.jpg\" alt=\"\" width=\"300\" height=\"225\" srcset=\"https:\/\/royalswiss.myskydoowebsite.com\/wp-content\/uploads\/2020\/10\/popcorn-300x225.jpg 300w, https:\/\/royalswiss.myskydoowebsite.com\/wp-content\/uploads\/2020\/10\/popcorn-555x416.jpg 555w, https:\/\/royalswiss.myskydoowebsite.com\/wp-content\/uploads\/2020\/10\/popcorn.jpg 640w\" sizes=\"(max-width: 300px) 100vw, 300px\" \/><\/p>\n<p>Se r\u00e9galer entre amis ou en famille comme au cin\u00e9ma mais devant un film \u00e0 la maison en quelques minutes.<\/p>\n<p>Ajoutez simplement des grains et votre choix d&rsquo;huile, branchez-le et laissez le plaisir commencer. Le popper royal swiss fait jusqu&rsquo;\u00e0 24 tasses par lot, et le couvercle du popper s&rsquo;inverse pour devenir le bol de service. Personnalisez la saveur en ajustant les assaisonnements \u00e0 votre go\u00fbt. Le puits de beurre int\u00e9gr\u00e9 vous permet de faire fondre le beurre dans les grains fra\u00eechement \u00e9clat\u00e9s tout en \u00e9clatant.<\/p>\n<p>&nbsp;<\/p>\n<p>&nbsp;<\/p>\n<ul>\n<li>Apr\u00e8s une utilisation unique, \u00e9teignez l&rsquo;appareil et attendez qu&rsquo;il refroidisse pour l&rsquo;utiliser une deuxi\u00e8me fois. (Environ 10-15 minutes)<\/li>\n<li>Lorsque la machine \u00e0 pop-corn fonctionne, la temp\u00e9rature de surface de la machine est \u00e9lev\u00e9e, ne touchez pas la surface chaude<\/li>\n<li>Ajouter la quantit\u00e9 approximative (30 ml recommand\u00e9e) d&rsquo;huile v\u00e9g\u00e9tale ou de colza dans l&rsquo;assiette pr\u00e9par\u00e9e<\/li>\n<li>R\u00e9partissez le grain de ma\u00efs uniform\u00e9ment sur la plaque de dissolution. Ne d\u00e9passez pas 130 grammes de noyaux en un seul passage<\/li>\n<li>N&rsquo;ajoutez pas le petit couvercle si vous \u00e9clatez du pop-corn<\/li>\n<\/ul>\n<p><img decoding=\"async\" class=\"wp-image-11274 aligncenter\" src=\"https:\/\/royalswiss.myskydoowebsite.com\/wp-content\/uploads\/2020\/10\/WhatsApp-Image-2020-09-26-at-15.12.40-1-300x300.jpeg\" alt=\"\" width=\"245\" height=\"246\" srcset=\"https:\/\/royalswiss.myskydoowebsite.com\/wp-content\/uploads\/2020\/10\/WhatsApp-Image-2020-09-26-at-15.12.40-1-300x300.jpeg 300w, https:\/\/royalswiss.myskydoowebsite.com\/wp-content\/uploads\/2020\/10\/WhatsApp-Image-2020-09-26-at-15.12.40-1-150x150.jpeg 150w, https:\/\/royalswiss.myskydoowebsite.com\/wp-content\/uploads\/2020\/10\/WhatsApp-Image-2020-09-26-at-15.12.40-1-768x768.jpeg 768w, https:\/\/royalswiss.myskydoowebsite.com\/wp-content\/uploads\/2020\/10\/WhatsApp-Image-2020-09-26-at-15.12.40-1-500x500.jpeg 500w, https:\/\/royalswiss.myskydoowebsite.com\/wp-content\/uploads\/2020\/10\/WhatsApp-Image-2020-09-26-at-15.12.40-1-262x262.jpeg 262w, https:\/\/royalswiss.myskydoowebsite.com\/wp-content\/uploads\/2020\/10\/WhatsApp-Image-2020-09-26-at-15.12.40-1-555x555.jpeg 555w, https:\/\/royalswiss.myskydoowebsite.com\/wp-content\/uploads\/2020\/10\/WhatsApp-Image-2020-09-26-at-15.12.40-1-160x160.jpeg 160w, https:\/\/royalswiss.myskydoowebsite.com\/wp-content\/uploads\/2020\/10\/WhatsApp-Image-2020-09-26-at-15.12.40-1.jpeg 960w\" sizes=\"(max-width: 245px) 100vw, 245px\" \/><\/p>\n<h5>Facile \u00e0 nettoyer<\/h5>\n<p>Le nettoyage est un jeu d&rsquo;enfant puisque le couvercle sert \u00e9galement de bol de service. Une fois le popper compl\u00e8tement refroidi, lavez le couvercle et le couvercle \u00e0 l&rsquo;eau ti\u00e8de savonneuse. Une plaque \u00e0 \u00e9clater antiadh\u00e9sive ne signifie aucun d\u00e9g\u00e2t collant.<\/p>\n","protected":false},"excerpt":{"rendered":"<p><img decoding=\"async\" class=\" wp-image-11272 alignright\" src=\"https:\/\/royalswiss.myskydoowebsite.com\/wp-content\/uploads\/2020\/10\/WhatsApp-Image-2020-09-26-at-15.12.39-1-300x300.jpeg\" alt=\"\" width=\"242\" height=\"242\" srcset=\"https:\/\/royalswiss.myskydoowebsite.com\/wp-content\/uploads\/2020\/10\/WhatsApp-Image-2020-09-26-at-15.12.39-1-300x300.jpeg 300w, https:\/\/royalswiss.myskydoowebsite.com\/wp-content\/uploads\/2020\/10\/WhatsApp-Image-2020-09-26-at-15.12.39-1-150x150.jpeg 150w, https:\/\/royalswiss.myskydoowebsite.com\/wp-content\/uploads\/2020\/10\/WhatsApp-Image-2020-09-26-at-15.12.39-1-768x768.jpeg 768w, https:\/\/royalswiss.myskydoowebsite.com\/wp-content\/uploads\/2020\/10\/WhatsApp-Image-2020-09-26-at-15.12.39-1-500x500.jpeg 500w, https:\/\/royalswiss.myskydoowebsite.com\/wp-content\/uploads\/2020\/10\/WhatsApp-Image-2020-09-26-at-15.12.39-1-262x262.jpeg 262w, https:\/\/royalswiss.myskydoowebsite.com\/wp-content\/uploads\/2020\/10\/WhatsApp-Image-2020-09-26-at-15.12.39-1-555x555.jpeg 555w, https:\/\/royalswiss.myskydoowebsite.com\/wp-content\/uploads\/2020\/10\/WhatsApp-Image-2020-09-26-at-15.12.39-1-160x160.jpeg 160w, https:\/\/royalswiss.myskydoowebsite.com\/wp-content\/uploads\/2020\/10\/WhatsApp-Image-2020-09-26-at-15.12.39-1.jpeg 960w\" sizes=\"(max-width: 242px) 100vw, 242px\" \/><\/p>\n<p>Sp\u00e9cification\u00a0:<\/p>\n<ul>\n<li>Puissance 850 Watts<\/li>\n<li>Bouton on \/ off<\/li>\n<li>Agitateur roulant<\/li>\n<li>Tasse \u00e0 mesurer<\/li>\n<li>Surface chauffante avec rev\u00eatement antiadh\u00e9sif<\/li>\n<li>Le couvercle devient par la suite un bol de service<\/li>\n<li>Grande capacit\u00e9 5 litres \/ 24 tasses<\/li>\n<\/ul>\n<p>&nbsp;<\/p>\n","protected":false},"featured_media":11269,"comment_status":"open","ping_status":"closed","template":"","meta":[],"product_brand":[],"product_cat":[56,1564,33,15],"product_tag":[1476],"class_list":{"0":"post-11268","1":"product","2":"type-product","3":"status-publish","4":"has-post-thumbnail","6":"product_cat-electromenager","7":"product_cat-machine-a-popcorn","8":"product_cat-petit-electromenager","9":"product_cat-uncategorized","10":"product_tag-1476","12":"first","13":"instock","14":"sale","15":"taxable","16":"shipping-taxable","17":"purchasable","18":"product-type-simple"},"_links":{"self":[{"href":"https:\/\/royalswiss.myskydoowebsite.com\/index.php?rest_route=\/wp\/v2\/product\/11268","targetHints":{"allow":["GET"]}}],"collection":[{"href":"https:\/\/royalswiss.myskydoowebsite.com\/index.php?rest_route=\/wp\/v2\/product"}],"about":[{"href":"https:\/\/royalswiss.myskydoowebsite.com\/index.php?rest_route=\/wp\/v2\/types\/product"}],"replies":[{"embeddable":true,"href":"https:\/\/royalswiss.myskydoowebsite.com\/index.php?rest_route=%2Fwp%2Fv2%2Fcomments&post=11268"}],"version-history":[{"count":2,"href":"https:\/\/royalswiss.myskydoowebsite.com\/index.php?rest_route=\/wp\/v2\/product\/11268\/revisions"}],"predecessor-version":[{"id":15892,"href":"https:\/\/royalswiss.myskydoowebsite.com\/index.php?rest_route=\/wp\/v2\/product\/11268\/revisions\/15892"}],"wp:featuredmedia":[{"embeddable":true,"href":"https:\/\/royalswiss.myskydoowebsite.com\/index.php?rest_route=\/wp\/v2\/media\/11269"}],"wp:attachment":[{"href":"https:\/\/royalswiss.myskydoowebsite.com\/index.php?rest_route=%2Fwp%2Fv2%2Fmedia&parent=11268"}],"wp:term":[{"taxonomy":"product_brand","embeddable":true,"href":"https:\/\/royalswiss.myskydoowebsite.com\/index.php?rest_route=%2Fwp%2Fv2%2Fproduct_brand&post=11268"},{"taxonomy":"product_cat","embeddable":true,"href":"https:\/\/royalswiss.myskydoowebsite.com\/index.php?rest_route=%2Fwp%2Fv2%2Fproduct_cat&post=11268"},{"taxonomy":"product_tag","embeddable":true,"href":"https:\/\/royalswiss.myskydoowebsite.com\/index.php?rest_route=%2Fwp%2Fv2%2Fproduct_tag&post=11268"}],"curies":[{"name":"wp","href":"https:\/\/api.w.org\/{rel}","templated":true}]}}