{"id":11237,"date":"2020-09-22T18:33:05","date_gmt":"2020-09-22T16:33:05","guid":{"rendered":"https:\/\/royalswiss.myskydoowebsite.com\/?post_type=product&#038;p=11237"},"modified":"2022-09-15T18:04:11","modified_gmt":"2022-09-15T16:04:11","slug":"serveur-buffet-chauffe-plat","status":"publish","type":"product","link":"https:\/\/royalswiss.myskydoowebsite.com\/?product=serveur-buffet-chauffe-plat","title":{"rendered":"Serveur Buffet chauffe plat"},"content":{"rendered":"<h3>Organisez-vous souvent des diners pour votre familles ou vos amis? Avec un\u00a0<strong>chauffe plat<\/strong>, vous ne servirez plus jamais de la nourriture froide. Cet appareil veille \u00e0 ce que vos plats ou assiettes restent toujours agr\u00e9ables et chauds.<\/h3>\n<p>&nbsp;<\/p>\n<p>Bouton de temp\u00e9rature r\u00e9glable pour obtenir la chaleur d\u00e9sir\u00e9e pour vos aliments. Choisissez les param\u00e8tres de temp\u00e9rature, la temp\u00e9rature est de 105 \u00e0 185 \u00b0C. S\u00e9lectionnez la temp\u00e9rature (basse, moyenne ou haute). Les plateaux alimentaires peuvent garder les aliments chauds pendant une longue p\u00e9riode. Retirez les aliments et les liquides pour un nettoyage facile et pr\u00e9parer pour la prochaine utilisation. Placez vos r\u00e9cipients de nourriture directement sur la surface du plateau chauffant pour r\u00e9chauffer. Les aliments peuvent \u00eatre conserv\u00e9s au chaud pendant un maximum de 3 heures. Convient pour les barbecues, les f\u00eates, les r\u00e9unions, les fonctions. 2 grands et 2 petits r\u00e9cipients avec couvercles en polycarbonate. Gamme de chaleur : 105 \u00e0 185 \u00b0C. R\u00e9glage de la chaleur. Passe au lave-vaisselle (uniquement). Minuterie de 60 minutes. Poign\u00e9e froide.<\/p>\n","protected":false},"excerpt":{"rendered":"<p>&nbsp;<\/p>\n<p>Caract\u00e9ristiques :<\/p>\n<ul>\n<li>Serveur Buffet 3 portions<\/li>\n<li>Contr\u00f4l\u00e9 par thermostat<\/li>\n<li>Poign\u00e9es cool touch<\/li>\n<li>Complet avec couvercle<\/li>\n<li>Plaque chauffante en acier inoxydable<\/li>\n<li>2 plateaux chauffants de 2.4 L s\u00e9par\u00e9s<\/li>\n<li>2 plateaux chauffants de 1,2 L s\u00e9par\u00e9s<\/li>\n<\/ul>\n<p>&nbsp;<\/p>\n","protected":false},"featured_media":11241,"comment_status":"open","ping_status":"closed","template":"","meta":[],"product_brand":[],"product_cat":[1559,56,33],"product_tag":[1474],"class_list":{"0":"post-11237","1":"product","2":"type-product","3":"status-publish","4":"has-post-thumbnail","6":"product_cat-buffet-chauffe-plat","7":"product_cat-electromenager","8":"product_cat-petit-electromenager","9":"product_tag-1474","11":"first","12":"instock","13":"sale","14":"taxable","15":"shipping-taxable","16":"purchasable","17":"product-type-simple"},"_links":{"self":[{"href":"https:\/\/royalswiss.myskydoowebsite.com\/index.php?rest_route=\/wp\/v2\/product\/11237","targetHints":{"allow":["GET"]}}],"collection":[{"href":"https:\/\/royalswiss.myskydoowebsite.com\/index.php?rest_route=\/wp\/v2\/product"}],"about":[{"href":"https:\/\/royalswiss.myskydoowebsite.com\/index.php?rest_route=\/wp\/v2\/types\/product"}],"replies":[{"embeddable":true,"href":"https:\/\/royalswiss.myskydoowebsite.com\/index.php?rest_route=%2Fwp%2Fv2%2Fcomments&post=11237"}],"version-history":[{"count":4,"href":"https:\/\/royalswiss.myskydoowebsite.com\/index.php?rest_route=\/wp\/v2\/product\/11237\/revisions"}],"predecessor-version":[{"id":12221,"href":"https:\/\/royalswiss.myskydoowebsite.com\/index.php?rest_route=\/wp\/v2\/product\/11237\/revisions\/12221"}],"wp:featuredmedia":[{"embeddable":true,"href":"https:\/\/royalswiss.myskydoowebsite.com\/index.php?rest_route=\/wp\/v2\/media\/11241"}],"wp:attachment":[{"href":"https:\/\/royalswiss.myskydoowebsite.com\/index.php?rest_route=%2Fwp%2Fv2%2Fmedia&parent=11237"}],"wp:term":[{"taxonomy":"product_brand","embeddable":true,"href":"https:\/\/royalswiss.myskydoowebsite.com\/index.php?rest_route=%2Fwp%2Fv2%2Fproduct_brand&post=11237"},{"taxonomy":"product_cat","embeddable":true,"href":"https:\/\/royalswiss.myskydoowebsite.com\/index.php?rest_route=%2Fwp%2Fv2%2Fproduct_cat&post=11237"},{"taxonomy":"product_tag","embeddable":true,"href":"https:\/\/royalswiss.myskydoowebsite.com\/index.php?rest_route=%2Fwp%2Fv2%2Fproduct_tag&post=11237"}],"curies":[{"name":"wp","href":"https:\/\/api.w.org\/{rel}","templated":true}]}}