{"id":10978,"date":"2020-07-01T17:43:18","date_gmt":"2020-07-01T15:43:18","guid":{"rendered":"https:\/\/royalswiss.myskydoowebsite.com\/?post_type=product&#038;p=10978"},"modified":"2022-08-05T19:29:30","modified_gmt":"2022-08-05T17:29:30","slug":"scie-circulaire-150-mm-deux-batteries-3ah-24v","status":"publish","type":"product","link":"https:\/\/royalswiss.myskydoowebsite.com\/?product=scie-circulaire-150-mm-deux-batteries-3ah-24v","title":{"rendered":"SCIE CIRCULAIRE 150 MM &#8211; DEUX BATTERIES 3AH \/ 24V"},"content":{"rendered":"<p>Cette scie circulaire sur batterie fonctionne gr\u00e2ce \u00e0 une batterie 24V\u00a0 de type Li-ion \u00a0.\u00a0 Son insertion et son retrait sont rapides, faciles et s\u00e9curis\u00e9s.<\/p>\n<p>Cette scie offre une extraction de la poussi\u00e8re pour avoir un espace de travail toujours propre. Son d\u00e9brayage est \u00e9lectronique pour garantir plus de s\u00e9curit\u00e9. De plus, elle s&rsquo;\u00e9teint en cas de surchauffe.<\/p>\n<p>Compacte et l\u00e9g\u00e8re, cette scie est facile \u00e0 utiliser et \u00e0 manier. Son rev\u00eatement en caoutchouc assure une prise en main s\u00fbre et ferme.<\/p>\n<p>Le diam\u00e8tre de son disque est de 150 mm et sa capacit\u00e9 de coupe est de 20 mm.<\/p>\n<p>Type de batterie : Li-ion<\/p>\n<p>Batterie : 3 Ah \/ 24 V<\/p>\n<p>R\u00e9gime \u00e0 vide : 3800 r.p.m<\/p>\n<p>Diam\u00e8tre de la lame : 150 mm<\/p>\n<p>Diam\u00e8tre de l\u2019al\u00e9sage 20 mm<\/p>\n<p>Poids net +\/- 3 kg<\/p>\n<p>Dans la boite: deux batteries + chargeur + lame<\/p>\n<p>&nbsp;<\/p>\n","protected":false},"excerpt":{"rendered":"<p>Type de batterie : Li-ion<\/p>\n<p>Batterie : 3 Ah \/ 24 V<\/p>\n<p>R\u00e9gime \u00e0 vide : 3800 r.p.m<\/p>\n<p>Diam\u00e8tre de la lame : 150 mm<\/p>\n<p>Diam\u00e8tre de l\u2019al\u00e9sage 20 mm<\/p>\n<p>Poids net +\/- 3 kg<\/p>\n<p>Dans la boite: deux batteries + chargeur + lame<\/p>\n","protected":false},"featured_media":10982,"comment_status":"open","ping_status":"closed","template":"","meta":[],"product_brand":[],"product_cat":[32,15],"product_tag":[],"class_list":{"0":"post-10978","1":"product","2":"type-product","3":"status-publish","4":"has-post-thumbnail","6":"product_cat-outil","7":"product_cat-uncategorized","9":"first","10":"outofstock","11":"sale","12":"taxable","13":"shipping-taxable","14":"purchasable","15":"product-type-simple"},"_links":{"self":[{"href":"https:\/\/royalswiss.myskydoowebsite.com\/index.php?rest_route=\/wp\/v2\/product\/10978","targetHints":{"allow":["GET"]}}],"collection":[{"href":"https:\/\/royalswiss.myskydoowebsite.com\/index.php?rest_route=\/wp\/v2\/product"}],"about":[{"href":"https:\/\/royalswiss.myskydoowebsite.com\/index.php?rest_route=\/wp\/v2\/types\/product"}],"replies":[{"embeddable":true,"href":"https:\/\/royalswiss.myskydoowebsite.com\/index.php?rest_route=%2Fwp%2Fv2%2Fcomments&post=10978"}],"version-history":[{"count":1,"href":"https:\/\/royalswiss.myskydoowebsite.com\/index.php?rest_route=\/wp\/v2\/product\/10978\/revisions"}],"predecessor-version":[{"id":10984,"href":"https:\/\/royalswiss.myskydoowebsite.com\/index.php?rest_route=\/wp\/v2\/product\/10978\/revisions\/10984"}],"wp:featuredmedia":[{"embeddable":true,"href":"https:\/\/royalswiss.myskydoowebsite.com\/index.php?rest_route=\/wp\/v2\/media\/10982"}],"wp:attachment":[{"href":"https:\/\/royalswiss.myskydoowebsite.com\/index.php?rest_route=%2Fwp%2Fv2%2Fmedia&parent=10978"}],"wp:term":[{"taxonomy":"product_brand","embeddable":true,"href":"https:\/\/royalswiss.myskydoowebsite.com\/index.php?rest_route=%2Fwp%2Fv2%2Fproduct_brand&post=10978"},{"taxonomy":"product_cat","embeddable":true,"href":"https:\/\/royalswiss.myskydoowebsite.com\/index.php?rest_route=%2Fwp%2Fv2%2Fproduct_cat&post=10978"},{"taxonomy":"product_tag","embeddable":true,"href":"https:\/\/royalswiss.myskydoowebsite.com\/index.php?rest_route=%2Fwp%2Fv2%2Fproduct_tag&post=10978"}],"curies":[{"name":"wp","href":"https:\/\/api.w.org\/{rel}","templated":true}]}}