{"id":10952,"date":"2020-06-30T12:04:44","date_gmt":"2020-06-30T10:04:44","guid":{"rendered":"https:\/\/royalswiss.myskydoowebsite.com\/?post_type=product&#038;p=10952"},"modified":"2022-11-25T00:49:32","modified_gmt":"2022-11-24T23:49:32","slug":"ventilateur-sur-pied-a-hauteur-reglable-telecommande","status":"publish","type":"product","link":"https:\/\/royalswiss.myskydoowebsite.com\/?product=ventilateur-sur-pied-a-hauteur-reglable-telecommande","title":{"rendered":"Ventilateur sur pied \u00e0  hauteur r\u00e9glable  + t\u00e9l\u00e9commande"},"content":{"rendered":"<p><strong class=\"product-nav__title\" data-qa=\"productTitleElm\">Ventilateur sur pied 14&Prime;\u00a0 &#8211;\u00a0 9 Vitesses &#8211; 60 WATTS &#8211; Hauteur r\u00e9glable &#8211; rotatif\u00a0 90\u00b0- Faible bruit\u00a0 &#8211; 3 mode d\u2019utilisation<\/strong><\/p>\n<p style=\"text-align: center\"><em>( Avec ou sans t\u00e9l\u00e9commande )\u00a0<\/em><\/p>\n<p><img fetchpriority=\"high\" decoding=\"async\" class=\" wp-image-10953 aligncenter\" src=\"https:\/\/royalswiss.myskydoowebsite.com\/wp-content\/uploads\/2020\/06\/WhatsApp-Image-2020-06-30-at-11.00.21-300x288.jpeg\" alt=\"\" width=\"254\" height=\"244\" srcset=\"https:\/\/royalswiss.myskydoowebsite.com\/wp-content\/uploads\/2020\/06\/WhatsApp-Image-2020-06-30-at-11.00.21-300x288.jpeg 300w, https:\/\/royalswiss.myskydoowebsite.com\/wp-content\/uploads\/2020\/06\/WhatsApp-Image-2020-06-30-at-11.00.21-1024x982.jpeg 1024w, https:\/\/royalswiss.myskydoowebsite.com\/wp-content\/uploads\/2020\/06\/WhatsApp-Image-2020-06-30-at-11.00.21-768x736.jpeg 768w, https:\/\/royalswiss.myskydoowebsite.com\/wp-content\/uploads\/2020\/06\/WhatsApp-Image-2020-06-30-at-11.00.21-1536x1473.jpeg 1536w, https:\/\/royalswiss.myskydoowebsite.com\/wp-content\/uploads\/2020\/06\/WhatsApp-Image-2020-06-30-at-11.00.21-555x532.jpeg 555w, https:\/\/royalswiss.myskydoowebsite.com\/wp-content\/uploads\/2020\/06\/WhatsApp-Image-2020-06-30-at-11.00.21.jpeg 1600w\" sizes=\"(max-width: 254px) 100vw, 254px\" \/><\/p>\n<div class=\"cms\">\n<div class=\"description_content\">\n<p><b>De l\u00b4air frais tout l\u00b4\u00e9t\u00e9 !<br \/>\n<\/b><\/p>\n<p>Ce ventilateur puissant vous apportera de l\u00b4air frais tout en \u00e9conomisant de l\u00b4\u00e9nergie avec sa consommation de 60 watts seulement.<\/p>\n<p>Ce ventilateur sur pieds peut \u00eatre ajust\u00e9 selon vos souhaits gr\u00e2ce \u00e0 son angle d\u00b4inclinaison r\u00e9glable, sa t\u00eate rotative \u00e0 90\u00b0 et \u00e0 sa hauteur ajustable.<\/p>\n<p>Les 9<b>\u00a0niveaux de vitesse<\/b>\u00a0peuvent \u00eatre choisis \u00e0 l\u00b4aide d\u00b4un bouton et vous donne la libert\u00e9 d\u00b4ajuster la puissance de la ventilation \u00e0 votre guise.<\/p>\n<p>La base du ventilateur est ronde ce qui lui assure une bonne stabilit\u00e9<\/p>\n<p>&nbsp;<\/p>\n<p><img decoding=\"async\" class=\" wp-image-10958 alignright\" src=\"https:\/\/royalswiss.myskydoowebsite.com\/wp-content\/uploads\/2020\/06\/Capture-2-214x300.png\" alt=\"\" width=\"316\" height=\"442\" srcset=\"https:\/\/royalswiss.myskydoowebsite.com\/wp-content\/uploads\/2020\/06\/Capture-2-214x300.png 214w, https:\/\/royalswiss.myskydoowebsite.com\/wp-content\/uploads\/2020\/06\/Capture-2-731x1024.png 731w, https:\/\/royalswiss.myskydoowebsite.com\/wp-content\/uploads\/2020\/06\/Capture-2-768x1076.png 768w, https:\/\/royalswiss.myskydoowebsite.com\/wp-content\/uploads\/2020\/06\/Capture-2-555x778.png 555w, https:\/\/royalswiss.myskydoowebsite.com\/wp-content\/uploads\/2020\/06\/Capture-2.png 927w\" sizes=\"(max-width: 316px) 100vw, 316px\" \/><br \/>\n<b>Avantages du produit :<\/b><\/p>\n<p>&#8211; T\u00eate rotative \u00e0 90\u00b0<br \/>\n&#8211; Hauteur r\u00e9glable<br \/>\n&#8211; Inclinaison r\u00e9glable<br \/>\n&#8211; 9 niveaux de vitesse r\u00e9glable avec bouton<br \/>\n&#8211; Facile \u00e0 monter<br \/>\n&#8211; Base ronde &#8211; bonne stabilit\u00e9<br \/>\n&#8211; Oscillant<br \/>\n&#8211; Utilisation facile<br \/>\n&#8211; Solide<br \/>\n&#8211; Bouton Marche\/Arr\u00eat<br \/>\n&#8211; Grille de protection<\/p>\n<p>&nbsp;<\/p>\n<\/div>\n<p>&nbsp;<\/p>\n<div class=\"description_content\">\n<p><b>Caract\u00e9ristiques techniques :<\/b><\/p>\n<ul>\n<li>Diam\u00e8tre : 14&Prime;<\/li>\n<li>Rotation : 90\u00b0<\/li>\n<li>Mode d\u2019utilisation\u00a0: 3<\/li>\n<li>Puissance : 60 Watt<\/li>\n<li>T\u00e9l\u00e9commande<\/li>\n<li>Faible bruit<\/li>\n<li>Mat\u00e9riau : Plastique<\/li>\n<li>Couleur : Blanc<\/li>\n<\/ul>\n<\/div>\n<\/div>\n<p>&nbsp;<\/p>\n<div class=\"product-nav__tab tab-scroll js-tab-scroll\" data-tab-scroll-wrapper=\"product-nav\" data-tab-scroll-active-class=\"tab-scroll__item--active\"><\/div>\n","protected":false},"excerpt":{"rendered":"<p>&nbsp;<\/p>\n<p><b>Caract\u00e9ristiques techniques :<\/b><\/p>\n<ul>\n<li>Diam\u00e8tre : 14&Prime;<\/li>\n<li>Rotation : 90\u00b0<\/li>\n<li>Mode d\u2019utilisation\u00a0: 3<\/li>\n<li>Puissance : 60 Watt<\/li>\n<li>Avec ou sans T\u00e9l\u00e9commande \u00e0 distance<\/li>\n<li>Faible bruit<\/li>\n<li>Mat\u00e9riau : Plastique<\/li>\n<li>Couleur : Blanc<\/li>\n<\/ul>\n","protected":false},"featured_media":10958,"comment_status":"open","ping_status":"closed","template":"","meta":[],"product_brand":[],"product_cat":[42,15],"product_tag":[139,1453],"class_list":{"0":"post-10952","1":"product","2":"type-product","3":"status-publish","4":"has-post-thumbnail","6":"product_cat-divers","7":"product_cat-uncategorized","8":"product_tag-139","9":"product_tag-1453","11":"first","12":"instock","13":"sale","14":"taxable","15":"shipping-taxable","16":"purchasable","17":"product-type-variable"},"_links":{"self":[{"href":"https:\/\/royalswiss.myskydoowebsite.com\/index.php?rest_route=\/wp\/v2\/product\/10952","targetHints":{"allow":["GET"]}}],"collection":[{"href":"https:\/\/royalswiss.myskydoowebsite.com\/index.php?rest_route=\/wp\/v2\/product"}],"about":[{"href":"https:\/\/royalswiss.myskydoowebsite.com\/index.php?rest_route=\/wp\/v2\/types\/product"}],"replies":[{"embeddable":true,"href":"https:\/\/royalswiss.myskydoowebsite.com\/index.php?rest_route=%2Fwp%2Fv2%2Fcomments&post=10952"}],"version-history":[{"count":3,"href":"https:\/\/royalswiss.myskydoowebsite.com\/index.php?rest_route=\/wp\/v2\/product\/10952\/revisions"}],"predecessor-version":[{"id":10959,"href":"https:\/\/royalswiss.myskydoowebsite.com\/index.php?rest_route=\/wp\/v2\/product\/10952\/revisions\/10959"}],"wp:featuredmedia":[{"embeddable":true,"href":"https:\/\/royalswiss.myskydoowebsite.com\/index.php?rest_route=\/wp\/v2\/media\/10958"}],"wp:attachment":[{"href":"https:\/\/royalswiss.myskydoowebsite.com\/index.php?rest_route=%2Fwp%2Fv2%2Fmedia&parent=10952"}],"wp:term":[{"taxonomy":"product_brand","embeddable":true,"href":"https:\/\/royalswiss.myskydoowebsite.com\/index.php?rest_route=%2Fwp%2Fv2%2Fproduct_brand&post=10952"},{"taxonomy":"product_cat","embeddable":true,"href":"https:\/\/royalswiss.myskydoowebsite.com\/index.php?rest_route=%2Fwp%2Fv2%2Fproduct_cat&post=10952"},{"taxonomy":"product_tag","embeddable":true,"href":"https:\/\/royalswiss.myskydoowebsite.com\/index.php?rest_route=%2Fwp%2Fv2%2Fproduct_tag&post=10952"}],"curies":[{"name":"wp","href":"https:\/\/api.w.org\/{rel}","templated":true}]}}