{"id":10925,"date":"2020-06-25T17:46:20","date_gmt":"2020-06-25T15:46:20","guid":{"rendered":"https:\/\/royalswiss.myskydoowebsite.com\/?post_type=product&#038;p=10925"},"modified":"2023-03-25T18:01:23","modified_gmt":"2023-03-25T17:01:23","slug":"poele-a-paella-32-ou-40-cm","status":"publish","type":"product","link":"https:\/\/royalswiss.myskydoowebsite.com\/?product=poele-a-paella-32-ou-40-cm","title":{"rendered":"po\u00eale \u00e0 paella"},"content":{"rendered":"<p>Partagez une d\u00e9licieuse paella, fra\u00eechement servie dans votre cuisine. La poele \u00e0 paella Royal Swiss\u00a0 est un moule \u00e0 paella de<strong> 32 cm ou 40<\/strong> qui permet de servir jusqu&rsquo;\u00e0 8 \u00e0 15 personnes. <img fetchpriority=\"high\" decoding=\"async\" class=\"size-medium wp-image-10934 alignleft\" src=\"https:\/\/royalswiss.myskydoowebsite.com\/wp-content\/uploads\/2020\/06\/cb6d0a091779020b4c53e310c84ecf7d412c3627-300x227.jpeg\" alt=\"\" width=\"300\" height=\"227\" srcset=\"https:\/\/royalswiss.myskydoowebsite.com\/wp-content\/uploads\/2020\/06\/cb6d0a091779020b4c53e310c84ecf7d412c3627-300x227.jpeg 300w, https:\/\/royalswiss.myskydoowebsite.com\/wp-content\/uploads\/2020\/06\/cb6d0a091779020b4c53e310c84ecf7d412c3627.jpeg 384w\" sizes=\"(max-width: 300px) 100vw, 300px\" \/><br \/>\nCette po\u00eale \u00e0 paella est fabriqu\u00e9e en aluminium moul\u00e9 sous pression durable et rev\u00eatue de marbre qui offre une performance antiadh\u00e9sive sans pr\u00e9c\u00e9dent sans risque d&rsquo;exposition \u00e0 ces produits chimiques controvers\u00e9s. Ce rev\u00eatement en marbre est <strong>sans PFOA<\/strong> et suffisamment dur pour r\u00e9sister aux rayures. La poign\u00e9e est enti\u00e8rement int\u00e9gr\u00e9e et accompagn\u00e9e d&rsquo;une poign\u00e9e en silicone souple r\u00e9sistante \u00e0 la chaleur et amovible. Le corps en aluminium a une base aimant\u00e9e pour une utilisation avec des po\u00eales \u00e0 induction \u00e0 transfert de chaleur rapide. <img decoding=\"async\" class=\" wp-image-10932 alignright\" src=\"https:\/\/royalswiss.myskydoowebsite.com\/wp-content\/uploads\/2020\/06\/1074x1074_7930-1521824491-300x300.jpg\" alt=\"\" width=\"267\" height=\"267\" srcset=\"https:\/\/royalswiss.myskydoowebsite.com\/wp-content\/uploads\/2020\/06\/1074x1074_7930-1521824491-300x300.jpg 300w, https:\/\/royalswiss.myskydoowebsite.com\/wp-content\/uploads\/2020\/06\/1074x1074_7930-1521824491-1024x1024.jpg 1024w, https:\/\/royalswiss.myskydoowebsite.com\/wp-content\/uploads\/2020\/06\/1074x1074_7930-1521824491-150x150.jpg 150w, https:\/\/royalswiss.myskydoowebsite.com\/wp-content\/uploads\/2020\/06\/1074x1074_7930-1521824491-768x768.jpg 768w, https:\/\/royalswiss.myskydoowebsite.com\/wp-content\/uploads\/2020\/06\/1074x1074_7930-1521824491-500x500.jpg 500w, https:\/\/royalswiss.myskydoowebsite.com\/wp-content\/uploads\/2020\/06\/1074x1074_7930-1521824491-262x262.jpg 262w, https:\/\/royalswiss.myskydoowebsite.com\/wp-content\/uploads\/2020\/06\/1074x1074_7930-1521824491-555x555.jpg 555w, https:\/\/royalswiss.myskydoowebsite.com\/wp-content\/uploads\/2020\/06\/1074x1074_7930-1521824491-160x160.jpg 160w, https:\/\/royalswiss.myskydoowebsite.com\/wp-content\/uploads\/2020\/06\/1074x1074_7930-1521824491.jpg 1074w\" sizes=\"(max-width: 267px) 100vw, 267px\" \/> La construction compl\u00e8te de cette po\u00eale \u00e0 paella est remarquable car elle chauffe rapidement et a une distribution de chaleur parfaite et aucun point chaud et br\u00fblure in\u00e9gale, seulement une paella parfaitement cuite. Cette base sur son fond compos\u00e9 peut \u00e9galement \u00eatre utilis\u00e9e sur diverses sources de chaleur, y compris le gaz, l&rsquo;\u00e9lectricit\u00e9, la c\u00e9ramique, le four, le feu de camp, le gril, le four et m\u00eame dans la cuisini\u00e8re \u00e0 induction. Il est facile \u00e0 nettoyer gr\u00e2ce \u00e0 sa capacit\u00e9 antiadh\u00e9sive et m\u00eame au lave-vaisselle. Saisir, sauter, cuire, griller, cuire au four, frire ou griller avec cette casserole polyvalente et profitez de son excellent ajout \u00e0 vos ensembles d&rsquo;ustensiles de cuisine.<\/p>\n<p><img decoding=\"async\" class=\"size-medium wp-image-10935 alignnone\" src=\"https:\/\/royalswiss.myskydoowebsite.com\/wp-content\/uploads\/2020\/06\/Paella-poulet-facile-rapide-300x249.jpg\" alt=\"\" width=\"300\" height=\"249\" srcset=\"https:\/\/royalswiss.myskydoowebsite.com\/wp-content\/uploads\/2020\/06\/Paella-poulet-facile-rapide-300x249.jpg 300w, https:\/\/royalswiss.myskydoowebsite.com\/wp-content\/uploads\/2020\/06\/Paella-poulet-facile-rapide-555x461.jpg 555w, https:\/\/royalswiss.myskydoowebsite.com\/wp-content\/uploads\/2020\/06\/Paella-poulet-facile-rapide.jpg 700w\" sizes=\"(max-width: 300px) 100vw, 300px\" \/><\/p>\n","protected":false},"excerpt":{"rendered":"<p><strong>Fonctionnalit\u00e9s:<\/strong><\/p>\n<ul>\n<li>Po\u00eale de 32 ou 40 cm de qualit\u00e9 professionnelle<\/li>\n<li>Aluminium durable de gros calibre, avec une base aimant\u00e9e<\/li>\n<li>Offre une performance antiadh\u00e9sive sans toxines remarquable<\/li>\n<li>Poign\u00e9e int\u00e9gr\u00e9e et robuste<\/li>\n<li>Protecteur de poign\u00e9e en silicone souple r\u00e9sistant \u00e0 la chaleur et amovible<\/li>\n<li>Absorbe et distribue la chaleur de mani\u00e8re uniforme et rapide<\/li>\n<li>Cuisini\u00e8res antiadh\u00e9sives rev\u00eatues de marbre sans graisses et huiles ajout\u00e9es<\/li>\n<li>Sans PTFE et sans PFOA<\/li>\n<li>Respectueux de l&rsquo;environnement et s\u00fbr \u00e0 utiliser<\/li>\n<li>Ne se d\u00e9colore pas, ne change pas le go\u00fbt des aliments, ne modifie pas la valeur nutritive des aliments<\/li>\n<li>Sans danger pour les ustensiles en m\u00e9tal, facile \u00e0 nettoyer et lavable au lave-vaisselle<\/li>\n<li>Peut \u00eatre utilis\u00e9 avec n&rsquo;importe quelle source de chaleur, y compris l&rsquo;induction et le four<\/li>\n<\/ul>\n<p><img loading=\"lazy\" decoding=\"async\" class=\"size-medium wp-image-10933 aligncenter\" src=\"https:\/\/royalswiss.myskydoowebsite.com\/wp-content\/uploads\/2020\/06\/96838_w1024h768c1cx2100cy1400cxt0cyt0cxb4200cyb2800-300x225.jpg\" alt=\"\" width=\"300\" height=\"225\" srcset=\"https:\/\/royalswiss.myskydoowebsite.com\/wp-content\/uploads\/2020\/06\/96838_w1024h768c1cx2100cy1400cxt0cyt0cxb4200cyb2800-300x225.jpg 300w, https:\/\/royalswiss.myskydoowebsite.com\/wp-content\/uploads\/2020\/06\/96838_w1024h768c1cx2100cy1400cxt0cyt0cxb4200cyb2800-768x576.jpg 768w, https:\/\/royalswiss.myskydoowebsite.com\/wp-content\/uploads\/2020\/06\/96838_w1024h768c1cx2100cy1400cxt0cyt0cxb4200cyb2800-555x416.jpg 555w, https:\/\/royalswiss.myskydoowebsite.com\/wp-content\/uploads\/2020\/06\/96838_w1024h768c1cx2100cy1400cxt0cyt0cxb4200cyb2800.jpg 1024w\" sizes=\"(max-width: 300px) 100vw, 300px\" \/><\/p>\n","protected":false},"featured_media":10930,"comment_status":"open","ping_status":"closed","template":"","meta":[],"product_brand":[],"product_cat":[21,53,15],"product_tag":[1423,1424],"class_list":{"0":"post-10925","1":"product","2":"type-product","3":"status-publish","4":"has-post-thumbnail","6":"product_cat-cuisine","7":"product_cat-poele","8":"product_cat-uncategorized","9":"product_tag-1423","10":"product_tag-1424","12":"first","13":"outofstock","14":"sale","15":"taxable","16":"shipping-taxable","17":"purchasable","18":"product-type-variable"},"_links":{"self":[{"href":"https:\/\/royalswiss.myskydoowebsite.com\/index.php?rest_route=\/wp\/v2\/product\/10925","targetHints":{"allow":["GET"]}}],"collection":[{"href":"https:\/\/royalswiss.myskydoowebsite.com\/index.php?rest_route=\/wp\/v2\/product"}],"about":[{"href":"https:\/\/royalswiss.myskydoowebsite.com\/index.php?rest_route=\/wp\/v2\/types\/product"}],"replies":[{"embeddable":true,"href":"https:\/\/royalswiss.myskydoowebsite.com\/index.php?rest_route=%2Fwp%2Fv2%2Fcomments&post=10925"}],"version-history":[{"count":2,"href":"https:\/\/royalswiss.myskydoowebsite.com\/index.php?rest_route=\/wp\/v2\/product\/10925\/revisions"}],"predecessor-version":[{"id":14284,"href":"https:\/\/royalswiss.myskydoowebsite.com\/index.php?rest_route=\/wp\/v2\/product\/10925\/revisions\/14284"}],"wp:featuredmedia":[{"embeddable":true,"href":"https:\/\/royalswiss.myskydoowebsite.com\/index.php?rest_route=\/wp\/v2\/media\/10930"}],"wp:attachment":[{"href":"https:\/\/royalswiss.myskydoowebsite.com\/index.php?rest_route=%2Fwp%2Fv2%2Fmedia&parent=10925"}],"wp:term":[{"taxonomy":"product_brand","embeddable":true,"href":"https:\/\/royalswiss.myskydoowebsite.com\/index.php?rest_route=%2Fwp%2Fv2%2Fproduct_brand&post=10925"},{"taxonomy":"product_cat","embeddable":true,"href":"https:\/\/royalswiss.myskydoowebsite.com\/index.php?rest_route=%2Fwp%2Fv2%2Fproduct_cat&post=10925"},{"taxonomy":"product_tag","embeddable":true,"href":"https:\/\/royalswiss.myskydoowebsite.com\/index.php?rest_route=%2Fwp%2Fv2%2Fproduct_tag&post=10925"}],"curies":[{"name":"wp","href":"https:\/\/api.w.org\/{rel}","templated":true}]}}