{"id":10897,"date":"2020-06-25T13:08:57","date_gmt":"2020-06-25T11:08:57","guid":{"rendered":"https:\/\/royalswiss.myskydoowebsite.com\/?post_type=product&#038;p=10897"},"modified":"2023-08-31T13:24:06","modified_gmt":"2023-08-31T11:24:06","slug":"set-de-thermos-en-inox","status":"publish","type":"product","link":"https:\/\/royalswiss.myskydoowebsite.com\/?product=set-de-thermos-en-inox","title":{"rendered":"Set de Thermos en inox"},"content":{"rendered":"<p>Le thermos Royal Swiss\u00a0 est une carafe isotherme qui vous permet de garder vos boissons telles que le caf\u00e9, le th\u00e9 ou encore l&rsquo;eau au chaud pendant des heures. Ce thermos peut \u00e9galement conserver des boissons froides comme de l&rsquo;eau ou du jus de fruit pendant 24h.<\/p>\n<p>Le bouchon a \u00e9t\u00e9 con\u00e7u pour verser du liquide sans \u00e9clabousser ni renverser. Le syst\u00e8me d&rsquo;ouverture de ce bouchon vous permet \u00e9galement de facilement verser votre boisson \u00e0 une seule main, pour plus de facilit\u00e9 et de confort.<\/p>\n<p>Caract\u00e9ristiques<br \/>\n&#8211; Contenance : 1,2 L et 1,6 L ( 9 \u00e0 10 tasses de caf\u00e9 )<\/p>\n<p>&#8211; Mat\u00e9riau : acier inoxydable et plastique aptes au contact alimentaire<br \/>\n&#8211; Qualit\u00e9 isotherme par vide d&rsquo;air double parois et fermeture \u00e0 vis, antichoc et incassable<br \/>\n&#8211; Enti\u00e8rement \u00e9tanche : garantie anti-goutte<br \/>\n&#8211; Maintien thermique<\/p>\n","protected":false},"excerpt":{"rendered":"<p>&nbsp;<\/p>\n<p>Caract\u00e9ristiques :<br \/>\n&#8211; Contenance : 1,2 L et 1,6 L ( 9 \u00e0 10 tasses de caf\u00e9 )- Mat\u00e9riau : acier inoxydable et plastique aptes au contact alimentaire<br \/>\n&#8211; Qualit\u00e9 isotherme par vide d&rsquo;air double parois et fermeture \u00e0 vis, antichoc et incassable<br \/>\n&#8211; Enti\u00e8rement \u00e9tanche : garantie anti-goutte<br \/>\n&#8211; Maintien thermique<\/p>\n<p>&nbsp;<\/p>\n<p><img fetchpriority=\"high\" decoding=\"async\" class=\"size-medium wp-image-10909 aligncenter\" src=\"https:\/\/royalswiss.myskydoowebsite.com\/wp-content\/uploads\/2020\/06\/Cafe-trois-tasses-par-jour-pour-vivre-plus-longtemps-300x225.jpg\" alt=\"\" width=\"300\" height=\"225\" srcset=\"https:\/\/royalswiss.myskydoowebsite.com\/wp-content\/uploads\/2020\/06\/Cafe-trois-tasses-par-jour-pour-vivre-plus-longtemps-300x225.jpg 300w, https:\/\/royalswiss.myskydoowebsite.com\/wp-content\/uploads\/2020\/06\/Cafe-trois-tasses-par-jour-pour-vivre-plus-longtemps.jpg 400w\" sizes=\"(max-width: 300px) 100vw, 300px\" \/><\/p>\n","protected":false},"featured_media":10908,"comment_status":"open","ping_status":"closed","template":"","meta":[],"product_brand":[],"product_cat":[21,1526,15],"product_tag":[1404],"class_list":{"0":"post-10897","1":"product","2":"type-product","3":"status-publish","4":"has-post-thumbnail","6":"product_cat-cuisine","7":"product_cat-theiere-thermos","8":"product_cat-uncategorized","9":"product_tag-1404","11":"first","12":"instock","13":"sale","14":"taxable","15":"shipping-taxable","16":"purchasable","17":"product-type-variable"},"_links":{"self":[{"href":"https:\/\/royalswiss.myskydoowebsite.com\/index.php?rest_route=\/wp\/v2\/product\/10897","targetHints":{"allow":["GET"]}}],"collection":[{"href":"https:\/\/royalswiss.myskydoowebsite.com\/index.php?rest_route=\/wp\/v2\/product"}],"about":[{"href":"https:\/\/royalswiss.myskydoowebsite.com\/index.php?rest_route=\/wp\/v2\/types\/product"}],"replies":[{"embeddable":true,"href":"https:\/\/royalswiss.myskydoowebsite.com\/index.php?rest_route=%2Fwp%2Fv2%2Fcomments&post=10897"}],"version-history":[{"count":2,"href":"https:\/\/royalswiss.myskydoowebsite.com\/index.php?rest_route=\/wp\/v2\/product\/10897\/revisions"}],"predecessor-version":[{"id":10910,"href":"https:\/\/royalswiss.myskydoowebsite.com\/index.php?rest_route=\/wp\/v2\/product\/10897\/revisions\/10910"}],"wp:featuredmedia":[{"embeddable":true,"href":"https:\/\/royalswiss.myskydoowebsite.com\/index.php?rest_route=\/wp\/v2\/media\/10908"}],"wp:attachment":[{"href":"https:\/\/royalswiss.myskydoowebsite.com\/index.php?rest_route=%2Fwp%2Fv2%2Fmedia&parent=10897"}],"wp:term":[{"taxonomy":"product_brand","embeddable":true,"href":"https:\/\/royalswiss.myskydoowebsite.com\/index.php?rest_route=%2Fwp%2Fv2%2Fproduct_brand&post=10897"},{"taxonomy":"product_cat","embeddable":true,"href":"https:\/\/royalswiss.myskydoowebsite.com\/index.php?rest_route=%2Fwp%2Fv2%2Fproduct_cat&post=10897"},{"taxonomy":"product_tag","embeddable":true,"href":"https:\/\/royalswiss.myskydoowebsite.com\/index.php?rest_route=%2Fwp%2Fv2%2Fproduct_tag&post=10897"}],"curies":[{"name":"wp","href":"https:\/\/api.w.org\/{rel}","templated":true}]}}