{"id":10869,"date":"2020-06-16T17:47:30","date_gmt":"2020-06-16T15:47:30","guid":{"rendered":"https:\/\/royalswiss.myskydoowebsite.com\/?post_type=product&#038;p=10869"},"modified":"2022-09-15T18:04:12","modified_gmt":"2022-09-15T16:04:12","slug":"centrale-vapeur-2250-w-35-bars","status":"publish","type":"product","link":"https:\/\/royalswiss.myskydoowebsite.com\/?product=centrale-vapeur-2250-w-35-bars","title":{"rendered":"Centrale Vapeur 2250 W &#8211; 3,5 BARS\u00a0"},"content":{"rendered":"<div id=\"presTitle\" class=\"fpCat testSep\">\n<div class=\"fpCatTitle\">CENTRALE VAPEUR 2250 W 3,5 BARS<\/div>\n<\/div>\n<div id=\"presContent\" class=\"fpBlk testSep extCode\">\n<div id=\"wc-power-page\"><\/div>\n<div id=\"LoadBeeContent\" class=\"loadbeeTabContent\">\n<div class=\"loadbeeTab\" data-loadbee-manufacturer=\"EAN\" data-loadbee-product=\"3760124954067\" data-loadbee-language=\"fr_FR\" data-loadbee-button=\"default\" data-loadbee-css=\"default\" data-loadbee-template=\"default\" data-loadbee-buttonlanguage=\"fr_FR\"><\/div>\n<\/div>\n<p>Sa semelle en c\u00e9ramique vous garantit une glisse optimale, une r\u00e9sistance aux rayures, aux chocs et une distribution uniforme de la chaleur. Gr\u00e2ce \u00e0 son syst\u00e8me de vapeur vertical, vous pouvez repasser vos rideaux ou vos v\u00eatements sur cintre. Pr\u00eate \u00e0 l&rsquo;utilisation en moins de 2<\/p>\n<\/div>\n<div id=\"desc\" class=\"anchor\"><\/div>\n<div><\/div>\n<div><img decoding=\"async\" class=\"wp-image-10870 aligncenter\" src=\"https:\/\/royalswiss.myskydoowebsite.com\/wp-content\/uploads\/2020\/06\/680065fd-bd33-44a5-ab12-5362616de56e._SR970300_-300x93.jpg\" alt=\"\" width=\"342\" height=\"106\" srcset=\"https:\/\/royalswiss.myskydoowebsite.com\/wp-content\/uploads\/2020\/06\/680065fd-bd33-44a5-ab12-5362616de56e._SR970300_-300x93.jpg 300w, https:\/\/royalswiss.myskydoowebsite.com\/wp-content\/uploads\/2020\/06\/680065fd-bd33-44a5-ab12-5362616de56e._SR970300_-768x238.jpg 768w, https:\/\/royalswiss.myskydoowebsite.com\/wp-content\/uploads\/2020\/06\/680065fd-bd33-44a5-ab12-5362616de56e._SR970300_-555x172.jpg 555w, https:\/\/royalswiss.myskydoowebsite.com\/wp-content\/uploads\/2020\/06\/680065fd-bd33-44a5-ab12-5362616de56e._SR970300_.jpg 970w\" sizes=\"(max-width: 342px) 100vw, 342px\" \/><\/div>\n<div><\/div>\n<div><\/div>\n<div id=\"descContent\" class=\"fpBlk testSep\" data-cs-override-id=\"Descriptif\">\n<p>Caract\u00e9ristique technique\u00a0:<\/p>\n<p>&nbsp;<\/p>\n<ul>\n<li>Semelle en c\u00e9ramique r\u00e9sistante aux rayure et lisse \u00ab\u00a0Superglide\u00a0\u00bb (qualit\u00e9 de glisse exceptionnelle)<\/li>\n<li>R\u00e9partition homog\u00e8ne gr\u00e2ce aux 11 buses de vapeur incorpor\u00e9s<\/li>\n<li>Fonction de vapeur horizontale et Verticale<\/li>\n<li>R\u00e9servoir d\u2019eau amovible<\/li>\n<li>Litrage du r\u00e9servoir 1.2 Litres (suffit pour +\/- 80 min d\u2019utilisation)<\/li>\n<li>Syst\u00e8me anti-\u00e9gouttements \u00e9lectronique<\/li>\n<li>Voyant lumineux<\/li>\n<li>R\u00e9glage progressif de la temp\u00e9rature<\/li>\n<li>Inclus 3 cartouches anticalcaire<\/li>\n<li>Plaque d\u2019assise tr\u00e8s large pour assurer la stabilit\u00e9 du fer au repos<\/li>\n<li>Dispositif de s\u00e9curit\u00e9 de transport (verrou)<\/li>\n<li>C\u00e2ble de connexion extra long<\/li>\n<li>Compartiment de rangement du cordon<\/li>\n<li>220-240 V, 50\/60 Hz, 2250 W<\/li>\n<\/ul>\n<\/div>\n","protected":false},"excerpt":{"rendered":"<p>&nbsp;<\/p>\n<p>Caract\u00e9ristique technique\u00a0:<\/p>\n<ul>\n<li>Semelle en c\u00e9ramique r\u00e9sistante aux rayure et lisse \u00ab\u00a0Superglide\u00a0\u00bb (qualit\u00e9 de glisse exceptionnelle)<\/li>\n<li>R\u00e9partition homog\u00e8ne gr\u00e2ce aux 11 buses de vapeur incorpor\u00e9s<\/li>\n<li>Fonction de vapeur horizontale et Verticale<\/li>\n<li>R\u00e9servoir d\u2019eau amovible<\/li>\n<li>Litrage du r\u00e9servoir 1.2 Litres (suffit pour +\/- 80 min d\u2019utilisation)<\/li>\n<li>Syst\u00e8me anti-\u00e9gouttements \u00e9lectronique<\/li>\n<li>Voyant lumineux<\/li>\n<li>R\u00e9glage progressif de la temp\u00e9rature<\/li>\n<li>Inclus 3 cartouches anticalcaire<\/li>\n<li>Plaque d\u2019assise tr\u00e8s large pour assurer la stabilit\u00e9 du fer au repos<\/li>\n<li>Dispositif de s\u00e9curit\u00e9 de transport (verrou)<\/li>\n<li>C\u00e2ble de connexion extra long<\/li>\n<li>Compartiment de rangement du cordon<\/li>\n<li>220-240 V, 50\/60 Hz, 2250 W<\/li>\n<\/ul>\n<p>&nbsp;<\/p>\n<p><img fetchpriority=\"high\" decoding=\"async\" class=\" wp-image-10875 aligncenter\" src=\"https:\/\/royalswiss.myskydoowebsite.com\/wp-content\/uploads\/2020\/06\/entretien-centrale-vapeur-fer-repasser-300x158.jpg\" alt=\"\" width=\"323\" height=\"170\" srcset=\"https:\/\/royalswiss.myskydoowebsite.com\/wp-content\/uploads\/2020\/06\/entretien-centrale-vapeur-fer-repasser-300x158.jpg 300w, https:\/\/royalswiss.myskydoowebsite.com\/wp-content\/uploads\/2020\/06\/entretien-centrale-vapeur-fer-repasser-1024x539.jpg 1024w, https:\/\/royalswiss.myskydoowebsite.com\/wp-content\/uploads\/2020\/06\/entretien-centrale-vapeur-fer-repasser-768x404.jpg 768w, https:\/\/royalswiss.myskydoowebsite.com\/wp-content\/uploads\/2020\/06\/entretien-centrale-vapeur-fer-repasser-555x292.jpg 555w, https:\/\/royalswiss.myskydoowebsite.com\/wp-content\/uploads\/2020\/06\/entretien-centrale-vapeur-fer-repasser.jpg 1140w\" sizes=\"(max-width: 323px) 100vw, 323px\" \/><\/p>\n","protected":false},"featured_media":10873,"comment_status":"open","ping_status":"closed","template":"","meta":[],"product_brand":[],"product_cat":[56,1565,33,15],"product_tag":[1403],"class_list":{"0":"post-10869","1":"product","2":"type-product","3":"status-publish","4":"has-post-thumbnail","6":"product_cat-electromenager","7":"product_cat-fer-a-repasser","8":"product_cat-petit-electromenager","9":"product_cat-uncategorized","10":"product_tag-1403","12":"first","13":"instock","14":"sale","15":"taxable","16":"shipping-taxable","17":"purchasable","18":"product-type-simple"},"_links":{"self":[{"href":"https:\/\/royalswiss.myskydoowebsite.com\/index.php?rest_route=\/wp\/v2\/product\/10869","targetHints":{"allow":["GET"]}}],"collection":[{"href":"https:\/\/royalswiss.myskydoowebsite.com\/index.php?rest_route=\/wp\/v2\/product"}],"about":[{"href":"https:\/\/royalswiss.myskydoowebsite.com\/index.php?rest_route=\/wp\/v2\/types\/product"}],"replies":[{"embeddable":true,"href":"https:\/\/royalswiss.myskydoowebsite.com\/index.php?rest_route=%2Fwp%2Fv2%2Fcomments&post=10869"}],"version-history":[{"count":2,"href":"https:\/\/royalswiss.myskydoowebsite.com\/index.php?rest_route=\/wp\/v2\/product\/10869\/revisions"}],"predecessor-version":[{"id":14379,"href":"https:\/\/royalswiss.myskydoowebsite.com\/index.php?rest_route=\/wp\/v2\/product\/10869\/revisions\/14379"}],"wp:featuredmedia":[{"embeddable":true,"href":"https:\/\/royalswiss.myskydoowebsite.com\/index.php?rest_route=\/wp\/v2\/media\/10873"}],"wp:attachment":[{"href":"https:\/\/royalswiss.myskydoowebsite.com\/index.php?rest_route=%2Fwp%2Fv2%2Fmedia&parent=10869"}],"wp:term":[{"taxonomy":"product_brand","embeddable":true,"href":"https:\/\/royalswiss.myskydoowebsite.com\/index.php?rest_route=%2Fwp%2Fv2%2Fproduct_brand&post=10869"},{"taxonomy":"product_cat","embeddable":true,"href":"https:\/\/royalswiss.myskydoowebsite.com\/index.php?rest_route=%2Fwp%2Fv2%2Fproduct_cat&post=10869"},{"taxonomy":"product_tag","embeddable":true,"href":"https:\/\/royalswiss.myskydoowebsite.com\/index.php?rest_route=%2Fwp%2Fv2%2Fproduct_tag&post=10869"}],"curies":[{"name":"wp","href":"https:\/\/api.w.org\/{rel}","templated":true}]}}